{"id":8835,"date":"2022-10-27T12:51:36","date_gmt":"2022-10-27T15:51:36","guid":{"rendered":"http:\/\/170.210.81.106\/newfade\/?page_id=8835"},"modified":"2022-10-27T14:03:36","modified_gmt":"2022-10-27T17:03:36","slug":"autoridades","status":"publish","type":"page","link":"https:\/\/fadeweb.uncoma.edu.ar\/index.php\/v-congreso-derecho-romano\/autoridades\/","title":{"rendered":"AUTORIDADES"},"content":{"rendered":"<h1 class=\"subt1\">AUTORIDADES DEL CONGRESO<\/h1>\n<p class=\"texto\"><strong>PRESIDENTES HONORARIOS<\/strong><\/p>\n<p class=\"texto\">Decano FA.DE.CS. Lic. Andr\u00e9s PONCE DE LEON<\/p>\n<p class=\"texto\">Presidente A.D.R.A. Dr. Juan Carlos GHIRARDI<\/p>\n<p class=\"texto\">Prof. Consulta Titular FA.DE.CS. Abog. Alicia ARES NOGUEIRA<\/p>\n<p class=\"texto\"><strong>COMIT\u00c9 ACADEMICO<\/strong><\/p>\n<p class=\"texto\">Prof. Mar\u00eda Cristina FILIPPI<\/p>\n<p class=\"texto\">Prof. Jos\u00e9 Carlos COSTA<\/p>\n<p class=\"texto\">Prof. Mar\u00eda Elena BAZAN<\/p>\n<p class=\"texto\">Prof. Luis An\u00edbal MAGGIO<\/p>\n<p class=\"texto\">Prof. Laura Matilde ECHENIQUE<\/p>\n<p class=\"texto\">Prof. Norberto RINALDI<\/p>\n<p class=\"texto\">Prof. Susana Isabel ESTRADA<\/p>\n<p>&nbsp;<\/p>\n<p class=\"texto\"><strong>PRESIDENTE COMIT\u00c9 EJECUTIVO<\/strong><\/p>\n<p class=\"texto\">Inv. Silvina Bel\u00e9n VASSALLO<\/p>\n<p class=\"texto\"><strong>MIEMBROS COMIT\u00c9 EJECUTIVO<\/strong><\/p>\n<p class=\"texto\">Inv. Andrea BELLESI<\/p>\n<p class=\"texto\">Inv. Jesus Gabriel MERCADO<\/p>\n<p class=\"texto\">Inv. Marcela DOMINGUEZ<\/p>\n<p class=\"texto\">Inv. Andreina BARRIONUEVO<\/p>\n<p class=\"texto\">Inv. Fernando TELLO<\/p>\n","protected":false},"excerpt":{"rendered":"<p>AUTORIDADES DEL CONGRESO PRESIDENTES HONORARIOS Decano FA.DE.CS. Lic. Andr\u00e9s PONCE DE LEON Presidente A.D.R.A. Dr. Juan Carlos GHIRARDI Prof. Consulta Titular FA.DE.CS. Abog. Alicia ARES NOGUEIRA COMIT\u00c9 ACADEMICO Prof. Mar\u00eda Cristina FILIPPI Prof. Jos\u00e9 Carlos COSTA Prof. Mar\u00eda Elena BAZAN Prof. Luis An\u00edbal MAGGIO Prof. Laura Matilde ECHENIQUE Prof. Norberto RINALDI Prof. Susana Isabel ESTRADA [&hellip;]<\/p>\n","protected":false},"author":2,"featured_media":0,"parent":8821,"menu_order":0,"comment_status":"closed","ping_status":"closed","template":"","meta":{"footnotes":""},"class_list":["post-8835","page","type-page","status-publish","hentry"],"_links":{"self":[{"href":"https:\/\/fadeweb.uncoma.edu.ar\/index.php\/wp-json\/wp\/v2\/pages\/8835","targetHints":{"allow":["GET"]}}],"collection":[{"href":"https:\/\/fadeweb.uncoma.edu.ar\/index.php\/wp-json\/wp\/v2\/pages"}],"about":[{"href":"https:\/\/fadeweb.uncoma.edu.ar\/index.php\/wp-json\/wp\/v2\/types\/page"}],"author":[{"embeddable":true,"href":"https:\/\/fadeweb.uncoma.edu.ar\/index.php\/wp-json\/wp\/v2\/users\/2"}],"replies":[{"embeddable":true,"href":"https:\/\/fadeweb.uncoma.edu.ar\/index.php\/wp-json\/wp\/v2\/comments?post=8835"}],"version-history":[{"count":2,"href":"https:\/\/fadeweb.uncoma.edu.ar\/index.php\/wp-json\/wp\/v2\/pages\/8835\/revisions"}],"predecessor-version":[{"id":8896,"href":"https:\/\/fadeweb.uncoma.edu.ar\/index.php\/wp-json\/wp\/v2\/pages\/8835\/revisions\/8896"}],"up":[{"embeddable":true,"href":"https:\/\/fadeweb.uncoma.edu.ar\/index.php\/wp-json\/wp\/v2\/pages\/8821"}],"wp:attachment":[{"href":"https:\/\/fadeweb.uncoma.edu.ar\/index.php\/wp-json\/wp\/v2\/media?parent=8835"}],"curies":[{"name":"wp","href":"https:\/\/api.w.org\/{rel}","templated":true}]}}