{"id":8827,"date":"2022-10-27T12:50:47","date_gmt":"2022-10-27T15:50:47","guid":{"rendered":"http:\/\/170.210.81.106\/newfade\/?page_id=8827"},"modified":"2022-10-27T13:39:42","modified_gmt":"2022-10-27T16:39:42","slug":"programa","status":"publish","type":"page","link":"https:\/\/fadeweb.uncoma.edu.ar\/index.php\/v-congreso-derecho-romano\/programa\/","title":{"rendered":"PROGRAMA"},"content":{"rendered":"<h1>PROGRAMA DEL CONGRESO<\/h1>\n<div style=\"background-color: #a50505; color: #fff; padding: 10px; font-weight: bold;\">\n<p class=\"TEXTOBLANCO\">V CONGRESO PATAGONICO DE DERECHO ROMANO.\u00a0 CONSTITUCIONALIZACION DEL DERECHO PRIVADO. EVOLUCION DEL ROL, LAS FUNCIONES Y ATRIBUCIONES DEL JUEZ.<\/p>\n<p class=\"TEXTOBLANCO\">TODOS LOS HORARIOS SON SEG\u00daN LA HORA ARGENTINA<\/p>\n<p class=\"TEXTOBLANCO\">27 de Noviembre de 202<\/p>\n<\/div>\n<p><strong><br \/>\nACTO INAUGURAL. 10:10 a 11 hs <\/strong><\/p>\n<blockquote><p><strong>Presidentes Honorarios:<\/strong><br \/>\nPalabras de bienvenida a cargo de la Profesora Consulta titular de UNICOMA, abogada e investigadora ALICIA ARES NOGUEIRA.<br \/>\nMensaje del Presidente de la Asociaci\u00f3n de Derecho Romano de la Rep\u00fablica Argentina. Doctor JUAN CARLOS GHIRARDI.<br \/>\nCeremonia de apertura a cargo del Decano de la Facultad de Derecho y Ciencias Sociales de la Universidad Nacional del Comahue. Licenciado ANDR\u00c9S PONCE DE LE\u00d3N.<\/p><\/blockquote>\n<p><strong>DISERTANTES 11.00 horas <\/strong><\/p>\n<blockquote><p>CALCAGNO RA\u00daL ALBERTO (UNLZ). \u201cRa\u00edces del constitucionalismo en el mundo cl\u00e1sico del mediterr\u00e1neo\u201d.<br \/>\nCUELLAR CLAUDIO R. (UBA-UAI) \u201cLa iustitia como fundamento del estado de derecho constitucional y sus or\u00edgenes romanos\u201d.<br \/>\nGALLENI LORENA ALEJANDRA (UNLP). \u201cEl rol del juez en el C\u00f3digo Civil y Comercial. Una mirada desde Roma\u201d.<\/p><\/blockquote>\n<p><strong>DISERTANTES 12:00 horas <\/strong><\/p>\n<blockquote><p>CASEN ROSA LUZ \u00abLa carga de la prueba en el proceso formulario y en el cognitorio. La carga de la prueba din\u00e1mica en el c\u00f3digo civil y comercial de la naci\u00f3n\u00bb.<br \/>\nLAZO PATRICIO (PUCV). Presentaci\u00f3n: \u201cEl juez ante la prueba de las excepciones: exceptio doli y exceptio non numeratae pecuniae\u201d.<br \/>\nGONZ\u00c1LEZ ROLD\u00c1N YURI (UBARI) \u201cActio pro socio y p\u00e9rdida dolosa de la posesi\u00f3n\u201d.<\/p><\/blockquote>\n<p><strong>RECESO De 13.00 a 14.00 horas <\/strong><\/p>\n<p><strong>DISERTANTES 14:00 horas<\/strong><\/p>\n<blockquote><p>MEZA INGAR CARMEN (UNMSM). \u201cEl Per\u00fa tiene 4000 jueces de paz no letrados\u201d.<br \/>\nCOSTA JOS\u00c9 CARLOS (UBA-USAL-UB). FACCIUTO KAED ANABELLA (UBA-USAL-CBC). GARC\u00cdA MEDAVAR GERM\u00c1N GABRIEL (UBA-USAL). MARTINUZ ADRIANA BEATRIZ (UBA\/USAL). \u201cRol y atribuciones del juez dentro del principio ulpianeo alterum non laedere\u201d.<br \/>\nMAR\u00cdA ELENA BAZ\u00c1N (UNCA-UNC). NORMA ALICIA JU\u00c1REZ (UNC). SOLEDAD ANDREA PERALTA (UNC). JULI\u00c1N EZEQUIEL MAGNAGO (UNC). \u201cAlgunos tipos de vivienda en Roma. Constitucionalizaci\u00f3n, del acceso a la vivienda en argentina\u201d.<\/p><\/blockquote>\n<p><strong>PRIMER PANEL: <\/strong>Moderador ALICIA ARES NOGUEIRA. De 15 a 17 hs<\/p>\n<blockquote><p><strong>PANELISTAS INVITADOS:<\/strong> Profr. COSTA JOSE CARLOS. Profr. GHIRARDI JUAN CARLOS. Profra. ABELENDA, VIRGINIA. Profr. MURIILLO VILLAR ALFONSO. Profra. REZEK CLAUDIA. Profr. BUIS EMILIANO.<\/p><\/blockquote>\n<p><strong>RECESO de 17 a 17.30 hs<\/strong><\/p>\n<p><strong>DISERTANTES 17.30 horas<\/strong><\/p>\n<blockquote><p>MERCADO JESUS GABRIEL (UNCOMA). \u201cLa importancia del magistrado en la constitucionalizaci\u00f3n del derecho privado\u201d.<br \/>\nVILLAGRA MONICA (UNC). \u201cLa funci\u00f3n del juez-pretor y el desaf\u00edo ambiental. \u00danica garant\u00eda para la supervivencia de la humanidad\u201d<\/p><\/blockquote>\n<p><strong>CIERRE. 18.30 horas <\/strong><\/p>\n<p><strong>28 de noviembre de 2020<\/strong><\/p>\n<p><strong> DISERTANTES. De 10.00 horas<\/strong><\/p>\n<blockquote><p>VASSALLO SILVINA (UNCOMA). \u201cEl rol del juez en materia de familia: facultades del juez en la administraci\u00f3n de justicia\u201d.<br \/>\nMEDINA GAST\u00d3N LEANDRO (UNLP-UNPAM-UBA). T\u00edtulo: \u00abLa apreciaci\u00f3n judicial de la capacidad jur\u00eddica a la luz del nuevo C\u00f3digo Civil y Comercial de la Naci\u00f3n:<br \/>\n\u00bfUn regreso a la casu\u00edstica romanista?<\/p><\/blockquote>\n<p><strong>DISERTANTES 11.00 horas<\/strong><\/p>\n<p><strong>PRESENTACIONES DE OTROS ESTUDIOS:<\/strong><\/p>\n<blockquote><p>SAPIA EDUARDO. (UBA-UNLZ) y MARCELO DANIEL GONZ\u00c1LEZ (UNLZ). \u201cLa curatela en Roma como herramienta de asistencia y cuidado\u201d.<br \/>\nCAZZANI GRACIELA ELIZABETH (UNC). \u201cLa uni\u00f3n convivencial en el C.C.C.N. es descendiente directa de las justas nupcias y el concubinato romanos\u201d.<br \/>\nBENETTI CECILIA SUSANA (UNC). \u201cRol y evoluci\u00f3n de la mujer en el derecho privado en roma y en la actualidad\u201d.<\/p><\/blockquote>\n<p><strong>ESPACIO ABIERTO.12:00 horas <\/strong><\/p>\n<blockquote><p>La importancia de la materia Derecho Romana en la curricula de la carrera de Abogac\u00eda. Elaboraci\u00f3n de Documento consensuado para presentar en las Universidades que a\u00fan no tienen la materia y en las que pretenden excluirla.<\/p><\/blockquote>\n<p><strong>RECESO. De 13.00 a 14 horas<\/strong><\/p>\n<p><strong>DISERTANTES. 14.00 horas<\/strong><\/p>\n<blockquote><p>N\u00da\u00d1EZ LETICIA IN\u00c9S (UBA-UAI). MICELI MARILINA ANDREA (UBA-UAI-UAJFK). \u201cResoluci\u00f3n de conflictos: desde el derecho romano a la actualidad, arbiter y iudex\/ arbitro y juez\u201d.<br \/>\nECHENIQUE LAURA MATILDE (UNC-UCC). \u201cDos acciones penales, honorarias, protectoras de la v\u00eda p\u00fablica, la actio de effusis vel deiectis y la actio de positis vel suspensis\u201d.<\/p><\/blockquote>\n<p><strong>SEGUNDO PANEL.<\/strong> Moderador: SILVINA BELEN VASSALLO De 15 A 17 horas<\/p>\n<blockquote><p><strong>PANELISTAS INVITADOS: <\/strong>Profra. FILIPPI MARIA CRISTINA. Profr. MAGGIO LUIS ANIBAL. Profra. ECHENIQUE LAURA MATILDE. Profr. RINALDI NORBERTO DARIO. Profr. ARRIAGADA FABIO. Profra. MARIA DEL CARMEN L\u00d3PEZ-RENDO RODR\u00cdGUEZ.<\/p><\/blockquote>\n<p><strong>RECESO 17 a 17.30 horas<\/strong><\/p>\n<p><strong>DISERTANTES. 17.30 horas<\/strong><\/p>\n<blockquote><p><strong>PRESENTACIONES DE OTROS ESTUDIOS:<\/strong><br \/>\nFACCIUTO KAED, Anabella (UBA-USAL-UCA), FERNANDEZ, Romina Adriana (UBA), MARTINUZ, Adriana Beatriz (UBA-USAL), NINI, Mar\u00eda Florencia (UBA). Limitaciones al derecho de propiedad desde roma a la actualidad.<br \/>\nSOMOVILLA CLAUDIA (UBA-USAL). Presentaci\u00f3n: Estimaci\u00f3n del Derecho Romano como fuente para el estudio del dominio sobre las minas en la doctrina argentina.<\/p><\/blockquote>\n<p><strong>PALABRAS FINALES. ACTO DE CLAUSURA. 18.30 HS. <\/strong><\/p>\n","protected":false},"excerpt":{"rendered":"<p>PROGRAMA DEL CONGRESO V CONGRESO PATAGONICO DE DERECHO ROMANO.\u00a0 CONSTITUCIONALIZACION DEL DERECHO PRIVADO. EVOLUCION DEL ROL, LAS FUNCIONES Y ATRIBUCIONES DEL JUEZ. TODOS LOS HORARIOS SON SEG\u00daN LA HORA ARGENTINA 27 de Noviembre de 202 ACTO INAUGURAL. 10:10 a 11 hs Presidentes Honorarios: Palabras de bienvenida a cargo de la Profesora Consulta titular de UNICOMA, [&hellip;]<\/p>\n","protected":false},"author":2,"featured_media":0,"parent":8821,"menu_order":0,"comment_status":"closed","ping_status":"closed","template":"","meta":{"footnotes":""},"class_list":["post-8827","page","type-page","status-publish","hentry"],"_links":{"self":[{"href":"https:\/\/fadeweb.uncoma.edu.ar\/index.php\/wp-json\/wp\/v2\/pages\/8827","targetHints":{"allow":["GET"]}}],"collection":[{"href":"https:\/\/fadeweb.uncoma.edu.ar\/index.php\/wp-json\/wp\/v2\/pages"}],"about":[{"href":"https:\/\/fadeweb.uncoma.edu.ar\/index.php\/wp-json\/wp\/v2\/types\/page"}],"author":[{"embeddable":true,"href":"https:\/\/fadeweb.uncoma.edu.ar\/index.php\/wp-json\/wp\/v2\/users\/2"}],"replies":[{"embeddable":true,"href":"https:\/\/fadeweb.uncoma.edu.ar\/index.php\/wp-json\/wp\/v2\/comments?post=8827"}],"version-history":[{"count":4,"href":"https:\/\/fadeweb.uncoma.edu.ar\/index.php\/wp-json\/wp\/v2\/pages\/8827\/revisions"}],"predecessor-version":[{"id":8870,"href":"https:\/\/fadeweb.uncoma.edu.ar\/index.php\/wp-json\/wp\/v2\/pages\/8827\/revisions\/8870"}],"up":[{"embeddable":true,"href":"https:\/\/fadeweb.uncoma.edu.ar\/index.php\/wp-json\/wp\/v2\/pages\/8821"}],"wp:attachment":[{"href":"https:\/\/fadeweb.uncoma.edu.ar\/index.php\/wp-json\/wp\/v2\/media?parent=8827"}],"curies":[{"name":"wp","href":"https:\/\/api.w.org\/{rel}","templated":true}]}}