{"id":8824,"date":"2022-10-27T12:50:32","date_gmt":"2022-10-27T15:50:32","guid":{"rendered":"http:\/\/170.210.81.106\/newfade\/?page_id=8824"},"modified":"2022-10-27T13:27:10","modified_gmt":"2022-10-27T16:27:10","slug":"congreso","status":"publish","type":"page","link":"https:\/\/fadeweb.uncoma.edu.ar\/index.php\/v-congreso-derecho-romano\/congreso\/","title":{"rendered":"CONGRESO"},"content":{"rendered":"<div id=\"capa80\">\n<h1 class=\"subt1\">CONGRESOS ANTERIORES<\/h1>\n<p class=\"texto\" align=\"JUSTIFY\">En el a\u00f1o 2012, la Profesora de la c\u00e1tedra de Derecho Romano de la Facultad de Derecho y Ciencias Sociales del Comahue (FADECS), Abogada Alicia Ares Nogueira, fund\u00f3 el <strong>Congreso Patag\u00f3nico de Derecho Romano<\/strong>, desempe\u00f1\u00e1ndose, en esa oportunidad, como Presidente del Comit\u00e9 Ejecutivo del I Congreso Patag\u00f3nico. El Congreso llevaba como lema el Derecho de Propiedad y fue organizado en el marco del Proyecto de Investigaci\u00f3n D-079. El evento tuvo lugar en la localidad de Las Grutas, provincia de R\u00edo Negro. Las autoridades del Primer Congreso fueron las siguientes: en car\u00e1cter de Presidentes Honorarios, el Decano de la FADECS, Profesor Omar JURGEIT y el Presidente de ADRA, Profesor Haroldo Gavernet; integraron el Comit\u00e9 Acad\u00e9mico los siguientes Profesores: Jos\u00e9 COSTA, Jorge GIMENEZ, Mirta ALVAREZ y Luis MAGGIO; formaron parte del Comit\u00e9 Ejecutivo, los investigadores: Silvina VASSALLO, Andrea BELLESI, Mat\u00edas VOLPINI, Ruth LUENGO, Javier ULLOA. En palabras del Profesor Gavernet, <em>\u201cIndudablemente este Primer Congreso Patag\u00f3nico de Derecho Romano, ha sido rico en lo acad\u00e9mico y en las relaciones personales de los participantes. La concurrencia de docentes y alumnos de diferentes unidades acad\u00e9micas ha contribuido al innegable \u00e9xito de estas jornadas\u201d.<\/em> Fueron Conferrencistas los Profesores Norberto Rinaldi y Luis Rodriguez Ennes. A ra\u00edz del Congreso se public\u00f3 la Revista del Congreso Patag\u00f3nico de Derecho Romano, que llev\u00f3 la denominaci\u00f3n del mismo, es decir, Derecho de Propiedad.<\/p>\n<p class=\"texto\" align=\"JUSTIFY\">En el a\u00f1o 2014, la Profesora Alicia Ares Nogueira llev\u00f3 a cabo _ en el marco del Proyecto de investigaci\u00f3n D-098 Defensa de los Derechos_ el <strong>II Congreso Patag\u00f3nico de Derecho Romano<\/strong> en la ciudad chilena de Temuco. El evento, denominado Instituciones del derecho Romano, fue organizado en forma conjunta por la Universidad Nacional del Comahue y la Universidad Cat\u00f3lica de Temuco, representadas por la Profesora Alicia Ares Nogueira y por el Profesor Ra\u00fal Soto. El congreso cont\u00f3 con la participaci\u00f3n de especialistas de Argentina, Chile, Espa\u00f1a y M\u00e9xico. Nuevamente tuvo gran convocatoria de Profesores, Especialistas y estudiantes. Entre los conferencistas se encontraban el Doctor Luis RODRIGUEZ ENNES de Espa\u00f1a, el Dr. Alejandro GUZM\u00c1N BRITOS de Chile y Mirta ALVAREZ de Argentina. El auditorio pudo escuchar las ponencias de los siguientes participantes: Alicia ARES NOGUEIRA, Jos\u00e9 Carlos COSTA, Mar\u00eda Elena BAZAN, M\u00f3nica VILLAGRA, Germ\u00e1n Gabriel GARCIA MEDAVAR, Alfredo Gustavo DI PIETRO, Silvina Bel\u00e9n VASSALLO, Adriana Beatriz MARTINUZ, Norma Alicia JUAREZ, Anabella FACCIUTO KAED, Lorena GALLENI, Marilina MICELI, Leticia NU\u00d1EZ, Andrea Silvana MEDEROS, Laura MICIELI, Daniel BONJOUR, Eduardo DARRITCHON, Silvina DEL HUERTO AQUINO, Soledad Andrea PERALTA, Gabriel MERCADO, Lorena GABALERI, Marisa DOMINGUEZ, Laura SALOMON y Mar\u00eda Stella ROMERO. Posteriormente al encuentro, se public\u00f3 la segunda revista del II Congreso Patag\u00f3nico de Derecho Romano.<\/p>\n<p class=\"texto\" align=\"JUSTIFY\">El <strong>III Congreso Patag\u00f3nico<\/strong>, denominado \u201c<em>El Derecho Romano y el C\u00f3digo Civil y Comercial de la Rep\u00fablica Argentina<\/em>\u201d, se llev\u00f3 a cabo en el a\u00f1o 2016, en la Sede de la FADECS, ubicada en la ciudad de General Roca, Provincia de R\u00edo Negro. El Congreso fue declarado de inter\u00e9s por el Colegio de Abogados de la II Circunscripci\u00f3n Judicial, tuvo el aval del Consejo Directivo de la FADECS y de ADRA. Convoc\u00f3 alrededor de cincuenta participantes con presentaci\u00f3n de ponencias y conferencias, tanto del pa\u00eds, como del extranjero, siendo nuevamente un \u00e9xito acad\u00e9mico. Presidieron el Congreso el Decano de la Facultad Lic. Carlos PESCADER y el Presidente de ADRA, Pfr. Jos\u00e9 Carlos COSTA. Dieron conferencias el Profesor Luis An\u00edbal MAGGIO y el Profesor Patricio CARVAJAL de la PUCC. Momento especial para el Derecho Argentino con la reciente puesta en vigencia del C\u00f3digo Civil y Comercial de la Rep\u00fablica. Las palabras de bienvenida dadas por la Pfra. Alicia ARES NOGUEIRA resumieron el esp\u00edritu del encuentro: \u201cSe conmemoran 400 a\u00f1os de la muerte de Cervantes y continuamos analizando al ingenioso hidalgo buscando ese rasgo de humanidad que cada uno lleva dentro. Y a 1.400 a\u00f1os de la muerte de Justiniano seguimos buscando y analizando nuestras ra\u00edces jur\u00eddicas. Es que con el nuevo c\u00f3digo el estudio del Derecho Romano ha tomado una nueva dimensi\u00f3n. Para quienes estudiamos a V\u00e9lez aprendimos en sus notas de la esencia y el porqu\u00e9. Hoy, el estudio del Derecho Romano es el que va a recordar y llevar, a los que enfrentan el estudio del derecho, a conocer esa esencia y el porqu\u00e9, y esto no significa quedarse en el tiempo, pensando que siempre aqu\u00e9l fue mejor. Significa conocer nuestro punto de partida para vislumbrar hacia d\u00f3nde vamos. No podemos ignorar nuestro origen jur\u00eddico, ser\u00eda ignorarnos como pueblo. No buscamos en cada nueva instituci\u00f3n del C\u00f3digo el paralelo exacto con la instituci\u00f3n romana. Buscamos en las nuevas y, en las que perduran, el hilo de continuidad que nos dice: tenemos una historia, nos da una tradici\u00f3n, debemos conocerla para conocernos.<\/p>\n<p class=\"texto\" align=\"JUSTIFY\">Y esta ser\u00e1 la funci\u00f3n de nuestra materia, ense\u00f1ar que no nacimos el a\u00f1o pasado. Tenemos una vida que nos dio experiencias, para mejorarnos y saber que tenemos un derecho que, por su origen, nos permite ser parte del actual mundo jur\u00eddico, as\u00ed es que, los invito a todos a trabajar desde esta perspectiva\u201d.<\/p>\n<p class=\"texto\" align=\"JUSTIFY\">El <strong>IV Congreso Patag\u00f3nico<\/strong> se realiz\u00f3 nuevamente en el pa\u00eds vecino de Chile y estuvo organizado de manera conjunta por la Facultad de Derecho y Ciencias Sociales (FADECS), Universidad Cat\u00f3lica de Temuco y la Pontificia Universidad Cat\u00f3lica de Chile. Cont\u00f3, como en los Congresos anteriores, con el auspicio de la Asociaci\u00f3n de Derecho Romano de la Rep\u00fablica Argentina (ADRA). Los temas propuestos para presentar ponencias fueron: Derecho p\u00fablico (derecho de los pueblos ind\u00edgenas), Derecho privado (contratos consensuales), Derecho procesal (acciones populares. Interdictos), Ense\u00f1anza del derecho romano (el m\u00e9todo de ense\u00f1anza de casos). En esta oportunidad se cont\u00f3 con la participaci\u00f3n organizativa del Dr. Alfredo DI PIETRO y la colaboraci\u00f3n del Dr. Patricio CARVAJAL.<\/p>\n<p class=\"texto\" align=\"JUSTIFY\">El <strong>V Congreso Patag\u00f3nico<\/strong> se realiza en el marco de un nuevo Proyecto de Investigaci\u00f3n. Con la Presidencia Honoraria del Decano de la Facultad Lic. Andr\u00e9s PONCE DE LEON, el Presidente de ADRA Dr, Juan Carlos GHIRARDI, y, la Profesora Consulta Titular, Alicia ARES NOGUEIRA y como Presidenta del Comit\u00e9 Ejecutivo, la Investigadora Silvina Bel\u00e9n VASSALLO. A ra\u00edz de la pandemia, se decidi\u00f3 realizar el Congreso de manera virtual, lo que ha permitido una mayor participaci\u00f3n de Investigadores, Profesores, Especialistas y estudiantes de universidades nacionales y extranjeras, lo que ha llevado a que no s\u00f3lo se transmita por la plataforma zoom, sino que se deba agregar tambi\u00e9n la plataforma Youtube. Hasta el momento, se encuentran inscriptos ciento sesenta participantes. En este Congreso se ha aplicado una nueva modalidad, ya que no habr\u00e1 conferencias sino que, en su lugar, habr\u00e1 dos paneles de debate, conformados cada uno de ellos, por expertos en derecho romano. Participan del Congreso treinta y ocho Universidades; trece universidades extranjeras y veinticinco universidades de la Argentina. Se han inscripto 27 participantes con ponencias, doce como panelistas y m\u00e1s de cincuenta estudiantes. Esperamos estar a la altura de sus expectativas. Los esperamos en esta nueva edici\u00f3n del Congreso patag\u00f3nico de Derecho Romano. A continuaci\u00f3n, im\u00e1genes de nuestra ciudad de General Roca, esperando encontrarnos de manera presencial en un pr\u00f3ximo Congreso.<\/p>\n<p class=\"texto\" align=\"JUSTIFY\"><img fetchpriority=\"high\" decoding=\"async\" class=\"alignnone wp-image-8857 size-large\" src=\"https:\/\/fadeweb.uncoma.edu.ar\/wp-content\/uploads\/2022\/10\/1-cdr-1024x383.jpg\" alt=\"\" width=\"800\" height=\"299\" srcset=\"https:\/\/fadeweb.uncoma.edu.ar\/wp-content\/uploads\/2022\/10\/1-cdr-1024x383.jpg 1024w, https:\/\/fadeweb.uncoma.edu.ar\/wp-content\/uploads\/2022\/10\/1-cdr-300x112.jpg 300w, https:\/\/fadeweb.uncoma.edu.ar\/wp-content\/uploads\/2022\/10\/1-cdr-768x287.jpg 768w, https:\/\/fadeweb.uncoma.edu.ar\/wp-content\/uploads\/2022\/10\/1-cdr.jpg 1216w\" sizes=\"(max-width: 800px) 100vw, 800px\" \/><\/p>\n<p class=\"texto\" align=\"JUSTIFY\">LA CIUDAD DESDE ALTURA. La localidad, de cerca de 120.000\u00a0habitantes, es cabecera del departamento provincial que lleva el mismo nombre,\u00a0General Roca, y que alberga a 320 mil\u00a0habitantes, seg\u00fan datos del \u00faltimo censo nacional. Por su densidad demogr\u00e1fica, es la segunda ciudad en R\u00edo Negro en importancia.<\/p>\n<p class=\"texto\" align=\"JUSTIFY\"><img decoding=\"async\" class=\"alignnone wp-image-8858 size-large\" src=\"https:\/\/fadeweb.uncoma.edu.ar\/wp-content\/uploads\/2022\/10\/2-cdr-1024x466.png\" alt=\"\" width=\"800\" height=\"364\" srcset=\"https:\/\/fadeweb.uncoma.edu.ar\/wp-content\/uploads\/2022\/10\/2-cdr-1024x466.png 1024w, https:\/\/fadeweb.uncoma.edu.ar\/wp-content\/uploads\/2022\/10\/2-cdr-300x137.png 300w, https:\/\/fadeweb.uncoma.edu.ar\/wp-content\/uploads\/2022\/10\/2-cdr-768x350.png 768w, https:\/\/fadeweb.uncoma.edu.ar\/wp-content\/uploads\/2022\/10\/2-cdr.png 1214w\" sizes=\"(max-width: 800px) 100vw, 800px\" \/><\/p>\n<p class=\"texto\" align=\"JUSTIFY\">MONUMENTO A LA MANZANA. Ciudad donde se realiza la Fiesta Nacional de la Manzana.<\/p>\n<p class=\"texto\"><img decoding=\"async\" class=\"alignnone wp-image-8859 size-large\" src=\"https:\/\/fadeweb.uncoma.edu.ar\/wp-content\/uploads\/2022\/10\/3-cdr-1024x637.png\" alt=\"\" width=\"800\" height=\"498\" srcset=\"https:\/\/fadeweb.uncoma.edu.ar\/wp-content\/uploads\/2022\/10\/3-cdr-1024x637.png 1024w, https:\/\/fadeweb.uncoma.edu.ar\/wp-content\/uploads\/2022\/10\/3-cdr-300x186.png 300w, https:\/\/fadeweb.uncoma.edu.ar\/wp-content\/uploads\/2022\/10\/3-cdr-768x477.png 768w, https:\/\/fadeweb.uncoma.edu.ar\/wp-content\/uploads\/2022\/10\/3-cdr.png 1213w\" sizes=\"(max-width: 800px) 100vw, 800px\" \/><\/p>\n<p class=\"texto\" align=\"JUSTIFY\">PASEO DE LA CIUDAD. Canal de Riego.<\/p>\n<p class=\"texto\"><img loading=\"lazy\" decoding=\"async\" class=\"alignnone wp-image-8860 size-large\" src=\"https:\/\/fadeweb.uncoma.edu.ar\/wp-content\/uploads\/2022\/10\/8-cdr-1024x674.png\" alt=\"\" width=\"800\" height=\"527\" srcset=\"https:\/\/fadeweb.uncoma.edu.ar\/wp-content\/uploads\/2022\/10\/8-cdr-1024x674.png 1024w, https:\/\/fadeweb.uncoma.edu.ar\/wp-content\/uploads\/2022\/10\/8-cdr-300x197.png 300w, https:\/\/fadeweb.uncoma.edu.ar\/wp-content\/uploads\/2022\/10\/8-cdr-768x505.png 768w, https:\/\/fadeweb.uncoma.edu.ar\/wp-content\/uploads\/2022\/10\/8-cdr.png 1225w\" sizes=\"(max-width: 800px) 100vw, 800px\" \/><\/p>\n<p class=\"texto\">PASEO DEL BICENTENARIO.<\/p>\n<p align=\"JUSTIFY\"><img loading=\"lazy\" decoding=\"async\" class=\"alignnone wp-image-8861 size-large\" src=\"https:\/\/fadeweb.uncoma.edu.ar\/wp-content\/uploads\/2022\/10\/4-cdr-1024x678.png\" alt=\"\" width=\"800\" height=\"530\" srcset=\"https:\/\/fadeweb.uncoma.edu.ar\/wp-content\/uploads\/2022\/10\/4-cdr-1024x678.png 1024w, https:\/\/fadeweb.uncoma.edu.ar\/wp-content\/uploads\/2022\/10\/4-cdr-300x199.png 300w, https:\/\/fadeweb.uncoma.edu.ar\/wp-content\/uploads\/2022\/10\/4-cdr-768x509.png 768w, https:\/\/fadeweb.uncoma.edu.ar\/wp-content\/uploads\/2022\/10\/4-cdr.png 1218w\" sizes=\"(max-width: 800px) 100vw, 800px\" \/><\/p>\n<p class=\"texto\" align=\"JUSTIFY\">\u00c1REA NATURAL PROTEGIDA\u00a0PASO C\u00d3RDOVA. Destin\u00e1ndolo a actividades educativas, cient\u00edficas<\/p>\n<p class=\"texto\" align=\"JUSTIFY\">y recreativas.<\/p>\n<p class=\"texto\"><img loading=\"lazy\" decoding=\"async\" class=\"alignnone wp-image-8862 size-large\" src=\"https:\/\/fadeweb.uncoma.edu.ar\/wp-content\/uploads\/2022\/10\/5-cdr-1024x631.png\" alt=\"\" width=\"800\" height=\"493\" srcset=\"https:\/\/fadeweb.uncoma.edu.ar\/wp-content\/uploads\/2022\/10\/5-cdr-1024x631.png 1024w, https:\/\/fadeweb.uncoma.edu.ar\/wp-content\/uploads\/2022\/10\/5-cdr-300x185.png 300w, https:\/\/fadeweb.uncoma.edu.ar\/wp-content\/uploads\/2022\/10\/5-cdr-768x473.png 768w, https:\/\/fadeweb.uncoma.edu.ar\/wp-content\/uploads\/2022\/10\/5-cdr.png 1213w\" sizes=\"(max-width: 800px) 100vw, 800px\" \/><\/p>\n<p class=\"texto\"><img loading=\"lazy\" decoding=\"async\" class=\"alignnone wp-image-8863 size-full\" src=\"https:\/\/fadeweb.uncoma.edu.ar\/wp-content\/uploads\/2022\/10\/6-cdr.jpg\" alt=\"\" width=\"789\" height=\"480\" srcset=\"https:\/\/fadeweb.uncoma.edu.ar\/wp-content\/uploads\/2022\/10\/6-cdr.jpg 789w, https:\/\/fadeweb.uncoma.edu.ar\/wp-content\/uploads\/2022\/10\/6-cdr-300x183.jpg 300w, https:\/\/fadeweb.uncoma.edu.ar\/wp-content\/uploads\/2022\/10\/6-cdr-768x467.jpg 768w\" sizes=\"(max-width: 789px) 100vw, 789px\" \/><\/p>\n<p class=\"texto\"><img loading=\"lazy\" decoding=\"async\" class=\"alignnone wp-image-8864 size-full\" src=\"https:\/\/fadeweb.uncoma.edu.ar\/wp-content\/uploads\/2022\/10\/7-cdr.jpg\" alt=\"\" width=\"800\" height=\"600\" srcset=\"https:\/\/fadeweb.uncoma.edu.ar\/wp-content\/uploads\/2022\/10\/7-cdr.jpg 800w, https:\/\/fadeweb.uncoma.edu.ar\/wp-content\/uploads\/2022\/10\/7-cdr-300x225.jpg 300w, https:\/\/fadeweb.uncoma.edu.ar\/wp-content\/uploads\/2022\/10\/7-cdr-768x576.jpg 768w\" sizes=\"(max-width: 800px) 100vw, 800px\" \/><\/p>\n<p><img loading=\"lazy\" decoding=\"async\" class=\"alignnone wp-image-8865 size-full\" src=\"https:\/\/fadeweb.uncoma.edu.ar\/wp-content\/uploads\/2022\/10\/9.jpg\" alt=\"\" width=\"800\" height=\"533\" srcset=\"https:\/\/fadeweb.uncoma.edu.ar\/wp-content\/uploads\/2022\/10\/9.jpg 800w, https:\/\/fadeweb.uncoma.edu.ar\/wp-content\/uploads\/2022\/10\/9-300x200.jpg 300w, https:\/\/fadeweb.uncoma.edu.ar\/wp-content\/uploads\/2022\/10\/9-768x512.jpg 768w\" sizes=\"(max-width: 800px) 100vw, 800px\" \/><\/p>\n<p class=\"texto\" align=\"JUSTIFY\">BAR LOPEZ. Propuesta gastron\u00f3mica y de cocteler\u00eda.<\/p>\n<p class=\"texto\" align=\"JUSTIFY\"><img loading=\"lazy\" decoding=\"async\" class=\"alignnone wp-image-8866 size-full\" src=\"https:\/\/fadeweb.uncoma.edu.ar\/wp-content\/uploads\/2022\/10\/10-cdr.jpg\" alt=\"\" width=\"843\" height=\"564\" srcset=\"https:\/\/fadeweb.uncoma.edu.ar\/wp-content\/uploads\/2022\/10\/10-cdr.jpg 843w, https:\/\/fadeweb.uncoma.edu.ar\/wp-content\/uploads\/2022\/10\/10-cdr-300x201.jpg 300w, https:\/\/fadeweb.uncoma.edu.ar\/wp-content\/uploads\/2022\/10\/10-cdr-768x514.jpg 768w\" sizes=\"(max-width: 843px) 100vw, 843px\" \/><\/p>\n<p class=\"texto\" align=\"JUSTIFY\">CATEDRAL. NUESTRA SE\u00d1ORA DEL CARMEN. Declarada de inter\u00e9s municipal por su valor hist\u00f3rico, este templo recientemente restaurado ofrece un atractivo visual acorde a su jerarqu\u00eda, sobre todo de noche cuando sus modernas luminarias destacan las l\u00edneas arquitect\u00f3nicas, imponente reloj y campanario del edificio.<\/p>\n<\/div>\n","protected":false},"excerpt":{"rendered":"<p>CONGRESOS ANTERIORES En el a\u00f1o 2012, la Profesora de la c\u00e1tedra de Derecho Romano de la Facultad de Derecho y Ciencias Sociales del Comahue (FADECS), Abogada Alicia Ares Nogueira, fund\u00f3 el Congreso Patag\u00f3nico de Derecho Romano, desempe\u00f1\u00e1ndose, en esa oportunidad, como Presidente del Comit\u00e9 Ejecutivo del I Congreso Patag\u00f3nico. El Congreso llevaba como lema el [&hellip;]<\/p>\n","protected":false},"author":2,"featured_media":0,"parent":8821,"menu_order":0,"comment_status":"closed","ping_status":"closed","template":"","meta":{"footnotes":""},"class_list":["post-8824","page","type-page","status-publish","hentry"],"_links":{"self":[{"href":"https:\/\/fadeweb.uncoma.edu.ar\/index.php\/wp-json\/wp\/v2\/pages\/8824","targetHints":{"allow":["GET"]}}],"collection":[{"href":"https:\/\/fadeweb.uncoma.edu.ar\/index.php\/wp-json\/wp\/v2\/pages"}],"about":[{"href":"https:\/\/fadeweb.uncoma.edu.ar\/index.php\/wp-json\/wp\/v2\/types\/page"}],"author":[{"embeddable":true,"href":"https:\/\/fadeweb.uncoma.edu.ar\/index.php\/wp-json\/wp\/v2\/users\/2"}],"replies":[{"embeddable":true,"href":"https:\/\/fadeweb.uncoma.edu.ar\/index.php\/wp-json\/wp\/v2\/comments?post=8824"}],"version-history":[{"count":3,"href":"https:\/\/fadeweb.uncoma.edu.ar\/index.php\/wp-json\/wp\/v2\/pages\/8824\/revisions"}],"predecessor-version":[{"id":8867,"href":"https:\/\/fadeweb.uncoma.edu.ar\/index.php\/wp-json\/wp\/v2\/pages\/8824\/revisions\/8867"}],"up":[{"embeddable":true,"href":"https:\/\/fadeweb.uncoma.edu.ar\/index.php\/wp-json\/wp\/v2\/pages\/8821"}],"wp:attachment":[{"href":"https:\/\/fadeweb.uncoma.edu.ar\/index.php\/wp-json\/wp\/v2\/media?parent=8824"}],"curies":[{"name":"wp","href":"https:\/\/api.w.org\/{rel}","templated":true}]}}