{"id":8821,"date":"2022-10-27T12:50:09","date_gmt":"2022-10-27T15:50:09","guid":{"rendered":"http:\/\/170.210.81.106\/newfade\/?page_id=8821"},"modified":"2022-10-27T13:17:06","modified_gmt":"2022-10-27T16:17:06","slug":"v-congreso-derecho-romano","status":"publish","type":"page","link":"https:\/\/fadeweb.uncoma.edu.ar\/index.php\/v-congreso-derecho-romano\/","title":{"rendered":"V CONGRESO DERECHO ROMANO"},"content":{"rendered":"<h1><span class=\"titulo2\">V CONGRESO PATAG\u00d3NICO DE DERECHO ROMANO<\/span><\/h1>\n<p class=\"texto\">La Facultad de Derecho y Ciencias Sociales de la UNCo invita al V Congreso Patag\u00f3nico de Derecho Romano \u201cConstitucionalizaci\u00f3n del derecho privado. Evoluci\u00f3n del rol, las funciones y atribuciones del juez\u201d, que se realizar\u00e1 el viernes 27 y s\u00e1bado 28 de noviembre de 2020. Es organizado por el Proyecto de investigaci\u00f3n D-O4\/122: \u201cFacultades del juez en el C\u00f3digo Civil y Comercial, especialmente en Derecho de Familia. An\u00e1lisis desde su ra\u00edz: el derecho romano\u201d.<\/p>\n<p class=\"texto\">El congreso cuenta con el aval de la Secretar\u00eda de Extensi\u00f3n y Asuntos Estudiantiles (Resoluci\u00f3n N\u00ba 0246), y de la Secretar\u00eda de Ciencia y T\u00e9cnica y Relaciones Internacionales de la FADECS-UNCo, y de la Asociaci\u00f3n de Derecho Romano de la Rep\u00fablica Argentina (A.D.R.A.).<\/p>\n<p class=\"texto\">El Congreso se realizar\u00e1 en forma virtual por la plataforma de Zoom de la FADECS, es gratuito, tendr\u00e1 una duraci\u00f3n de 24 horas reloj (ma\u00f1ana y tarde), y se entregar\u00e1n certificados de asistencia. Se contar\u00e1 con la participaci\u00f3n de asistentes, ponentes y panelistas, nacionales y extranjeros.<\/p>\n<p class=\"texto\">La fecha l\u00edmite de inscripci\u00f3n con env\u00edo del t\u00edtulo de la ponencia, abstract y palabras clave es el s\u00e1bado 21 de noviembre de 2020.<\/p>\n<p class=\"texto\">El email de contacto para las inscripciones es <a href=\"mailto:silvina.vassallo@fade.uncoma.edu.ar\">silvina.vassallo@fade.uncoma.edu.ar<\/a><\/p>\n<p class=\"texto\">El v\u00ednculo para unirse a la reuni\u00f3n Zoom del viernes 27 y s\u00e1bado 28 de noviembre es <a href=\"https:\/\/n9.cl\/wq1o\">https:\/\/n9.cl\/wq1o<\/a><\/p>\n<p class=\"texto\">ID de reuni\u00f3n: 867 1741 5598<br \/>\nC\u00f3digo de acceso: 048776<\/p>\n<h3 class=\"subt1\" align=\"left\">\u201cEl Derecho Romano, como base\u00a0de la legislaci\u00f3n universal, debe estudiarse\u201d<br \/>\nSim\u00f3n Bol\u00edvar<\/h3>\n<p class=\"texto\"><span class=\"texto\"> ACOMPA\u00d1AN AUTORIDADES, INVESTIGADORES, PROFESORES, EGRESADOS y ALUMNOS DE LAS SIGUIENTES UNIVERSIDADES NACIONALES Y EXTRANJERAS: <\/span><\/p>\n<ol>\n<li>\n<p class=\"texto\">Universidad de Valencia (U.V.).<\/p>\n<\/li>\n<li>\n<p class=\"texto\">Universidad de Oviedo (UNIOVI).<\/p>\n<\/li>\n<li>\n<p class=\"texto\">Universidad de Burgos (UBU).<\/p>\n<\/li>\n<li>\n<p class=\"texto\">Universidad Ram\u00f3n Llull, Espa\u00f1a (URL).<\/p>\n<\/li>\n<li>\n<p class=\"texto\">Universidad de M\u00e1laga (UMA).<\/p>\n<\/li>\n<li>\n<p class=\"texto\">Universidad de Bari, Italia (UNIBA).<\/p>\n<\/li>\n<li>\n<p class=\"texto\">Universidad Abierta Interamericana (UAI).<\/p>\n<\/li>\n<li>\n<p class=\"texto\">Universidad Nacional Mayor de San Marcos, Per\u00fa (UNMSM).<\/p>\n<\/li>\n<li>\n<p class=\"texto\">Universidad de San Mart\u00edn de Porres\u00a0(USMP).<\/p>\n<\/li>\n<li>\n<p class=\"texto\">Pontificia Universidad Cat\u00f3lica de Chile (PUCC).<\/p>\n<\/li>\n<li>\n<p class=\"texto\">Pontificia Universidad Cat\u00f3lica de Valpara\u00edso (PUCV).<\/p>\n<\/li>\n<li>\n<p class=\"texto\">Universidad Cat\u00f3lica de Temuco (UCT).<\/p>\n<\/li>\n<li>\n<p class=\"texto\">Universidad Panamericana, M\u00e9xico (U.P.).<\/p>\n<\/li>\n<li>\n<p class=\"texto\">Universidad de Buenos Aires (UBA).<\/p>\n<\/li>\n<li>\n<p class=\"texto\">Universidad Nacional de la Plata (UNLP).<\/p>\n<\/li>\n<li>\n<p class=\"texto\">Universidad Nacional de Lomas de Zamora (UNLZ).<\/p>\n<\/li>\n<li>\n<p class=\"texto\">Universidad Nacional Jos\u00e9 C. Paz (UNPAZ).<\/p>\n<\/li>\n<li>\n<p class=\"texto\">Universidad Nacional del Sur (UNS).<\/p>\n<\/li>\n<li>\n<p class=\"texto\">Universidad Nacional de Mar del Plata (UNMDP).<\/p>\n<\/li>\n<li>\n<p class=\"texto\">Universidad Nacional de C\u00f3rdoba (UNC).<\/p>\n<\/li>\n<li>\n<p class=\"texto\">Universidad Nacional de la Pampa (UNPAM).<\/p>\n<\/li>\n<li>\n<p class=\"texto\">Universidad Nacional de Catamarca\u00a0(UNCa).<\/p>\n<\/li>\n<li>\n<p class=\"texto\">Universidad Nacional de Tucum\u00e1n (U.N.T.).<\/p>\n<\/li>\n<li>\n<p class=\"texto\">Universidad Nacional de La Rioja (UNLAR).<\/p>\n<\/li>\n<li>\n<p class=\"texto\">Universidad de Mendoza (UM).<\/p>\n<\/li>\n<li>\n<p class=\"texto\">Universidad del Este (UDE).<\/p>\n<\/li>\n<li>\n<p class=\"texto\">Pontificia Universidad Cat\u00f3lica Argentina Santa Mar\u00eda de los Buenos Aires (UCA).<\/p>\n<\/li>\n<li>\n<p class=\"texto\">Universidad Cat\u00f3lica de C\u00f3rdoba\u00a0(UCC)\u00a0.<\/p>\n<\/li>\n<li>\n<p class=\"texto\">Universidad Empresarial Siglo 21 (UES21).<\/p>\n<\/li>\n<li>\n<p class=\"texto\">Universidad del Salvador (USAL).<\/p>\n<\/li>\n<li>\n<p class=\"texto\">Universidad de Mor\u00f3n (U.M.).<\/p>\n<\/li>\n<li>\n<p class=\"texto\">Universidad de Flores (UFLO).<\/p>\n<\/li>\n<li>\n<p class=\"texto\">Universidad de San Isidro (USI).<\/p>\n<\/li>\n<li>\n<p class=\"texto\">Universidad Argentina J. F. Kennedy (UK).<\/p>\n<\/li>\n<li>\n<p class=\"texto\">Universidad Fasta (UFASTA).<\/p>\n<\/li>\n<li>\n<p class=\"texto\">Universidad Blas Pascal (UBP).<\/p>\n<\/li>\n<li>\n<p class=\"texto\">Universidad del Norte Santo Tom\u00e1s de Aquino U.N.S.T.A (Tucum\u00e1n)<\/p>\n<\/li>\n<li>\n<p class=\"texto\">Universidad de Ciencias Empresariales y Sociales (UCES).<\/p>\n<\/li>\n<\/ol>\n<p class=\"texto\"><strong>Organiza:<\/strong> Universidad Nacional del Comahue (UNCOMA).<\/p>\n<p class=\"texto\"><strong>Aval y adhesiones:<\/strong><\/p>\n<p class=\"texto\">Asociaci\u00f3n de Derecho Romano de la Rep\u00fablica Argentina (ADRA)<\/p>\n<p class=\"texto\">Secretaria de Ciencia y T\u00e9cnica y Relaciones Internacionales de la Facultad de Derecho y Ciencias Sociales de la Universidad Nacional del Comahue Cuenta con la adhesi\u00f3n de la Facultad de Derecho de la Universidad de Lomas de Zamora.<\/p>\n<p class=\"texto\"><strong>Asociaciones e Institutos que participan:<\/strong><\/p>\n<p class=\"texto\">_ Centro Internacional de Estudios Jur\u00eddicos (CIEJIL)<\/p>\n<p class=\"texto\">_ Asociaci\u00f3n Iberoamericana de Derecho Romano (AIDROM)<\/p>\n<p class=\"texto\">_ Asociaci\u00f3n de Derecho Romano de la Rep\u00fablica Argentina (ADRA)<\/p>\n<p class=\"texto\">_ Instituto de Derecho Romano de la Universidad Cat\u00f3lica de C\u00f3rdoba (UCC)<\/p>\n<p class=\"texto\">_ Sala Blockchain E Inteligencia Artificial de la Universidad Cat\u00f3lica de C\u00f3rdoba (UCC).<\/p>\n","protected":false},"excerpt":{"rendered":"<p>V CONGRESO PATAG\u00d3NICO DE DERECHO ROMANO La Facultad de Derecho y Ciencias Sociales de la UNCo invita al V Congreso Patag\u00f3nico de Derecho Romano \u201cConstitucionalizaci\u00f3n del derecho privado. Evoluci\u00f3n del rol, las funciones y atribuciones del juez\u201d, que se realizar\u00e1 el viernes 27 y s\u00e1bado 28 de noviembre de 2020. Es organizado por el Proyecto [&hellip;]<\/p>\n","protected":false},"author":2,"featured_media":0,"parent":0,"menu_order":0,"comment_status":"closed","ping_status":"closed","template":"","meta":{"footnotes":""},"class_list":["post-8821","page","type-page","status-publish","hentry"],"_links":{"self":[{"href":"https:\/\/fadeweb.uncoma.edu.ar\/index.php\/wp-json\/wp\/v2\/pages\/8821","targetHints":{"allow":["GET"]}}],"collection":[{"href":"https:\/\/fadeweb.uncoma.edu.ar\/index.php\/wp-json\/wp\/v2\/pages"}],"about":[{"href":"https:\/\/fadeweb.uncoma.edu.ar\/index.php\/wp-json\/wp\/v2\/types\/page"}],"author":[{"embeddable":true,"href":"https:\/\/fadeweb.uncoma.edu.ar\/index.php\/wp-json\/wp\/v2\/users\/2"}],"replies":[{"embeddable":true,"href":"https:\/\/fadeweb.uncoma.edu.ar\/index.php\/wp-json\/wp\/v2\/comments?post=8821"}],"version-history":[{"count":2,"href":"https:\/\/fadeweb.uncoma.edu.ar\/index.php\/wp-json\/wp\/v2\/pages\/8821\/revisions"}],"predecessor-version":[{"id":8854,"href":"https:\/\/fadeweb.uncoma.edu.ar\/index.php\/wp-json\/wp\/v2\/pages\/8821\/revisions\/8854"}],"wp:attachment":[{"href":"https:\/\/fadeweb.uncoma.edu.ar\/index.php\/wp-json\/wp\/v2\/media?parent=8821"}],"curies":[{"name":"wp","href":"https:\/\/api.w.org\/{rel}","templated":true}]}}