{"id":6898,"date":"2022-10-10T19:18:24","date_gmt":"2022-10-10T22:18:24","guid":{"rendered":"http:\/\/170.210.81.106\/newfade\/?page_id=6898"},"modified":"2024-06-18T09:56:38","modified_gmt":"2024-06-18T12:56:38","slug":"telefonos","status":"publish","type":"page","link":"https:\/\/fadeweb.uncoma.edu.ar\/index.php\/telefonos\/","title":{"rendered":"Telefonos"},"content":{"rendered":"<h1><span class=\"titulo1\">TEL\u00c9FONOS Y CORREOS ELECTR\u00d3NICOS<\/span><\/h1>\n<table border=\"0\" width=\"100%\" cellspacing=\"0\" cellpadding=\"0\">\n<tbody>\n<tr>\n<td align=\"left\" valign=\"middle\" bgcolor=\"#9BCDE6\" width=\"576\" height=\"40\">\n<p class=\"subt1\">CORREOS PARA TR\u00c1MITES DE ALUMNAS\/OS DE LA UNCOMAHUE<\/p>\n<p class=\"texto\"><strong>Tel\u00e9fono institucional del Departamento de Alumnos<\/strong>\u00a0298 4330478, de\u00a0<strong>14 a 18 hs<\/strong>.<\/p>\n<p class=\"texto\"><strong>Correos para atenci\u00f3n de tr\u00e1mites de alumnas\/os:<\/strong><\/p>\n<p class=\"texto\"><strong>Egresados. Tr\u00e1mite de t\u00edtulos.<\/strong><br \/>\n<a href=\"mailto:egresados@fade.uncoma.edu.ar\">egresados@fade.uncoma.edu.ar<\/a><\/p>\n<p class=\"texto\"><strong>Ingresantes. Reinscripciones. Reincorporaciones. Pases. Cursados paralelos.<\/strong><br \/>\n<a href=\"mailto:ingresantes@fade.uncoma.edu.ar\">ingresantes@fade.uncoma.edu.ar<\/a><\/p>\n<p class=\"texto\"><strong>Cursados. Condicionalidades de cursado. Problemas de inscripciones el SIU Guaran\u00ed. Problemas de acceso al SIU Guaran\u00ed.<\/strong><br \/>\n<a href=\"mailto:cursados@fade.uncoma.edu.ar\">cursados@fade.uncoma.edu.ar<\/a><\/p>\n<p class=\"texto\"><strong>Equivalencias. Estado de tr\u00e1mites de equivalencias.<\/strong><br \/>\n<a href=\"mailto:equivalencias@fade.uncoma.edu.ar\">equivalencias@fade.uncoma.edu.ar<\/a><\/p>\n<p class=\"texto\"><strong>Pases interuniversitarios. Certificaciones de programas.<\/strong><br \/>\n<a href=\"mailto:pases.interuniversitarios@fade.uncoma.edu.ar\">pases.interuniversitarios@fade.uncoma.edu.ar<\/a><\/p>\n<p><span class=\"texto\"><strong>Consulta de Alumnos:<\/strong>\u00a0<a href=\"mailto:consultasalumnos@fade.uncoma.edu.ar\">consultasalumnos@fade.uncoma.edu.ar<\/a><\/span><\/td>\n<\/tr>\n<tr>\n<td align=\"left\" valign=\"middle\" width=\"576\" height=\"40\"><span class=\"texto\">Direcci\u00f3n de Alumnos: <a href=\"mailto:alumnos@fade.uncoma.edu.ar\">alumnos@fade.uncoma.edu.ar<\/a><\/span><\/td>\n<\/tr>\n<tr bgcolor=\"#9BCDE6\">\n<td align=\"left\" valign=\"middle\" width=\"576\" height=\"40\"><span class=\"texto\">Departamento de Alumnos Sede Neuqu\u00e9n: <a href=\"mailto:stela.arias@fade.uncoma.edu.ar\">stela.arias@fade.uncoma.edu.ar<\/a> | <a href=\"mailto:isabel.alvarez@fade.uncoma.edu.ar\">isabel.alvarez@fade.uncoma.edu.ar<\/a><\/span><\/td>\n<\/tr>\n<tr>\n<td align=\"left\" valign=\"middle\" width=\"576\" height=\"40\"><span class=\"texto\">Departamento Docente: <a href=\"mailto:docentes@fade.uncoma.edu.ar\">docentes@fade.uncoma.edu.ar<\/a><\/span><\/td>\n<\/tr>\n<tr bgcolor=\"#9BCDE6\">\n<td align=\"left\" valign=\"middle\" width=\"576\" height=\"40\"><span class=\"texto\">Concursos docentes: <a href=\"mailto:concursos@fade.uncoma.edu.ar\">concursos@fade.uncoma.edu.ar<\/a> | <a href=\"mailto:concursos@fadecs.uncoma.edu.ar\">concursos@fadecs.uncoma.edu.ar<\/a><\/span><\/td>\n<\/tr>\n<tr>\n<td align=\"left\" valign=\"middle\" width=\"576\" height=\"40\"><span class=\"texto\">Bedel\u00eda: <a href=\"mailto:bedelia@fade.uncoma.edu.ar\">bedelia@fade.uncoma.edu.ar<\/a><\/span><\/td>\n<\/tr>\n<tr bgcolor=\"#9BCDE6\">\n<td align=\"left\" valign=\"middle\" width=\"576\" height=\"40\"><span class=\"texto\">Egresados: <a href=\"mailto:egresados@fade.uncoma.edu.ar\">egresados@fade.uncoma.edu.ar<\/a><\/span><\/td>\n<\/tr>\n<tr>\n<td align=\"left\" valign=\"middle\" width=\"576\" height=\"40\"><span class=\"texto\">Biblioteca Ernesto S\u00e1bato: <a href=\"mailto:biblioteca@fade.uncoma.edu.ar\">biblioteca@fade.uncoma.edu.ar<\/a><\/span><\/td>\n<\/tr>\n<tr bgcolor=\"#9BCDE6\">\n<td align=\"left\" valign=\"middle\" width=\"576\" height=\"40\"><span class=\"texto\">Secretar\u00eda de Extensi\u00f3n y Asuntos Estudiantiles: <a href=\"mailto:secretaria.extensionfadecs@gmail.com\">secretaria.extensionfadecs@gmail.com<\/a><\/span><\/td>\n<\/tr>\n<tr>\n<td align=\"left\" valign=\"middle\" width=\"576\" height=\"40\"><span class=\"texto\">Secretar\u00eda de Bienestar Estudiantil: <a href=\"mailto:bienestarestudiantil@fade.uncoma.edu.ar\">bienestarestudiantil@fade.uncoma.edu.ar<\/a><\/span><\/td>\n<\/tr>\n<tr bgcolor=\"#9BCDE6\">\n<td align=\"left\" valign=\"middle\" width=\"576\" height=\"40\"><span class=\"texto\">Secretar\u00eda Administrativa: <a href=\"mailto:secretaria.administrativa@fade.uncoma.edu.ar\">secretaria.administrativa@fade.uncoma.edu.ar<\/a><\/span><\/td>\n<\/tr>\n<tr>\n<td align=\"left\" valign=\"middle\" width=\"576\" height=\"40\"><span class=\"texto\">Secretar\u00eda de Ciencia y T\u00e9cnica y Relaciones Internacionales: <a href=\"mailto:invefade@gmail.com\">invefade@gmail.com<\/a><\/span><\/td>\n<\/tr>\n<tr bgcolor=\"#9BCDE6\">\n<td align=\"left\" valign=\"middle\" width=\"576\" height=\"40\"><span class=\"texto\">Direcci\u00f3n de Departamento de Postgrado: <a href=\"mailto:academica.posgrado@fade.uncoma.edu.ar\">academica.posgrado@fade.uncoma.edu.ar<\/a><\/span><\/td>\n<\/tr>\n<tr>\n<td align=\"left\" valign=\"middle\" width=\"576\" height=\"40\"><span class=\"texto\">Departamento de Mesa de Entradas: <a href=\"mailto:mesaentradasfadecs@yahoo.com.ar\">mesaentradasfadecs@yahoo.com.ar<\/a><\/span><\/td>\n<\/tr>\n<tr bgcolor=\"#9BCDE6\">\n<td align=\"left\" valign=\"middle\" width=\"576\" height=\"40\"><span class=\"texto\">Links del SIU GUARAN\u00cd:\u00a0\u00a0<a href=\"http:\/\/siufade.uncoma.edu.ar\/derecho\/acceso\">http:\/\/siufade.uncoma.edu.ar\/derecho\/acceso<\/a><\/span><\/td>\n<\/tr>\n<tr>\n<td align=\"left\" valign=\"middle\" width=\"576\" height=\"40\"><span class=\"texto\">PEDCO:\u00a0<a href=\"https:\/\/pedco.uncoma.edu.ar\/login\/index.php\">https:\/\/pedco.uncoma.edu.ar\/login\/index.php<\/a><\/span><\/td>\n<\/tr>\n<tr bgcolor=\"#9BCDE6\">\n<td align=\"left\" valign=\"middle\" width=\"576\" height=\"40\"><span class=\"texto\">Mails ayuda PEDCO: <a href=\"mailto:pedco@fade.uncoma.edu.ar\">pedco@fade.uncoma.edu.ar<\/a><\/span><\/td>\n<\/tr>\n<tr>\n<td align=\"left\" valign=\"middle\" width=\"576\" height=\"40\"><span class=\"texto\">Consultas de SIU GUARANI: <a href=\"mailto:alumnos@fade.uncoma.edu.ar\">alumnos@fade.uncoma.edu.ar<\/a> | <a href=\"mailto:consultasalumnos@fade.uncoma.edu.ar\">consultasalumnos@fade.uncoma.edu.ar<\/a><\/span><\/p>\n<p class=\"texto\"><strong>Consultas de SIU GUARANI:<\/strong><br \/>\n<a href=\"mailto:equivalencias@fade.uncoma.edu.ar\">equivalencias@fade.uncoma.edu.ar<\/a> , <a href=\"mailto:cursados@fade.uncoma.edu.ar\">cursados@fade.uncoma.edu.ar<\/a><\/p>\n<p class=\"texto\">Por consultas de equivalencias: <a href=\"mailto:equivalencias@fade.uncoma.edu.ar\">equivalencias@fade.uncoma.edu.ar<\/a><\/p>\n<p class=\"texto\">Por consultas de cursados: <a href=\"mailto:cursados@fade.uncoma.edu.ar\">cursados@fade.uncoma.edu.ar<\/a><\/p>\n<p class=\"texto\">Por consultas de Ingresantes: <a href=\"mailto:ingresantes@fade.uncoma.edu.ar\">ingresantes@fade.uncoma.edu.ar<\/a><\/p>\n<\/td>\n<\/tr>\n<\/tbody>\n<\/table>\n<p>&nbsp;<\/p>\n<p>Las cuestiones acad\u00e9micas deben consultarse en<\/p>\n<table border=\"1\" width=\"100%\" cellspacing=\"0\" cellpadding=\"0\">\n<tbody>\n<tr>\n<td valign=\"middle\" width=\"576\" height=\"30\"><span class=\"texto\">Secretar\u00eda Acad\u00e9mica:\u00a0<a href=\"mailto:secretaria.academica@fade.uncoma.edu.ar\">secretaria.academica@fade.uncoma.edu.ar<\/a><\/span><\/td>\n<\/tr>\n<tr>\n<td valign=\"middle\" width=\"576\" height=\"30\"><span class=\"texto\">Direcci\u00f3n de Alumnos:\u00a0<a href=\"mailto:alumnos@fade.uncoma.edu.ar\">alumnos@fade.uncoma.edu.ar<\/a><\/span><\/td>\n<\/tr>\n<tr>\n<td valign=\"middle\" width=\"576\" height=\"30\"><span class=\"texto\">Departamento de Alumnos Sede Neuqu\u00e9n:<\/span><\/td>\n<\/tr>\n<tr>\n<td valign=\"middle\" width=\"576\" height=\"30\"><span class=\"texto\"><a href=\"mailto:stella.arias@fade.uncoma.edu.ar\">stella.arias@fade.uncoma.edu.ar<\/a><\/span><\/td>\n<\/tr>\n<tr>\n<td valign=\"middle\" width=\"576\" height=\"30\"><span class=\"texto\"><a href=\"mailto:isabel.alvarez@fade.uncoma.edu.ar\">isabel.alvarez@fade.uncoma.edu.ar<\/a><\/span><\/td>\n<\/tr>\n<tr>\n<td valign=\"middle\" width=\"576\" height=\"30\"><span class=\"texto\">Departamento Docente:<\/span><\/td>\n<\/tr>\n<tr>\n<td valign=\"middle\" width=\"576\" height=\"30\"><span class=\"texto\"><a href=\"mailto:docentes@fade.uncoma.edu.ar\">docentes@fade.uncoma.edu.ar<\/a><\/span><\/td>\n<\/tr>\n<tr>\n<td valign=\"middle\" width=\"576\" height=\"30\"><span class=\"texto\"><a href=\"mailto:concursosfade@gmail.com\">concursosfade@gmail.com<\/a><\/span><\/td>\n<\/tr>\n<tr>\n<td valign=\"middle\" width=\"576\" height=\"30\"><span class=\"texto\">PEDCO:\u00a0<a href=\"https:\/\/pedco.uncoma.edu.ar\/login\/index.php\">https:\/\/pedco.uncoma.edu.ar\/login\/index.php<\/a><\/span><\/td>\n<\/tr>\n<tr>\n<td valign=\"middle\" width=\"576\" height=\"30\"><span class=\"texto\">Mails ayuda PEDCO\u00a0\u00a0\u00a0\u00a0<a href=\"mailto:pedco@fade.uncoma.edu.ar\">pedco@fade.uncoma.edu.ar<\/a><\/span><\/td>\n<\/tr>\n<tr>\n<td valign=\"middle\" width=\"576\" height=\"30\"><span class=\"texto\">Consultas de SIU GUARANI:\u00a0<a href=\"mailto:alumnos@fade.uncoma.edu.ar\">alumnos@fade.uncoma.edu.ar<\/a><\/span><\/td>\n<\/tr>\n<tr>\n<td valign=\"middle\" width=\"576\" height=\"30\"><span class=\"texto\">Secretar\u00eda de Extensi\u00f3n y Asuntos Estudiantiles:\u00a0<a href=\"mailto:secretaria.extensionfadecs@gmail.com\">secretaria.extensionfadecs@gmail.com | <\/a>Tel\u00e9fono 2984690225<\/span><\/td>\n<\/tr>\n<tr>\n<td valign=\"middle\" width=\"576\" height=\"30\"><\/td>\n<\/tr>\n<tr>\n<td valign=\"middle\" width=\"576\" height=\"30\"><span class=\"texto\">Secretar\u00eda de Bienestar Estudiantil:\u00a0<a href=\"https:\/\/fadeweb.uncoma.edu.ar\/extension\/com-ins\/mailtobienestarestudiantil@fade.uncoma.edu.ar\">bienestarestudiantil@fade.uncoma.edu.ar |<\/a> Tel\u00e9fono 2984226274<\/span><\/td>\n<\/tr>\n<tr>\n<td valign=\"middle\" width=\"576\" height=\"30\"><\/td>\n<\/tr>\n<\/tbody>\n<\/table>\n","protected":false},"excerpt":{"rendered":"<p>TEL\u00c9FONOS Y CORREOS ELECTR\u00d3NICOS CORREOS PARA TR\u00c1MITES DE ALUMNAS\/OS DE LA UNCOMAHUE Tel\u00e9fono institucional del Departamento de Alumnos\u00a0298 4330478, de\u00a014 a 18 hs. Correos para atenci\u00f3n de tr\u00e1mites de alumnas\/os: Egresados. Tr\u00e1mite de t\u00edtulos. egresados@fade.uncoma.edu.ar Ingresantes. Reinscripciones. Reincorporaciones. Pases. Cursados paralelos. ingresantes@fade.uncoma.edu.ar Cursados. Condicionalidades de cursado. Problemas de inscripciones el SIU Guaran\u00ed. Problemas de acceso [&hellip;]<\/p>\n","protected":false},"author":2,"featured_media":0,"parent":0,"menu_order":0,"comment_status":"closed","ping_status":"closed","template":"","meta":{"footnotes":""},"class_list":["post-6898","page","type-page","status-publish","hentry"],"_links":{"self":[{"href":"https:\/\/fadeweb.uncoma.edu.ar\/index.php\/wp-json\/wp\/v2\/pages\/6898","targetHints":{"allow":["GET"]}}],"collection":[{"href":"https:\/\/fadeweb.uncoma.edu.ar\/index.php\/wp-json\/wp\/v2\/pages"}],"about":[{"href":"https:\/\/fadeweb.uncoma.edu.ar\/index.php\/wp-json\/wp\/v2\/types\/page"}],"author":[{"embeddable":true,"href":"https:\/\/fadeweb.uncoma.edu.ar\/index.php\/wp-json\/wp\/v2\/users\/2"}],"replies":[{"embeddable":true,"href":"https:\/\/fadeweb.uncoma.edu.ar\/index.php\/wp-json\/wp\/v2\/comments?post=6898"}],"version-history":[{"count":4,"href":"https:\/\/fadeweb.uncoma.edu.ar\/index.php\/wp-json\/wp\/v2\/pages\/6898\/revisions"}],"predecessor-version":[{"id":21148,"href":"https:\/\/fadeweb.uncoma.edu.ar\/index.php\/wp-json\/wp\/v2\/pages\/6898\/revisions\/21148"}],"wp:attachment":[{"href":"https:\/\/fadeweb.uncoma.edu.ar\/index.php\/wp-json\/wp\/v2\/media?parent=6898"}],"curies":[{"name":"wp","href":"https:\/\/api.w.org\/{rel}","templated":true}]}}