{"id":6882,"date":"2022-10-10T18:50:19","date_gmt":"2022-10-10T21:50:19","guid":{"rendered":"http:\/\/170.210.81.106\/newfade\/?page_id=6882"},"modified":"2022-10-10T19:01:50","modified_gmt":"2022-10-10T22:01:50","slug":"suscribirse-notifadecs","status":"publish","type":"page","link":"https:\/\/fadeweb.uncoma.edu.ar\/index.php\/notifadecs\/suscribirse-notifadecs\/","title":{"rendered":"Suscribirse Notifadecs"},"content":{"rendered":"<h1><span class=\"titulo1\">NOTIFADECS<\/span><\/h1>\n<p style=\"background-color: #e0dfe3;\"><a style=\"text-decoration: none; color: #06a; font-size: 1.1em;\" href=\"http:\/\/listas.uncoma.edu.ar\/lists\/?p=subscribe\">SUSCRIPCI\u00d3N<\/a><\/p>\n<p class=\"texto\">La lista de distribuci\u00f3n del Notifadecs le permite estar informada\/o en forma semanal de las novedades y las distintas propuestas acad\u00e9micas y formativas de la FADECS-UNComa, a trav\u00e9s de su casilla de correo electr\u00f3nico.<\/p>\n<p class=\"texto\">El\u00a0<strong><a href=\"http:\/\/listas.uncoma.edu.ar\/lists\/?p=subscribe\">siguiente enlace<\/a><\/strong>\u00a0lo llevar\u00e1 a un formulario en el que\u00a0<strong>S\u00d3LO DEBEN COMPLETARSE LOS PRIMEROS CUATRO (4) CAMPOS<\/strong>\u00a0(completar con una direcci\u00f3n de correo electr\u00f3nico y crear una contrase\u00f1a), ir al final del formulario,<strong>\u00a0tildar la casilla NOTIFADECS y clickear el bot\u00f3n SUBSCRIBE.<\/strong><\/p>\n<p class=\"texto\"><a class=\"subt1\" href=\"http:\/\/listas.uncoma.edu.ar\/lists\/?p=subscribe\">IR AL FORMULARIO DE SUSCRIPCI\u00d3N<\/a><\/p>\n<p><img fetchpriority=\"high\" decoding=\"async\" class=\"alignleft wp-image-6885\" src=\"https:\/\/fadeweb.uncoma.edu.ar\/wp-content\/uploads\/2022\/10\/suscripcion1.jpg\" alt=\"un formulario en el que\u00a0S\u00d3LO DEBEN COMPLETARSE LOS PRIMEROS CUATRO (4) CAMPOS\u00a0(completar con una direcci\u00f3n de correo electr\u00f3nico y crear una contrase\u00f1a)\" width=\"699\" height=\"325\" srcset=\"https:\/\/fadeweb.uncoma.edu.ar\/wp-content\/uploads\/2022\/10\/suscripcion1.jpg 912w, https:\/\/fadeweb.uncoma.edu.ar\/wp-content\/uploads\/2022\/10\/suscripcion1-300x139.jpg 300w, https:\/\/fadeweb.uncoma.edu.ar\/wp-content\/uploads\/2022\/10\/suscripcion1-768x357.jpg 768w\" sizes=\"(max-width: 699px) 100vw, 699px\" \/> <img decoding=\"async\" class=\"alignleft wp-image-6886 size-full\" src=\"https:\/\/fadeweb.uncoma.edu.ar\/wp-content\/uploads\/2022\/10\/suscripcion2.jpg\" alt=\"ir al final del formulario,\u00a0tildar la casilla NOTIFADECS y clickear el bot\u00f3n SUBSCRIBE.\" width=\"471\" height=\"301\" srcset=\"https:\/\/fadeweb.uncoma.edu.ar\/wp-content\/uploads\/2022\/10\/suscripcion2.jpg 471w, https:\/\/fadeweb.uncoma.edu.ar\/wp-content\/uploads\/2022\/10\/suscripcion2-300x192.jpg 300w\" sizes=\"(max-width: 471px) 100vw, 471px\" \/><\/p>\n","protected":false},"excerpt":{"rendered":"<p>NOTIFADECS SUSCRIPCI\u00d3N La lista de distribuci\u00f3n del Notifadecs le permite estar informada\/o en forma semanal de las novedades y las distintas propuestas acad\u00e9micas y formativas de la FADECS-UNComa, a trav\u00e9s de su casilla de correo electr\u00f3nico. El\u00a0siguiente enlace\u00a0lo llevar\u00e1 a un formulario en el que\u00a0S\u00d3LO DEBEN COMPLETARSE LOS PRIMEROS CUATRO (4) CAMPOS\u00a0(completar con una direcci\u00f3n [&hellip;]<\/p>\n","protected":false},"author":2,"featured_media":0,"parent":1603,"menu_order":0,"comment_status":"closed","ping_status":"closed","template":"","meta":{"footnotes":""},"class_list":["post-6882","page","type-page","status-publish","hentry"],"_links":{"self":[{"href":"https:\/\/fadeweb.uncoma.edu.ar\/index.php\/wp-json\/wp\/v2\/pages\/6882","targetHints":{"allow":["GET"]}}],"collection":[{"href":"https:\/\/fadeweb.uncoma.edu.ar\/index.php\/wp-json\/wp\/v2\/pages"}],"about":[{"href":"https:\/\/fadeweb.uncoma.edu.ar\/index.php\/wp-json\/wp\/v2\/types\/page"}],"author":[{"embeddable":true,"href":"https:\/\/fadeweb.uncoma.edu.ar\/index.php\/wp-json\/wp\/v2\/users\/2"}],"replies":[{"embeddable":true,"href":"https:\/\/fadeweb.uncoma.edu.ar\/index.php\/wp-json\/wp\/v2\/comments?post=6882"}],"version-history":[{"count":4,"href":"https:\/\/fadeweb.uncoma.edu.ar\/index.php\/wp-json\/wp\/v2\/pages\/6882\/revisions"}],"predecessor-version":[{"id":6888,"href":"https:\/\/fadeweb.uncoma.edu.ar\/index.php\/wp-json\/wp\/v2\/pages\/6882\/revisions\/6888"}],"up":[{"embeddable":true,"href":"https:\/\/fadeweb.uncoma.edu.ar\/index.php\/wp-json\/wp\/v2\/pages\/1603"}],"wp:attachment":[{"href":"https:\/\/fadeweb.uncoma.edu.ar\/index.php\/wp-json\/wp\/v2\/media?parent=6882"}],"curies":[{"name":"wp","href":"https:\/\/api.w.org\/{rel}","templated":true}]}}