{"id":5609,"date":"2022-10-06T09:50:19","date_gmt":"2022-10-06T12:50:19","guid":{"rendered":"http:\/\/170.210.81.106\/newfade\/?page_id=5609"},"modified":"2023-12-27T10:18:46","modified_gmt":"2023-12-27T13:18:46","slug":"novedades-sec-ciencia-y-tec-y-rel-intern","status":"publish","type":"page","link":"https:\/\/fadeweb.uncoma.edu.ar\/index.php\/secretaria-de-ciencia-y-tecnica-y-relaciones-internacionales\/novedades-sec-ciencia-y-tec-y-rel-intern\/","title":{"rendered":"NOVEDADES SEC CIENCIA Y TEC Y REL INTERN"},"content":{"rendered":"\t\t<div data-elementor-type=\"wp-page\" data-elementor-id=\"5609\" class=\"elementor elementor-5609\" data-elementor-post-type=\"page\">\n\t\t\t\t\t\t<section class=\"elementor-section elementor-top-section elementor-element elementor-element-df0999b elementor-section-boxed elementor-section-height-default elementor-section-height-default\" data-id=\"df0999b\" data-element_type=\"section\" data-e-type=\"section\">\n\t\t\t\t\t\t<div class=\"elementor-container elementor-column-gap-default\">\n\t\t\t\t\t<div class=\"elementor-column elementor-col-66 elementor-top-column elementor-element elementor-element-c0bd760\" data-id=\"c0bd760\" data-element_type=\"column\" data-e-type=\"column\">\n\t\t\t<div class=\"elementor-widget-wrap elementor-element-populated\">\n\t\t\t\t\t\t<div class=\"elementor-element elementor-element-6349896 elementor-widget elementor-widget-text-editor\" data-id=\"6349896\" data-element_type=\"widget\" data-e-type=\"widget\" data-widget_type=\"text-editor.default\">\n\t\t\t\t<div class=\"elementor-widget-container\">\n\t\t\t\t\t\t\t\t\t<h1><span class=\"titulo1\">SECRETAR\u00cdA DE CIENCIA Y T\u00c9CNICA Y RELACIONES INTERNACIONALES <\/span><\/h1><h2 class=\"titulo2\">NOVEDADES<\/h2>\t\t\t\t\t\t\t\t<\/div>\n\t\t\t\t<\/div>\n\t\t\t\t<div class=\"elementor-element elementor-element-287ccb7 elementor-widget elementor-widget-posts\" data-id=\"287ccb7\" data-element_type=\"widget\" data-e-type=\"widget\" data-settings=\"{&quot;pagination_type&quot;:&quot;numbers_and_prev_next&quot;,&quot;full_content_row_gap&quot;:{&quot;unit&quot;:&quot;px&quot;,&quot;size&quot;:35,&quot;sizes&quot;:[]}}\" data-widget_type=\"posts.full_content\">\n\t\t\t\t<div class=\"elementor-widget-container\">\n\t\t\t\t\t\t\t<div class=\"elementor-posts-container elementor-posts elementor-posts--skin-full_content elementor-grid\" role=\"list\">\r\n\t\t\t\t<article class=\"elementor-post elementor-grid-item post-27961 post type-post status-publish format-standard has-post-thumbnail hentry category-notifadecs category-novedades-investigacion\" role=\"listitem\">\r\n\t\t\t\t<div class=\"elementor-post__text\">\r\n\t\t\t\t<h3 class=\"elementor-post__title\">\r\n\t\t\t<a href=\"https:\/\/fadeweb.uncoma.edu.ar\/index.php\/2026\/04\/20\/convocatoria-de-pi-2027-nuevas-propuestas\/\" >\r\n\t\t\t\tCONVOCATORIA DE PI 2027 NUEVAS PROPUESTAS\t\t\t<\/a>\r\n\t\t<\/h3>\r\n\t\t\t\t<div class=\"elementor-post__meta-data\">\r\n\t\t\t\t\t<span class=\"elementor-post-date\">\r\n\t\t\t20 abril, 2026\t\t<\/span>\r\n\t\t\t\t<\/div>\r\n\t\t<p><img fetchpriority=\"high\" fetchpriority=\"high\" decoding=\"async\" class=\"alignnone wp-image-27962 size-large\" src=\"https:\/\/fadeweb.uncoma.edu.ar\/wp-content\/uploads\/2026\/04\/pi-2027-819x1024.jpeg\" alt=\"CONVOCATORIA DE PI 2027 NUEVAS PROPUESTAS \n\" width=\"800\" height=\"1000\" srcset=\"https:\/\/fadeweb.uncoma.edu.ar\/wp-content\/uploads\/2026\/04\/pi-2027-819x1024.jpeg 819w, https:\/\/fadeweb.uncoma.edu.ar\/wp-content\/uploads\/2026\/04\/pi-2027-240x300.jpeg 240w, https:\/\/fadeweb.uncoma.edu.ar\/wp-content\/uploads\/2026\/04\/pi-2027-768x960.jpeg 768w, https:\/\/fadeweb.uncoma.edu.ar\/wp-content\/uploads\/2026\/04\/pi-2027.jpeg 1080w\" sizes=\"(max-width: 800px) 100vw, 800px\" \/><\/p>\n<p><strong>Para Directores:<\/strong> habilitaci\u00f3n carga en sistema MOCOVI desde el 4 de mayo al 15 de junio del 2026 inclusive para realizar el env\u00edo.<\/p>\n<p>Aquellos que no cuenten con un usuario de acceso al sistema Mocovi y que postulen para la Convocatoria de Proyectos y Programas 2027, deber\u00e1n solicitar el mismo ingresando desde el 14\/04\/2026 al 14\/06\/2026 al siguiente link: <a href=\"https:\/\/docs.google.com\/forms\/d\/e\/1FAIpQLSd2hsAAt0fGc7f5Hp7kjlNrtjgEC83IZlrnTbl3wco0I0IBLg\/viewform\">https:\/\/docs.google.com\/forms\/d\/e\/1FAIpQLSd2hsAAt0fGc7f5Hp7kjlNrtjgEC83IZlrnTbl3wco0I0IBLg\/viewform<\/a><\/p>\n<p>Las resoluciones correspondientes (archivos PDF firmados digitalmente o escaneados) se cargan en sistema MOCOVI en el apartado datos administrativos antes de la aceptaci\u00f3n.<\/p>\n<p>Ante cualquier consulta dirigirse al mail de la secretaria <a href=\"mailto:invefade@gmail.com\">invefade@gmail.com<\/a><\/p>\n\t\t<\/div>\r\n\t\t\t\t<\/article>\r\n\t\t\t\t<article class=\"elementor-post elementor-grid-item post-27917 post type-post status-publish format-standard has-post-thumbnail hentry category-notifadecs category-novedades-investigacion\" role=\"listitem\">\r\n\t\t\t\t<div class=\"elementor-post__text\">\r\n\t\t\t\t<h3 class=\"elementor-post__title\">\r\n\t\t\t<a href=\"https:\/\/fadeweb.uncoma.edu.ar\/index.php\/2026\/04\/14\/solicitud-de-usuario-de-acceso-al-sistema-mocovi-para-pi-2027\/\" >\r\n\t\t\t\tSOLICITUD DE USUARIO DE ACCESO AL SISTEMA MOCOVI PARA PI 2027\t\t\t<\/a>\r\n\t\t<\/h3>\r\n\t\t\t\t<div class=\"elementor-post__meta-data\">\r\n\t\t\t\t\t<span class=\"elementor-post-date\">\r\n\t\t\t14 abril, 2026\t\t<\/span>\r\n\t\t\t\t<\/div>\r\n\t\t<p><img decoding=\"async\" class=\"alignnone wp-image-27918 size-full\" src=\"https:\/\/fadeweb.uncoma.edu.ar\/wp-content\/uploads\/2026\/04\/mocovi2.jpg\" alt=\"SOLICITUD DE USUARIO DE ACCESO AL SISTEMA MOCOVI PARA PI 2027\" width=\"643\" height=\"687\" srcset=\"https:\/\/fadeweb.uncoma.edu.ar\/wp-content\/uploads\/2026\/04\/mocovi2.jpg 643w, https:\/\/fadeweb.uncoma.edu.ar\/wp-content\/uploads\/2026\/04\/mocovi2-281x300.jpg 281w\" sizes=\"(max-width: 643px) 100vw, 643px\" \/><\/p>\n<p>La Secretar\u00eda de Ciencia y T\u00e9cnica informa a los Directores postulantes para la convocatoria de PI 2027 que, aquellos que no cuenten con un usuario de acceso al sistema Mocovi y que postulen para la Convocatoria de Proyectos y Programas 2027, deber\u00e1n solicitar el mismo ingresando desde el 14\/4\/2026 al 14\/6\/2026 al siguiente enlace: <a href=\"https:\/\/docs.google.com\/forms\/d\/e\/1FAIpQLSd2hsAAt0fGc7f5Hp7kjlNrtjgEC83IZlrnTbl3wco0I0IBLg\/viewform\">https:\/\/docs.google.com\/forms\/d\/e\/1FAIpQLSd2hsAAt0fGc7f5Hp7kjlNrtjgEC83IZlrnTbl3wco0I0IBLg\/viewform<\/a><\/p>\n\t\t<\/div>\r\n\t\t\t\t<\/article>\r\n\t\t\t\t<article class=\"elementor-post elementor-grid-item post-27624 post type-post status-publish format-standard has-post-thumbnail hentry category-notifadecs category-novedades-investigacion\" role=\"listitem\">\r\n\t\t\t\t<div class=\"elementor-post__text\">\r\n\t\t\t\t<h3 class=\"elementor-post__title\">\r\n\t\t\t<a href=\"https:\/\/fadeweb.uncoma.edu.ar\/index.php\/2026\/03\/04\/convocatoria-para-clases-espejo-2026\/\" >\r\n\t\t\t\tCONVOCATORIA PARA CLASES ESPEJO 2026\t\t\t<\/a>\r\n\t\t<\/h3>\r\n\t\t\t\t<div class=\"elementor-post__meta-data\">\r\n\t\t\t\t\t<span class=\"elementor-post-date\">\r\n\t\t\t4 marzo, 2026\t\t<\/span>\r\n\t\t\t\t<\/div>\r\n\t\t<p><img decoding=\"async\" class=\"alignnone wp-image-27625 size-large\" src=\"https:\/\/fadeweb.uncoma.edu.ar\/wp-content\/uploads\/2026\/03\/coil2-1024x497.jpg\" alt=\"CONVOCATORIA PARA CLASES ESPEJO 2026\n\" width=\"800\" height=\"388\" srcset=\"https:\/\/fadeweb.uncoma.edu.ar\/wp-content\/uploads\/2026\/03\/coil2-1024x497.jpg 1024w, https:\/\/fadeweb.uncoma.edu.ar\/wp-content\/uploads\/2026\/03\/coil2-300x146.jpg 300w, https:\/\/fadeweb.uncoma.edu.ar\/wp-content\/uploads\/2026\/03\/coil2-768x373.jpg 768w, https:\/\/fadeweb.uncoma.edu.ar\/wp-content\/uploads\/2026\/03\/coil2-1536x746.jpg 1536w, https:\/\/fadeweb.uncoma.edu.ar\/wp-content\/uploads\/2026\/03\/coil2.jpg 1600w\" sizes=\"(max-width: 800px) 100vw, 800px\" \/><\/p>\n<p><strong>El l\u00edmite para postularse es el 27 de marzo.<\/strong> La actividad la coordina la subsecretar\u00eda de Relaciones Internacionales.<\/p>\n<p>La Universidad Nacional del Comahue (UNCO), a trav\u00e9s de la subsecretar\u00eda de Relaciones Internacionales, informa que se encuentra abierta una nueva convocatoria interna para presentar propuestas de \u00abClases Espejo y COIL\u00bb para docentes de la UNCO, de pregrado, grado y posgrado, con universidades socias del extranjero, preferentemente de habla hispana.<\/p>\n<p>Leer m\u00e1s <a href=\"https:\/\/uncoma.edu.ar\/estudiantes\/convocatoria-para-clases-espejo-2026\/\">https:\/\/uncoma.edu.ar\/estudiantes\/convocatoria-para-clases-espejo-2026\/<\/a><\/p>\n\t\t<\/div>\r\n\t\t\t\t<\/article>\r\n\t\t\t\t<article class=\"elementor-post elementor-grid-item post-27569 post type-post status-publish format-standard has-post-thumbnail hentry category-notifadecs category-novedades-investigacion\" role=\"listitem\">\r\n\t\t\t\t<div class=\"elementor-post__text\">\r\n\t\t\t\t<h3 class=\"elementor-post__title\">\r\n\t\t\t<a href=\"https:\/\/fadeweb.uncoma.edu.ar\/index.php\/2026\/02\/26\/convocatoria-de-proyectos-de-investigacion-2027-nuevas-propuestas\/\" >\r\n\t\t\t\tCONVOCATORIA DE PROYECTOS DE INVESTIGACI\u00d3N 2027 | Nuevas Propuestas\t\t\t<\/a>\r\n\t\t<\/h3>\r\n\t\t\t\t<div class=\"elementor-post__meta-data\">\r\n\t\t\t\t\t<span class=\"elementor-post-date\">\r\n\t\t\t26 febrero, 2026\t\t<\/span>\r\n\t\t\t\t<\/div>\r\n\t\t<p><img loading=\"lazy\" loading=\"lazy\" decoding=\"async\" class=\"alignnone wp-image-27570 size-large\" src=\"https:\/\/fadeweb.uncoma.edu.ar\/wp-content\/uploads\/2026\/02\/pi-2027-819x1024.jpg\" alt=\"\" width=\"800\" height=\"1000\" srcset=\"https:\/\/fadeweb.uncoma.edu.ar\/wp-content\/uploads\/2026\/02\/pi-2027-819x1024.jpg 819w, https:\/\/fadeweb.uncoma.edu.ar\/wp-content\/uploads\/2026\/02\/pi-2027-240x300.jpg 240w, https:\/\/fadeweb.uncoma.edu.ar\/wp-content\/uploads\/2026\/02\/pi-2027-768x960.jpg 768w, https:\/\/fadeweb.uncoma.edu.ar\/wp-content\/uploads\/2026\/02\/pi-2027.jpg 1080w\" sizes=\"auto, (max-width: 800px) 100vw, 800px\" \/><\/p>\n<p>&nbsp;<\/p>\n<p><strong>Para Directores:<\/strong> habilitaci\u00f3n carga en sistema MOCOVI desde el 4 de mayo al 15 de junio del 2026 inclusive para realizar el env\u00edo.<\/p>\n<p><strong>Fecha de inicio de Proyectos:<\/strong>\u00a0 1\/1\/2027.<\/p>\n<p>Para descargar documentaci\u00f3n, acceder <a href=\"https:\/\/fadeweb.uncoma.edu.ar\/index.php\/secretaria-de-ciencia-y-tecnica-y-relaciones-internacionales\/formularios-y-normativas-sec-ciencia-y-tec-y-rel-intern\/\">aqu\u00ed<\/a>.<\/p>\n\t\t<\/div>\r\n\t\t\t\t<\/article>\r\n\t\t\t\t<article class=\"elementor-post elementor-grid-item post-27522 post type-post status-publish format-standard has-post-thumbnail hentry category-notifadecs category-novedades-investigacion\" role=\"listitem\">\r\n\t\t\t\t<div class=\"elementor-post__text\">\r\n\t\t\t\t<h3 class=\"elementor-post__title\">\r\n\t\t\t<a href=\"https:\/\/fadeweb.uncoma.edu.ar\/index.php\/2026\/02\/20\/convocatoria-de-movilidad-internacional-unco-segundo-semestre-2026\/\" >\r\n\t\t\t\tCONVOCATORIA DE MOVILIDAD INTERNACIONAL UNCO \u2013 SEGUNDO SEMESTRE 2026\t\t\t<\/a>\r\n\t\t<\/h3>\r\n\t\t\t\t<div class=\"elementor-post__meta-data\">\r\n\t\t\t\t\t<span class=\"elementor-post-date\">\r\n\t\t\t20 febrero, 2026\t\t<\/span>\r\n\t\t\t\t<\/div>\r\n\t\t<p><img loading=\"lazy\" loading=\"lazy\" decoding=\"async\" class=\"alignnone wp-image-27523 size-large\" src=\"https:\/\/fadeweb.uncoma.edu.ar\/wp-content\/uploads\/2026\/02\/Post-Movilidad-UNCo_1-1024x1024.png\" alt=\"CONVOCATORIA DE MOVILIDAD INTERNACIONAL UNCO \u2013 SEGUNDO SEMESTRE 2026\" width=\"800\" height=\"800\" srcset=\"https:\/\/fadeweb.uncoma.edu.ar\/wp-content\/uploads\/2026\/02\/Post-Movilidad-UNCo_1-1024x1024.png 1024w, https:\/\/fadeweb.uncoma.edu.ar\/wp-content\/uploads\/2026\/02\/Post-Movilidad-UNCo_1-300x300.png 300w, https:\/\/fadeweb.uncoma.edu.ar\/wp-content\/uploads\/2026\/02\/Post-Movilidad-UNCo_1-150x150.png 150w, https:\/\/fadeweb.uncoma.edu.ar\/wp-content\/uploads\/2026\/02\/Post-Movilidad-UNCo_1-768x768.png 768w, https:\/\/fadeweb.uncoma.edu.ar\/wp-content\/uploads\/2026\/02\/Post-Movilidad-UNCo_1.png 1080w\" sizes=\"auto, (max-width: 800px) 100vw, 800px\" \/><\/p>\n<p>&nbsp;<\/p>\n<p>REQUISITOS PARA PARTICIPAR<\/p>\n<ul>\n<li>Ser estudiante regular de la UNCo.<\/li>\n<li>Haber aprobado el 40 % de las materias correspondientes al Plan de estudio de la carrera.<\/li>\n<li>Tener un buen rendimiento acad\u00e9mico (se sugiere un promedio m\u00ednimo 7).<\/li>\n<li>Presentar la documentaci\u00f3n solicitada en la presente Convocatoria, en tiempo y forma.<\/li>\n<\/ul>\n<p><strong>\u00a0 DOCUMENTACI\u00d3N A PRESENTAR<\/strong><\/p>\n<ol>\n<li>Formulario de postulaci\u00f3n. Disponible aqu\u00ed.<\/li>\n<li>Certificado de alumno regular.<\/li>\n<li>Historial Acad\u00e9mico (debe incluir: porcentaje de asignaturas cursadas y aprobadas y promedio, con y sin aplazos)<\/li>\n<li>Copia digital del pasaporte (en su defecto comprobante de pasaporte en tr\u00e1mite) y copia digital del DNI.<\/li>\n<li>Carta de motivaci\u00f3n personal dirigida al Comit\u00e9 Evaluador (sin formato preestablecido), de no m\u00e1s de una carilla y firmada por el estudiante. Cantidad:1.<\/li>\n<li>Carta de recomendaci\u00f3n de un docente. dirigida al Comit\u00e9 Evaluador (sin formato preestablecido), de no m\u00e1s de una carilla y firmada y sellada por el docente. Cantidad:1.<\/li>\n<li>Curriculum Vitae (resumido \u2013 no es necesario adjuntar certificados).<\/li>\n<li>Si fuera necesario: documentaci\u00f3n que certifique conocimiento del idioma de la Universidad de Destino seleccionada.<\/li>\n<\/ol>\n<p><strong>FINANCIAMIENTO<\/strong><br \/>\nSe otorgar\u00e1n cinco (5) ayudas econ\u00f3micas de $1.950.000 Adem\u00e1s, los estudiantes seleccionados quedar\u00e1n exentos de cualquier costo acad\u00e9mico (matr\u00edcula\/cuota mensual\/pago de ex\u00e1menes o similar) en la Universidad destino.<\/p>\n<p><a href=\"https:\/\/fadeweb.uncoma.edu.ar\/wp-content\/uploads\/2026\/02\/1_Bases-y-condiciones_Convocatoria-de-movilidad-UNCO_2_-2026.pdf\">1_Bases y condiciones_Convocatoria de movilidad UNCO_2_ 2026<\/a><\/p>\n<p><a href=\"https:\/\/fadeweb.uncoma.edu.ar\/wp-content\/uploads\/2026\/02\/1_Formulario-de-postulacion_movilidad-UNCo-2.docx\">1_Formulario de postulaci\u00f3n_movilidad UNCo (2)<\/a><\/p>\n<p><a href=\"https:\/\/fadeweb.uncoma.edu.ar\/wp-content\/uploads\/2026\/02\/2_Anexo-I_-Universidades-de-destino_2_2026.xlsx\">2_Anexo I_ Universidades de destino_2_2026<\/a><\/p>\n<p><a href=\"https:\/\/fadeweb.uncoma.edu.ar\/wp-content\/uploads\/2026\/02\/Preguntas-frecuentes_2026.pdf\">Preguntas frecuentes_2026<\/a><\/p>\n<p><strong>CONSULTAS<br \/>\n<\/strong>Secretar\u00eda de Ciencia, T\u00e9cnica y Relaciones Internacionales FADECS.<br \/>\n<a href=\"mailto:invefade@gmail.com\">invefade@gmail.com<\/a><\/p>\n<p>Subsecretar\u00eda de Relaciones Internacionales \u2013 Universidad Nacional del Comahue Lic. Cyntia Olartes<br \/>\n<a href=\"mailto:movilidadout.internacionales@central.uncoma.edu.ar\">movilidadout.internacionales@central.uncoma.edu.ar<\/a><\/p>\n\t\t<\/div>\r\n\t\t\t\t<\/article>\r\n\t\t\t\t<article class=\"elementor-post elementor-grid-item post-27499 post type-post status-publish format-standard has-post-thumbnail hentry category-becas-de-investigacion category-notifadecs category-novedades-investigacion\" role=\"listitem\">\r\n\t\t\t\t<div class=\"elementor-post__text\">\r\n\t\t\t\t<h3 class=\"elementor-post__title\">\r\n\t\t\t<a href=\"https:\/\/fadeweb.uncoma.edu.ar\/index.php\/2026\/02\/18\/convocatoria-becas-unco-2026\/\" >\r\n\t\t\t\tCONVOCATORIA\u00a0BECAS\u00a0UNCo\u00a02026\t\t\t<\/a>\r\n\t\t<\/h3>\r\n\t\t\t\t<div class=\"elementor-post__meta-data\">\r\n\t\t\t\t\t<span class=\"elementor-post-date\">\r\n\t\t\t18 febrero, 2026\t\t<\/span>\r\n\t\t\t\t<\/div>\r\n\t\t<div><img loading=\"lazy\" loading=\"lazy\" decoding=\"async\" class=\"alignnone wp-image-27385 size-large\" src=\"https:\/\/fadeweb.uncoma.edu.ar\/wp-content\/uploads\/2025\/12\/BECAS-INVES-2026-819x1024.jpg\" alt=\"\" width=\"800\" height=\"1000\" srcset=\"https:\/\/fadeweb.uncoma.edu.ar\/wp-content\/uploads\/2025\/12\/BECAS-INVES-2026-819x1024.jpg 819w, https:\/\/fadeweb.uncoma.edu.ar\/wp-content\/uploads\/2025\/12\/BECAS-INVES-2026-240x300.jpg 240w, https:\/\/fadeweb.uncoma.edu.ar\/wp-content\/uploads\/2025\/12\/BECAS-INVES-2026-768x960.jpg 768w, https:\/\/fadeweb.uncoma.edu.ar\/wp-content\/uploads\/2025\/12\/BECAS-INVES-2026.jpg 1080w\" sizes=\"auto, (max-width: 800px) 100vw, 800px\" \/><\/div>\n<p>Convocatoria de\u00a0<span class=\"gmail-il\">becas<\/span>\u00a0de investigaci\u00f3n\u00a0<span class=\"gmail-il\">UNCo<\/span>\u00a02026 permanecer\u00e1\u00a0<strong>abierta desde el 5 al 23 de febrero de 2026\u00a0<\/strong><\/p>\n<p>Los interesados en postularse a una beca deber\u00e1n completar un formulario web para solicitar usuario y contrase\u00f1a que le permitir\u00e1 ingresar al sistema. Con el usuario y contrase\u00f1a asignados (recibidos por correo electr\u00f3nico a la cuenta declarada en el formulario), ingresar\u00e1n al sistema y podr\u00e1n iniciar la carga. Tambi\u00e9n podr\u00e1n descargar el instructivo correspondiente y los formularios requeridos.<\/p>\n<p>En la p\u00e1gina web de la Secretar\u00eda, secci\u00f3n \u00ab<span class=\"gmail-il\">Becas<\/span>\u00a0de investigaci\u00f3n\u00a0<span class=\"gmail-il\">UNCo<\/span>\u00ab, se encuentra publicada la normativa vigente y a la brevedad se cargar\u00e1 el instructivo para postulante\u00a0\u00a0<em><strong><a href=\"https:\/\/uncoma.edu.ar\/ciencia-y-tecnica\/\" target=\"_blank\" rel=\"noopener\">https:\/\/uncoma.edu.ar\/ciencia-y-tecnica\/<\/a>\u00a0<\/strong><\/em>donde los postulantes encontrar\u00e1n toda la informaci\u00f3n correspondiente a la convocatoria, en la pesta\u00f1a\u00a0<em><strong>Becas de Investigaci\u00f3n UNCo &#8211; CONVOCATORIA 2026<\/strong><\/em><\/p>\n<p><a href=\"https:\/\/fadeweb.uncoma.edu.ar\/wp-content\/uploads\/2026\/02\/Instructivo-Postulantes-y-becarios-30-12-25.pdf\">Instructivo Postulantes y becarios 30-12-25<\/a><\/p>\n\t\t<\/div>\r\n\t\t\t\t<\/article>\r\n\t\t\t\t<\/div>\r\n\t\t\r\n\t\t\t\t<div class=\"e-load-more-anchor\" data-page=\"1\" data-max-page=\"22\" data-next-page=\"https:\/\/fadeweb.uncoma.edu.ar\/index.php\/wp-json\/wp\/v2\/pages\/5609\/page\/2\/\"><\/div>\r\n\t\t\t\t<nav class=\"elementor-pagination\" aria-label=\"Pagination\">\r\n\t\t\t<span class=\"page-numbers prev\">&laquo; Anterior<\/span>\n<span aria-current=\"page\" class=\"page-numbers current\"><span class=\"elementor-screen-only\">Page<\/span>1<\/span>\n<a class=\"page-numbers\" href=\"https:\/\/fadeweb.uncoma.edu.ar\/index.php\/wp-json\/wp\/v2\/pages\/5609\/page\/2\/\"><span class=\"elementor-screen-only\">Page<\/span>2<\/a>\n<a class=\"page-numbers\" href=\"https:\/\/fadeweb.uncoma.edu.ar\/index.php\/wp-json\/wp\/v2\/pages\/5609\/page\/3\/\"><span class=\"elementor-screen-only\">Page<\/span>3<\/a>\n<a class=\"page-numbers\" href=\"https:\/\/fadeweb.uncoma.edu.ar\/index.php\/wp-json\/wp\/v2\/pages\/5609\/page\/4\/\"><span class=\"elementor-screen-only\">Page<\/span>4<\/a>\n<a class=\"page-numbers\" href=\"https:\/\/fadeweb.uncoma.edu.ar\/index.php\/wp-json\/wp\/v2\/pages\/5609\/page\/5\/\"><span class=\"elementor-screen-only\">Page<\/span>5<\/a>\n<a class=\"page-numbers next\" href=\"https:\/\/fadeweb.uncoma.edu.ar\/index.php\/wp-json\/wp\/v2\/pages\/5609\/page\/2\/\">Siguiente  &raquo;<\/a>\t\t<\/nav>\r\n\t\t\t\t\t\t<\/div>\n\t\t\t\t<\/div>\n\t\t\t\t<div class=\"elementor-element elementor-element-b9612a9 elementor-widget elementor-widget-shortcode\" data-id=\"b9612a9\" data-element_type=\"widget\" data-e-type=\"widget\" data-widget_type=\"shortcode.default\">\n\t\t\t\t<div class=\"elementor-widget-container\">\n\t\t\t\t\t\t\t<div class=\"elementor-shortcode\">\t\t<div data-elementor-type=\"section\" data-elementor-id=\"4601\" class=\"elementor elementor-4601\" data-elementor-post-type=\"elementor_library\">\r\n\t\t\t\t\t<section class=\"elementor-section elementor-top-section elementor-element elementor-element-616db802 elementor-section-boxed elementor-section-height-default elementor-section-height-default\" data-id=\"616db802\" data-element_type=\"section\" data-e-type=\"section\">\n\t\t\t\t\t\t<div class=\"elementor-container elementor-column-gap-default\">\n\t\t\t\t\t<div class=\"elementor-column elementor-col-100 elementor-top-column elementor-element elementor-element-4a4fbccf\" data-id=\"4a4fbccf\" data-element_type=\"column\" data-e-type=\"column\">\n\t\t\t<div class=\"elementor-widget-wrap elementor-element-populated\">\n\t\t\t\t\t\t<div class=\"elementor-element elementor-element-251169b9 elementor-widget-divider--view-line elementor-widget elementor-widget-divider\" data-id=\"251169b9\" data-element_type=\"widget\" data-e-type=\"widget\" data-widget_type=\"divider.default\">\n\t\t\t\t<div class=\"elementor-widget-container\">\n\t\t\t\t\t\t\t<div class=\"elementor-divider\">\n\t\t\t<span class=\"elementor-divider-separator\">\n\t\t\t\t\t\t<\/span>\n\t\t<\/div>\n\t\t\t\t\t\t<\/div>\n\t\t\t\t<\/div>\n\t\t\t\t<div class=\"elementor-element elementor-element-694ecd60 elementor-widget elementor-widget-text-editor\" data-id=\"694ecd60\" data-element_type=\"widget\" data-e-type=\"widget\" data-widget_type=\"text-editor.default\">\n\t\t\t\t<div class=\"elementor-widget-container\">\n\t\t\t\t\t\t\t\t\t<p class=\"texto\"><strong>M\u00c1S INFORMACI\u00d3N<br \/><\/strong>Secretar\u00eda de Investigaci\u00f3n y Relaciones Internacionales <br \/>TE: (0298) 4433668\/668<\/p><p class=\"texto\">Correo electr\u00f3nico<br \/><strong><a href=\"mailto:invefade@gmail.com\">invefade@gmail.com<\/a><\/strong><a href=\"mailto:rrii.fadecs@gmail.com\"><br \/><\/a> Mendoza y Per\u00fa<br \/>(8332) General Roca, R\u00edo Negro <br \/>Argentina<\/p>\t\t\t\t\t\t\t\t<\/div>\n\t\t\t\t<\/div>\n\t\t\t\t\t<\/div>\n\t\t<\/div>\n\t\t\t\t\t<\/div>\n\t\t<\/section>\n\t\t\t\t<\/div>\r\n\t\t<\/div>\n\t\t\t\t\t\t<\/div>\n\t\t\t\t<\/div>\n\t\t\t\t\t<\/div>\n\t\t<\/div>\n\t\t\t\t<div class=\"elementor-column elementor-col-33 elementor-top-column elementor-element elementor-element-3d21460\" data-id=\"3d21460\" data-element_type=\"column\" data-e-type=\"column\">\n\t\t\t<div class=\"elementor-widget-wrap\">\n\t\t\t\t\t\t\t<\/div>\n\t\t<\/div>\n\t\t\t\t\t<\/div>\n\t\t<\/section>\n\t\t\t\t<\/div>\n\t\t","protected":false},"excerpt":{"rendered":"<p>SECRETAR\u00cdA DE CIENCIA Y T\u00c9CNICA Y RELACIONES INTERNACIONALES NOVEDADES<\/p>\n","protected":false},"author":2,"featured_media":0,"parent":3416,"menu_order":0,"comment_status":"closed","ping_status":"closed","template":"","meta":{"footnotes":""},"class_list":["post-5609","page","type-page","status-publish","hentry"],"_links":{"self":[{"href":"https:\/\/fadeweb.uncoma.edu.ar\/index.php\/wp-json\/wp\/v2\/pages\/5609","targetHints":{"allow":["GET"]}}],"collection":[{"href":"https:\/\/fadeweb.uncoma.edu.ar\/index.php\/wp-json\/wp\/v2\/pages"}],"about":[{"href":"https:\/\/fadeweb.uncoma.edu.ar\/index.php\/wp-json\/wp\/v2\/types\/page"}],"author":[{"embeddable":true,"href":"https:\/\/fadeweb.uncoma.edu.ar\/index.php\/wp-json\/wp\/v2\/users\/2"}],"replies":[{"embeddable":true,"href":"https:\/\/fadeweb.uncoma.edu.ar\/index.php\/wp-json\/wp\/v2\/comments?post=5609"}],"version-history":[{"count":19,"href":"https:\/\/fadeweb.uncoma.edu.ar\/index.php\/wp-json\/wp\/v2\/pages\/5609\/revisions"}],"predecessor-version":[{"id":19054,"href":"https:\/\/fadeweb.uncoma.edu.ar\/index.php\/wp-json\/wp\/v2\/pages\/5609\/revisions\/19054"}],"up":[{"embeddable":true,"href":"https:\/\/fadeweb.uncoma.edu.ar\/index.php\/wp-json\/wp\/v2\/pages\/3416"}],"wp:attachment":[{"href":"https:\/\/fadeweb.uncoma.edu.ar\/index.php\/wp-json\/wp\/v2\/media?parent=5609"}],"curies":[{"name":"wp","href":"https:\/\/api.w.org\/{rel}","templated":true}]}}