{"id":5438,"date":"2022-10-05T10:56:12","date_gmt":"2022-10-05T13:56:12","guid":{"rendered":"http:\/\/170.210.81.106\/newfade\/?page_id=5438"},"modified":"2022-10-05T20:56:51","modified_gmt":"2022-10-05T23:56:51","slug":"plan-0150-98-licenciatura-en-sociologia","status":"publish","type":"page","link":"https:\/\/fadeweb.uncoma.edu.ar\/index.php\/carreras\/licenciatura-en-sociologia\/plan-0150-98-licenciatura-en-sociologia\/","title":{"rendered":"PLAN 0150\/98 LICENCIATURA EN SOCIOLOGIA"},"content":{"rendered":"\t\t<div data-elementor-type=\"wp-page\" data-elementor-id=\"5438\" class=\"elementor elementor-5438\" data-elementor-post-type=\"page\">\n\t\t\t\t\t\t<section class=\"elementor-section elementor-top-section elementor-element elementor-element-7305dc6 elementor-section-boxed elementor-section-height-default elementor-section-height-default\" data-id=\"7305dc6\" data-element_type=\"section\" data-e-type=\"section\">\n\t\t\t\t\t\t<div class=\"elementor-container elementor-column-gap-default\">\n\t\t\t\t\t<div class=\"elementor-column elementor-col-66 elementor-top-column elementor-element elementor-element-a4c46a9\" data-id=\"a4c46a9\" data-element_type=\"column\" data-e-type=\"column\">\n\t\t\t<div class=\"elementor-widget-wrap elementor-element-populated\">\n\t\t\t\t\t\t<div class=\"elementor-element elementor-element-9dcc3d6 elementor-widget elementor-widget-text-editor\" data-id=\"9dcc3d6\" data-element_type=\"widget\" data-e-type=\"widget\" data-widget_type=\"text-editor.default\">\n\t\t\t\t<div class=\"elementor-widget-container\">\n\t\t\t\t\t\t\t\t\t<h1><span class=\"titulo1\">LICENCIATURA EN SOCIOLOGIA<\/span><\/h1>\n<h2><span class=\"titulo2\">PLAN DE ESTUDIOS (VIEJO) 0150\/98<\/span><\/h2>\n\n<table class=\"correlativas\">\n<caption><b>Primer A\u00f1o<\/b><\/caption>\n<tbody>\n<tr valign=\"middle\">\n<td class=\"c3\" height=\"20\">&nbsp;<\/td>\n<td class=\"c3\" height=\"20\"><p align=\"center\"><strong>Materias<\/strong><\/p><\/td>\n<td class=\"c3\"><p align=\"center\"><strong>Dedicaci\u00f3n<\/strong><\/p><\/td>\n<td class=\"c3\"><p align=\"center\"><strong>Cuatrimestres<\/strong><\/p><\/td>\n<td class=\"c3\"><p align=\"center\"><strong>Hs. Sem.<\/strong><\/p><\/td>\n<\/tr>\n<tr valign=\"middle\">\n<td height=\"20\">01<\/td>\n<td height=\"20\">Filosof\u00eda<\/td>\n<td><p align=\"center\">Cuatr.<\/p><\/td>\n<td><p align=\"center\">Primer<\/p><\/td>\n<td><p align=\"center\">6<\/p><\/td>\n<\/tr>\n<tr valign=\"middle\">\n<td height=\"20\">02<\/td>\n<td height=\"20\">Econom\u00eda I<\/td>\n<td><p align=\"center\">Cuatr.<\/p><\/td>\n<td><p align=\"center\">Primer<\/p><\/td>\n<td><p align=\"center\">6<\/p><\/td>\n<\/tr>\n<tr valign=\"middle\">\n<td height=\"20\">03<\/td>\n<td height=\"20\">Historia Social Moderna I<\/td>\n<td><p align=\"center\">Cuatr.<\/p><\/td>\n<td><p align=\"center\">Primer<\/p><\/td>\n<td><p align=\"center\">6<\/p><\/td>\n<\/tr>\n<tr valign=\"middle\">\n<td height=\"20\">04<\/td>\n<td height=\"20\">Epistemolog\u00eda de las Ciencias Sociales<\/td>\n<td><p align=\"center\">Cuatr.<\/p><\/td>\n<td><p align=\"center\">Segundo<\/p><\/td>\n<td><p align=\"center\">6<\/p><\/td>\n<\/tr>\n<tr valign=\"middle\">\n<td height=\"20\">05<\/td>\n<td height=\"20\">Econom\u00eda II<\/td>\n<td><p align=\"center\">Cuatr.<\/p><\/td>\n<td><p align=\"center\">Segundo<\/p><\/td>\n<td><p align=\"center\">6<\/p><\/td>\n<\/tr>\n<tr valign=\"middle\">\n<td height=\"20\">06<\/td>\n<td height=\"20\">Historia del Conocimiento Sociol\u00f3gico<\/td>\n<td><p align=\"center\">Cuatr.<\/p><\/td>\n<td><p align=\"center\">Segundo<\/p><\/td>\n<td><p align=\"center\">6<\/p><\/td>\n<\/tr>\n<\/tbody>\n<\/table>\n\n<table class=\"correlativas\">\n<caption><b>Segundo A\u00f1o<\/b><\/caption>\n<tbody>\n<tr valign=\"middle\">\n<td class=\"c3\" height=\"20\">&nbsp;<\/td>\n<td class=\"c3\" height=\"20\"><p align=\"center\"><strong>Materias<\/strong><\/p><\/td>\n<td class=\"c3\"><p align=\"center\"><strong>Dedicaci\u00f3n<\/strong><\/p><\/td>\n<td class=\"c3\"><p align=\"center\"><strong>Cuatrimestres<\/strong><\/p><\/td>\n<td class=\"c3\"><p align=\"center\"><strong>Hs. Sem.<\/strong><\/p><\/td>\n<\/tr>\n<tr valign=\"middle\">\n<td height=\"20\"><p align=\"center\">07<\/p><\/td>\n<td height=\"20\">Historia Econ\u00f3mica Moderna I<\/td>\n<td height=\"20\"><p align=\"center\">Cuatr.<\/p><\/td>\n<td height=\"20\"><p align=\"center\">Primer<\/p><\/td>\n<td height=\"20\"><p align=\"center\">6<\/p><\/td>\n<\/tr>\n<tr valign=\"middle\">\n<td height=\"20\"><p align=\"center\">08<\/p><\/td>\n<td height=\"20\">Historia del Conocimiento Sociol\u00f3gico II<\/td>\n<td height=\"20\"><p align=\"center\">Cuatr.<\/p><\/td>\n<td height=\"20\"><p align=\"center\">Primer<\/p><\/td>\n<td height=\"20\"><p align=\"center\">6<\/p><\/td>\n<\/tr>\n<tr valign=\"middle\">\n<td height=\"20\"><p align=\"center\">09<\/p><\/td>\n<td height=\"20\">Teor\u00eda Pol\u00edtica I<\/td>\n<td height=\"20\"><p align=\"center\">Cuatr.<\/p><\/td>\n<td height=\"20\"><p align=\"center\">Primer<\/p><\/td>\n<td height=\"20\"><p align=\"center\">6<\/p><\/td>\n<\/tr>\n<tr valign=\"middle\">\n<td height=\"20\"><p align=\"center\">10<\/p><\/td>\n<td height=\"20\">Historia Social Moderna II<\/td>\n<td height=\"20\"><p align=\"center\">Cuatr.<\/p><\/td>\n<td height=\"20\"><p align=\"center\">Segundo<\/p><\/td>\n<td height=\"20\"><p align=\"center\">6<\/p><\/td>\n<\/tr>\n<tr valign=\"middle\">\n<td height=\"20\"><p align=\"center\">11<\/p><\/td>\n<td height=\"20\">Metodolog\u00eda I<\/td>\n<td height=\"20\"><p align=\"center\">Cuatr.<\/p><\/td>\n<td height=\"20\"><p align=\"center\">Segundo<\/p><\/td>\n<td height=\"20\"><p align=\"center\">6<\/p><\/td>\n<\/tr>\n<tr valign=\"middle\">\n<td height=\"20\"><p align=\"center\">12<\/p><\/td>\n<td height=\"20\">Antropolog\u00eda Cultural<\/td>\n<td height=\"20\"><p align=\"center\">Cuatr.<\/p><\/td>\n<td height=\"20\"><p align=\"center\">Segundo<\/p><\/td>\n<td height=\"20\"><p align=\"center\">6<\/p><\/td>\n<\/tr>\n<\/tbody>\n<\/table>\n\n<table class=\"correlativas\">\n<caption><b>Tercer A\u00f1o<\/b><\/caption>\n<tbody>\n<tr valign=\"middle\">\n<td class=\"c3\" height=\"20\">&nbsp;<\/td>\n<td class=\"c3\" height=\"22\"><p align=\"center\"><strong>Materias<\/strong><\/p><\/td>\n<td class=\"c3\"><p align=\"center\"><strong>Dedicaci\u00f3n<\/strong><\/p><\/td>\n<td class=\"c3\"><p align=\"center\"><strong>Cuatrimestres<\/strong><\/p><\/td>\n<td class=\"c3\"><p align=\"center\"><strong>Hs. Sem.<\/strong><\/p><\/td>\n<\/tr>\n<tr valign=\"middle\">\n<td height=\"20\"><p align=\"center\">13<\/p><\/td>\n<td height=\"22\">Historia del Conocimiento Sociol\u00f3gico III<\/td>\n<td height=\"20\"><p align=\"center\">Cuatr.<\/p><\/td>\n<td height=\"20\"><p align=\"center\">Primer<\/p><\/td>\n<td height=\"20\"><p align=\"center\">6<\/p><\/td>\n<\/tr>\n<tr valign=\"middle\">\n<td height=\"20\"><p align=\"center\">14<\/p><\/td>\n<td height=\"22\">Historia Econ\u00f3mica Moderna II<\/td>\n<td height=\"20\"><p align=\"center\">Cuatr.<\/p><\/td>\n<td height=\"20\"><p align=\"center\">Primer<\/p><\/td>\n<td height=\"20\"><p align=\"center\">6<\/p><\/td>\n<\/tr>\n<tr valign=\"middle\">\n<td height=\"20\"><p align=\"center\">15<\/p><\/td>\n<td height=\"22\">Metodolog\u00eda\u00a0 II<\/td>\n<td height=\"20\"><p align=\"center\">Cuatr.<\/p><\/td>\n<td height=\"20\"><p align=\"center\">Primer<\/p><\/td>\n<td height=\"20\"><p align=\"center\">6<\/p><\/td>\n<\/tr>\n<tr valign=\"middle\">\n<td height=\"20\"><p align=\"center\">16<\/p><\/td>\n<td height=\"22\">Sociolog\u00eda Pol\u00edtica I<\/td>\n<td height=\"20\"><p align=\"center\">Cuatr.<\/p><\/td>\n<td height=\"20\"><p align=\"center\">Segundo<\/p><\/td>\n<td height=\"20\"><p align=\"center\">6<\/p><\/td>\n<\/tr>\n<tr valign=\"middle\">\n<td height=\"20\"><p align=\"center\">17<\/p><\/td>\n<td height=\"22\">Teor\u00eda Sociol\u00f3gica I<\/td>\n<td height=\"20\"><p align=\"center\">Cuatr.<\/p><\/td>\n<td height=\"20\"><p align=\"center\">Segundo<\/p><\/td>\n<td height=\"20\"><p align=\"center\">6<\/p><\/td>\n<\/tr>\n<tr valign=\"middle\">\n<td height=\"20\"><p align=\"center\">18<\/p><\/td>\n<td height=\"22\">Metodolog\u00eda\u00a0 III<\/td>\n<td height=\"20\"><p align=\"center\">Cuatr.<\/p><\/td>\n<td height=\"20\"><p align=\"center\">Segundo<\/p><\/td>\n<td height=\"20\"><p align=\"center\">6<\/p><\/td>\n<\/tr>\n<\/tbody>\n<\/table>\n\n<table class=\"correlativas\">\n<caption><b>Cuarto A\u00f1o<\/b><\/caption>\n<tbody>\n<tr valign=\"middle\">\n<td class=\"c3\" height=\"20\">&nbsp;<\/td>\n<td class=\"c3\" height=\"20\"><p align=\"center\"><strong>Materias<\/strong><\/p><\/td>\n<td class=\"c3\"><p align=\"center\"><strong>Dedicaci\u00f3n<\/strong><\/p><\/td>\n<td class=\"c3\"><p align=\"center\"><strong>Cuatrimestres<\/strong><\/p><\/td>\n<td class=\"c3\"><p align=\"center\"><strong>Hs. Sem.<\/strong><\/p><\/td>\n<\/tr>\n<tr valign=\"middle\">\n<td height=\"20\"><p align=\"center\">19<\/p><\/td>\n<td height=\"20\">Teor\u00eda Pol\u00edtica II<\/td>\n<td height=\"20\"><p align=\"center\">Cuatr.<\/p><\/td>\n<td height=\"20\"><p align=\"center\">Primer<\/p><\/td>\n<td height=\"20\"><p align=\"center\">6<\/p><\/td>\n<\/tr>\n<tr valign=\"middle\">\n<td height=\"20\"><p align=\"center\">20<\/p><\/td>\n<td height=\"20\">Sociolog\u00eda Pol\u00edtica II<\/td>\n<td height=\"20\"><p align=\"center\">Cuatr.<\/p><\/td>\n<td height=\"20\"><p align=\"center\">Primer<\/p><\/td>\n<td height=\"20\"><p align=\"center\">6<\/p><\/td>\n<\/tr>\n<tr valign=\"middle\">\n<td height=\"20\"><p align=\"center\">21<\/p><\/td>\n<td height=\"20\">Seminario de Formaci\u00f3n de Investigadores<\/td>\n<td height=\"20\"><p align=\"center\">Anual<\/p><\/td>\n<td height=\"20\"><p align=\"center\">Anual<\/p><\/td>\n<td height=\"20\"><p align=\"center\">6<\/p><\/td>\n<\/tr>\n<tr valign=\"middle\">\n<td height=\"20\"><p align=\"center\">22<\/p><\/td>\n<td height=\"20\">Historia Social Argentina<\/td>\n<td height=\"20\"><p align=\"center\">Cuatr.<\/p><\/td>\n<td height=\"20\"><p align=\"center\">Segundo<\/p><\/td>\n<td height=\"20\"><p align=\"center\">6<\/p><\/td>\n<\/tr>\n<tr valign=\"middle\">\n<td height=\"20\"><p align=\"center\">23<\/p><\/td>\n<td height=\"20\">Teor\u00eda Sociol\u00f3gica II<\/td>\n<td height=\"20\"><p align=\"center\">Cuatr.<\/p><\/td>\n<td height=\"20\"><p align=\"center\">Segundo<\/p><\/td>\n<td height=\"20\"><p align=\"center\">6<\/p><\/td>\n<\/tr>\n<\/tbody>\n<\/table>\n\n<table class=\"correlativas\">\n<caption><b>Quinto A\u00f1o<\/b><\/caption>\n<tbody>\n<tr valign=\"middle\">\n<td class=\"c3\" height=\"20\">&nbsp;<\/td>\n<td class=\"c3\" height=\"20\"><p align=\"center\"><strong>Materias<\/strong><\/p><\/td>\n<td class=\"c3\"><p align=\"center\"><strong>Dedicaci\u00f3n<\/strong><\/p><\/td>\n<td class=\"c3\"><p align=\"center\"><strong>Cuatrimestres<\/strong><\/p><\/td>\n<td class=\"c3\"><p align=\"center\"><strong>Hs. Sem.<\/strong><\/p><\/td>\n<\/tr>\n<tr valign=\"middle\">\n<td height=\"20\"><p align=\"center\">24<\/p><\/td>\n<td height=\"20\">An\u00e1lisis de la Sociedad Argentina<\/td>\n<td height=\"20\"><p align=\"center\">Cuatr.<\/p><\/td>\n<td height=\"20\"><p align=\"center\">Primer<\/p><\/td>\n<td height=\"20\"><p align=\"center\">6<\/p><\/td>\n<\/tr>\n<tr valign=\"middle\">\n<td height=\"20\"><p align=\"center\">25<\/p><\/td>\n<td height=\"20\">Psicolog\u00eda Social<\/td>\n<td height=\"20\"><p align=\"center\">Cuatr.<\/p><\/td>\n<td height=\"20\"><p align=\"center\">Primer<\/p><\/td>\n<td height=\"20\"><p align=\"center\">6<\/p><\/td>\n<\/tr>\n<tr valign=\"middle\">\n<td height=\"20\"><p align=\"center\">26<\/p><\/td>\n<td height=\"20\">Seminario Diversidad Cultural Etnicidad y Discriminaci\u00f3n<\/td>\n<td height=\"20\"><p align=\"center\">Cuatr.<\/p><\/td>\n<td height=\"20\"><p align=\"center\">Primer<\/p><\/td>\n<td height=\"20\"><p align=\"center\">6<\/p><\/td>\n<\/tr>\n<tr valign=\"middle\">\n<td height=\"20\"><p align=\"center\">27<\/p><\/td>\n<td height=\"20\">Seminario Opcional<\/td>\n<td height=\"20\"><p align=\"center\">Cuatr.<\/p><\/td>\n<td height=\"20\"><p align=\"center\">Segundo<\/p><\/td>\n<td height=\"20\"><p align=\"center\">4<\/p><\/td>\n<\/tr>\n<tr valign=\"middle\">\n<td height=\"20\"><p align=\"center\">28<\/p><\/td>\n<td height=\"20\">Problemas Filos\u00f3ficos de la Modernidad<\/td>\n<td height=\"20\"><p align=\"center\">Cuatr.<\/p><\/td>\n<td height=\"20\"><p align=\"center\">Segundo<\/p><\/td>\n<td height=\"20\"><p align=\"center\">6<\/p><\/td>\n<\/tr>\n<tr valign=\"middle\">\n<td height=\"20\"><p align=\"center\">29<\/p><\/td>\n<td height=\"20\">Taller de Tesis<\/td>\n<td height=\"20\"><p align=\"center\">Cuatr.<\/p><\/td>\n<td height=\"20\"><p align=\"center\">Segundo<\/p><\/td>\n<td height=\"20\"><p align=\"center\">4<\/p><\/td>\n<\/tr>\n<tr valign=\"middle\">\n<td height=\"20\"><p align=\"center\">30<\/p><\/td>\n<td height=\"20\">Tesis*<\/td>\n<td height=\"20\"><p align=\"center\"><\/p><\/td>\n<td height=\"20\"><p align=\"center\"><\/p><\/td>\n<td height=\"20\"><p align=\"center\"><\/p><\/td>\n<\/tr>\n<\/tbody>\n<\/table>\n<p><strong>Tesis* Se requiere la aprobaci\u00f3n de todas las materias<\/strong><\/p>\n<p class=\"subt1a\">Otros Requisitos Obligatorios<\/p>\n<p><b>1.Tesis\n<\/b>Se requiere la aprobaci\u00f3n de una tesis, para lo cual el alumno deber\u00e1 tener aprobadas todas las materias obligatorias, seminarios, taller de tesis e idioma ingl\u00e9s.<\/p>\n<p>La tesis deber\u00e1 ser dirigida por uno de los profesores especialistas en la tem\u00e1tica elegida y las condiciones de presentaci\u00f3n y cumplimiento se ajustar\u00e1n\u00a0 al reglamento oficial de la Universidad nacional del Comahue.<\/p>\n<p><b>2. Idioma\n<\/b>Se exigir\u00e1 el dominio de un idioma extranjero.<\/p>\t\t\t\t\t\t\t\t<\/div>\n\t\t\t\t<\/div>\n\t\t\t\t<div class=\"elementor-element elementor-element-ac9b1b0 elementor-widget elementor-widget-shortcode\" data-id=\"ac9b1b0\" data-element_type=\"widget\" data-e-type=\"widget\" data-widget_type=\"shortcode.default\">\n\t\t\t\t<div class=\"elementor-widget-container\">\n\t\t\t\t\t\t\t<div class=\"elementor-shortcode\">\t\t<div data-elementor-type=\"section\" data-elementor-id=\"4583\" class=\"elementor elementor-4583\" data-elementor-post-type=\"elementor_library\">\n\t\t\t\t\t<section class=\"elementor-section elementor-top-section elementor-element elementor-element-14232f66 elementor-section-boxed elementor-section-height-default elementor-section-height-default\" data-id=\"14232f66\" data-element_type=\"section\" data-e-type=\"section\">\n\t\t\t\t\t\t<div class=\"elementor-container elementor-column-gap-default\">\n\t\t\t\t\t<div class=\"elementor-column elementor-col-100 elementor-top-column elementor-element elementor-element-613d052d\" data-id=\"613d052d\" data-element_type=\"column\" data-e-type=\"column\">\n\t\t\t<div class=\"elementor-widget-wrap elementor-element-populated\">\n\t\t\t\t\t\t<div class=\"elementor-element elementor-element-6b448111 elementor-widget-divider--view-line elementor-widget elementor-widget-divider\" data-id=\"6b448111\" data-element_type=\"widget\" data-e-type=\"widget\" data-widget_type=\"divider.default\">\n\t\t\t\t<div class=\"elementor-widget-container\">\n\t\t\t\t\t\t\t<div class=\"elementor-divider\">\n\t\t\t<span class=\"elementor-divider-separator\">\n\t\t\t\t\t\t<\/span>\n\t\t<\/div>\n\t\t\t\t\t\t<\/div>\n\t\t\t\t<\/div>\n\t\t\t\t<div class=\"elementor-element elementor-element-4d542db7 elementor-widget elementor-widget-text-editor\" data-id=\"4d542db7\" data-element_type=\"widget\" data-e-type=\"widget\" data-widget_type=\"text-editor.default\">\n\t\t\t\t<div class=\"elementor-widget-container\">\n\t\t\t\t\t\t\t\t\t<p><strong>INFORMACI\u00d3N<\/strong><br \/>Departamento de Alumnos<br \/>TE: (0298) 4435700<br \/>Correo electr\u00f3nico:\u00a0<a href=\"mailto:alumnos@fade.uncoma.edu.ar\">alumnos@fade.uncoma.edu.ar<\/a><br \/>Mendoza y Per\u00fa.<br \/>(8332) General Roca, R\u00edo Negro<br \/>Argentina<\/p>\t\t\t\t\t\t\t\t<\/div>\n\t\t\t\t<\/div>\n\t\t\t\t\t<\/div>\n\t\t<\/div>\n\t\t\t\t\t<\/div>\n\t\t<\/section>\n\t\t\t\t<\/div>\n\t\t<\/div>\n\t\t\t\t\t\t<\/div>\n\t\t\t\t<\/div>\n\t\t\t\t\t<\/div>\n\t\t<\/div>\n\t\t\t\t<div class=\"elementor-column elementor-col-33 elementor-top-column elementor-element elementor-element-7889a98\" data-id=\"7889a98\" data-element_type=\"column\" data-e-type=\"column\">\n\t\t\t<div class=\"elementor-widget-wrap elementor-element-populated\">\n\t\t\t\t\t\t<div class=\"elementor-element elementor-element-0f7ad77 elementor-nav-menu__align-start elementor-nav-menu--dropdown-none elementor-widget elementor-widget-nav-menu\" data-id=\"0f7ad77\" data-element_type=\"widget\" data-e-type=\"widget\" id=\"menu-lateral\" data-settings=\"{&quot;layout&quot;:&quot;vertical&quot;,&quot;submenu_icon&quot;:{&quot;value&quot;:&quot;&lt;i class=\\&quot;fas fa-caret-down\\&quot; aria-hidden=\\&quot;true\\&quot;&gt;&lt;\\\/i&gt;&quot;,&quot;library&quot;:&quot;fa-solid&quot;}}\" data-widget_type=\"nav-menu.default\">\n\t\t\t\t<div class=\"elementor-widget-container\">\n\t\t\t\t\t\t\t\t<nav aria-label=\"Menu\" class=\"elementor-nav-menu--main elementor-nav-menu__container elementor-nav-menu--layout-vertical e--pointer-background e--animation-fade\">\n\t\t\t\t<ul id=\"menu-1-0f7ad77\" class=\"elementor-nav-menu sm-vertical\"><li class=\"menu-item menu-item-type-post_type menu-item-object-page menu-item-5444\"><a href=\"https:\/\/fadeweb.uncoma.edu.ar\/index.php\/carreras\/licenciatura-en-sociologia\/plan-0392-2015-licenciatura-en-sociologia\/\" class=\"elementor-item\">PLAN DE ESTUDIOS Y CORRELATIVIDADES<\/a><\/li>\n<li class=\"menu-item menu-item-type-post_type menu-item-object-page menu-item-5443\"><a href=\"https:\/\/fadeweb.uncoma.edu.ar\/index.php\/carreras\/licenciatura-en-sociologia\/plan-0150-98-licenciatura-en-sociologia\/\" class=\"elementor-item\">PLAN  VIEJO (0150\/98)<\/a><\/li>\n<li class=\"menu-item menu-item-type-post_type menu-item-object-page menu-item-5445\"><a href=\"https:\/\/fadeweb.uncoma.edu.ar\/index.php\/programas\/programa-sociologia\/\" class=\"elementor-item\">PROGRAMAS<\/a><\/li>\n<li class=\"menu-item menu-item-type-post_type menu-item-object-page menu-item-5447\"><a href=\"https:\/\/fadeweb.uncoma.edu.ar\/index.php\/estudiantes\/calendario-academico\/\" class=\"elementor-item\">CALENDARIO ACADEMICO<\/a><\/li>\n<li class=\"menu-item menu-item-type-post_type menu-item-object-page menu-item-5448\"><a href=\"https:\/\/fadeweb.uncoma.edu.ar\/index.php\/estudiantes\/horarios-de-cursadas\/\" class=\"elementor-item\">HORARIOS DE CURSADAS<\/a><\/li>\n<li class=\"menu-item menu-item-type-custom menu-item-object-custom menu-item-5449\"><a href=\"http:\/\/siufade.uncoma.edu.ar\/\" class=\"elementor-item\">SIU FADE: Sistema de Gesti\u00f3n de Alumnos en Internet<\/a><\/li>\n<li class=\"menu-item menu-item-type-custom menu-item-object-custom menu-item-5450\"><a href=\"https:\/\/siufade.uncoma.edu.ar\/derecho\/fecha_examen\" class=\"elementor-item\">FECHAS DE EXAMENES<\/a><\/li>\n<\/ul>\t\t\t<\/nav>\n\t\t\t\t\t\t<nav class=\"elementor-nav-menu--dropdown elementor-nav-menu__container\" aria-hidden=\"true\">\n\t\t\t\t<ul id=\"menu-2-0f7ad77\" class=\"elementor-nav-menu sm-vertical\"><li class=\"menu-item menu-item-type-post_type menu-item-object-page menu-item-5444\"><a href=\"https:\/\/fadeweb.uncoma.edu.ar\/index.php\/carreras\/licenciatura-en-sociologia\/plan-0392-2015-licenciatura-en-sociologia\/\" class=\"elementor-item\" tabindex=\"-1\">PLAN DE ESTUDIOS Y CORRELATIVIDADES<\/a><\/li>\n<li class=\"menu-item menu-item-type-post_type menu-item-object-page menu-item-5443\"><a href=\"https:\/\/fadeweb.uncoma.edu.ar\/index.php\/carreras\/licenciatura-en-sociologia\/plan-0150-98-licenciatura-en-sociologia\/\" class=\"elementor-item\" tabindex=\"-1\">PLAN  VIEJO (0150\/98)<\/a><\/li>\n<li class=\"menu-item menu-item-type-post_type menu-item-object-page menu-item-5445\"><a href=\"https:\/\/fadeweb.uncoma.edu.ar\/index.php\/programas\/programa-sociologia\/\" class=\"elementor-item\" tabindex=\"-1\">PROGRAMAS<\/a><\/li>\n<li class=\"menu-item menu-item-type-post_type menu-item-object-page menu-item-5447\"><a href=\"https:\/\/fadeweb.uncoma.edu.ar\/index.php\/estudiantes\/calendario-academico\/\" class=\"elementor-item\" tabindex=\"-1\">CALENDARIO ACADEMICO<\/a><\/li>\n<li class=\"menu-item menu-item-type-post_type menu-item-object-page menu-item-5448\"><a href=\"https:\/\/fadeweb.uncoma.edu.ar\/index.php\/estudiantes\/horarios-de-cursadas\/\" class=\"elementor-item\" tabindex=\"-1\">HORARIOS DE CURSADAS<\/a><\/li>\n<li class=\"menu-item menu-item-type-custom menu-item-object-custom menu-item-5449\"><a href=\"http:\/\/siufade.uncoma.edu.ar\/\" class=\"elementor-item\" tabindex=\"-1\">SIU FADE: Sistema de Gesti\u00f3n de Alumnos en Internet<\/a><\/li>\n<li class=\"menu-item menu-item-type-custom menu-item-object-custom menu-item-5450\"><a href=\"https:\/\/siufade.uncoma.edu.ar\/derecho\/fecha_examen\" class=\"elementor-item\" tabindex=\"-1\">FECHAS DE EXAMENES<\/a><\/li>\n<\/ul>\t\t\t<\/nav>\n\t\t\t\t\t\t<\/div>\n\t\t\t\t<\/div>\n\t\t\t\t\t<\/div>\n\t\t<\/div>\n\t\t\t\t\t<\/div>\n\t\t<\/section>\n\t\t\t\t<\/div>\n\t\t","protected":false},"excerpt":{"rendered":"<p>LICENCIATURA EN SOCIOLOGIA PLAN DE ESTUDIOS (VIEJO) 0150\/98 Primer A\u00f1o &nbsp; Materias Dedicaci\u00f3n Cuatrimestres Hs. Sem. 01 Filosof\u00eda Cuatr. Primer 6 02 Econom\u00eda I Cuatr. Primer 6 03 Historia Social Moderna I Cuatr. Primer 6 04 Epistemolog\u00eda de las Ciencias Sociales Cuatr. Segundo 6 05 Econom\u00eda II Cuatr. Segundo 6 06 Historia del Conocimiento Sociol\u00f3gico [&hellip;]<\/p>\n","protected":false},"author":2,"featured_media":0,"parent":3355,"menu_order":0,"comment_status":"closed","ping_status":"closed","template":"","meta":{"footnotes":""},"class_list":["post-5438","page","type-page","status-publish","hentry"],"_links":{"self":[{"href":"https:\/\/fadeweb.uncoma.edu.ar\/index.php\/wp-json\/wp\/v2\/pages\/5438","targetHints":{"allow":["GET"]}}],"collection":[{"href":"https:\/\/fadeweb.uncoma.edu.ar\/index.php\/wp-json\/wp\/v2\/pages"}],"about":[{"href":"https:\/\/fadeweb.uncoma.edu.ar\/index.php\/wp-json\/wp\/v2\/types\/page"}],"author":[{"embeddable":true,"href":"https:\/\/fadeweb.uncoma.edu.ar\/index.php\/wp-json\/wp\/v2\/users\/2"}],"replies":[{"embeddable":true,"href":"https:\/\/fadeweb.uncoma.edu.ar\/index.php\/wp-json\/wp\/v2\/comments?post=5438"}],"version-history":[{"count":7,"href":"https:\/\/fadeweb.uncoma.edu.ar\/index.php\/wp-json\/wp\/v2\/pages\/5438\/revisions"}],"predecessor-version":[{"id":5488,"href":"https:\/\/fadeweb.uncoma.edu.ar\/index.php\/wp-json\/wp\/v2\/pages\/5438\/revisions\/5488"}],"up":[{"embeddable":true,"href":"https:\/\/fadeweb.uncoma.edu.ar\/index.php\/wp-json\/wp\/v2\/pages\/3355"}],"wp:attachment":[{"href":"https:\/\/fadeweb.uncoma.edu.ar\/index.php\/wp-json\/wp\/v2\/media?parent=5438"}],"curies":[{"name":"wp","href":"https:\/\/api.w.org\/{rel}","templated":true}]}}