{"id":5365,"date":"2022-10-04T20:46:08","date_gmt":"2022-10-04T23:46:08","guid":{"rendered":"http:\/\/170.210.81.106\/newfade\/?page_id=5365"},"modified":"2022-10-04T21:10:31","modified_gmt":"2022-10-05T00:10:31","slug":"plan-de-estudio-licenciatura-en-servicio-social","status":"publish","type":"page","link":"https:\/\/fadeweb.uncoma.edu.ar\/index.php\/carreras\/licenciatura-en-servicio-social\/plan-de-estudio-licenciatura-en-servicio-social\/","title":{"rendered":"PLAN DE ESTUDIO LICENCIATURA EN SERVICIO SOCIAL"},"content":{"rendered":"\t\t<div data-elementor-type=\"wp-page\" data-elementor-id=\"5365\" class=\"elementor elementor-5365\" data-elementor-post-type=\"page\">\n\t\t\t\t\t\t<section class=\"elementor-section elementor-top-section elementor-element elementor-element-f824315 elementor-section-boxed elementor-section-height-default elementor-section-height-default\" data-id=\"f824315\" data-element_type=\"section\" data-e-type=\"section\">\n\t\t\t\t\t\t<div class=\"elementor-container elementor-column-gap-default\">\n\t\t\t\t\t<div class=\"elementor-column elementor-col-66 elementor-top-column elementor-element elementor-element-208ea0a\" data-id=\"208ea0a\" data-element_type=\"column\" data-e-type=\"column\">\n\t\t\t<div class=\"elementor-widget-wrap elementor-element-populated\">\n\t\t\t\t\t\t<div class=\"elementor-element elementor-element-93567b4 elementor-widget elementor-widget-text-editor\" data-id=\"93567b4\" data-element_type=\"widget\" data-e-type=\"widget\" data-widget_type=\"text-editor.default\">\n\t\t\t\t<div class=\"elementor-widget-container\">\n\t\t\t\t\t\t\t\t\t<h1><span class=\"titulo1\">LICENCIATURA EN SERVICIO SOCIAL<\/span><\/h1><h2><span class=\"titulo2\">PLAN DE ESTUDIOS<\/span><\/h2><table class=\"programas\"><caption><b>Primer A\u00f1o<\/b><\/caption><tbody><tr valign=\"middle\"><td width=\"269\" height=\"22\"><p align=\"left\">1.Introd. al Servicio Social<\/p><\/td><td width=\"81\" height=\"22\"><p align=\"center\">6 hs<\/p><\/td><td width=\"236\" height=\"22\"><p align=\"left\">3. Metodolog\u00eda del Servicio Social I<\/p><\/td><td width=\"80\" height=\"22\"><p align=\"center\">8 hs<\/p><\/td><td width=\"139\" height=\"22\">Cuatrimestral<\/td><\/tr><tr valign=\"middle\"><td width=\"269\" height=\"22\"><p align=\"left\">2. Historia Social Moderna y Contempor\u00e1nea<\/p><\/td><td width=\"81\" height=\"22\"><p align=\"center\">6 hs<\/p><\/td><td width=\"236\" height=\"22\"><p align=\"left\">4. Introducci\u00f3n a la psicolog\u00eda<\/p><\/td><td width=\"80\" height=\"22\"><p align=\"center\">6 hs<\/p><\/td><td width=\"139\" height=\"22\">Cuatrimestral<\/td><\/tr><tr valign=\"middle\"><td height=\"22\"><p align=\"left\">\u00a0<\/p><\/td><td height=\"22\"><div align=\"center\">6 hs<\/div><\/td><td height=\"22\"><div align=\"left\">5. Introducci\u00f3n a la sociolog\u00eda<\/div><\/td><td width=\"80\" height=\"22\"><p align=\"center\">6 hs<\/p><\/td><td width=\"139\" height=\"22\">Cuatrimestral<\/td><\/tr><\/tbody><\/table><table class=\"programas\"><caption><b>Segundo A\u00f1o<\/b><\/caption><tbody><tr valign=\"middle\"><td width=\"32%\" height=\"22\"><p align=\"left\">6. Metodolog\u00eda del Servicio Social II<\/p><\/td><td width=\"10%\" height=\"22\"><p align=\"center\">6 hs<\/p><\/td><td width=\"31%\" height=\"22\"><p align=\"left\">8. Servicio Social con Grupos<\/p><\/td><td width=\"10%\" height=\"22\"><p align=\"center\">6 hs<\/p><\/td><td width=\"17%\" height=\"22\">Cuatrimestral<\/td><\/tr><tr valign=\"middle\"><td width=\"32%\" height=\"22\"><p align=\"left\">7. Psicolog\u00eda Evolutiva<\/p><\/td><td width=\"10%\" height=\"22\"><p align=\"center\">6 hs<\/p><\/td><td width=\"31%\" height=\"22\"><p align=\"left\">9. Psicolog\u00eda Social<\/p><\/td><td width=\"10%\" height=\"22\"><p align=\"center\">6 hs<\/p><\/td><td width=\"17%\" height=\"22\">Cuatrimestral<\/td><\/tr><tr valign=\"middle\"><td height=\"22\">\u00a0<\/td><td height=\"22\">\u00a0<\/td><td height=\"22\"><div align=\"left\">10. Antropolog\u00eda Cultural y Social<\/div><\/td><td width=\"10%\" height=\"22\"><p align=\"center\">6 hs<\/p><\/td><td width=\"17%\" height=\"22\">Cuatrimestral<\/td><\/tr><tr valign=\"middle\"><td colspan=\"3\" height=\"22\">11. Teor\u00eda y pr\u00e1ctica de \u00c1reas y Recursos en Servicio Social<\/td><td height=\"22\"><div align=\"center\">8 hs<\/div><\/td><td height=\"22\">Anual<\/td><\/tr><\/tbody><\/table><table class=\"programas\"><caption><b>Tercer A\u00f1o<\/b><\/caption><tbody><tr valign=\"middle\"><td width=\"32%\" height=\"22\"><p align=\"left\">12. Servicio Social Comunidad<\/p><\/td><td width=\"10%\" height=\"22\"><p align=\"center\">6 hs<\/p><\/td><td width=\"31%\" height=\"22\"><p align=\"left\">15. Organizaci\u00f3n y Conducci\u00f3n de Programas de Bienestar Social<\/p><\/td><td width=\"10%\" height=\"22\"><p align=\"center\">6 hs<\/p><\/td><td width=\"17%\" height=\"22\">Cuatrimestral<\/td><\/tr><tr valign=\"middle\"><td width=\"32%\" height=\"22\"><p align=\"left\">13. Sociolog\u00eda del Desarrollo<\/p><\/td><td width=\"10%\" height=\"22\"><p align=\"center\">6 hs<\/p><\/td><td width=\"31%\" height=\"22\"><p align=\"left\">16. Geograf\u00eda Humana<\/p><\/td><td width=\"10%\" height=\"22\"><p align=\"center\">6 hs<\/p><\/td><td width=\"17%\" height=\"22\">Cuatrimestral<\/td><\/tr><tr valign=\"middle\"><td height=\"22\">14. Econom\u00eda Social<\/td><td height=\"22\"><div align=\"center\">6 hs<\/div><\/td><td height=\"22\"><div align=\"left\">\u00a0<\/div><\/td><td width=\"10%\" height=\"22\">\u00a0<\/td><td width=\"17%\" height=\"22\">\u00a0<\/td><\/tr><tr valign=\"middle\"><td colspan=\"3\" height=\"22\">17.Pr\u00e1ctica de Servicio Social con Grupos<\/td><td height=\"22\"><div align=\"center\">10 hs<\/div><\/td><td height=\"22\">Anual<\/td><\/tr><\/tbody><\/table><table class=\"programas\"><caption><b>Cuarto A\u00f1o<\/b><\/caption><tbody><tr valign=\"middle\"><td width=\"32%\" height=\"22\"><p align=\"left\">18. Servicio Social Familiar<\/p><\/td><td width=\"10%\" height=\"22\"><p align=\"center\">6 hs<\/p><\/td><td width=\"31%\" height=\"22\"><p align=\"left\">20. Pedagog\u00eda y Did\u00e1ctica (con supervisi\u00f3n en Servicio Social)<\/p><\/td><td width=\"10%\" height=\"22\"><p align=\"center\">6 hs<\/p><\/td><td width=\"17%\" height=\"22\">Cuatrimestral<\/td><\/tr><tr valign=\"middle\"><td width=\"32%\" height=\"22\"><p align=\"left\">19. Salud P\u00fablica<\/p><\/td><td width=\"10%\" height=\"22\"><p align=\"center\">6 hs<\/p><\/td><td width=\"31%\" height=\"22\"><p align=\"left\">21. Derecho<\/p><\/td><td width=\"10%\" height=\"22\"><p align=\"center\">8 hs<\/p><\/td><td width=\"17%\" height=\"22\">Cuatrimestral<\/td><\/tr><tr valign=\"middle\"><td height=\"22\">\u00a0<\/td><td height=\"22\">\u00a0<\/td><td height=\"22\"><div align=\"left\">22. Antropolog\u00eda Filos\u00f3fica<\/div><\/td><td width=\"10%\" height=\"22\"><div align=\"center\">6 hs<\/div><\/td><td width=\"17%\" height=\"22\">\u00a0<\/td><\/tr><tr valign=\"middle\"><td colspan=\"3\" height=\"22\">23. Pr\u00e1ctica de Servicio Social en Comunidad<\/td><td height=\"22\"><div align=\"center\">10 hs<\/div><\/td><td height=\"22\">Anual<\/td><\/tr><\/tbody><\/table><table class=\"programas\"><caption><b>Quinto A\u00f1o<\/b><\/caption><tbody><tr valign=\"middle\"><td width=\"66%\" height=\"22\"><p align=\"left\">25. Pr\u00e1ctica de Servicio Social Familiar<\/p><\/td><td width=\"17%\" height=\"22\"><p align=\"center\">10 hs<\/p><\/td><td width=\"17%\" height=\"22\">Anual<\/td><\/tr><tr valign=\"middle\"><td height=\"22\">26. Seminario de Servicio Social con Residencia Institucional<\/td><td height=\"22\"><div align=\"center\">*<\/div><\/td><td height=\"22\">Anual<\/td><\/tr><\/tbody><\/table><p><span class=\"texto\">*El primer bimestre ser\u00e1 de 8 hs semanales. A partir del tercer mes se cubrir\u00e1n 20 hs semanales<\/span><\/p><p class=\"subt1\" align=\"left\">OBSERVACIONES<\/p><ul><li class=\"texto\">Las pr\u00e1cticas, incluyendo las de segundo a\u00f1o y el Seminario, no podr\u00e1n rendirse en forma libre. Las horas semanales establecidas para las mismas constituyen el requerimiento m\u00ednimo.<\/li><li class=\"texto\">Para acceder al t\u00edtulo, el alumno deber\u00e1 cumplimentar el requisito de idioma extranjero.<\/li><\/ul><p align=\"left\">\u00a0<\/p>\t\t\t\t\t\t\t\t<\/div>\n\t\t\t\t<\/div>\n\t\t\t\t<div class=\"elementor-element elementor-element-6dccf77 elementor-widget elementor-widget-shortcode\" data-id=\"6dccf77\" data-element_type=\"widget\" data-e-type=\"widget\" data-widget_type=\"shortcode.default\">\n\t\t\t\t<div class=\"elementor-widget-container\">\n\t\t\t\t\t\t\t<div class=\"elementor-shortcode\">\t\t<div data-elementor-type=\"section\" data-elementor-id=\"4583\" class=\"elementor elementor-4583\" data-elementor-post-type=\"elementor_library\">\r\n\t\t\t\t\t<section class=\"elementor-section elementor-top-section elementor-element elementor-element-14232f66 elementor-section-boxed elementor-section-height-default elementor-section-height-default\" data-id=\"14232f66\" data-element_type=\"section\" data-e-type=\"section\">\n\t\t\t\t\t\t<div class=\"elementor-container elementor-column-gap-default\">\n\t\t\t\t\t<div class=\"elementor-column elementor-col-100 elementor-top-column elementor-element elementor-element-613d052d\" data-id=\"613d052d\" data-element_type=\"column\" data-e-type=\"column\">\n\t\t\t<div class=\"elementor-widget-wrap elementor-element-populated\">\n\t\t\t\t\t\t<div class=\"elementor-element elementor-element-6b448111 elementor-widget-divider--view-line elementor-widget elementor-widget-divider\" data-id=\"6b448111\" data-element_type=\"widget\" data-e-type=\"widget\" data-widget_type=\"divider.default\">\n\t\t\t\t<div class=\"elementor-widget-container\">\n\t\t\t\t\t\t\t<div class=\"elementor-divider\">\n\t\t\t<span class=\"elementor-divider-separator\">\n\t\t\t\t\t\t<\/span>\n\t\t<\/div>\n\t\t\t\t\t\t<\/div>\n\t\t\t\t<\/div>\n\t\t\t\t<div class=\"elementor-element elementor-element-4d542db7 elementor-widget elementor-widget-text-editor\" data-id=\"4d542db7\" data-element_type=\"widget\" data-e-type=\"widget\" data-widget_type=\"text-editor.default\">\n\t\t\t\t<div class=\"elementor-widget-container\">\n\t\t\t\t\t\t\t\t\t<p><strong>INFORMACI\u00d3N<\/strong><br \/>Departamento de Alumnos<br \/>TE: (0298) 4435700<br \/>Correo electr\u00f3nico:\u00a0<a href=\"mailto:alumnos@fade.uncoma.edu.ar\">alumnos@fade.uncoma.edu.ar<\/a><br \/>Mendoza y Per\u00fa.<br \/>(8332) General Roca, R\u00edo Negro<br \/>Argentina<\/p>\t\t\t\t\t\t\t\t<\/div>\n\t\t\t\t<\/div>\n\t\t\t\t\t<\/div>\n\t\t<\/div>\n\t\t\t\t\t<\/div>\n\t\t<\/section>\n\t\t\t\t<\/div>\r\n\t\t<\/div>\n\t\t\t\t\t\t<\/div>\n\t\t\t\t<\/div>\n\t\t\t\t\t<\/div>\n\t\t<\/div>\n\t\t\t\t<div class=\"elementor-column elementor-col-33 elementor-top-column elementor-element elementor-element-857ac0d\" data-id=\"857ac0d\" data-element_type=\"column\" data-e-type=\"column\">\n\t\t\t<div class=\"elementor-widget-wrap elementor-element-populated\">\n\t\t\t\t\t\t<div class=\"elementor-element elementor-element-5a29275 elementor-nav-menu__align-start elementor-nav-menu--dropdown-none elementor-widget elementor-widget-nav-menu\" data-id=\"5a29275\" data-element_type=\"widget\" data-e-type=\"widget\" id=\"menu-lateral\" data-settings=\"{&quot;layout&quot;:&quot;vertical&quot;,&quot;submenu_icon&quot;:{&quot;value&quot;:&quot;&lt;i class=\\&quot;fas fa-caret-down\\&quot; aria-hidden=\\&quot;true\\&quot;&gt;&lt;\\\/i&gt;&quot;,&quot;library&quot;:&quot;fa-solid&quot;}}\" data-widget_type=\"nav-menu.default\">\n\t\t\t\t<div class=\"elementor-widget-container\">\n\t\t\t\t\t\t\t\t<nav aria-label=\"Menu\" class=\"elementor-nav-menu--main elementor-nav-menu__container elementor-nav-menu--layout-vertical e--pointer-background e--animation-fade\">\r\n\t\t\t\t<ul id=\"menu-1-5a29275\" class=\"elementor-nav-menu sm-vertical\"><li class=\"menu-item menu-item-type-post_type menu-item-object-page menu-item-5369\"><a href=\"https:\/\/fadeweb.uncoma.edu.ar\/index.php\/carreras\/licenciatura-en-servicio-social\/plan-de-estudio-licenciatura-en-servicio-social\/\" class=\"elementor-item\">PLAN DE ESTUDIOS<\/a><\/li>\n<li class=\"menu-item menu-item-type-post_type menu-item-object-page menu-item-5370\"><a href=\"https:\/\/fadeweb.uncoma.edu.ar\/index.php\/carreras\/licenciatura-en-servicio-social\/correlatividades-licenciatura-en-servicio-social\/\" class=\"elementor-item\">CORRELATIVIDADES<\/a><\/li>\n<li class=\"menu-item menu-item-type-post_type menu-item-object-page menu-item-5371\"><a href=\"https:\/\/fadeweb.uncoma.edu.ar\/index.php\/programas\/programa-servsocial\/\" class=\"elementor-item\">PROGRAMAS<\/a><\/li>\n<li class=\"menu-item menu-item-type-post_type menu-item-object-page menu-item-5375\"><a href=\"https:\/\/fadeweb.uncoma.edu.ar\/index.php\/estudiantes\/calendario-academico\/\" class=\"elementor-item\">CALENDARIO ACADEMICO<\/a><\/li>\n<li class=\"menu-item menu-item-type-post_type menu-item-object-page menu-item-5376\"><a href=\"https:\/\/fadeweb.uncoma.edu.ar\/index.php\/estudiantes\/horarios-de-cursadas\/\" class=\"elementor-item\">HORARIOS DE CURSADAS<\/a><\/li>\n<li class=\"menu-item menu-item-type-custom menu-item-object-custom menu-item-5377\"><a href=\"http:\/\/siufade.uncoma.edu.ar\/\" class=\"elementor-item\">SIU FADE: Sistema de Gesti\u00f3n de Alumnos en Internet<\/a><\/li>\n<li class=\"menu-item menu-item-type-custom menu-item-object-custom menu-item-5378\"><a href=\"https:\/\/siufade.uncoma.edu.ar\/derecho\/fecha_examen\" class=\"elementor-item\">FECHAS DE EX\u00c1MENES<\/a><\/li>\n<\/ul>\t\t\t<\/nav>\r\n\t\t\t\t\t\t<nav class=\"elementor-nav-menu--dropdown elementor-nav-menu__container\" aria-hidden=\"true\">\r\n\t\t\t\t<ul id=\"menu-2-5a29275\" class=\"elementor-nav-menu sm-vertical\"><li class=\"menu-item menu-item-type-post_type menu-item-object-page menu-item-5369\"><a href=\"https:\/\/fadeweb.uncoma.edu.ar\/index.php\/carreras\/licenciatura-en-servicio-social\/plan-de-estudio-licenciatura-en-servicio-social\/\" class=\"elementor-item\" tabindex=\"-1\">PLAN DE ESTUDIOS<\/a><\/li>\n<li class=\"menu-item menu-item-type-post_type menu-item-object-page menu-item-5370\"><a href=\"https:\/\/fadeweb.uncoma.edu.ar\/index.php\/carreras\/licenciatura-en-servicio-social\/correlatividades-licenciatura-en-servicio-social\/\" class=\"elementor-item\" tabindex=\"-1\">CORRELATIVIDADES<\/a><\/li>\n<li class=\"menu-item menu-item-type-post_type menu-item-object-page menu-item-5371\"><a href=\"https:\/\/fadeweb.uncoma.edu.ar\/index.php\/programas\/programa-servsocial\/\" class=\"elementor-item\" tabindex=\"-1\">PROGRAMAS<\/a><\/li>\n<li class=\"menu-item menu-item-type-post_type menu-item-object-page menu-item-5375\"><a href=\"https:\/\/fadeweb.uncoma.edu.ar\/index.php\/estudiantes\/calendario-academico\/\" class=\"elementor-item\" tabindex=\"-1\">CALENDARIO ACADEMICO<\/a><\/li>\n<li class=\"menu-item menu-item-type-post_type menu-item-object-page menu-item-5376\"><a href=\"https:\/\/fadeweb.uncoma.edu.ar\/index.php\/estudiantes\/horarios-de-cursadas\/\" class=\"elementor-item\" tabindex=\"-1\">HORARIOS DE CURSADAS<\/a><\/li>\n<li class=\"menu-item menu-item-type-custom menu-item-object-custom menu-item-5377\"><a href=\"http:\/\/siufade.uncoma.edu.ar\/\" class=\"elementor-item\" tabindex=\"-1\">SIU FADE: Sistema de Gesti\u00f3n de Alumnos en Internet<\/a><\/li>\n<li class=\"menu-item menu-item-type-custom menu-item-object-custom menu-item-5378\"><a href=\"https:\/\/siufade.uncoma.edu.ar\/derecho\/fecha_examen\" class=\"elementor-item\" tabindex=\"-1\">FECHAS DE EX\u00c1MENES<\/a><\/li>\n<\/ul>\t\t\t<\/nav>\r\n\t\t\t\t\t\t<\/div>\n\t\t\t\t<\/div>\n\t\t\t\t\t<\/div>\n\t\t<\/div>\n\t\t\t\t\t<\/div>\n\t\t<\/section>\n\t\t\t\t<\/div>\n\t\t","protected":false},"excerpt":{"rendered":"<p>LICENCIATURA EN SERVICIO SOCIAL PLAN DE ESTUDIOS Primer A\u00f1o 1.Introd. al Servicio Social 6 hs 3. Metodolog\u00eda del Servicio Social I 8 hs Cuatrimestral 2. Historia Social Moderna y Contempor\u00e1nea 6 hs 4. Introducci\u00f3n a la psicolog\u00eda 6 hs Cuatrimestral \u00a0 6 hs 5. Introducci\u00f3n a la sociolog\u00eda 6 hs Cuatrimestral Segundo A\u00f1o 6. Metodolog\u00eda [&hellip;]<\/p>\n","protected":false},"author":2,"featured_media":0,"parent":3346,"menu_order":0,"comment_status":"closed","ping_status":"closed","template":"","meta":{"footnotes":""},"class_list":["post-5365","page","type-page","status-publish","hentry"],"_links":{"self":[{"href":"https:\/\/fadeweb.uncoma.edu.ar\/index.php\/wp-json\/wp\/v2\/pages\/5365","targetHints":{"allow":["GET"]}}],"collection":[{"href":"https:\/\/fadeweb.uncoma.edu.ar\/index.php\/wp-json\/wp\/v2\/pages"}],"about":[{"href":"https:\/\/fadeweb.uncoma.edu.ar\/index.php\/wp-json\/wp\/v2\/types\/page"}],"author":[{"embeddable":true,"href":"https:\/\/fadeweb.uncoma.edu.ar\/index.php\/wp-json\/wp\/v2\/users\/2"}],"replies":[{"embeddable":true,"href":"https:\/\/fadeweb.uncoma.edu.ar\/index.php\/wp-json\/wp\/v2\/comments?post=5365"}],"version-history":[{"count":7,"href":"https:\/\/fadeweb.uncoma.edu.ar\/index.php\/wp-json\/wp\/v2\/pages\/5365\/revisions"}],"predecessor-version":[{"id":5388,"href":"https:\/\/fadeweb.uncoma.edu.ar\/index.php\/wp-json\/wp\/v2\/pages\/5365\/revisions\/5388"}],"up":[{"embeddable":true,"href":"https:\/\/fadeweb.uncoma.edu.ar\/index.php\/wp-json\/wp\/v2\/pages\/3346"}],"wp:attachment":[{"href":"https:\/\/fadeweb.uncoma.edu.ar\/index.php\/wp-json\/wp\/v2\/media?parent=5365"}],"curies":[{"name":"wp","href":"https:\/\/api.w.org\/{rel}","templated":true}]}}