{"id":5340,"date":"2022-10-04T20:14:00","date_gmt":"2022-10-04T23:14:00","guid":{"rendered":"http:\/\/170.210.81.106\/newfade\/?page_id=5340"},"modified":"2022-11-10T08:11:23","modified_gmt":"2022-11-10T11:11:23","slug":"programa-profesorado-en-comunicacion-social","status":"publish","type":"page","link":"https:\/\/fadeweb.uncoma.edu.ar\/index.php\/programas\/programa-profesorado-en-comunicacion-social\/","title":{"rendered":"PROGRAMA PROFESORADO EN COMUNICACION SOCIAL"},"content":{"rendered":"\t\t<div data-elementor-type=\"wp-page\" data-elementor-id=\"5340\" class=\"elementor elementor-5340\" data-elementor-post-type=\"page\">\n\t\t\t\t\t\t<section class=\"elementor-section elementor-top-section elementor-element elementor-element-1cd89d8 elementor-section-boxed elementor-section-height-default elementor-section-height-default\" data-id=\"1cd89d8\" data-element_type=\"section\" data-e-type=\"section\">\n\t\t\t\t\t\t<div class=\"elementor-container elementor-column-gap-default\">\n\t\t\t\t\t<div class=\"elementor-column elementor-col-50 elementor-top-column elementor-element elementor-element-15b77d4\" data-id=\"15b77d4\" data-element_type=\"column\" data-e-type=\"column\">\n\t\t\t<div class=\"elementor-widget-wrap elementor-element-populated\">\n\t\t\t\t\t\t<div class=\"elementor-element elementor-element-c300299 elementor-widget elementor-widget-heading\" data-id=\"c300299\" data-element_type=\"widget\" data-e-type=\"widget\" data-widget_type=\"heading.default\">\n\t\t\t\t<div class=\"elementor-widget-container\">\n\t\t\t\t\t<h1 class=\"elementor-heading-title elementor-size-default\">PROFESORADO EN COMUNICACION SOCIAL<\/h1>\t\t\t\t<\/div>\n\t\t\t\t<\/div>\n\t\t\t\t<div class=\"elementor-element elementor-element-f688044 elementor-widget elementor-widget-heading\" data-id=\"f688044\" data-element_type=\"widget\" data-e-type=\"widget\" data-widget_type=\"heading.default\">\n\t\t\t\t<div class=\"elementor-widget-container\">\n\t\t\t\t\t<h2 class=\"elementor-heading-title elementor-size-default\">Programas<\/h2>\t\t\t\t<\/div>\n\t\t\t\t<\/div>\n\t\t\t\t<div class=\"elementor-element elementor-element-4c298af elementor-widget elementor-widget-spacer\" data-id=\"4c298af\" data-element_type=\"widget\" data-e-type=\"widget\" data-widget_type=\"spacer.default\">\n\t\t\t\t<div class=\"elementor-widget-container\">\n\t\t\t\t\t\t\t<div class=\"elementor-spacer\">\n\t\t\t<div class=\"elementor-spacer-inner\"><\/div>\n\t\t<\/div>\n\t\t\t\t\t\t<\/div>\n\t\t\t\t<\/div>\n\t\t\t\t<div class=\"elementor-element elementor-element-e2ac58b elementor-widget elementor-widget-text-editor\" data-id=\"e2ac58b\" data-element_type=\"widget\" data-e-type=\"widget\" data-widget_type=\"text-editor.default\">\n\t\t\t\t<div class=\"elementor-widget-container\">\n\t\t\t\t\t\t\t\t\t<table class=\"programas\"><caption>Primer A\u00f1o<\/caption><tbody><tr><td><a href=\"https:\/\/fadeweb.uncoma.edu.ar\/wp-content\/uploads\/2022\/10\/Introduccion-al-Periodismo.pdf\">Introducci\u00f3n al Periodismo<\/a><\/td><\/tr><tr><td><a href=\"https:\/\/fadeweb.uncoma.edu.ar\/wp-content\/uploads\/2022\/10\/INTRODUCCION-A-LA-GESTION-Y-PRODUCCION-EN-COMUNICACION.pdf\">Introducci\u00f3n a la Gesti\u00f3n y Producci\u00f3n en Comunicaci\u00f3n<\/a><\/td><\/tr><tr><td><a href=\"https:\/\/fadeweb.uncoma.edu.ar\/wp-content\/uploads\/2022\/10\/Introduccion-a-la-Comunicacion-Visual.pdf\">Introducci\u00f3n a la Comunicaci\u00f3n Visual<\/a><\/td><\/tr><tr><td><a href=\"https:\/\/fadeweb.uncoma.edu.ar\/wp-content\/uploads\/2022\/10\/Introduccion-a-la-Locucion.pdf\">Introducci\u00f3n a la Locuci\u00f3n<\/a><\/td><\/tr><tr><td><a href=\"https:\/\/fadeweb.uncoma.edu.ar\/wp-content\/uploads\/2022\/10\/Comunicacion-Social-I.pdf\">Comunicaci\u00f3n Social I<\/a><\/td><\/tr><tr><td class=\"derecha\">Antropolog\u00eda Cultural<\/td><\/tr><tr><td><a href=\"https:\/\/fadeweb.uncoma.edu.ar\/wp-content\/uploads\/2022\/10\/LENGUA-Y-DISCURSO-I.pdf\">Lengua y Discurso I<\/a><\/td><\/tr><tr><td>Lengua y Discurso II<\/td><\/tr><tr><td><a href=\"https:\/\/fadeweb.uncoma.edu.ar\/wp-content\/uploads\/2022\/10\/Programa-Sociologia-para-Comunicacion-Social-2020.pdf\">Sociolog\u00eda<\/a><\/td><\/tr><\/tbody><\/table><table class=\"programas\"><caption>Segundo A\u00f1o<\/caption><tbody><tr><td>Historia de las Ideas<\/td><\/tr><tr><td>Comunicaci\u00f3n Social II<\/td><\/tr><tr><td><a href=\"https:\/\/fadeweb.uncoma.edu.ar\/wp-content\/uploads\/2022\/10\/Arte-y-Literatura.pdf\">Arte y Literatura<\/a><\/td><\/tr><tr><td><a href=\"https:\/\/fadeweb.uncoma.edu.ar\/wp-content\/uploads\/2022\/10\/LENGUA-Y-DISCURSO-III.pdf\">Lengua y Discurso III<\/a><\/td><\/tr><tr><td><a href=\"https:\/\/fadeweb.uncoma.edu.ar\/wp-content\/uploads\/2022\/10\/Informatica-Para-Medios-de-Comunicacion.pdf\">Inform\u00e1tica para Medios de Comunicaci\u00f3n<\/a><\/td><\/tr><tr><td><a href=\"https:\/\/fadeweb.uncoma.edu.ar\/wp-content\/uploads\/2022\/10\/Redaccion-Periodistica-1.pdf\">Redacci\u00f3n Period\u00edstica I<\/a><\/td><\/tr><tr><td><a href=\"https:\/\/fadeweb.uncoma.edu.ar\/wp-content\/uploads\/2022\/10\/PERIODISMO-RADIOFONICO.pdf\">Periodismo Radiof\u00f3nico<\/a><\/td><\/tr><tr><td><a href=\"https:\/\/fadeweb.uncoma.edu.ar\/wp-content\/uploads\/2022\/10\/Comunicacion-Radiofonica.pdf\">Comunicaci\u00f3n Radiof\u00f3nica<\/a><\/td><\/tr><tr><td><a href=\"https:\/\/fadeweb.uncoma.edu.ar\/wp-content\/uploads\/2022\/10\/Comunicacion-Interpersonal-y-Grupal.pdf\">Comunicac. Interpersonal y Grupal<\/a><\/td><\/tr><tr><td>Cine<\/td><\/tr><tr><td><a href=\"https:\/\/fadeweb.uncoma.edu.ar\/wp-content\/uploads\/2022\/10\/Foniatria-1.pdf\">Foniatr\u00eda I<\/a><\/td><\/tr><tr><td>Locuci\u00f3n I<\/td><\/tr><tr><td>Pronunciac. de Lenguas Modernas<\/td><\/tr><\/tbody><\/table><table class=\"programas\"><caption>Tercer A\u00f1o<\/caption><tbody><tr><td><a href=\"https:\/\/fadeweb.uncoma.edu.ar\/wp-content\/uploads\/2022\/10\/Comunicacion-Social-III.pdf\">Comunicaci\u00f3n Social III<\/a><\/td><\/tr><tr><td><a href=\"https:\/\/fadeweb.uncoma.edu.ar\/wp-content\/uploads\/2022\/10\/SEMIOTICA.pdf\">Semi\u00f3tica<\/a><\/td><\/tr><tr><td>Historia Argentina Contempor\u00e1nea<\/td><\/tr><tr><td><a href=\"https:\/\/fadeweb.uncoma.edu.ar\/wp-content\/uploads\/2022\/10\/INVESTIGACION-DE-LA-COMUNICACION-I.pdf\">Investigaci\u00f3n de la Comunicaci\u00f3n I<\/a><\/td><\/tr><tr><td>Investigaci\u00f3n de la Comunicaci\u00f3n II<\/td><\/tr><tr><td><a href=\"https:\/\/fadeweb.uncoma.edu.ar\/wp-content\/uploads\/2022\/10\/Redaccion-Periodistica-2.pdf\">Redacci\u00f3n Period\u00edstica II<\/a><\/td><\/tr><tr><td><a href=\"https:\/\/fadeweb.uncoma.edu.ar\/wp-content\/uploads\/2022\/10\/Periodismo.pdf\">Periodismo Televisivo<\/a><\/td><\/tr><tr><td><a href=\"https:\/\/fadeweb.uncoma.edu.ar\/wp-content\/uploads\/2022\/10\/Disenio-Editorial.pdf\">Dise\u00f1o Editorial<\/a><\/td><\/tr><tr><td>Elementos de Econom\u00eda<\/td><\/tr><tr><td><a href=\"https:\/\/fadeweb.uncoma.edu.ar\/wp-content\/uploads\/2022\/10\/Produccion-Radiofonica.pdf\">Producci\u00f3n Radiof\u00f3nica<\/a><\/td><\/tr><tr><td><a href=\"https:\/\/fadeweb.uncoma.edu.ar\/wp-content\/uploads\/2022\/10\/Comunicacion-Audiovisual.pdf\">Comunicaci\u00f3n Audiovisual<\/a><\/td><\/tr><tr><td><a href=\"https:\/\/fadeweb.uncoma.edu.ar\/wp-content\/uploads\/2022\/10\/Comunicacion-en-las-organizaciones.pdf\">Comunicaci\u00f3n en las Organizaciones<\/a><\/td><\/tr><tr><td><a href=\"https:\/\/fadeweb.uncoma.edu.ar\/wp-content\/uploads\/2022\/10\/Identidad-y-Disenio.pdf\">Identidad y Dise\u00f1o<\/a><\/td><\/tr><tr><td><a href=\"https:\/\/fadeweb.uncoma.edu.ar\/wp-content\/uploads\/2022\/10\/Practica-Integral-de-Radio.pdf\">Pr\u00e1ctica Integral de Radio<\/a><\/td><\/tr><tr><td>Locuci\u00f3n II<\/td><\/tr><tr><td><a href=\"https:\/\/fadeweb.uncoma.edu.ar\/wp-content\/uploads\/2022\/10\/Foniatria-2.pdf\">Foniatr\u00eda II<\/a><\/td><\/tr><\/tbody><\/table><table class=\"programas\"><caption>Cuarto A\u00f1o<\/caption><tbody><tr><td><a href=\"https:\/\/fadeweb.uncoma.edu.ar\/wp-content\/uploads\/2022\/10\/ECONOMIA-POLITICA-DE-LA-COMUNICACION.pdf\">Econom\u00eda Pol\u00edtica de la Comunicaci\u00f3n<\/a><\/td><\/tr><tr><td>Comunicaci\u00f3n y Organizaci\u00f3n Jur\u00eddico-Institucional<\/td><\/tr><tr><td><a href=\"https:\/\/fadeweb.uncoma.edu.ar\/wp-content\/uploads\/2022\/10\/Filosofia-de-la-Cultura-Comunicacion-Social.pdf\">Filosof\u00eda de la Cultura<\/a><\/td><\/tr><tr><td><a href=\"https:\/\/fadeweb.uncoma.edu.ar\/wp-content\/uploads\/2022\/10\/Legislacion-de-la-Comunicacion-Com.-Social.pdf\">Legislaci\u00f3n de la Comunicaci\u00f3n<\/a><\/td><\/tr><tr><td><a href=\"https:\/\/fadeweb.uncoma.edu.ar\/wp-content\/uploads\/2022\/10\/Periodismo-de-Investigacion.pdf\">Periodismo de Investigaci\u00f3n<\/a><\/td><\/tr><tr><td><a href=\"https:\/\/fadeweb.uncoma.edu.ar\/wp-content\/uploads\/2022\/10\/Periodismo-Digital.pdf\">Periodismo Digital<\/a><\/td><\/tr><tr><td><a href=\"https:\/\/fadeweb.uncoma.edu.ar\/wp-content\/uploads\/2022\/10\/Comunicacion-en-Multimedia-2020.pdf\">Comunicaci\u00f3n en Multimedia<\/a><\/td><\/tr><tr><td><a href=\"https:\/\/fadeweb.uncoma.edu.ar\/wp-content\/uploads\/2022\/10\/Produccion-Audiovisual.pdf\">Producci\u00f3n Audiovisual<\/a><\/td><\/tr><tr><td><a href=\"https:\/\/fadeweb.uncoma.edu.ar\/wp-content\/uploads\/2022\/10\/PLANIFICACION-Y-GESTION-DE-LA-COMUNICACION.pdf\">Planificaci\u00f3n y Gesti\u00f3n de la Comunicaci\u00f3n<\/a><\/td><\/tr><tr><td><a href=\"https:\/\/fadeweb.uncoma.edu.ar\/wp-content\/uploads\/2022\/10\/Practica-Integral-de-Television.pdf\">Pr\u00e1ctica Integral de Televisi\u00f3n<\/a><\/td><\/tr><tr><td>Doblaje<\/td><\/tr><tr><td>Com. Audiovisual<\/td><\/tr><tr><td>Fundamentos de Tecnolog\u00eda<\/td><\/tr><tr><td>Seminario Medios, Periodismo y Pol\u00edtica<\/td><\/tr><tr><td>Seminario Infograf\u00eda<\/td><\/tr><tr><td>Seminario Periodismo Deportivo<\/td><\/tr><tr><td>Seminario Periodismo Cultural<\/td><\/tr><tr><td>Seminario Comunicaci\u00f3n y Cultura<\/td><\/tr><tr><td>Seminario Comunicaci\u00f3n y Educaci\u00f3n<\/td><\/tr><tr><td>Seminario Pol\u00edtica y Opini\u00f3n P\u00fablica<\/td><\/tr><tr><td>Seminario Comunicaci\u00f3n Empresarial<\/td><\/tr><tr><td>Seminario Comunicaci\u00f3n y Cultura<\/td><\/tr><tr><td>Seminario Pol\u00edtica y Opini\u00f3n P\u00fablica<\/td><\/tr><tr><td><a href=\"https:\/\/fadeweb.uncoma.edu.ar\/wp-content\/uploads\/2022\/10\/TALLER-DE-DISENIO-Y-ELABORACION-DE-TESIS.pdf\">Taller de Dise\u00f1o y Elaboraci\u00f3n de Tesis<\/a><\/td><\/tr><\/tbody><\/table>\t\t\t\t\t\t\t\t<\/div>\n\t\t\t\t<\/div>\n\t\t\t\t<div class=\"elementor-element elementor-element-d06f76f elementor-widget elementor-widget-shortcode\" data-id=\"d06f76f\" data-element_type=\"widget\" data-e-type=\"widget\" data-widget_type=\"shortcode.default\">\n\t\t\t\t<div class=\"elementor-widget-container\">\n\t\t\t\t\t\t\t<div class=\"elementor-shortcode\">\t\t<div data-elementor-type=\"section\" data-elementor-id=\"4583\" class=\"elementor elementor-4583\" data-elementor-post-type=\"elementor_library\">\n\t\t\t\t\t<section class=\"elementor-section elementor-top-section elementor-element elementor-element-14232f66 elementor-section-boxed elementor-section-height-default elementor-section-height-default\" data-id=\"14232f66\" data-element_type=\"section\" data-e-type=\"section\">\n\t\t\t\t\t\t<div class=\"elementor-container elementor-column-gap-default\">\n\t\t\t\t\t<div class=\"elementor-column elementor-col-100 elementor-top-column elementor-element elementor-element-613d052d\" data-id=\"613d052d\" data-element_type=\"column\" data-e-type=\"column\">\n\t\t\t<div class=\"elementor-widget-wrap elementor-element-populated\">\n\t\t\t\t\t\t<div class=\"elementor-element elementor-element-6b448111 elementor-widget-divider--view-line elementor-widget elementor-widget-divider\" data-id=\"6b448111\" data-element_type=\"widget\" data-e-type=\"widget\" data-widget_type=\"divider.default\">\n\t\t\t\t<div class=\"elementor-widget-container\">\n\t\t\t\t\t\t\t<div class=\"elementor-divider\">\n\t\t\t<span class=\"elementor-divider-separator\">\n\t\t\t\t\t\t<\/span>\n\t\t<\/div>\n\t\t\t\t\t\t<\/div>\n\t\t\t\t<\/div>\n\t\t\t\t<div class=\"elementor-element elementor-element-4d542db7 elementor-widget elementor-widget-text-editor\" data-id=\"4d542db7\" data-element_type=\"widget\" data-e-type=\"widget\" data-widget_type=\"text-editor.default\">\n\t\t\t\t<div class=\"elementor-widget-container\">\n\t\t\t\t\t\t\t\t\t<p><strong>INFORMACI\u00d3N<\/strong><br \/>Departamento de Alumnos<br \/>TE: (0298) 4435700<br \/>Correo electr\u00f3nico:\u00a0<a href=\"mailto:alumnos@fade.uncoma.edu.ar\">alumnos@fade.uncoma.edu.ar<\/a><br \/>Mendoza y Per\u00fa.<br \/>(8332) General Roca, R\u00edo Negro<br \/>Argentina<\/p>\t\t\t\t\t\t\t\t<\/div>\n\t\t\t\t<\/div>\n\t\t\t\t\t<\/div>\n\t\t<\/div>\n\t\t\t\t\t<\/div>\n\t\t<\/section>\n\t\t\t\t<\/div>\n\t\t<\/div>\n\t\t\t\t\t\t<\/div>\n\t\t\t\t<\/div>\n\t\t\t\t\t<\/div>\n\t\t<\/div>\n\t\t\t\t<div class=\"elementor-column elementor-col-50 elementor-top-column elementor-element elementor-element-d1739b3\" data-id=\"d1739b3\" data-element_type=\"column\" data-e-type=\"column\">\n\t\t\t<div class=\"elementor-widget-wrap elementor-element-populated\">\n\t\t\t\t\t\t<div class=\"elementor-element elementor-element-75b1f07 elementor-nav-menu__align-start elementor-nav-menu--dropdown-none elementor-widget elementor-widget-nav-menu\" data-id=\"75b1f07\" data-element_type=\"widget\" data-e-type=\"widget\" data-settings=\"{&quot;layout&quot;:&quot;vertical&quot;,&quot;submenu_icon&quot;:{&quot;value&quot;:&quot;&lt;i class=\\&quot;fas fa-caret-down\\&quot; aria-hidden=\\&quot;true\\&quot;&gt;&lt;\\\/i&gt;&quot;,&quot;library&quot;:&quot;fa-solid&quot;}}\" data-widget_type=\"nav-menu.default\">\n\t\t\t\t<div class=\"elementor-widget-container\">\n\t\t\t\t\t\t\t\t<nav aria-label=\"Menu\" class=\"elementor-nav-menu--main elementor-nav-menu__container elementor-nav-menu--layout-vertical e--pointer-background e--animation-fade\">\n\t\t\t\t<ul id=\"menu-1-75b1f07\" class=\"elementor-nav-menu sm-vertical\"><li class=\"menu-item menu-item-type-post_type menu-item-object-page menu-item-5339\"><a href=\"https:\/\/fadeweb.uncoma.edu.ar\/index.php\/carreras\/profesorado-en-comunicacion-social\/plan-de-estudios-profesorado-en-comunicacion-social\/\" class=\"elementor-item\">PLAN DE ESTUDIOS<\/a><\/li>\n<li class=\"menu-item menu-item-type-post_type menu-item-object-page menu-item-5338\"><a href=\"https:\/\/fadeweb.uncoma.edu.ar\/index.php\/carreras\/profesorado-en-comunicacion-social\/correlatividades-profesorado-en-comunicacion-social\/\" class=\"elementor-item\">CORRELATIVIDADES<\/a><\/li>\n<li class=\"menu-item menu-item-type-post_type menu-item-object-page menu-item-5342\"><a href=\"https:\/\/fadeweb.uncoma.edu.ar\/index.php\/programas\/programa-profesorado-en-comunicacion-social\/\" class=\"elementor-item\">PROGRAMAS<\/a><\/li>\n<li class=\"menu-item menu-item-type-post_type menu-item-object-page menu-item-5344\"><a href=\"https:\/\/fadeweb.uncoma.edu.ar\/index.php\/estudiantes\/calendario-academico\/\" class=\"elementor-item\">CALENDARIO ACADEMICO<\/a><\/li>\n<li class=\"menu-item menu-item-type-post_type menu-item-object-page menu-item-5345\"><a href=\"https:\/\/fadeweb.uncoma.edu.ar\/index.php\/estudiantes\/horarios-de-cursadas\/\" class=\"elementor-item\">HORARIOS CURSADAS<\/a><\/li>\n<li class=\"menu-item menu-item-type-custom menu-item-object-custom menu-item-5346\"><a href=\"http:\/\/siufade.uncoma.edu.ar\/\" class=\"elementor-item\">SIU FADE: Sistema de Gesti\u00f3n de Alumnos en Internet<\/a><\/li>\n<li class=\"menu-item menu-item-type-custom menu-item-object-custom menu-item-5347\"><a href=\"https:\/\/siufade.uncoma.edu.ar\/derecho\/fecha_examen\" class=\"elementor-item\">FECHAS DE EX\u00c1MENES<\/a><\/li>\n<\/ul>\t\t\t<\/nav>\n\t\t\t\t\t\t<nav class=\"elementor-nav-menu--dropdown elementor-nav-menu__container\" aria-hidden=\"true\">\n\t\t\t\t<ul id=\"menu-2-75b1f07\" class=\"elementor-nav-menu sm-vertical\"><li class=\"menu-item menu-item-type-post_type menu-item-object-page menu-item-5339\"><a href=\"https:\/\/fadeweb.uncoma.edu.ar\/index.php\/carreras\/profesorado-en-comunicacion-social\/plan-de-estudios-profesorado-en-comunicacion-social\/\" class=\"elementor-item\" tabindex=\"-1\">PLAN DE ESTUDIOS<\/a><\/li>\n<li class=\"menu-item menu-item-type-post_type menu-item-object-page menu-item-5338\"><a href=\"https:\/\/fadeweb.uncoma.edu.ar\/index.php\/carreras\/profesorado-en-comunicacion-social\/correlatividades-profesorado-en-comunicacion-social\/\" class=\"elementor-item\" tabindex=\"-1\">CORRELATIVIDADES<\/a><\/li>\n<li class=\"menu-item menu-item-type-post_type menu-item-object-page menu-item-5342\"><a href=\"https:\/\/fadeweb.uncoma.edu.ar\/index.php\/programas\/programa-profesorado-en-comunicacion-social\/\" class=\"elementor-item\" tabindex=\"-1\">PROGRAMAS<\/a><\/li>\n<li class=\"menu-item menu-item-type-post_type menu-item-object-page menu-item-5344\"><a href=\"https:\/\/fadeweb.uncoma.edu.ar\/index.php\/estudiantes\/calendario-academico\/\" class=\"elementor-item\" tabindex=\"-1\">CALENDARIO ACADEMICO<\/a><\/li>\n<li class=\"menu-item menu-item-type-post_type menu-item-object-page menu-item-5345\"><a href=\"https:\/\/fadeweb.uncoma.edu.ar\/index.php\/estudiantes\/horarios-de-cursadas\/\" class=\"elementor-item\" tabindex=\"-1\">HORARIOS CURSADAS<\/a><\/li>\n<li class=\"menu-item menu-item-type-custom menu-item-object-custom menu-item-5346\"><a href=\"http:\/\/siufade.uncoma.edu.ar\/\" class=\"elementor-item\" tabindex=\"-1\">SIU FADE: Sistema de Gesti\u00f3n de Alumnos en Internet<\/a><\/li>\n<li class=\"menu-item menu-item-type-custom menu-item-object-custom menu-item-5347\"><a href=\"https:\/\/siufade.uncoma.edu.ar\/derecho\/fecha_examen\" class=\"elementor-item\" tabindex=\"-1\">FECHAS DE EX\u00c1MENES<\/a><\/li>\n<\/ul>\t\t\t<\/nav>\n\t\t\t\t\t\t<\/div>\n\t\t\t\t<\/div>\n\t\t\t\t\t<\/div>\n\t\t<\/div>\n\t\t\t\t\t<\/div>\n\t\t<\/section>\n\t\t\t\t<\/div>\n\t\t","protected":false},"excerpt":{"rendered":"<p>PROFESORADO EN COMUNICACION SOCIAL Programas Primer A\u00f1o Introducci\u00f3n al Periodismo Introducci\u00f3n a la Gesti\u00f3n y Producci\u00f3n en Comunicaci\u00f3n Introducci\u00f3n a la Comunicaci\u00f3n Visual Introducci\u00f3n a la Locuci\u00f3n Comunicaci\u00f3n Social I Antropolog\u00eda Cultural Lengua y Discurso I Lengua y Discurso II Sociolog\u00eda Segundo A\u00f1o Historia de las Ideas Comunicaci\u00f3n Social II Arte y Literatura Lengua y [&hellip;]<\/p>\n","protected":false},"author":2,"featured_media":0,"parent":1957,"menu_order":0,"comment_status":"closed","ping_status":"closed","template":"","meta":{"footnotes":""},"class_list":["post-5340","page","type-page","status-publish","hentry"],"_links":{"self":[{"href":"https:\/\/fadeweb.uncoma.edu.ar\/index.php\/wp-json\/wp\/v2\/pages\/5340","targetHints":{"allow":["GET"]}}],"collection":[{"href":"https:\/\/fadeweb.uncoma.edu.ar\/index.php\/wp-json\/wp\/v2\/pages"}],"about":[{"href":"https:\/\/fadeweb.uncoma.edu.ar\/index.php\/wp-json\/wp\/v2\/types\/page"}],"author":[{"embeddable":true,"href":"https:\/\/fadeweb.uncoma.edu.ar\/index.php\/wp-json\/wp\/v2\/users\/2"}],"replies":[{"embeddable":true,"href":"https:\/\/fadeweb.uncoma.edu.ar\/index.php\/wp-json\/wp\/v2\/comments?post=5340"}],"version-history":[{"count":10,"href":"https:\/\/fadeweb.uncoma.edu.ar\/index.php\/wp-json\/wp\/v2\/pages\/5340\/revisions"}],"predecessor-version":[{"id":10409,"href":"https:\/\/fadeweb.uncoma.edu.ar\/index.php\/wp-json\/wp\/v2\/pages\/5340\/revisions\/10409"}],"up":[{"embeddable":true,"href":"https:\/\/fadeweb.uncoma.edu.ar\/index.php\/wp-json\/wp\/v2\/pages\/1957"}],"wp:attachment":[{"href":"https:\/\/fadeweb.uncoma.edu.ar\/index.php\/wp-json\/wp\/v2\/media?parent=5340"}],"curies":[{"name":"wp","href":"https:\/\/api.w.org\/{rel}","templated":true}]}}