{"id":5336,"date":"2022-10-04T20:10:54","date_gmt":"2022-10-04T23:10:54","guid":{"rendered":"http:\/\/170.210.81.106\/newfade\/?page_id=5336"},"modified":"2022-10-04T20:40:13","modified_gmt":"2022-10-04T23:40:13","slug":"correlatividades-profesorado-en-comunicacion-social","status":"publish","type":"page","link":"https:\/\/fadeweb.uncoma.edu.ar\/index.php\/carreras\/profesorado-en-comunicacion-social\/correlatividades-profesorado-en-comunicacion-social\/","title":{"rendered":"CORRELATIVIDADES PROFESORADO EN COMUNICACION SOCIAL"},"content":{"rendered":"\t\t<div data-elementor-type=\"wp-page\" data-elementor-id=\"5336\" class=\"elementor elementor-5336\" data-elementor-post-type=\"page\">\n\t\t\t\t\t\t<section class=\"elementor-section elementor-top-section elementor-element elementor-element-f01d4d3 elementor-section-boxed elementor-section-height-default elementor-section-height-default\" data-id=\"f01d4d3\" data-element_type=\"section\" data-e-type=\"section\">\n\t\t\t\t\t\t<div class=\"elementor-container elementor-column-gap-default\">\n\t\t\t\t\t<div class=\"elementor-column elementor-col-66 elementor-top-column elementor-element elementor-element-46fe339\" data-id=\"46fe339\" data-element_type=\"column\" data-e-type=\"column\">\n\t\t\t<div class=\"elementor-widget-wrap elementor-element-populated\">\n\t\t\t\t\t\t<div class=\"elementor-element elementor-element-784a920 elementor-widget elementor-widget-text-editor\" data-id=\"784a920\" data-element_type=\"widget\" data-e-type=\"widget\" data-widget_type=\"text-editor.default\">\n\t\t\t\t<div class=\"elementor-widget-container\">\n\t\t\t\t\t\t\t\t\t<h1><span class=\"titulo1\">PROFESORADO EN COMUNICACION SOCIAL<\/span><\/h1><h2><span class=\"titulo2\">CORRELATIVIDADES<\/span><\/h2>\t\t\t\t\t\t\t\t<\/div>\n\t\t\t\t<\/div>\n\t\t\t\t<div class=\"elementor-element elementor-element-3415b18 elementor-widget elementor-widget-text-editor\" data-id=\"3415b18\" data-element_type=\"widget\" data-e-type=\"widget\" data-widget_type=\"text-editor.default\">\n\t\t\t\t<div class=\"elementor-widget-container\">\n\t\t\t\t\t\t\t\t\t<table class=\"correlativas\"><tbody><tr><td width=\"25%\" height=\"22\"><div align=\"right\">\u00a0<\/div><\/td><td class=\"c1\" width=\"25%\" height=\"22\"><strong>PARA CURSAR<\/strong><\/td><td class=\"c1\" height=\"22\">\u00a0<\/td><td class=\"c2\" width=\"25%\" height=\"22\"><div align=\"left\"><strong>\u00a0PARA RENDIR<\/strong><\/div><\/td><\/tr><tr valign=\"middle\"><td width=\"25%\"><p align=\"left\">ASIGNATURA<\/p><\/td><td width=\"25%\"><p align=\"left\">TENER CURSADA<\/p><\/td><td height=\"22\"><div align=\"left\">TENER APROBADA<\/div><\/td><td><div align=\"left\">TENER APROBADA<\/div><\/td><\/tr><tr valign=\"middle\"><td width=\"25%\" height=\"22\">Comunicaci\u00f3n Social II<\/td><td width=\"25%\">Comunicaci\u00f3n Social I<\/td><td width=\"130\">\u00a0<\/td><td width=\"211\">Comunicaci\u00f3n Social I<\/td><\/tr><tr valign=\"middle\"><td width=\"25%\" height=\"22\">Comunicaci\u00f3n Social III<\/td><td width=\"25%\">Comunicaci\u00f3n Social II<\/td><td>Comunicaci\u00f3n Social I<\/td><td>Comunicaci\u00f3n Social II<\/td><\/tr><tr valign=\"middle\"><td width=\"25%\" height=\"22\">Redacci\u00f3n Period\u00edstica<\/td><td width=\"25%\">Introducci\u00f3n al Periodismo<\/td><td>\u00a0<\/td><td>Introducci\u00f3n al Periodismo<\/td><\/tr><tr valign=\"middle\"><td width=\"25%\" height=\"22\">Comunicaci\u00f3n Interpersonal y grupal<\/td><td width=\"25%\">Introd. a la Gesti\u00f3n y Producci\u00f3n en Comunicaci\u00f3n<\/td><td>\u00a0<\/td><td>Introd. a la Gesti\u00f3n y Producci\u00f3n en Comunicaci\u00f3n<\/td><\/tr><tr valign=\"middle\"><td height=\"22\">Lengua y Discurso II<\/td><td>Lengua y Discurso I<\/td><td>\u00a0<\/td><td>Lengua y Discurso I<\/td><\/tr><tr valign=\"middle\"><td height=\"22\">Lengua y Discurso III<\/td><td>Lengua y Discurso II<\/td><td>Lengua y Discurso I<\/td><td>Lengua y Discurso II<\/td><\/tr><tr valign=\"middle\"><td height=\"22\">Arte y Literatura<\/td><td>Lengua y Discurso II<\/td><td>\u00a0<\/td><td>Lengua y Discurso II<\/td><\/tr><tr valign=\"middle\"><td height=\"22\">Semi\u00f3tica<\/td><td>Arte y Literatura<\/td><td>\u00a0<\/td><td>Arte y Literatura<\/td><\/tr><tr valign=\"middle\"><td height=\"22\">Cine<\/td><td>Introducci\u00f3n a la Comunicaci\u00f3n Visual<\/td><td>\u00a0<\/td><td>Introducci\u00f3n a la Comunicaci\u00f3n Visual<\/td><\/tr><tr valign=\"middle\"><td height=\"22\">Comunicaci\u00f3n Audiovisual<\/td><td>Cine<\/td><td>\u00a0<\/td><td>Cine<\/td><\/tr><tr valign=\"middle\"><td height=\"22\">Comunicaci\u00f3n Radiof\u00f3nica<\/td><td>Introd. a la Gesti\u00f3n y Producci\u00f3n en Comunicaci\u00f3n<\/td><td>\u00a0<\/td><td>Introd. a la Gesti\u00f3n y Producci\u00f3n en Comunicaci\u00f3n<\/td><\/tr><tr valign=\"middle\"><td height=\"22\">Dise\u00f1o Editorial<\/td><td>Inform\u00e1tica para Medios de Comunic.<\/td><td>Introducci\u00f3n a la Comunicaci\u00f3n Visual<\/td><td>Inform\u00e1tica para Medios de Comunic.<\/td><\/tr><tr valign=\"middle\"><td height=\"22\">Comunicaci\u00f3n en Multimedia<\/td><td>Inform\u00e1tica para Medios de Comunic.<\/td><td>\u00a0<\/td><td>Inform\u00e1tica para Medios de Comunic.<\/td><\/tr><tr valign=\"middle\"><td height=\"22\">Did\u00e1ctica General<\/td><td>Pedagog\u00eda<\/td><td>\u00a0<\/td><td>Pedagog\u00eda<\/td><\/tr><tr valign=\"middle\"><td height=\"22\">Psicolog\u00eda II<\/td><td>\u00a0<\/td><td>Psicolog\u00eda I<\/td><td>Psicolog\u00eda I<\/td><\/tr><tr valign=\"middle\"><td height=\"22\">Did\u00e1ctica Especial y Residencia<\/td><td>Did\u00e1ctica General<\/td><td>\u00a0<\/td><td>Did\u00e1ctica General<\/td><\/tr><\/tbody><\/table>\t\t\t\t\t\t\t\t<\/div>\n\t\t\t\t<\/div>\n\t\t\t\t<div class=\"elementor-element elementor-element-169706b elementor-widget elementor-widget-shortcode\" data-id=\"169706b\" data-element_type=\"widget\" data-e-type=\"widget\" data-widget_type=\"shortcode.default\">\n\t\t\t\t<div class=\"elementor-widget-container\">\n\t\t\t\t\t\t\t<div class=\"elementor-shortcode\">\t\t<div data-elementor-type=\"section\" data-elementor-id=\"4583\" class=\"elementor elementor-4583\" data-elementor-post-type=\"elementor_library\">\n\t\t\t\t\t<section class=\"elementor-section elementor-top-section elementor-element elementor-element-14232f66 elementor-section-boxed elementor-section-height-default elementor-section-height-default\" data-id=\"14232f66\" data-element_type=\"section\" data-e-type=\"section\">\n\t\t\t\t\t\t<div class=\"elementor-container elementor-column-gap-default\">\n\t\t\t\t\t<div class=\"elementor-column elementor-col-100 elementor-top-column elementor-element elementor-element-613d052d\" data-id=\"613d052d\" data-element_type=\"column\" data-e-type=\"column\">\n\t\t\t<div class=\"elementor-widget-wrap elementor-element-populated\">\n\t\t\t\t\t\t<div class=\"elementor-element elementor-element-6b448111 elementor-widget-divider--view-line elementor-widget elementor-widget-divider\" data-id=\"6b448111\" data-element_type=\"widget\" data-e-type=\"widget\" data-widget_type=\"divider.default\">\n\t\t\t\t<div class=\"elementor-widget-container\">\n\t\t\t\t\t\t\t<div class=\"elementor-divider\">\n\t\t\t<span class=\"elementor-divider-separator\">\n\t\t\t\t\t\t<\/span>\n\t\t<\/div>\n\t\t\t\t\t\t<\/div>\n\t\t\t\t<\/div>\n\t\t\t\t<div class=\"elementor-element elementor-element-4d542db7 elementor-widget elementor-widget-text-editor\" data-id=\"4d542db7\" data-element_type=\"widget\" data-e-type=\"widget\" data-widget_type=\"text-editor.default\">\n\t\t\t\t<div class=\"elementor-widget-container\">\n\t\t\t\t\t\t\t\t\t<p><strong>INFORMACI\u00d3N<\/strong><br \/>Departamento de Alumnos<br \/>TE: (0298) 4435700<br \/>Correo electr\u00f3nico:\u00a0<a href=\"mailto:alumnos@fade.uncoma.edu.ar\">alumnos@fade.uncoma.edu.ar<\/a><br \/>Mendoza y Per\u00fa.<br \/>(8332) General Roca, R\u00edo Negro<br \/>Argentina<\/p>\t\t\t\t\t\t\t\t<\/div>\n\t\t\t\t<\/div>\n\t\t\t\t\t<\/div>\n\t\t<\/div>\n\t\t\t\t\t<\/div>\n\t\t<\/section>\n\t\t\t\t<\/div>\n\t\t<\/div>\n\t\t\t\t\t\t<\/div>\n\t\t\t\t<\/div>\n\t\t\t\t\t<\/div>\n\t\t<\/div>\n\t\t\t\t<div class=\"elementor-column elementor-col-33 elementor-top-column elementor-element elementor-element-b502d1f\" data-id=\"b502d1f\" data-element_type=\"column\" data-e-type=\"column\">\n\t\t\t<div class=\"elementor-widget-wrap elementor-element-populated\">\n\t\t\t\t\t\t<div class=\"elementor-element elementor-element-0d91e71 elementor-nav-menu__align-start elementor-nav-menu--dropdown-none elementor-widget elementor-widget-nav-menu\" data-id=\"0d91e71\" data-element_type=\"widget\" data-e-type=\"widget\" id=\"menu-lateral\" data-settings=\"{&quot;layout&quot;:&quot;vertical&quot;,&quot;submenu_icon&quot;:{&quot;value&quot;:&quot;&lt;i class=\\&quot;fas fa-caret-down\\&quot; aria-hidden=\\&quot;true\\&quot;&gt;&lt;\\\/i&gt;&quot;,&quot;library&quot;:&quot;fa-solid&quot;}}\" data-widget_type=\"nav-menu.default\">\n\t\t\t\t<div class=\"elementor-widget-container\">\n\t\t\t\t\t\t\t\t<nav aria-label=\"Menu\" class=\"elementor-nav-menu--main elementor-nav-menu__container elementor-nav-menu--layout-vertical e--pointer-background e--animation-fade\">\n\t\t\t\t<ul id=\"menu-1-0d91e71\" class=\"elementor-nav-menu sm-vertical\"><li class=\"menu-item menu-item-type-post_type menu-item-object-page menu-item-5339\"><a href=\"https:\/\/fadeweb.uncoma.edu.ar\/index.php\/carreras\/profesorado-en-comunicacion-social\/plan-de-estudios-profesorado-en-comunicacion-social\/\" class=\"elementor-item\">PLAN DE ESTUDIOS<\/a><\/li>\n<li class=\"menu-item menu-item-type-post_type menu-item-object-page menu-item-5338\"><a href=\"https:\/\/fadeweb.uncoma.edu.ar\/index.php\/carreras\/profesorado-en-comunicacion-social\/correlatividades-profesorado-en-comunicacion-social\/\" class=\"elementor-item\">CORRELATIVIDADES<\/a><\/li>\n<li class=\"menu-item menu-item-type-post_type menu-item-object-page menu-item-5342\"><a href=\"https:\/\/fadeweb.uncoma.edu.ar\/index.php\/programas\/programa-profesorado-en-comunicacion-social\/\" class=\"elementor-item\">PROGRAMAS<\/a><\/li>\n<li class=\"menu-item menu-item-type-post_type menu-item-object-page menu-item-5344\"><a href=\"https:\/\/fadeweb.uncoma.edu.ar\/index.php\/estudiantes\/calendario-academico\/\" class=\"elementor-item\">CALENDARIO ACADEMICO<\/a><\/li>\n<li class=\"menu-item menu-item-type-post_type menu-item-object-page menu-item-5345\"><a href=\"https:\/\/fadeweb.uncoma.edu.ar\/index.php\/estudiantes\/horarios-de-cursadas\/\" class=\"elementor-item\">HORARIOS CURSADAS<\/a><\/li>\n<li class=\"menu-item menu-item-type-custom menu-item-object-custom menu-item-5346\"><a href=\"http:\/\/siufade.uncoma.edu.ar\/\" class=\"elementor-item\">SIU FADE: Sistema de Gesti\u00f3n de Alumnos en Internet<\/a><\/li>\n<li class=\"menu-item menu-item-type-custom menu-item-object-custom menu-item-5347\"><a href=\"https:\/\/siufade.uncoma.edu.ar\/derecho\/fecha_examen\" class=\"elementor-item\">FECHAS DE EX\u00c1MENES<\/a><\/li>\n<\/ul>\t\t\t<\/nav>\n\t\t\t\t\t\t<nav class=\"elementor-nav-menu--dropdown elementor-nav-menu__container\" aria-hidden=\"true\">\n\t\t\t\t<ul id=\"menu-2-0d91e71\" class=\"elementor-nav-menu sm-vertical\"><li class=\"menu-item menu-item-type-post_type menu-item-object-page menu-item-5339\"><a href=\"https:\/\/fadeweb.uncoma.edu.ar\/index.php\/carreras\/profesorado-en-comunicacion-social\/plan-de-estudios-profesorado-en-comunicacion-social\/\" class=\"elementor-item\" tabindex=\"-1\">PLAN DE ESTUDIOS<\/a><\/li>\n<li class=\"menu-item menu-item-type-post_type menu-item-object-page menu-item-5338\"><a href=\"https:\/\/fadeweb.uncoma.edu.ar\/index.php\/carreras\/profesorado-en-comunicacion-social\/correlatividades-profesorado-en-comunicacion-social\/\" class=\"elementor-item\" tabindex=\"-1\">CORRELATIVIDADES<\/a><\/li>\n<li class=\"menu-item menu-item-type-post_type menu-item-object-page menu-item-5342\"><a href=\"https:\/\/fadeweb.uncoma.edu.ar\/index.php\/programas\/programa-profesorado-en-comunicacion-social\/\" class=\"elementor-item\" tabindex=\"-1\">PROGRAMAS<\/a><\/li>\n<li class=\"menu-item menu-item-type-post_type menu-item-object-page menu-item-5344\"><a href=\"https:\/\/fadeweb.uncoma.edu.ar\/index.php\/estudiantes\/calendario-academico\/\" class=\"elementor-item\" tabindex=\"-1\">CALENDARIO ACADEMICO<\/a><\/li>\n<li class=\"menu-item menu-item-type-post_type menu-item-object-page menu-item-5345\"><a href=\"https:\/\/fadeweb.uncoma.edu.ar\/index.php\/estudiantes\/horarios-de-cursadas\/\" class=\"elementor-item\" tabindex=\"-1\">HORARIOS CURSADAS<\/a><\/li>\n<li class=\"menu-item menu-item-type-custom menu-item-object-custom menu-item-5346\"><a href=\"http:\/\/siufade.uncoma.edu.ar\/\" class=\"elementor-item\" tabindex=\"-1\">SIU FADE: Sistema de Gesti\u00f3n de Alumnos en Internet<\/a><\/li>\n<li class=\"menu-item menu-item-type-custom menu-item-object-custom menu-item-5347\"><a href=\"https:\/\/siufade.uncoma.edu.ar\/derecho\/fecha_examen\" class=\"elementor-item\" tabindex=\"-1\">FECHAS DE EX\u00c1MENES<\/a><\/li>\n<\/ul>\t\t\t<\/nav>\n\t\t\t\t\t\t<\/div>\n\t\t\t\t<\/div>\n\t\t\t\t\t<\/div>\n\t\t<\/div>\n\t\t\t\t\t<\/div>\n\t\t<\/section>\n\t\t\t\t<\/div>\n\t\t","protected":false},"excerpt":{"rendered":"<p>PROFESORADO EN COMUNICACION SOCIAL CORRELATIVIDADES \u00a0 PARA CURSAR \u00a0 \u00a0PARA RENDIR ASIGNATURA TENER CURSADA TENER APROBADA TENER APROBADA Comunicaci\u00f3n Social II Comunicaci\u00f3n Social I \u00a0 Comunicaci\u00f3n Social I Comunicaci\u00f3n Social III Comunicaci\u00f3n Social II Comunicaci\u00f3n Social I Comunicaci\u00f3n Social II Redacci\u00f3n Period\u00edstica Introducci\u00f3n al Periodismo \u00a0 Introducci\u00f3n al Periodismo Comunicaci\u00f3n Interpersonal y grupal Introd. a [&hellip;]<\/p>\n","protected":false},"author":2,"featured_media":0,"parent":3340,"menu_order":0,"comment_status":"closed","ping_status":"closed","template":"","meta":{"footnotes":""},"class_list":["post-5336","page","type-page","status-publish","hentry"],"_links":{"self":[{"href":"https:\/\/fadeweb.uncoma.edu.ar\/index.php\/wp-json\/wp\/v2\/pages\/5336","targetHints":{"allow":["GET"]}}],"collection":[{"href":"https:\/\/fadeweb.uncoma.edu.ar\/index.php\/wp-json\/wp\/v2\/pages"}],"about":[{"href":"https:\/\/fadeweb.uncoma.edu.ar\/index.php\/wp-json\/wp\/v2\/types\/page"}],"author":[{"embeddable":true,"href":"https:\/\/fadeweb.uncoma.edu.ar\/index.php\/wp-json\/wp\/v2\/users\/2"}],"replies":[{"embeddable":true,"href":"https:\/\/fadeweb.uncoma.edu.ar\/index.php\/wp-json\/wp\/v2\/comments?post=5336"}],"version-history":[{"count":7,"href":"https:\/\/fadeweb.uncoma.edu.ar\/index.php\/wp-json\/wp\/v2\/pages\/5336\/revisions"}],"predecessor-version":[{"id":5361,"href":"https:\/\/fadeweb.uncoma.edu.ar\/index.php\/wp-json\/wp\/v2\/pages\/5336\/revisions\/5361"}],"up":[{"embeddable":true,"href":"https:\/\/fadeweb.uncoma.edu.ar\/index.php\/wp-json\/wp\/v2\/pages\/3340"}],"wp:attachment":[{"href":"https:\/\/fadeweb.uncoma.edu.ar\/index.php\/wp-json\/wp\/v2\/media?parent=5336"}],"curies":[{"name":"wp","href":"https:\/\/api.w.org\/{rel}","templated":true}]}}