{"id":5331,"date":"2022-10-04T20:10:28","date_gmt":"2022-10-04T23:10:28","guid":{"rendered":"http:\/\/170.210.81.106\/newfade\/?page_id=5331"},"modified":"2022-10-04T20:25:50","modified_gmt":"2022-10-04T23:25:50","slug":"plan-de-estudios-profesorado-en-comunicacion-social","status":"publish","type":"page","link":"https:\/\/fadeweb.uncoma.edu.ar\/index.php\/carreras\/profesorado-en-comunicacion-social\/plan-de-estudios-profesorado-en-comunicacion-social\/","title":{"rendered":"PLAN DE ESTUDIOS PROFESORADO EN COMUNICACION SOCIAL"},"content":{"rendered":"\t\t<div data-elementor-type=\"wp-page\" data-elementor-id=\"5331\" class=\"elementor elementor-5331\" data-elementor-post-type=\"page\">\n\t\t\t\t\t\t<section class=\"elementor-section elementor-top-section elementor-element elementor-element-cc60789 elementor-section-boxed elementor-section-height-default elementor-section-height-default\" data-id=\"cc60789\" data-element_type=\"section\" data-e-type=\"section\">\n\t\t\t\t\t\t<div class=\"elementor-container elementor-column-gap-default\">\n\t\t\t\t\t<div class=\"elementor-column elementor-col-50 elementor-top-column elementor-element elementor-element-0620496\" data-id=\"0620496\" data-element_type=\"column\" data-e-type=\"column\">\n\t\t\t<div class=\"elementor-widget-wrap elementor-element-populated\">\n\t\t\t\t\t\t<div class=\"elementor-element elementor-element-1b6d246 elementor-widget elementor-widget-text-editor\" data-id=\"1b6d246\" data-element_type=\"widget\" data-e-type=\"widget\" data-widget_type=\"text-editor.default\">\n\t\t\t\t<div class=\"elementor-widget-container\">\n\t\t\t\t\t\t\t\t\t<h1><span class=\"titulo1\">PROFESORADO EN COMUNICACION SOCIAL<\/span><\/h1><h2><span class=\"titulo2\">PLAN DE ESTUDIOS<\/span><\/h2><p><br \/><span class=\"texto\">Plan de estudios aprobado en diciembre de 2002 y que comienza a implementarse en el ciclo 2003\u00a0<\/span>.<\/p>\t\t\t\t\t\t\t\t<\/div>\n\t\t\t\t<\/div>\n\t\t\t\t<div class=\"elementor-element elementor-element-5e9e1f7 elementor-widget elementor-widget-text-editor\" data-id=\"5e9e1f7\" data-element_type=\"widget\" data-e-type=\"widget\" data-widget_type=\"text-editor.default\">\n\t\t\t\t<div class=\"elementor-widget-container\">\n\t\t\t\t\t\t\t\t\t<table class=\"programas\">\n<caption>CICLO INTRODUCTORIO | Primer A\u00f1o<\/caption>\n<tbody>\n<tr class=\"texto\" valign=\"middle\">\n<td class=\"bordeinferior\" width=\"72%\" height=\"22\">Introducci\u00f3n al Periodismo<\/td>\n<td class=\"bordeinferior\" bgcolor=\"#F0F0F0\" width=\"10%\" height=\"22\">\n<div align=\"center\">2 hs<\/div><\/td>\n<td class=\"bordeinferior\" width=\"18%\" height=\"22\">Anual<\/td>\n<\/tr>\n<tr class=\"texto\" valign=\"middle\">\n<td class=\"bordeinferior\" height=\"22\">Introducci\u00f3n a la Gesti\u00f3n y Producci\u00f3n en Comunicaci\u00f3n<\/td>\n<td class=\"bordeinferior\" bgcolor=\"#F0F0F0\" width=\"10%\" height=\"22\">\n<div align=\"center\">2 hs<\/div><\/td>\n<td class=\"bordeinferior\" width=\"18%\" height=\"22\">Anual<\/td>\n<\/tr>\n<tr class=\"texto\" valign=\"middle\">\n<td class=\"bordeinferior\" height=\"22\">Introducci\u00f3n a la Comunicaci\u00f3n Visual<\/td>\n<td class=\"bordeinferior\" bgcolor=\"#F0F0F0\" width=\"10%\" height=\"22\">\n<div align=\"center\">4 hs<\/div><\/td>\n<td class=\"bordeinferior\" width=\"18%\" height=\"22\">Anual<\/td>\n<\/tr>\n<tr class=\"texto\" valign=\"middle\">\n<td class=\"bordeinferior\" height=\"22\">\n<div align=\"left\">Introducci\u00f3n a la Locuci\u00f3n*<\/div><\/td>\n<td class=\"bordeinferior\" bgcolor=\"#F0F0F0\" width=\"10%\" height=\"22\">\n<div align=\"center\">4 hs<\/div><\/td>\n<td class=\"bordeinferior\" width=\"18%\" height=\"22\">Anual<\/td>\n<\/tr>\n<tr class=\"texto\" valign=\"middle\">\n<td class=\"bordeinferior\" height=\"22\">\n<div align=\"left\">Comunicaci\u00f3n Social I<\/div><\/td>\n<td class=\"bordeinferior\" bgcolor=\"#F0F0F0\" width=\"10%\" height=\"22\">\n<div align=\"center\">4 hs<\/div><\/td>\n<td class=\"bordeinferior\" width=\"18%\" height=\"22\">1\u00ba Cuatrimestre<\/td>\n<\/tr>\n<tr class=\"texto\" valign=\"middle\">\n<td class=\"bordeinferior\" height=\"22\">\n<div align=\"left\">Antropolog\u00eda Cultural<\/div><\/td>\n<td class=\"bordeinferior\" bgcolor=\"#F0F0F0\" width=\"10%\" height=\"22\">\n<div align=\"center\">4 hs<\/div><\/td>\n<td class=\"bordeinferior\" width=\"18%\" height=\"22\">2\u00ba Cuatrimestre<\/td>\n<\/tr>\n<tr class=\"texto\" valign=\"middle\">\n<td class=\"bordeinferior\" height=\"22\">\n<div align=\"left\">Lengua y Discurso I<\/div><\/td>\n<td class=\"bordeinferior\" bgcolor=\"#F0F0F0\" width=\"10%\" height=\"22\">\n<div align=\"center\">4 hs<\/div><\/td>\n<td class=\"bordeinferior\" width=\"18%\" height=\"22\">1\u00ba Cuatrimestre<\/td>\n<\/tr>\n<tr class=\"texto\" valign=\"middle\">\n<td class=\"bordeinferior\" height=\"22\">\n<div align=\"left\">Lengua y Discurso II<\/div><\/td>\n<td class=\"bordeinferior\" bgcolor=\"#F0F0F0\" width=\"10%\" height=\"22\">\n<div align=\"center\">4 hs<\/div><\/td>\n<td class=\"bordeinferior\" width=\"18%\" height=\"22\">2\u00ba Cuatrimestre<\/td>\n<\/tr>\n<tr class=\"texto\" valign=\"middle\">\n<td class=\"bordeinferior\" height=\"22\">Sociolog\u00eda<\/td>\n<td class=\"bordeinferior\" bgcolor=\"#F0F0F0\" width=\"10%\" height=\"22\">\n<div align=\"center\">4 hs<\/div><\/td>\n<td class=\"bordeinferior\" width=\"18%\" height=\"22\">Anual<\/td>\n<\/tr>\n<tr class=\"texto\" valign=\"middle\">\n<td colspan=\"3\" bgcolor=\"#D6D6D6\" height=\"22\"><\/td>\n<\/tr>\n<\/tbody>\n<\/table>\n<p class=\"texto\"><strong>*Obligatoria para alumnos que aspiren a continuar en la Orientaci\u00f3n Locuci\u00f3n, extracurricular para los dem\u00e1s alumnos.<\/strong><\/p>\n&nbsp;\n<table class=\"programas\">\n<caption><b class=\"tabla1\">CICLO BASICO | Segundo A\u00f1o<\/b><\/caption>\n<tbody>\n<tr class=\"texto\" valign=\"middle\">\n<td class=\"bordeinferior\" width=\"451\" height=\"22\">Lengua y Discurso III<\/td>\n<td class=\"bordeinferior\" valign=\"TOP\" bgcolor=\"#F0F0F0\" width=\"10%\" height=\"22\">\n<div align=\"center\">2 hs<\/div><\/td>\n<td class=\"bordeinferior\" valign=\"TOP\" width=\"18%\" height=\"22\">Anual<\/td>\n<\/tr>\n<tr class=\"texto\" valign=\"middle\">\n<td class=\"bordeinferior\" height=\"22\">Comunicaci\u00f3n Social II<\/td>\n<td class=\"bordeinferior\" valign=\"TOP\" bgcolor=\"#F0F0F0\" width=\"10%\" height=\"22\">\n<div align=\"center\">4 hs<\/div><\/td>\n<td class=\"bordeinferior\" valign=\"TOP\" width=\"18%\" height=\"22\">2\u00ba Cuatrimestre<\/td>\n<\/tr>\n<tr class=\"texto\" valign=\"middle\">\n<td class=\"bordeinferior\" height=\"22\">Redacci\u00f3n Period\u00edstica<\/td>\n<td class=\"bordeinferior\" valign=\"TOP\" bgcolor=\"#F0F0F0\" width=\"10%\" height=\"22\">\n<div align=\"center\">4hs<\/div><\/td>\n<td class=\"bordeinferior\" valign=\"TOP\" width=\"18%\" height=\"22\">Anual<\/td>\n<\/tr>\n<tr class=\"texto\" valign=\"middle\">\n<td class=\"bordeinferior\" height=\"22\">\n<div align=\"left\">Comunicaci\u00f3n Radiof\u00f3nica<\/div><\/td>\n<td class=\"bordeinferior\" valign=\"TOP\" bgcolor=\"#F0F0F0\" width=\"10%\" height=\"22\">\n<div align=\"center\">4 hs<\/div><\/td>\n<td class=\"bordeinferior\" valign=\"TOP\" width=\"18%\" height=\"22\">Anual<\/td>\n<\/tr>\n<tr class=\"texto\" valign=\"middle\">\n<td class=\"bordeinferior\" height=\"22\">Pedagog\u00eda<\/td>\n<td class=\"bordeinferior\" valign=\"TOP\" bgcolor=\"#F0F0F0\" width=\"10%\" height=\"22\">\n<div align=\"center\">6 hs<\/div><\/td>\n<td class=\"bordeinferior\" valign=\"TOP\" width=\"18%\" height=\"22\">1\u00ba Cuatrimestre<\/td>\n<\/tr>\n<tr class=\"texto\" valign=\"middle\">\n<td class=\"bordeinferior\" height=\"22\">Cine<\/td>\n<td class=\"bordeinferior\" valign=\"TOP\" bgcolor=\"#F0F0F0\" width=\"10%\" height=\"22\">\n<div align=\"center\">4 hs<\/div><\/td>\n<td class=\"bordeinferior\" valign=\"TOP\" width=\"18%\" height=\"22\">2\u00ba Cuatrimestre<\/td>\n<\/tr>\n<tr class=\"texto\" valign=\"middle\">\n<td class=\"bordeinferior\" height=\"22\">Psicolog\u00eda I<\/td>\n<td class=\"bordeinferior\" valign=\"TOP\" bgcolor=\"#F0F0F0\" width=\"10%\" height=\"22\">\n<div align=\"center\">6 hs<\/div><\/td>\n<td class=\"bordeinferior\" valign=\"TOP\" width=\"18%\" height=\"22\">1\u00ba Cuatrimestre<\/td>\n<\/tr>\n<tr class=\"texto\" valign=\"middle\">\n<td class=\"bordeinferior\" height=\"22\">Inform\u00e1tica para Medios de Comunicaci\u00f3n<\/td>\n<td class=\"bordeinferior\" valign=\"TOP\" bgcolor=\"#F0F0F0\" width=\"10%\" height=\"22\">\n<div align=\"center\">2 hs<\/div><\/td>\n<td class=\"bordeinferior\" valign=\"TOP\" width=\"18%\" height=\"22\">Anual<\/td>\n<\/tr>\n<tr class=\"texto\" valign=\"middle\">\n<td colspan=\"3\" bgcolor=\"#D6D6D6\" height=\"22\"><\/td>\n<\/tr>\n<\/tbody>\n<\/table>\n<p class=\"texto\" align=\"left\">Idioma Requisito: Ingl\u00e9s Nivel I Anual 3 hs.<\/p>\n\n<table class=\"programas\">\n<caption>Tercer A\u00f1o<\/caption>\n<tbody>\n<tr class=\"texto\" valign=\"middle\">\n<td class=\"bordeinferior\" bgcolor=\"#FFFFFF\" height=\"22\">\n<div align=\"left\">Comunicaci\u00f3n Social III<\/div><\/td>\n<td class=\"bordeinferior\" bgcolor=\"#F0F0F0\" width=\"10%\" height=\"22\">\n<div align=\"center\">2 hs<\/div><\/td>\n<td class=\"bordeinferior\" bgcolor=\"#FFFFFF\" width=\"18%\" height=\"22\">Anual<\/td>\n<\/tr>\n<tr class=\"texto\" valign=\"middle\">\n<td class=\"bordeinferior\" bgcolor=\"#FFFFFF\" height=\"22\">\n<div align=\"left\">Dise\u00f1o Editorial<\/div><\/td>\n<td class=\"bordeinferior\" bgcolor=\"#F0F0F0\" width=\"10%\" height=\"22\">\n<div align=\"center\">2 hs<\/div><\/td>\n<td class=\"bordeinferior\" bgcolor=\"#FFFFFF\" width=\"18%\" height=\"22\">Anual<\/td>\n<\/tr>\n<tr class=\"texto\" valign=\"middle\">\n<td class=\"bordeinferior\" bgcolor=\"#FFFFFF\" height=\"22\">\n<div align=\"left\">Pol\u00edtica Educacional Argentina<\/div><\/td>\n<td class=\"bordeinferior\" bgcolor=\"#F0F0F0\" width=\"10%\" height=\"22\">\n<div align=\"center\">6 hs<\/div><\/td>\n<td class=\"bordeinferior\" bgcolor=\"#FFFFFF\" width=\"18%\" height=\"22\">1\u00ba Cuatrimestre<\/td>\n<\/tr>\n<tr class=\"texto\" valign=\"middle\">\n<td class=\"bordeinferior\" bgcolor=\"#FFFFFF\" height=\"22\">\n<div align=\"left\">Did\u00e1ctica General<\/div><\/td>\n<td class=\"bordeinferior\" bgcolor=\"#F0F0F0\" width=\"10%\" height=\"22\">\n<div align=\"center\">6 hs<\/div><\/td>\n<td class=\"bordeinferior\" bgcolor=\"#FFFFFF\" width=\"18%\" height=\"22\">2\u00ba Cuatrimestre<\/td>\n<\/tr>\n<tr class=\"texto\" valign=\"middle\">\n<td class=\"bordeinferior\" bgcolor=\"#FFFFFF\" height=\"22\">\n<div align=\"left\">Arte y Literatura<\/div><\/td>\n<td class=\"bordeinferior\" bgcolor=\"#F0F0F0\" width=\"10%\" height=\"22\">\n<div align=\"center\">2 hs<\/div><\/td>\n<td class=\"bordeinferior\" bgcolor=\"#FFFFFF\" width=\"18%\" height=\"22\">Anual<\/td>\n<\/tr>\n<tr class=\"texto\" valign=\"middle\">\n<td class=\"bordeinferior\" bgcolor=\"#FFFFFF\" height=\"22\">\n<div align=\"left\">Psicolog\u00eda II<\/div><\/td>\n<td class=\"bordeinferior\" bgcolor=\"#F0F0F0\" width=\"10%\" height=\"22\">\n<div align=\"center\">6 hs<\/div><\/td>\n<td class=\"bordeinferior\" bgcolor=\"#FFFFFF\" width=\"18%\" height=\"22\">1\u00ba Cuatrimestre<\/td>\n<\/tr>\n<tr class=\"texto\" valign=\"middle\">\n<td class=\"bordeinferior\" bgcolor=\"#FFFFFF\" height=\"22\">\n<div align=\"left\">Comunicaci\u00f3n Audiovisual<\/div><\/td>\n<td class=\"bordeinferior\" bgcolor=\"#F0F0F0\" width=\"10%\" height=\"22\">\n<div align=\"center\">4 hs<\/div><\/td>\n<td class=\"bordeinferior\" bgcolor=\"#FFFFFF\" width=\"18%\" height=\"22\">Anual<\/td>\n<\/tr>\n<tr class=\"texto\" valign=\"middle\">\n<td colspan=\"3\" bgcolor=\"#D6D6D6\" height=\"22\"><\/td>\n<\/tr>\n<\/tbody>\n<\/table>\n<p class=\"texto\" align=\"left\">Idioma Requisito: Ingl\u00e9s Nivel II Anual 3 hs.<\/p>\n\n<table class=\"programas\">\n<caption><b>CICLO SUPERIOS | Cuarto A\u00f1o<\/caption>\n<tbody>\n<tr class=\"texto\" valign=\"middle\">\n<td class=\"bordeinferior\" width=\"562\" height=\"22\">\n<div align=\"left\">Comunicaci\u00f3n Interpersonal y Grupal<\/div><\/td>\n<td class=\"bordeinferior\" bgcolor=\"#F0F0F0\" width=\"10%\" height=\"22\">\n<div align=\"center\">2 hs<\/div><\/td>\n<td class=\"bordeinferior\" width=\"18%\" height=\"22\">Anual<\/td>\n<\/tr>\n<tr class=\"texto\" valign=\"middle\">\n<td class=\"bordeinferior\" height=\"22\">\n<div align=\"left\">Semi\u00f3tica<\/div><\/td>\n<td class=\"bordeinferior\" bgcolor=\"#F0F0F0\" width=\"10%\" height=\"22\">\n<div align=\"center\">2 hs<\/div><\/td>\n<td class=\"bordeinferior\" width=\"18%\" height=\"22\">Anual<\/td>\n<\/tr>\n<tr class=\"texto\" valign=\"middle\">\n<td class=\"bordeinferior\" height=\"22\">\n<div align=\"left\">Filosof\u00eda de la Cultura<\/div><\/td>\n<td class=\"bordeinferior\" bgcolor=\"#F0F0F0\" width=\"10%\" height=\"22\">\n<div align=\"center\">4 hs<\/div><\/td>\n<td class=\"bordeinferior\" width=\"18%\" height=\"22\">2\u00ba Cuatrimestre<\/td>\n<\/tr>\n<tr class=\"texto\" valign=\"middle\">\n<td class=\"bordeinferior\" height=\"22\">\n<div align=\"left\">Comunicaci\u00f3n en Multimedia<\/div><\/td>\n<td class=\"bordeinferior\" bgcolor=\"#F0F0F0\" width=\"10%\" height=\"22\">\n<div align=\"center\">4 hs<\/div><\/td>\n<td class=\"bordeinferior\" width=\"18%\" height=\"22\">1\u00ba Cuatrimestre<\/td>\n<\/tr>\n<tr class=\"texto\" valign=\"middle\">\n<td class=\"bordeinferior\" height=\"22\">\n<div align=\"left\">Comunicaci\u00f3n y Cultura<\/div><\/td>\n<td class=\"bordeinferior\" bgcolor=\"#F0F0F0\" width=\"10%\" height=\"22\">\n<div align=\"center\">40 hs<\/div><\/td>\n<td class=\"bordeinferior\" width=\"18%\" height=\"22\">Seminario<\/td>\n<\/tr>\n<tr class=\"texto\" valign=\"middle\">\n<td class=\"bordeinferior\" height=\"22\">\n<div align=\"left\">Comunicaci\u00f3n y Educaci\u00f3n<\/div><\/td>\n<td class=\"bordeinferior\" bgcolor=\"#F0F0F0\" width=\"10%\" height=\"22\">\n<div align=\"center\">40 hs<\/div><\/td>\n<td class=\"bordeinferior\" width=\"18%\" height=\"22\">Seminario<\/td>\n<\/tr>\n<tr class=\"texto\" valign=\"middle\">\n<td class=\"bordeinferior\" height=\"22\">\n<div align=\"left\">An\u00e1lisis, Producci\u00f3n y Evaluaci\u00f3n de Materiales y Medios de Comunicaci\u00f3n<\/div><\/td>\n<td class=\"bordeinferior\" bgcolor=\"#F0F0F0\" width=\"10%\" height=\"22\">\n<div align=\"center\">40 hs<\/div><\/td>\n<td class=\"bordeinferior\" width=\"18%\" height=\"22\">Seminario<\/td>\n<\/tr>\n<tr class=\"texto\" valign=\"middle\">\n<td class=\"bordeinferior\" height=\"22\">\n<div align=\"left\">Pol\u00edtica y Opini\u00f3n P\u00fablica<\/div><\/td>\n<td class=\"bordeinferior\" bgcolor=\"#F0F0F0\" width=\"10%\" height=\"22\">\n<div align=\"center\">40 hs<\/div><\/td>\n<td class=\"bordeinferior\" width=\"18%\" height=\"22\">Seminario<\/td>\n<\/tr>\n<tr class=\"texto\" valign=\"middle\">\n<td class=\"bordeinferior\" height=\"22\">\n<div align=\"left\">Did\u00e1ctica Especial y Residencia<\/div><\/td>\n<td class=\"bordeinferior\" bgcolor=\"#F0F0F0\" width=\"10%\" height=\"22\">\n<div align=\"center\">10 hs<\/div><\/td>\n<td class=\"bordeinferior\" width=\"18%\" height=\"22\">Anual<\/td>\n<\/tr>\n<tr class=\"texto\" valign=\"middle\">\n<td colspan=\"3\" bgcolor=\"#D6D6D6\" height=\"22\"><\/td>\n<\/tr>\n<\/tbody>\n<\/table>\t\t\t\t\t\t\t\t<\/div>\n\t\t\t\t<\/div>\n\t\t\t\t<div class=\"elementor-element elementor-element-3eda285 elementor-widget elementor-widget-shortcode\" data-id=\"3eda285\" data-element_type=\"widget\" data-e-type=\"widget\" data-widget_type=\"shortcode.default\">\n\t\t\t\t<div class=\"elementor-widget-container\">\n\t\t\t\t\t\t\t<div class=\"elementor-shortcode\">\t\t<div data-elementor-type=\"section\" data-elementor-id=\"4583\" class=\"elementor elementor-4583\" data-elementor-post-type=\"elementor_library\">\n\t\t\t\t\t<section class=\"elementor-section elementor-top-section elementor-element elementor-element-14232f66 elementor-section-boxed elementor-section-height-default elementor-section-height-default\" data-id=\"14232f66\" data-element_type=\"section\" data-e-type=\"section\">\n\t\t\t\t\t\t<div class=\"elementor-container elementor-column-gap-default\">\n\t\t\t\t\t<div class=\"elementor-column elementor-col-100 elementor-top-column elementor-element elementor-element-613d052d\" data-id=\"613d052d\" data-element_type=\"column\" data-e-type=\"column\">\n\t\t\t<div class=\"elementor-widget-wrap elementor-element-populated\">\n\t\t\t\t\t\t<div class=\"elementor-element elementor-element-6b448111 elementor-widget-divider--view-line elementor-widget elementor-widget-divider\" data-id=\"6b448111\" data-element_type=\"widget\" data-e-type=\"widget\" data-widget_type=\"divider.default\">\n\t\t\t\t<div class=\"elementor-widget-container\">\n\t\t\t\t\t\t\t<div class=\"elementor-divider\">\n\t\t\t<span class=\"elementor-divider-separator\">\n\t\t\t\t\t\t<\/span>\n\t\t<\/div>\n\t\t\t\t\t\t<\/div>\n\t\t\t\t<\/div>\n\t\t\t\t<div class=\"elementor-element elementor-element-4d542db7 elementor-widget elementor-widget-text-editor\" data-id=\"4d542db7\" data-element_type=\"widget\" data-e-type=\"widget\" data-widget_type=\"text-editor.default\">\n\t\t\t\t<div class=\"elementor-widget-container\">\n\t\t\t\t\t\t\t\t\t<p><strong>INFORMACI\u00d3N<\/strong><br \/>Departamento de Alumnos<br \/>TE: (0298) 4435700<br \/>Correo electr\u00f3nico:\u00a0<a href=\"mailto:alumnos@fade.uncoma.edu.ar\">alumnos@fade.uncoma.edu.ar<\/a><br \/>Mendoza y Per\u00fa.<br \/>(8332) General Roca, R\u00edo Negro<br \/>Argentina<\/p>\t\t\t\t\t\t\t\t<\/div>\n\t\t\t\t<\/div>\n\t\t\t\t\t<\/div>\n\t\t<\/div>\n\t\t\t\t\t<\/div>\n\t\t<\/section>\n\t\t\t\t<\/div>\n\t\t<\/div>\n\t\t\t\t\t\t<\/div>\n\t\t\t\t<\/div>\n\t\t\t\t\t<\/div>\n\t\t<\/div>\n\t\t\t\t<div class=\"elementor-column elementor-col-50 elementor-top-column elementor-element elementor-element-521d9ab\" data-id=\"521d9ab\" data-element_type=\"column\" data-e-type=\"column\">\n\t\t\t<div class=\"elementor-widget-wrap elementor-element-populated\">\n\t\t\t\t\t\t<div class=\"elementor-element elementor-element-d8c10b0 elementor-nav-menu__align-start elementor-nav-menu--dropdown-none elementor-widget elementor-widget-nav-menu\" data-id=\"d8c10b0\" data-element_type=\"widget\" data-e-type=\"widget\" id=\"menu-lateral\" data-settings=\"{&quot;layout&quot;:&quot;vertical&quot;,&quot;submenu_icon&quot;:{&quot;value&quot;:&quot;&lt;i class=\\&quot;fas fa-caret-down\\&quot; aria-hidden=\\&quot;true\\&quot;&gt;&lt;\\\/i&gt;&quot;,&quot;library&quot;:&quot;fa-solid&quot;}}\" data-widget_type=\"nav-menu.default\">\n\t\t\t\t<div class=\"elementor-widget-container\">\n\t\t\t\t\t\t\t\t<nav aria-label=\"Menu\" class=\"elementor-nav-menu--main elementor-nav-menu__container elementor-nav-menu--layout-vertical e--pointer-background e--animation-fade\">\n\t\t\t\t<ul id=\"menu-1-d8c10b0\" class=\"elementor-nav-menu sm-vertical\"><li class=\"menu-item menu-item-type-post_type menu-item-object-page menu-item-5339\"><a href=\"https:\/\/fadeweb.uncoma.edu.ar\/index.php\/carreras\/profesorado-en-comunicacion-social\/plan-de-estudios-profesorado-en-comunicacion-social\/\" class=\"elementor-item\">PLAN DE ESTUDIOS<\/a><\/li>\n<li class=\"menu-item menu-item-type-post_type menu-item-object-page menu-item-5338\"><a href=\"https:\/\/fadeweb.uncoma.edu.ar\/index.php\/carreras\/profesorado-en-comunicacion-social\/correlatividades-profesorado-en-comunicacion-social\/\" class=\"elementor-item\">CORRELATIVIDADES<\/a><\/li>\n<li class=\"menu-item menu-item-type-post_type menu-item-object-page menu-item-5342\"><a href=\"https:\/\/fadeweb.uncoma.edu.ar\/index.php\/programas\/programa-profesorado-en-comunicacion-social\/\" class=\"elementor-item\">PROGRAMAS<\/a><\/li>\n<li class=\"menu-item menu-item-type-post_type menu-item-object-page menu-item-5344\"><a href=\"https:\/\/fadeweb.uncoma.edu.ar\/index.php\/estudiantes\/calendario-academico\/\" class=\"elementor-item\">CALENDARIO ACADEMICO<\/a><\/li>\n<li class=\"menu-item menu-item-type-post_type menu-item-object-page menu-item-5345\"><a href=\"https:\/\/fadeweb.uncoma.edu.ar\/index.php\/estudiantes\/horarios-de-cursadas\/\" class=\"elementor-item\">HORARIOS CURSADAS<\/a><\/li>\n<li class=\"menu-item menu-item-type-custom menu-item-object-custom menu-item-5346\"><a href=\"http:\/\/siufade.uncoma.edu.ar\/\" class=\"elementor-item\">SIU FADE: Sistema de Gesti\u00f3n de Alumnos en Internet<\/a><\/li>\n<li class=\"menu-item menu-item-type-custom menu-item-object-custom menu-item-5347\"><a href=\"https:\/\/siufade.uncoma.edu.ar\/derecho\/fecha_examen\" class=\"elementor-item\">FECHAS DE EX\u00c1MENES<\/a><\/li>\n<\/ul>\t\t\t<\/nav>\n\t\t\t\t\t\t<nav class=\"elementor-nav-menu--dropdown elementor-nav-menu__container\" aria-hidden=\"true\">\n\t\t\t\t<ul id=\"menu-2-d8c10b0\" class=\"elementor-nav-menu sm-vertical\"><li class=\"menu-item menu-item-type-post_type menu-item-object-page menu-item-5339\"><a href=\"https:\/\/fadeweb.uncoma.edu.ar\/index.php\/carreras\/profesorado-en-comunicacion-social\/plan-de-estudios-profesorado-en-comunicacion-social\/\" class=\"elementor-item\" tabindex=\"-1\">PLAN DE ESTUDIOS<\/a><\/li>\n<li class=\"menu-item menu-item-type-post_type menu-item-object-page menu-item-5338\"><a href=\"https:\/\/fadeweb.uncoma.edu.ar\/index.php\/carreras\/profesorado-en-comunicacion-social\/correlatividades-profesorado-en-comunicacion-social\/\" class=\"elementor-item\" tabindex=\"-1\">CORRELATIVIDADES<\/a><\/li>\n<li class=\"menu-item menu-item-type-post_type menu-item-object-page menu-item-5342\"><a href=\"https:\/\/fadeweb.uncoma.edu.ar\/index.php\/programas\/programa-profesorado-en-comunicacion-social\/\" class=\"elementor-item\" tabindex=\"-1\">PROGRAMAS<\/a><\/li>\n<li class=\"menu-item menu-item-type-post_type menu-item-object-page menu-item-5344\"><a href=\"https:\/\/fadeweb.uncoma.edu.ar\/index.php\/estudiantes\/calendario-academico\/\" class=\"elementor-item\" tabindex=\"-1\">CALENDARIO ACADEMICO<\/a><\/li>\n<li class=\"menu-item menu-item-type-post_type menu-item-object-page menu-item-5345\"><a href=\"https:\/\/fadeweb.uncoma.edu.ar\/index.php\/estudiantes\/horarios-de-cursadas\/\" class=\"elementor-item\" tabindex=\"-1\">HORARIOS CURSADAS<\/a><\/li>\n<li class=\"menu-item menu-item-type-custom menu-item-object-custom menu-item-5346\"><a href=\"http:\/\/siufade.uncoma.edu.ar\/\" class=\"elementor-item\" tabindex=\"-1\">SIU FADE: Sistema de Gesti\u00f3n de Alumnos en Internet<\/a><\/li>\n<li class=\"menu-item menu-item-type-custom menu-item-object-custom menu-item-5347\"><a href=\"https:\/\/siufade.uncoma.edu.ar\/derecho\/fecha_examen\" class=\"elementor-item\" tabindex=\"-1\">FECHAS DE EX\u00c1MENES<\/a><\/li>\n<\/ul>\t\t\t<\/nav>\n\t\t\t\t\t\t<\/div>\n\t\t\t\t<\/div>\n\t\t\t\t\t<\/div>\n\t\t<\/div>\n\t\t\t\t\t<\/div>\n\t\t<\/section>\n\t\t\t\t<\/div>\n\t\t","protected":false},"excerpt":{"rendered":"<p>PROFESORADO EN COMUNICACION SOCIAL PLAN DE ESTUDIOS Plan de estudios aprobado en diciembre de 2002 y que comienza a implementarse en el ciclo 2003\u00a0. CICLO INTRODUCTORIO | Primer A\u00f1o Introducci\u00f3n al Periodismo 2 hs Anual Introducci\u00f3n a la Gesti\u00f3n y Producci\u00f3n en Comunicaci\u00f3n 2 hs Anual Introducci\u00f3n a la Comunicaci\u00f3n Visual 4 hs Anual Introducci\u00f3n [&hellip;]<\/p>\n","protected":false},"author":2,"featured_media":0,"parent":3340,"menu_order":0,"comment_status":"closed","ping_status":"closed","template":"","meta":{"footnotes":""},"class_list":["post-5331","page","type-page","status-publish","hentry"],"_links":{"self":[{"href":"https:\/\/fadeweb.uncoma.edu.ar\/index.php\/wp-json\/wp\/v2\/pages\/5331","targetHints":{"allow":["GET"]}}],"collection":[{"href":"https:\/\/fadeweb.uncoma.edu.ar\/index.php\/wp-json\/wp\/v2\/pages"}],"about":[{"href":"https:\/\/fadeweb.uncoma.edu.ar\/index.php\/wp-json\/wp\/v2\/types\/page"}],"author":[{"embeddable":true,"href":"https:\/\/fadeweb.uncoma.edu.ar\/index.php\/wp-json\/wp\/v2\/users\/2"}],"replies":[{"embeddable":true,"href":"https:\/\/fadeweb.uncoma.edu.ar\/index.php\/wp-json\/wp\/v2\/comments?post=5331"}],"version-history":[{"count":4,"href":"https:\/\/fadeweb.uncoma.edu.ar\/index.php\/wp-json\/wp\/v2\/pages\/5331\/revisions"}],"predecessor-version":[{"id":5354,"href":"https:\/\/fadeweb.uncoma.edu.ar\/index.php\/wp-json\/wp\/v2\/pages\/5331\/revisions\/5354"}],"up":[{"embeddable":true,"href":"https:\/\/fadeweb.uncoma.edu.ar\/index.php\/wp-json\/wp\/v2\/pages\/3340"}],"wp:attachment":[{"href":"https:\/\/fadeweb.uncoma.edu.ar\/index.php\/wp-json\/wp\/v2\/media?parent=5331"}],"curies":[{"name":"wp","href":"https:\/\/api.w.org\/{rel}","templated":true}]}}