{"id":4911,"date":"2022-09-29T12:13:48","date_gmt":"2022-09-29T15:13:48","guid":{"rendered":"http:\/\/170.210.81.106\/newfade\/?page_id=4911"},"modified":"2022-11-10T08:28:59","modified_gmt":"2022-11-10T11:28:59","slug":"abogacia-correlatividades-plan-087-85","status":"publish","type":"page","link":"https:\/\/fadeweb.uncoma.edu.ar\/index.php\/carreras\/abogacia\/abogacia-correlatividades-plan-087-85\/","title":{"rendered":"ABOGACIA CORRELATIVIDADES PLAN 087\/85"},"content":{"rendered":"\t\t<div data-elementor-type=\"wp-page\" data-elementor-id=\"4911\" class=\"elementor elementor-4911\" data-elementor-post-type=\"page\">\n\t\t\t\t\t\t<section class=\"elementor-section elementor-top-section elementor-element elementor-element-7278ce2 elementor-section-boxed elementor-section-height-default elementor-section-height-default\" data-id=\"7278ce2\" data-element_type=\"section\" data-e-type=\"section\">\n\t\t\t\t\t\t<div class=\"elementor-container elementor-column-gap-default\">\n\t\t\t\t\t<div class=\"elementor-column elementor-col-66 elementor-top-column elementor-element elementor-element-5a493a3\" data-id=\"5a493a3\" data-element_type=\"column\" data-e-type=\"column\">\n\t\t\t<div class=\"elementor-widget-wrap elementor-element-populated\">\n\t\t\t\t\t\t<div class=\"elementor-element elementor-element-c4b2e45 elementor-widget elementor-widget-text-editor\" data-id=\"c4b2e45\" data-element_type=\"widget\" data-e-type=\"widget\" data-widget_type=\"text-editor.default\">\n\t\t\t\t<div class=\"elementor-widget-container\">\n\t\t\t\t\t\t\t\t\t<h1><span class=\"titulo1\">ABOGACIA<\/span><\/h1><h2><span class=\"titulo2\">CORRELATIVIDADES<\/span><\/h2><p><span class=\"texto\">Plan de estudios: Ordenanza N\u00ba 087\/85 y mod. 492\/04, 1021\/05<\/span><\/p><div align=\"left\"><table class=\"correlativas\"><tbody><tr><td>\u00a0<\/td><td class=\"c1\"><strong>PARA CURSAR<\/strong><\/td><td class=\"c1\">\u00a0<\/td><td class=\"c2\"><div align=\"left\"><strong>\u00a0PARA RENDIR<\/strong><\/div><\/td><\/tr><tr><td><p align=\"left\">ASIGNATURA<\/p><\/td><td><p align=\"left\">TENER CURSADA<\/p><\/td><td><div align=\"left\">TENER APROBADA<\/div><\/td><td><div align=\"left\">TENER APROBADA<\/div><\/td><\/tr><tr><td>Teor\u00eda Gral. del Der. II<\/td><td>\u00a0<\/td><td>Teor\u00eda Gral. del Derecho I<\/td><td>Teor\u00eda Gral. del Derecho I<\/td><\/tr><tr><td>Derecho Pol\u00edtico II<\/td><td>Derecho Pol\u00edtico I<\/td><td>\u00a0<\/td><td>Derecho Pol\u00edtico I<\/td><\/tr><tr><td>Derecho Constitucional<\/td><td>Derecho Pol\u00edtico II<\/td><td>Derecho Pol\u00edtico I<br \/>Teor\u00eda Gral Dcho I<\/td><td>Teor\u00eda Gral. del Derecho I &#8211; Derecho Pol\u00edtico II<\/td><\/tr><tr><td>Finanzas y Dcho. Financiero<\/td><td>Econom\u00eda Pol\u00edtica<\/td><td>\u00a0<\/td><td>Econom\u00eda Pol\u00edtica<\/td><\/tr><tr><td>Derecho Civil I<\/td><td>Derecho Romano<\/td><td>\u00a0<\/td><td>Derecho Romano<br \/>Teor\u00eda Gral. Dcho I<\/td><\/tr><tr><td>Derecho P\u00fablico Prov y municipal<\/td><td>\u00a0<\/td><td>Derecho Pol\u00edtico I<\/td><td>Derecho Constitucional<\/td><\/tr><tr><td>Derecho Penal I<\/td><td>Derecho Romano<br \/>Derecho Constitucional<\/td><td>Teor\u00eda Gral. Dcho I<\/td><td>Dcho Civil I<br \/>Dcho Constitucional<\/td><\/tr><tr><td>Derecho Civil II<\/td><td>Derecho Civil I<\/td><td>\u00a0<\/td><td>Derecho Civil I<\/td><\/tr><tr><td>Derecho Penal II<\/td><td>Derecho Penal I<\/td><td>\u00a0<\/td><td>Derecho Penal I<\/td><\/tr><tr><td>Derecho Procesal I<\/td><td>Derecho Penal I<\/td><td>\u00a0<\/td><td>Derecho Penal II<\/td><\/tr><tr><td>Derecho Civil III<\/td><td>Derecho Civil II<\/td><td>Derecho Civil I<\/td><td>Derecho Civil II<\/td><\/tr><tr><td>Derecho Comercial I<\/td><td>Derecho Civil II<\/td><td>Derecho Civil I<\/td><td>Derecho Civil III<\/td><\/tr><tr><td>Pr\u00e1ctica Prof I<\/td><td>Derecho Procesal I<\/td><td>\u00a0<\/td><td>Derecho Procesal I<\/td><\/tr><tr><td>Dcho Comercial II<\/td><td>Derecho Comercial I<\/td><td>\u00a0<\/td><td>Derecho Comercial I<\/td><\/tr><tr><td>Derecho Social<\/td><td>\u00a0<\/td><td>Derecho Constitucional<\/td><td>Dcho Constitucional Derecho Civil III<\/td><\/tr><tr><td>Derecho Procesal II<\/td><td>Derecho Procesal I<br \/>Derecho Civil III<br \/>Derecho Comercial I<\/td><td>Derecho Civil II<\/td><td>Derecho Procesal I<br \/>Derecho Civil III<br \/>Derecho Comercial II<\/td><\/tr><tr><td>Derecho de los Rec Naturales<\/td><td>Derecho Civil III<\/td><td>Derecho Civil II<\/td><td>Derecho Civil III<\/td><\/tr><tr><td>Derecho Civil IV<\/td><td>Derecho Civil III<\/td><td>Derecho Civil II<\/td><td>Derecho Civil III<\/td><\/tr><tr><td>Pr\u00e1ctica Profesional II<\/td><td>Derecho Procesal II<\/td><td>\u00a0<\/td><td>Derecho Procesal II<\/td><\/tr><tr><td>Pr\u00e1ctica Profesional III<\/td><td>Derecho Procesal II<br \/>Derecho Administrativo<\/td><td>\u00a0<\/td><td>Derecho Procesal II<br \/>Derecho Administrativo<\/td><\/tr><tr><td>Derecho Civil V<\/td><td>Derecho Civil IV<\/td><td>Derecho Civil III<\/td><td>Derecho Civil IV<\/td><\/tr><tr><td>Derecho Administrativo<\/td><td>Derecho P\u00fablico Munic y Provincial<\/td><td>\u00a0<\/td><td>Derecho P\u00fab. Munic y Prov.<br \/>Derecho Civil IV<\/td><\/tr><tr><td>Derecho Comercial III<\/td><td>Derecho Comercial II<br \/>Derecho Procesal II<\/td><td>Derecho Comercial I<\/td><td>Derecho Comercial II<br \/>Derecho Procesal II<\/td><\/tr><tr><td>Derecho Internacional<\/td><td>Derecho Civil V<br \/>Derecho Comercial III<\/td><td>Derecho Constitucional<\/td><td>Derecho Civil V<br \/>Derecho Comercial III<\/td><\/tr><tr><td>Derecho Empresario y de la Act Econ\u00f3mica<\/td><td>Derecho Comercial III<\/td><td>Fzas y D. Financiero<\/td><td>Fzas y D. Financiero<br \/>Dcho. Comercial III<\/td><\/tr><\/tbody><\/table><h3 class=\"linea1\">SEMINARIOS<\/h3><\/div><div align=\"left\"><div align=\"left\"><p class=\"subt1a\"><b>Orientaci\u00f3n Derecho Comercial y Econ\u00f3mico Financiero I<\/b><\/p><table class=\"correlativas\"><tbody><tr><td>\u00a0<\/td><td class=\"c1\"><strong>PARA CURSAR<\/strong><\/td><td class=\"c1\">\u00a0<\/td><td class=\"c2\"><div align=\"left\"><strong>PARA RENDIR <\/strong><\/div><\/td><\/tr><tr><td><p align=\"left\">ASIGNATURA<\/p><\/td><td><p align=\"left\">TENER CURSADA<\/p><\/td><td height=\"22\"><div align=\"left\">TENER APROBADA<\/div><\/td><td><div align=\"left\">TENER APROBADA<\/div><\/td><\/tr><tr><td height=\"22\">D. Societ. y Financ<\/td><td>\u00a0<\/td><td>Derecho Comercial II<\/td><td>Derecho Comercial II<\/td><\/tr><tr><td height=\"22\">Derecho Concursal<\/td><td>\u00a0<\/td><td>Derecho Comercial III<\/td><td>Derecho Comercial III<br \/>Dcho. Societ y Finac<\/td><\/tr><tr><td height=\"22\">Derecho Bancario y Burs\u00e1til<\/td><td>\u00a0<\/td><td>Derecho Comercial III<\/td><td>Derecho Comercial III<br \/>Derecho Concursal<\/td><\/tr><\/tbody><\/table><p class=\"subt1a\" align=\"left\"><b> Orientaci\u00f3n Derecho Social<\/b><\/p><table class=\"correlativas\"><tbody><tr><td>\u00a0<\/td><td class=\"c1\"><strong>PARA CURSAR<\/strong><\/td><td class=\"c1\">\u00a0<\/td><td class=\"c2\" width=\"180\" height=\"22\"><div align=\"left\"><strong>\u00a0PARA RENDIR<\/strong><\/div><\/td><\/tr><tr><td><p align=\"left\">ASIGNATURA<\/p><\/td><td><p align=\"left\">TENER CURSADA<\/p><\/td><td height=\"22\"><div align=\"left\">TENER APROBADA<\/div><\/td><td><div align=\"left\">TENER APROBADA<\/div><\/td><\/tr><tr><td height=\"22\">D. Seg. y Prev. Social<\/td><td>\u00a0<\/td><td>Derecho Social<\/td><td>Derecho Social<\/td><\/tr><tr><td height=\"22\">Proced. Lab. Pcias RN y Nqn<\/td><td>Derecho Procesal II<\/td><td>Derecho Social<\/td><td>Derecho Social<br \/>Derecho Procesal II<\/td><\/tr><tr><td height=\"22\">D. Sind. y Asoc Prof.<\/td><td>\u00a0<\/td><td>Derecho Social<\/td><td>Derecho Social<\/td><\/tr><\/tbody><\/table><p class=\"subt1\" align=\"left\">\u00a0<\/p><\/div><p class=\"subt1a\" align=\"left\"><b> Orientaci\u00f3n Derecho de los Recursos Naturales<\/b><\/p><table class=\"correlativas\"><tbody><tr><td width=\"176\" height=\"22\">\u00a0<\/td><td class=\"c1\" width=\"190\" height=\"22\"><strong>PARA CURSAR<\/strong><\/td><td class=\"c1\" width=\"190\" height=\"22\">\u00a0<\/td><td class=\"c2\" width=\"190\" height=\"22\"><div align=\"left\"><strong>PARA RENDIR<\/strong><\/div><\/td><\/tr><tr><td><p align=\"left\">ASIGNATURA<\/p><\/td><td><p align=\"left\">TENER CURSADA<\/p><\/td><td height=\"22\"><div align=\"left\">TENER APROBADA<\/div><\/td><td><div align=\"left\">TENER APROBADA<\/div><\/td><\/tr><tr><td height=\"22\">Derecho de Aguas<\/td><td>\u00a0<\/td><td>Derecho de los Rec. Nat.<\/td><td>Derecho de los Rec. Nat.<\/td><\/tr><tr><td height=\"22\">D. Min y de la Ener.<\/td><td>Derecho Civil IV<\/td><td>Derecho de los Rec. Nat.<\/td><td>Derecho de los Rec. Nat.<\/td><\/tr><tr><td height=\"22\">D. Agra. y Ambiental<\/td><td>\u00a0<\/td><td>Derecho de los Rec. Nat.<\/td><td>Derecho de los Rec. Nat.<\/td><\/tr><\/tbody><\/table><p class=\"subt1a\"><strong>Orientaci\u00f3n Derecho Penal<\/strong><\/p><table class=\"correlativas\"><tbody><tr><td width=\"174\" height=\"22\">\u00a0<\/td><td class=\"c1\" width=\"190\" height=\"22\"><strong>PARA CURSAR<\/strong><\/td><td class=\"c1\" width=\"190\" height=\"22\">\u00a0<\/td><td class=\"c2\" width=\"190\" height=\"22\"><div align=\"left\"><strong>\u00a0PARA RENDIR<\/strong><\/div><\/td><\/tr><tr><td><p align=\"left\">ASIGNATURA<\/p><\/td><td><p align=\"left\">TENER CURSADA<\/p><\/td><td height=\"22\"><div align=\"left\">TENER APROBADA<\/div><\/td><td><div align=\"left\">TENER APROBADA<\/div><\/td><\/tr><tr><td height=\"22\">Seminario I<\/td><td>\u00a0<\/td><td>Pr\u00e1ctica Profesional I<\/td><td>Pr\u00e1ctica Profesional I<\/td><\/tr><tr><td height=\"22\">Seminario II<\/td><td>\u00a0<\/td><td>Pr\u00e1ctica Profesional I<\/td><td>Pr\u00e1ctica Profesional I<\/td><\/tr><tr><td height=\"22\">Seminario III<\/td><td>\u00a0<\/td><td>Pr\u00e1ctica Profesional I<\/td><td>Pr\u00e1ctica Profesional I<\/td><\/tr><\/tbody><\/table><p class=\"subt1a\" align=\"left\"><strong>Orientaci\u00f3n Derecho Privado<\/strong><\/p><table class=\"correlativas\"><tbody><tr><td width=\"171\" height=\"22\">\u00a0<\/td><td class=\"c1\" width=\"190\" height=\"22\"><strong>PARA CURSAR<\/strong><\/td><td class=\"c1\" width=\"190\" height=\"22\">\u00a0<\/td><td class=\"c2\" width=\"190\" height=\"22\"><div align=\"left\"><strong>\u00a0PARA RENDIR<\/strong><\/div><\/td><\/tr><tr><td><p align=\"left\">ASIGNATURA<\/p><\/td><td><p align=\"left\">TENER CURSADA<\/p><\/td><td height=\"22\"><div align=\"left\">TENER APROBADA<\/div><\/td><td><div align=\"left\">TENER APROBADA<\/div><\/td><\/tr><tr><td height=\"22\">Derecho de Da\u00f1os<\/td><td>Derecho Civil II<\/td><td>\u00a0<\/td><td>Derecho Civil II<\/td><\/tr><tr><td height=\"22\">Contratos Privados<\/td><td>Derecho Civil III<\/td><td>\u00a0<\/td><td>Derecho Civil III<\/td><\/tr><tr><td height=\"22\">Mediaci\u00f3n<\/td><td>Derecho Procesal II<\/td><td>\u00a0<\/td><td>Derecho Procesal II<\/td><\/tr><\/tbody><\/table><p class=\"subt1a\"><strong>Orientaci\u00f3n Derechos Humanos<\/strong><\/p><table class=\"correlativas\"><tbody><tr><td>\u00a0<\/td><td class=\"c1\" width=\"190\" height=\"22\"><strong>PARA CURSAR<\/strong><\/td><td class=\"c1\" bgcolor=\"#0099CC\" width=\"190\" height=\"22\">\u00a0<\/td><td class=\"c2\" width=\"190\" height=\"22\"><div align=\"left\"><strong>\u00a0PARA RENDIR<\/strong><\/div><\/td><\/tr><tr><td><p align=\"left\">ASIGNATURA<\/p><\/td><td><p align=\"left\">TENER CURSADA<\/p><\/td><td height=\"22\"><div align=\"left\">TENER APROBADA<\/div><\/td><td><div align=\"left\">TENER APROBADA<\/div><\/td><\/tr><tr><td height=\"22\">Seminario I<\/td><td>Derecho Constitucional<\/td><td>\u00a0<\/td><td>Derecho Constitucional<\/td><\/tr><tr><td height=\"22\">Seminario II<\/td><td>Seminario I<\/td><td>\u00a0<\/td><td>Seminario I<\/td><\/tr><tr><td height=\"22\">Seminario III<\/td><td>Seminario II<\/td><td>\u00a0<\/td><td>Seminario II<\/td><\/tr><\/tbody><\/table><\/div>\t\t\t\t\t\t\t\t<\/div>\n\t\t\t\t<\/div>\n\t\t\t\t\t<\/div>\n\t\t<\/div>\n\t\t\t\t<div class=\"elementor-column elementor-col-33 elementor-top-column elementor-element elementor-element-d710307\" data-id=\"d710307\" data-element_type=\"column\" data-e-type=\"column\">\n\t\t\t<div class=\"elementor-widget-wrap elementor-element-populated\">\n\t\t\t\t\t\t<div class=\"elementor-element elementor-element-840b025 elementor-nav-menu__align-start elementor-nav-menu--dropdown-none elementor-widget elementor-widget-nav-menu\" data-id=\"840b025\" data-element_type=\"widget\" data-e-type=\"widget\" id=\"menu-lateral\" data-settings=\"{&quot;layout&quot;:&quot;vertical&quot;,&quot;submenu_icon&quot;:{&quot;value&quot;:&quot;&lt;i class=\\&quot;fas fa-caret-down\\&quot; aria-hidden=\\&quot;true\\&quot;&gt;&lt;\\\/i&gt;&quot;,&quot;library&quot;:&quot;fa-solid&quot;}}\" data-widget_type=\"nav-menu.default\">\n\t\t\t\t<div class=\"elementor-widget-container\">\n\t\t\t\t\t\t\t\t<nav aria-label=\"Menu\" class=\"elementor-nav-menu--main elementor-nav-menu__container elementor-nav-menu--layout-vertical e--pointer-background e--animation-fade\">\n\t\t\t\t<ul id=\"menu-1-840b025\" class=\"elementor-nav-menu sm-vertical\"><li class=\"menu-item menu-item-type-post_type menu-item-object-page menu-item-4856\"><a href=\"https:\/\/fadeweb.uncoma.edu.ar\/index.php\/carreras\/abogacia\/abogacia-nuevo-plan\/\" class=\"elementor-item\">PLAN DE ESTUDIOS<\/a><\/li>\n<li class=\"menu-item menu-item-type-post_type menu-item-object-page menu-item-4931\"><a href=\"https:\/\/fadeweb.uncoma.edu.ar\/index.php\/carreras\/abogacia\/abogacia-correlatividades-plan-087-85\/\" class=\"elementor-item\">CORRELATIVIDADES<\/a><\/li>\n<li class=\"menu-item menu-item-type-post_type menu-item-object-page menu-item-4858\"><a href=\"https:\/\/fadeweb.uncoma.edu.ar\/index.php\/programas\/programa-abogacia\/\" class=\"elementor-item\">PROGRAMAS<\/a><\/li>\n<li class=\"menu-item menu-item-type-post_type menu-item-object-page menu-item-4860\"><a href=\"https:\/\/fadeweb.uncoma.edu.ar\/index.php\/estudiantes\/calendario-academico\/\" class=\"elementor-item\">CALENDARIO ACADEMICO<\/a><\/li>\n<li class=\"menu-item menu-item-type-post_type menu-item-object-page menu-item-4861\"><a href=\"https:\/\/fadeweb.uncoma.edu.ar\/index.php\/estudiantes\/horarios-de-cursadas\/\" class=\"elementor-item\">HORARIOS DE CURSADAS<\/a><\/li>\n<li class=\"menu-item menu-item-type-custom menu-item-object-custom menu-item-4862\"><a href=\"http:\/\/siufade.uncoma.edu.ar\/\" class=\"elementor-item\">SIU FADE: Sistema de Gesti\u00f3n de Alumnos en Internet<\/a><\/li>\n<li class=\"menu-item menu-item-type-custom menu-item-object-custom menu-item-4863\"><a href=\"https:\/\/siufade.uncoma.edu.ar\/derecho\/fecha_examen\" class=\"elementor-item\">FECHAS DE EXAMENES<\/a><\/li>\n<\/ul>\t\t\t<\/nav>\n\t\t\t\t\t\t<nav class=\"elementor-nav-menu--dropdown elementor-nav-menu__container\" aria-hidden=\"true\">\n\t\t\t\t<ul id=\"menu-2-840b025\" class=\"elementor-nav-menu sm-vertical\"><li class=\"menu-item menu-item-type-post_type menu-item-object-page menu-item-4856\"><a href=\"https:\/\/fadeweb.uncoma.edu.ar\/index.php\/carreras\/abogacia\/abogacia-nuevo-plan\/\" class=\"elementor-item\" tabindex=\"-1\">PLAN DE ESTUDIOS<\/a><\/li>\n<li class=\"menu-item menu-item-type-post_type menu-item-object-page menu-item-4931\"><a href=\"https:\/\/fadeweb.uncoma.edu.ar\/index.php\/carreras\/abogacia\/abogacia-correlatividades-plan-087-85\/\" class=\"elementor-item\" tabindex=\"-1\">CORRELATIVIDADES<\/a><\/li>\n<li class=\"menu-item menu-item-type-post_type menu-item-object-page menu-item-4858\"><a href=\"https:\/\/fadeweb.uncoma.edu.ar\/index.php\/programas\/programa-abogacia\/\" class=\"elementor-item\" tabindex=\"-1\">PROGRAMAS<\/a><\/li>\n<li class=\"menu-item menu-item-type-post_type menu-item-object-page menu-item-4860\"><a href=\"https:\/\/fadeweb.uncoma.edu.ar\/index.php\/estudiantes\/calendario-academico\/\" class=\"elementor-item\" tabindex=\"-1\">CALENDARIO ACADEMICO<\/a><\/li>\n<li class=\"menu-item menu-item-type-post_type menu-item-object-page menu-item-4861\"><a href=\"https:\/\/fadeweb.uncoma.edu.ar\/index.php\/estudiantes\/horarios-de-cursadas\/\" class=\"elementor-item\" tabindex=\"-1\">HORARIOS DE CURSADAS<\/a><\/li>\n<li class=\"menu-item menu-item-type-custom menu-item-object-custom menu-item-4862\"><a href=\"http:\/\/siufade.uncoma.edu.ar\/\" class=\"elementor-item\" tabindex=\"-1\">SIU FADE: Sistema de Gesti\u00f3n de Alumnos en Internet<\/a><\/li>\n<li class=\"menu-item menu-item-type-custom menu-item-object-custom menu-item-4863\"><a href=\"https:\/\/siufade.uncoma.edu.ar\/derecho\/fecha_examen\" class=\"elementor-item\" tabindex=\"-1\">FECHAS DE EXAMENES<\/a><\/li>\n<\/ul>\t\t\t<\/nav>\n\t\t\t\t\t\t<\/div>\n\t\t\t\t<\/div>\n\t\t\t\t\t<\/div>\n\t\t<\/div>\n\t\t\t\t\t<\/div>\n\t\t<\/section>\n\t\t\t\t<\/div>\n\t\t","protected":false},"excerpt":{"rendered":"<p>ABOGACIA CORRELATIVIDADES Plan de estudios: Ordenanza N\u00ba 087\/85 y mod. 492\/04, 1021\/05 \u00a0 PARA CURSAR \u00a0 \u00a0PARA RENDIR ASIGNATURA TENER CURSADA TENER APROBADA TENER APROBADA Teor\u00eda Gral. del Der. II \u00a0 Teor\u00eda Gral. del Derecho I Teor\u00eda Gral. del Derecho I Derecho Pol\u00edtico II Derecho Pol\u00edtico I \u00a0 Derecho Pol\u00edtico I Derecho Constitucional Derecho Pol\u00edtico [&hellip;]<\/p>\n","protected":false},"author":2,"featured_media":0,"parent":3319,"menu_order":0,"comment_status":"closed","ping_status":"closed","template":"","meta":{"footnotes":""},"class_list":["post-4911","page","type-page","status-publish","hentry"],"_links":{"self":[{"href":"https:\/\/fadeweb.uncoma.edu.ar\/index.php\/wp-json\/wp\/v2\/pages\/4911","targetHints":{"allow":["GET"]}}],"collection":[{"href":"https:\/\/fadeweb.uncoma.edu.ar\/index.php\/wp-json\/wp\/v2\/pages"}],"about":[{"href":"https:\/\/fadeweb.uncoma.edu.ar\/index.php\/wp-json\/wp\/v2\/types\/page"}],"author":[{"embeddable":true,"href":"https:\/\/fadeweb.uncoma.edu.ar\/index.php\/wp-json\/wp\/v2\/users\/2"}],"replies":[{"embeddable":true,"href":"https:\/\/fadeweb.uncoma.edu.ar\/index.php\/wp-json\/wp\/v2\/comments?post=4911"}],"version-history":[{"count":22,"href":"https:\/\/fadeweb.uncoma.edu.ar\/index.php\/wp-json\/wp\/v2\/pages\/4911\/revisions"}],"predecessor-version":[{"id":10445,"href":"https:\/\/fadeweb.uncoma.edu.ar\/index.php\/wp-json\/wp\/v2\/pages\/4911\/revisions\/10445"}],"up":[{"embeddable":true,"href":"https:\/\/fadeweb.uncoma.edu.ar\/index.php\/wp-json\/wp\/v2\/pages\/3319"}],"wp:attachment":[{"href":"https:\/\/fadeweb.uncoma.edu.ar\/index.php\/wp-json\/wp\/v2\/media?parent=4911"}],"curies":[{"name":"wp","href":"https:\/\/api.w.org\/{rel}","templated":true}]}}