{"id":4882,"date":"2022-09-29T10:42:59","date_gmt":"2022-09-29T13:42:59","guid":{"rendered":"http:\/\/170.210.81.106\/newfade\/?page_id=4882"},"modified":"2022-09-29T11:40:13","modified_gmt":"2022-09-29T14:40:13","slug":"abogacia-plan-087-85","status":"publish","type":"page","link":"https:\/\/fadeweb.uncoma.edu.ar\/index.php\/carreras\/abogacia\/abogacia-plan-087-85\/","title":{"rendered":"ABOGAC\u00cdA PLAN 087\/85"},"content":{"rendered":"\t\t<div data-elementor-type=\"wp-page\" data-elementor-id=\"4882\" class=\"elementor elementor-4882\" data-elementor-post-type=\"page\">\n\t\t\t\t\t\t<section class=\"elementor-section elementor-top-section elementor-element elementor-element-02f4780 elementor-section-boxed elementor-section-height-default elementor-section-height-default\" data-id=\"02f4780\" data-element_type=\"section\" data-e-type=\"section\">\n\t\t\t\t\t\t<div class=\"elementor-container elementor-column-gap-default\">\n\t\t\t\t\t<div class=\"elementor-column elementor-col-66 elementor-top-column elementor-element elementor-element-f6e01da\" data-id=\"f6e01da\" data-element_type=\"column\" data-e-type=\"column\">\n\t\t\t<div class=\"elementor-widget-wrap elementor-element-populated\">\n\t\t\t\t\t\t<div class=\"elementor-element elementor-element-a2ad2b5 elementor-widget elementor-widget-text-editor\" data-id=\"a2ad2b5\" data-element_type=\"widget\" data-e-type=\"widget\" data-widget_type=\"text-editor.default\">\n\t\t\t\t<div class=\"elementor-widget-container\">\n\t\t\t\t\t\t\t\t\t<h1><span class=\"titulo1\">ABOGACIA<\/span><\/h1><h2><span class=\"titulo2\">PLAN DE ESTUDIOS<\/span><\/h2><p class=\"texto\">Plan de Est. Ord. N\u00ba 087\/85, Mod. 492\/04 &#8211; 1021\/05<\/p><h4><span class=\"subt1a\">LISTADO DE ASIGNATURAS POR A\u00d1O Y CUATRIMESTRE <\/span><\/h4><div align=\"left\"><table class=\"correlativas\"><caption>PRIMER A\u00d1O<\/caption><tbody><tr><td><p align=\"left\">1.Teor\u00eda Gral del Derecho I<\/p><\/td><td><p align=\"CENTER\">4 hs<\/p><\/td><td><p align=\"left\">4. Derecho Civil I<\/p><\/td><td><p align=\"CENTER\">6 hs<\/p><\/td><td>Cuatrimestral<\/td><\/tr><tr><td><p align=\"left\">2. Derecho Pol\u00edtico I<\/p><\/td><td><p align=\"CENTER\">6 hs<\/p><\/td><td><p align=\"left\">5. Derecho Pol\u00edtico II<\/p><\/td><td><p align=\"CENTER\">6 hs<\/p><\/td><td>Cuatrimestral<\/td><\/tr><tr><td><p align=\"left\">3. Derecho Romano<\/p><\/td><td><div align=\"center\">6 hs<\/div><\/td><td><div align=\"left\">6. Econom\u00eda Pol\u00edtica<\/div><\/td><td><p align=\"CENTER\">6 hs<\/p><\/td><td>Cuatrimestral<\/td><\/tr><\/tbody><\/table><table class=\"correlativas\"><caption>SEGUNDO A\u00d1O<\/caption><tbody><tr><td><p align=\"left\">7. Derecho Constitucional<\/p><\/td><td><p align=\"CENTER\">6 hs<\/p><\/td><td><p align=\"left\">10. Derecho Penal I<\/p><\/td><td><p align=\"CENTER\">6 hs<\/p><\/td><td>Cuatrimestral<\/td><\/tr><tr><td><p align=\"left\">8. Derecho Civil II<\/p><\/td><td><p align=\"CENTER\">8 hs<\/p><\/td><td><p align=\"left\">11.Derecho Civil III<\/p><\/td><td><p align=\"CENTER\">8 hs<\/p><\/td><td>Cuatrimestral<\/td><\/tr><tr><td><p align=\"left\">9. Derecho P\u00fablico Provincial y Municipal<\/p><\/td><td><div align=\"center\">6 hs<\/div><\/td><td><div align=\"left\">12. Derecho Comercial I<\/div><\/td><td><p align=\"CENTER\">6 hs<\/p><\/td><td>Cuatrimestral<\/td><\/tr><\/tbody><\/table><table class=\"correlativas\"><caption>TERCER A\u00d1O<\/caption><tbody><tr><td><p align=\"left\">13. Derecho Penal II<\/p><\/td><td><div align=\"center\">6 hs<\/div><\/td><td><p align=\"left\">16. Derecho Civil IV<\/p><\/td><td><p align=\"CENTER\">8 hs<\/p><\/td><td>Cuatrimestral<\/td><\/tr><tr><td><p align=\"left\">14. Derecho Procesal I<\/p><\/td><td><div align=\"center\">6 hs<\/div><\/td><td><p align=\"left\">17. Derecho Social<\/p><\/td><td><p align=\"CENTER\">6 hs<\/p><\/td><td>Cuatrimestral<\/td><\/tr><tr><td><p align=\"left\">15. Derecho Comercial II<\/p><\/td><td><div align=\"center\">6 hs<\/div><\/td><td><div align=\"left\">18. Finanzas y Derecho Financiero<\/div><\/td><td><p align=\"CENTER\">6 hs<\/p><\/td><td>Cuatrimestral<\/td><\/tr><\/tbody><\/table><table class=\"correlativas\"><caption>CUARTO A\u00d1O<\/caption><tbody><tr><td><p align=\"left\">19. Derecho Procesal II<\/p><\/td><td><div align=\"center\">6 hs<\/div><\/td><td><p align=\"left\">22. Derecho Administrativo<\/p><\/td><td><p align=\"CENTER\">6 hs<\/p><\/td><td>Cuatrimestral<\/td><\/tr><tr><td><p align=\"left\">20. Derecho de los Rec. Naturales<\/p><\/td><td><div align=\"center\">6 hs<\/div><\/td><td><p align=\"left\">23.Teor\u00eda Gral. del Derecho II<\/p><\/td><td><p align=\"CENTER\">4 hs<\/p><\/td><td>Cuatrimestral<\/td><\/tr><tr><td><p align=\"left\">21. Introd. a la Sociolog\u00eda<\/p><\/td><td><div align=\"center\">6 hs<\/div><\/td><td><div align=\"left\">24. Seminario I (Orient.)<\/div><\/td><td><p align=\"CENTER\">60 hs Total<\/p><\/td><\/tr><\/tbody><\/table><table class=\"correlativas\"><caption>QUINTO A\u00d1O<\/caption><tbody><tr><td><p align=\"left\">25. Derecho Comercial III<\/p><\/td><td><div align=\"center\">6 hs<\/div><\/td><td><p align=\"left\">28. Derecho Internacional<\/p><\/td><td><p align=\"CENTER\">6 hs<\/p><\/td><td>Cuatrimestral<\/td><\/tr><tr><td><p align=\"left\">26. Derecho Civil V<\/p><\/td><td><div align=\"center\">6 hs<\/div><\/td><td><p align=\"left\">29. Derecho Empresario y de la Actividad Econ\u00f3mica<\/p><\/td><td><p align=\"CENTER\">6 hs<\/p><\/td><td>Cuatrimestral<\/td><\/tr><tr><td><p align=\"left\">27. Seminario II (Orient.)<\/p><\/td><td><div align=\"center\">60 hs Total<\/div><\/td><td><div align=\"left\">30. Seminario III (Orient.)<\/div><\/td><td><p align=\"CENTER\">60 hs Total<\/p><\/td><\/tr><\/tbody><\/table><p class=\"subt1a\" align=\"left\"><span class=\"titulo3\"> REQUISITO OBLIGATORIO<\/span><\/p><p align=\"left\"><span class=\"texto\">Antes de finalizar el tercero, cuarto y quinto a\u00f1o, los alumnos deber\u00e1n aprobar como m\u00ednimo <b>60 horas <\/b>de <b>Pr\u00e1ctica Profesional<\/b> por a\u00f1o que se registrar\u00e1 como:<\/span><\/p><blockquote><p align=\"left\"><span class=\"texto\">31. <b>Pr\u00e1ctica Profesional I<\/b><br \/>32.<b> Pr\u00e1ctica Profesional II<\/b><br \/>33. <b>Pr\u00e1ctica Profesional III<\/b><\/span><\/p><\/blockquote><p class=\"subt1a\" align=\"left\"><span class=\"titulo3\"><b>CICLO DE ORIENTACIONES<\/b><\/span><\/p><p align=\"left\"><span class=\"texto\">Las asignaturas Seminario I, II y III responder\u00e1n a los que figuran como a), b) y c) de la Orientaci\u00f3n que cada alumno elegir\u00e1 <b>durante el cuarto a\u00f1o<\/b> de la carrera, debiendo cursar todos los seminarios para dicha orientaci\u00f3n.<\/span><\/p><blockquote><p align=\"left\"><span class=\"texto\"><b>Orientaci\u00f3n Derecho Comercial y Econ\u00f3mico Financiero<\/b><br \/>a) Derecho Societario y Financiero<br \/>b) Derecho Concursal<br \/>c) Derecho Bancario y Burs\u00e1til<\/span><\/p><p align=\"left\"><span class=\"texto\"><b>Orientaci\u00f3n Derecho Social<\/b><br \/>a) Derecho de la Seguridad y Previsi\u00f3n Social<br \/>b) Procedimiento Laboral de las provincias de R\u00edo Negro y Neuqu\u00e9n<br \/>c) Derecho Sindical y de las Asociaciones Profesionales<\/span><\/p><p align=\"left\"><span class=\"texto\"><b>Orientaci\u00f3n Derecho de los Recursos Naturales<\/b><br \/>a) Derecho de Aguas<br \/>b) Derecho Minero y de la Energ\u00eda<br \/>c) Derecho Agrario y Ambiental<\/span><\/p><p align=\"left\"><span class=\"texto\"><b>Orientaci\u00f3n Derecho Penal<\/b> (Ord 528\/88 &#8211; Resol 176\/87<i>)<br \/><\/i>a) Seminario I<br \/>b) Seminario II<br \/>c) Seminario III<\/span><\/p><p align=\"left\"><span class=\"texto\">Idioma Extranjero (Ingl\u00e9s &#8211; Portugu\u00e9s)<\/span><\/p><p align=\"left\"><span class=\"texto\"><b>Orientaci\u00f3n Derecho Privado<\/b><br \/>a) Derecho de Da\u00f1os<br \/>b) Contratos Privados<br \/>c) Mediaci\u00f3n<\/span><\/p><p align=\"left\"><span class=\"texto\"><b>Orientaci\u00f3n Derechos Humanos <\/b><br \/>a) Seminario I<br \/>b) Seminario II<br \/>c) Seminario III<\/span><\/p><\/blockquote><\/div>\t\t\t\t\t\t\t\t<\/div>\n\t\t\t\t<\/div>\n\t\t\t\t<div class=\"elementor-element elementor-element-177850d elementor-widget elementor-widget-shortcode\" data-id=\"177850d\" data-element_type=\"widget\" data-e-type=\"widget\" data-widget_type=\"shortcode.default\">\n\t\t\t\t<div class=\"elementor-widget-container\">\n\t\t\t\t\t\t\t<div class=\"elementor-shortcode\">\t\t<div data-elementor-type=\"section\" data-elementor-id=\"4583\" class=\"elementor elementor-4583\" data-elementor-post-type=\"elementor_library\">\r\n\t\t\t\t\t<section class=\"elementor-section elementor-top-section elementor-element elementor-element-14232f66 elementor-section-boxed elementor-section-height-default elementor-section-height-default\" data-id=\"14232f66\" data-element_type=\"section\" data-e-type=\"section\">\n\t\t\t\t\t\t<div class=\"elementor-container elementor-column-gap-default\">\n\t\t\t\t\t<div class=\"elementor-column elementor-col-100 elementor-top-column elementor-element elementor-element-613d052d\" data-id=\"613d052d\" data-element_type=\"column\" data-e-type=\"column\">\n\t\t\t<div class=\"elementor-widget-wrap elementor-element-populated\">\n\t\t\t\t\t\t<div class=\"elementor-element elementor-element-6b448111 elementor-widget-divider--view-line elementor-widget elementor-widget-divider\" data-id=\"6b448111\" data-element_type=\"widget\" data-e-type=\"widget\" data-widget_type=\"divider.default\">\n\t\t\t\t<div class=\"elementor-widget-container\">\n\t\t\t\t\t\t\t<div class=\"elementor-divider\">\n\t\t\t<span class=\"elementor-divider-separator\">\n\t\t\t\t\t\t<\/span>\n\t\t<\/div>\n\t\t\t\t\t\t<\/div>\n\t\t\t\t<\/div>\n\t\t\t\t<div class=\"elementor-element elementor-element-4d542db7 elementor-widget elementor-widget-text-editor\" data-id=\"4d542db7\" data-element_type=\"widget\" data-e-type=\"widget\" data-widget_type=\"text-editor.default\">\n\t\t\t\t<div class=\"elementor-widget-container\">\n\t\t\t\t\t\t\t\t\t<p><strong>INFORMACI\u00d3N<\/strong><br \/>Departamento de Alumnos<br \/>TE: (0298) 4435700<br \/>Correo electr\u00f3nico:\u00a0<a href=\"mailto:alumnos@fade.uncoma.edu.ar\">alumnos@fade.uncoma.edu.ar<\/a><br \/>Mendoza y Per\u00fa.<br \/>(8332) General Roca, R\u00edo Negro<br \/>Argentina<\/p>\t\t\t\t\t\t\t\t<\/div>\n\t\t\t\t<\/div>\n\t\t\t\t\t<\/div>\n\t\t<\/div>\n\t\t\t\t\t<\/div>\n\t\t<\/section>\n\t\t\t\t<\/div>\r\n\t\t<\/div>\n\t\t\t\t\t\t<\/div>\n\t\t\t\t<\/div>\n\t\t\t\t\t<\/div>\n\t\t<\/div>\n\t\t\t\t<div class=\"elementor-column elementor-col-33 elementor-top-column elementor-element elementor-element-209faae\" data-id=\"209faae\" data-element_type=\"column\" data-e-type=\"column\">\n\t\t\t<div class=\"elementor-widget-wrap elementor-element-populated\">\n\t\t\t\t\t\t<div class=\"elementor-element elementor-element-93a1fc0 elementor-nav-menu__align-start elementor-nav-menu--dropdown-none elementor-widget elementor-widget-nav-menu\" data-id=\"93a1fc0\" data-element_type=\"widget\" data-e-type=\"widget\" id=\"menu-lateral\" data-settings=\"{&quot;layout&quot;:&quot;vertical&quot;,&quot;submenu_icon&quot;:{&quot;value&quot;:&quot;&lt;i class=\\&quot;fas fa-caret-down\\&quot; aria-hidden=\\&quot;true\\&quot;&gt;&lt;\\\/i&gt;&quot;,&quot;library&quot;:&quot;fa-solid&quot;}}\" data-widget_type=\"nav-menu.default\">\n\t\t\t\t<div class=\"elementor-widget-container\">\n\t\t\t\t\t\t\t\t<nav aria-label=\"Menu\" class=\"elementor-nav-menu--main elementor-nav-menu__container elementor-nav-menu--layout-vertical e--pointer-background e--animation-fade\">\r\n\t\t\t\t<ul id=\"menu-1-93a1fc0\" class=\"elementor-nav-menu sm-vertical\"><li class=\"menu-item menu-item-type-post_type menu-item-object-page menu-item-4856\"><a href=\"https:\/\/fadeweb.uncoma.edu.ar\/index.php\/carreras\/abogacia\/abogacia-nuevo-plan\/\" class=\"elementor-item\">PLAN DE ESTUDIOS<\/a><\/li>\n<li class=\"menu-item menu-item-type-post_type menu-item-object-page menu-item-4931\"><a href=\"https:\/\/fadeweb.uncoma.edu.ar\/index.php\/carreras\/abogacia\/abogacia-correlatividades-plan-087-85\/\" class=\"elementor-item\">CORRELATIVIDADES<\/a><\/li>\n<li class=\"menu-item menu-item-type-post_type menu-item-object-page menu-item-4858\"><a href=\"https:\/\/fadeweb.uncoma.edu.ar\/index.php\/programas\/programa-abogacia\/\" class=\"elementor-item\">PROGRAMAS<\/a><\/li>\n<li class=\"menu-item menu-item-type-post_type menu-item-object-page menu-item-4860\"><a href=\"https:\/\/fadeweb.uncoma.edu.ar\/index.php\/estudiantes\/calendario-academico\/\" class=\"elementor-item\">CALENDARIO ACADEMICO<\/a><\/li>\n<li class=\"menu-item menu-item-type-post_type menu-item-object-page menu-item-4861\"><a href=\"https:\/\/fadeweb.uncoma.edu.ar\/index.php\/estudiantes\/horarios-de-cursadas\/\" class=\"elementor-item\">HORARIOS DE CURSADAS<\/a><\/li>\n<li class=\"menu-item menu-item-type-custom menu-item-object-custom menu-item-4862\"><a href=\"http:\/\/siufade.uncoma.edu.ar\/\" class=\"elementor-item\">SIU FADE: Sistema de Gesti\u00f3n de Alumnos en Internet<\/a><\/li>\n<li class=\"menu-item menu-item-type-custom menu-item-object-custom menu-item-4863\"><a href=\"https:\/\/siufade.uncoma.edu.ar\/derecho\/fecha_examen\" class=\"elementor-item\">FECHAS DE EXAMENES<\/a><\/li>\n<\/ul>\t\t\t<\/nav>\r\n\t\t\t\t\t\t<nav class=\"elementor-nav-menu--dropdown elementor-nav-menu__container\" aria-hidden=\"true\">\r\n\t\t\t\t<ul id=\"menu-2-93a1fc0\" class=\"elementor-nav-menu sm-vertical\"><li class=\"menu-item menu-item-type-post_type menu-item-object-page menu-item-4856\"><a href=\"https:\/\/fadeweb.uncoma.edu.ar\/index.php\/carreras\/abogacia\/abogacia-nuevo-plan\/\" class=\"elementor-item\" tabindex=\"-1\">PLAN DE ESTUDIOS<\/a><\/li>\n<li class=\"menu-item menu-item-type-post_type menu-item-object-page menu-item-4931\"><a href=\"https:\/\/fadeweb.uncoma.edu.ar\/index.php\/carreras\/abogacia\/abogacia-correlatividades-plan-087-85\/\" class=\"elementor-item\" tabindex=\"-1\">CORRELATIVIDADES<\/a><\/li>\n<li class=\"menu-item menu-item-type-post_type menu-item-object-page menu-item-4858\"><a href=\"https:\/\/fadeweb.uncoma.edu.ar\/index.php\/programas\/programa-abogacia\/\" class=\"elementor-item\" tabindex=\"-1\">PROGRAMAS<\/a><\/li>\n<li class=\"menu-item menu-item-type-post_type menu-item-object-page menu-item-4860\"><a href=\"https:\/\/fadeweb.uncoma.edu.ar\/index.php\/estudiantes\/calendario-academico\/\" class=\"elementor-item\" tabindex=\"-1\">CALENDARIO ACADEMICO<\/a><\/li>\n<li class=\"menu-item menu-item-type-post_type menu-item-object-page menu-item-4861\"><a href=\"https:\/\/fadeweb.uncoma.edu.ar\/index.php\/estudiantes\/horarios-de-cursadas\/\" class=\"elementor-item\" tabindex=\"-1\">HORARIOS DE CURSADAS<\/a><\/li>\n<li class=\"menu-item menu-item-type-custom menu-item-object-custom menu-item-4862\"><a href=\"http:\/\/siufade.uncoma.edu.ar\/\" class=\"elementor-item\" tabindex=\"-1\">SIU FADE: Sistema de Gesti\u00f3n de Alumnos en Internet<\/a><\/li>\n<li class=\"menu-item menu-item-type-custom menu-item-object-custom menu-item-4863\"><a href=\"https:\/\/siufade.uncoma.edu.ar\/derecho\/fecha_examen\" class=\"elementor-item\" tabindex=\"-1\">FECHAS DE EXAMENES<\/a><\/li>\n<\/ul>\t\t\t<\/nav>\r\n\t\t\t\t\t\t<\/div>\n\t\t\t\t<\/div>\n\t\t\t\t\t<\/div>\n\t\t<\/div>\n\t\t\t\t\t<\/div>\n\t\t<\/section>\n\t\t\t\t<\/div>\n\t\t","protected":false},"excerpt":{"rendered":"<p>ABOGACIA PLAN DE ESTUDIOS Plan de Est. Ord. N\u00ba 087\/85, Mod. 492\/04 &#8211; 1021\/05 LISTADO DE ASIGNATURAS POR A\u00d1O Y CUATRIMESTRE PRIMER A\u00d1O 1.Teor\u00eda Gral del Derecho I 4 hs 4. Derecho Civil I 6 hs Cuatrimestral 2. Derecho Pol\u00edtico I 6 hs 5. Derecho Pol\u00edtico II 6 hs Cuatrimestral 3. Derecho Romano 6 hs [&hellip;]<\/p>\n","protected":false},"author":2,"featured_media":0,"parent":3319,"menu_order":0,"comment_status":"closed","ping_status":"closed","template":"","meta":{"footnotes":""},"class_list":["post-4882","page","type-page","status-publish","hentry"],"_links":{"self":[{"href":"https:\/\/fadeweb.uncoma.edu.ar\/index.php\/wp-json\/wp\/v2\/pages\/4882","targetHints":{"allow":["GET"]}}],"collection":[{"href":"https:\/\/fadeweb.uncoma.edu.ar\/index.php\/wp-json\/wp\/v2\/pages"}],"about":[{"href":"https:\/\/fadeweb.uncoma.edu.ar\/index.php\/wp-json\/wp\/v2\/types\/page"}],"author":[{"embeddable":true,"href":"https:\/\/fadeweb.uncoma.edu.ar\/index.php\/wp-json\/wp\/v2\/users\/2"}],"replies":[{"embeddable":true,"href":"https:\/\/fadeweb.uncoma.edu.ar\/index.php\/wp-json\/wp\/v2\/comments?post=4882"}],"version-history":[{"count":22,"href":"https:\/\/fadeweb.uncoma.edu.ar\/index.php\/wp-json\/wp\/v2\/pages\/4882\/revisions"}],"predecessor-version":[{"id":4910,"href":"https:\/\/fadeweb.uncoma.edu.ar\/index.php\/wp-json\/wp\/v2\/pages\/4882\/revisions\/4910"}],"up":[{"embeddable":true,"href":"https:\/\/fadeweb.uncoma.edu.ar\/index.php\/wp-json\/wp\/v2\/pages\/3319"}],"wp:attachment":[{"href":"https:\/\/fadeweb.uncoma.edu.ar\/index.php\/wp-json\/wp\/v2\/media?parent=4882"}],"curies":[{"name":"wp","href":"https:\/\/api.w.org\/{rel}","templated":true}]}}