{"id":3986,"date":"2022-09-17T01:52:23","date_gmt":"2022-09-17T01:52:23","guid":{"rendered":"http:\/\/web.fadecs.uncoma.edu.ar\/?page_id=3986"},"modified":"2022-09-17T01:52:23","modified_gmt":"2022-09-17T01:52:23","slug":"centro-de-estudiantes","status":"publish","type":"page","link":"https:\/\/fadeweb.uncoma.edu.ar\/index.php\/centro-de-estudiantes\/","title":{"rendered":"CENTRO DE ESTUDIANTES"},"content":{"rendered":"\t\t<div data-elementor-type=\"wp-page\" data-elementor-id=\"3986\" class=\"elementor elementor-3986\" data-elementor-post-type=\"page\">\n\t\t\t\t\t\t<section class=\"elementor-section elementor-top-section elementor-element elementor-element-62322c1 elementor-section-boxed elementor-section-height-default elementor-section-height-default\" data-id=\"62322c1\" data-element_type=\"section\" data-e-type=\"section\">\n\t\t\t\t\t\t<div class=\"elementor-container elementor-column-gap-default\">\n\t\t\t\t\t<div class=\"elementor-column elementor-col-66 elementor-top-column elementor-element elementor-element-7eaadf8\" data-id=\"7eaadf8\" data-element_type=\"column\" data-e-type=\"column\">\n\t\t\t<div class=\"elementor-widget-wrap elementor-element-populated\">\n\t\t\t\t\t\t<div class=\"elementor-element elementor-element-1caee21 elementor-widget elementor-widget-heading\" data-id=\"1caee21\" data-element_type=\"widget\" data-e-type=\"widget\" data-widget_type=\"heading.default\">\n\t\t\t\t<div class=\"elementor-widget-container\">\n\t\t\t\t\t<h2 class=\"elementor-heading-title elementor-size-default\">CENTRO DE ESTUDIANTES<\/h2>\t\t\t\t<\/div>\n\t\t\t\t<\/div>\n\t\t\t\t<div class=\"elementor-element elementor-element-8568a5f elementor-widget elementor-widget-text-editor\" data-id=\"8568a5f\" data-element_type=\"widget\" data-e-type=\"widget\" data-widget_type=\"text-editor.default\">\n\t\t\t\t<div class=\"elementor-widget-container\">\n\t\t\t\t\t\t\t\t\t<p class=\"texto\">Las autoridades del Centro de los Estudiantes para la gesti\u00f3n son:<\/p><p class=\"texto\" align=\"left\"><b>Presidente:<\/b><\/p><p class=\"texto\" align=\"left\">Vicepresidente:<\/p><p class=\"texto\" align=\"left\">Secretar\u00eda General:<\/p><p class=\"texto\" align=\"left\">Secretar\u00eda Acad\u00e9mica:<\/p><p class=\"texto\" align=\"left\">Suplente:<\/p><p class=\"texto\" align=\"left\">Tesorer\u00eda:<\/p><p class=\"texto\" align=\"left\">Suplente:<\/p><p class=\"texto\" align=\"left\">Secretar\u00eda de Bienestar:<\/p><p class=\"texto\" align=\"left\">Suplente:<\/p><p class=\"texto\" align=\"left\">Secretar\u00eda Obrero-Estudiantil:<\/p><p class=\"texto\" align=\"left\">Suplente:<\/p><p class=\"texto\" align=\"left\">Secretar\u00eda de Deportes:<\/p><p class=\"texto\" align=\"left\">Secretar\u00eda de Derechos Humanos:<\/p><p class=\"texto\" align=\"left\">Secretar\u00eda de Actas:<\/p><p class=\"texto\" align=\"left\">Secretar\u00eda de Prensa:<\/p><p class=\"texto\" align=\"left\">Secretar\u00eda de Cultura:<\/p><hr noshade=\"noshade\" \/><p class=\"texto\">Para comunicarse con el Centro de los Estudiantes:<br \/><b>correo electr\u00f3nico<\/b>:<a href=\"mailto:elcentro@patagonia.com.ar\"><br \/><\/a><b>TE<\/b>: (0298) 433668 Int 24<br \/><b>Sitio web<\/b>:<\/p>\t\t\t\t\t\t\t\t<\/div>\n\t\t\t\t<\/div>\n\t\t\t\t\t<\/div>\n\t\t<\/div>\n\t\t\t\t<div class=\"elementor-column elementor-col-33 elementor-top-column elementor-element elementor-element-47b0bdb\" data-id=\"47b0bdb\" data-element_type=\"column\" data-e-type=\"column\">\n\t\t\t<div class=\"elementor-widget-wrap\">\n\t\t\t\t\t\t\t<\/div>\n\t\t<\/div>\n\t\t\t\t\t<\/div>\n\t\t<\/section>\n\t\t\t\t<\/div>\n\t\t","protected":false},"excerpt":{"rendered":"<p>CENTRO DE ESTUDIANTES Las autoridades del Centro de los Estudiantes para la gesti\u00f3n son: Presidente: Vicepresidente: Secretar\u00eda General: Secretar\u00eda Acad\u00e9mica: Suplente: Tesorer\u00eda: Suplente: Secretar\u00eda de Bienestar: Suplente: Secretar\u00eda Obrero-Estudiantil: Suplente: Secretar\u00eda de Deportes: Secretar\u00eda de Derechos Humanos: Secretar\u00eda de Actas: Secretar\u00eda de Prensa: Secretar\u00eda de Cultura: Para comunicarse con el Centro de los Estudiantes:correo electr\u00f3nico:TE: [&hellip;]<\/p>\n","protected":false},"author":2,"featured_media":0,"parent":0,"menu_order":0,"comment_status":"closed","ping_status":"closed","template":"","meta":{"footnotes":""},"class_list":["post-3986","page","type-page","status-publish","hentry"],"_links":{"self":[{"href":"https:\/\/fadeweb.uncoma.edu.ar\/index.php\/wp-json\/wp\/v2\/pages\/3986","targetHints":{"allow":["GET"]}}],"collection":[{"href":"https:\/\/fadeweb.uncoma.edu.ar\/index.php\/wp-json\/wp\/v2\/pages"}],"about":[{"href":"https:\/\/fadeweb.uncoma.edu.ar\/index.php\/wp-json\/wp\/v2\/types\/page"}],"author":[{"embeddable":true,"href":"https:\/\/fadeweb.uncoma.edu.ar\/index.php\/wp-json\/wp\/v2\/users\/2"}],"replies":[{"embeddable":true,"href":"https:\/\/fadeweb.uncoma.edu.ar\/index.php\/wp-json\/wp\/v2\/comments?post=3986"}],"version-history":[{"count":0,"href":"https:\/\/fadeweb.uncoma.edu.ar\/index.php\/wp-json\/wp\/v2\/pages\/3986\/revisions"}],"wp:attachment":[{"href":"https:\/\/fadeweb.uncoma.edu.ar\/index.php\/wp-json\/wp\/v2\/media?parent=3986"}],"curies":[{"name":"wp","href":"https:\/\/api.w.org\/{rel}","templated":true}]}}