{"id":3963,"date":"2022-09-17T01:41:54","date_gmt":"2022-09-17T01:41:54","guid":{"rendered":"http:\/\/web.fadecs.uncoma.edu.ar\/?page_id=3963"},"modified":"2023-12-04T10:59:50","modified_gmt":"2023-12-04T13:59:50","slug":"orden-del-dia","status":"publish","type":"page","link":"https:\/\/fadeweb.uncoma.edu.ar\/index.php\/autoridades\/consejo-directivo\/orden-del-dia\/","title":{"rendered":"ORDEN DEL DIA"},"content":{"rendered":"\t\t<div data-elementor-type=\"wp-page\" data-elementor-id=\"3963\" class=\"elementor elementor-3963\" data-elementor-post-type=\"page\">\n\t\t\t\t\t\t<section class=\"elementor-section elementor-top-section elementor-element elementor-element-2be17b9 elementor-section-boxed elementor-section-height-default elementor-section-height-default\" data-id=\"2be17b9\" data-element_type=\"section\" data-e-type=\"section\">\n\t\t\t\t\t\t<div class=\"elementor-container elementor-column-gap-default\">\n\t\t\t\t\t<div class=\"elementor-column elementor-col-66 elementor-top-column elementor-element elementor-element-3bf1906\" data-id=\"3bf1906\" data-element_type=\"column\" data-e-type=\"column\">\n\t\t\t<div class=\"elementor-widget-wrap elementor-element-populated\">\n\t\t\t\t\t\t<div class=\"elementor-element elementor-element-26d0317 elementor-widget elementor-widget-text-editor\" data-id=\"26d0317\" data-element_type=\"widget\" data-e-type=\"widget\" data-widget_type=\"text-editor.default\">\n\t\t\t\t<div class=\"elementor-widget-container\">\n\t\t\t\t\t\t\t\t\t<h3>CONSEJO DIRECTIVO<\/h3>\t\t\t\t\t\t\t\t<\/div>\n\t\t\t\t<\/div>\n\t\t\t\t<div class=\"elementor-element elementor-element-dfac689 elementor-widget elementor-widget-heading\" data-id=\"dfac689\" data-element_type=\"widget\" data-e-type=\"widget\" data-widget_type=\"heading.default\">\n\t\t\t\t<div class=\"elementor-widget-container\">\n\t\t\t\t\t<h2 class=\"elementor-heading-title elementor-size-default\">ORDEN DEL D\u00cdA<\/h2>\t\t\t\t<\/div>\n\t\t\t\t<\/div>\n\t\t\t\t<div class=\"elementor-element elementor-element-4fc11fb elementor-grid-1 elementor-posts--thumbnail-none elementor-grid-tablet-2 elementor-grid-mobile-1 elementor-card-shadow-yes elementor-posts__hover-gradient elementor-widget elementor-widget-posts\" data-id=\"4fc11fb\" data-element_type=\"widget\" data-e-type=\"widget\" data-settings=\"{&quot;cards_columns&quot;:&quot;1&quot;,&quot;pagination_type&quot;:&quot;numbers_and_prev_next&quot;,&quot;cards_columns_tablet&quot;:&quot;2&quot;,&quot;cards_columns_mobile&quot;:&quot;1&quot;,&quot;cards_row_gap&quot;:{&quot;unit&quot;:&quot;px&quot;,&quot;size&quot;:35,&quot;sizes&quot;:[]},&quot;cards_row_gap_tablet&quot;:{&quot;unit&quot;:&quot;px&quot;,&quot;size&quot;:&quot;&quot;,&quot;sizes&quot;:[]},&quot;cards_row_gap_mobile&quot;:{&quot;unit&quot;:&quot;px&quot;,&quot;size&quot;:&quot;&quot;,&quot;sizes&quot;:[]}}\" data-widget_type=\"posts.cards\">\n\t\t\t\t<div class=\"elementor-widget-container\">\n\t\t\t\t\t\t\t<div class=\"elementor-posts-container elementor-posts elementor-posts--skin-cards elementor-grid\" role=\"list\">\r\n\t\t\t\t<article class=\"elementor-post elementor-grid-item post-12225 post type-post status-publish format-standard has-post-thumbnail hentry category-14 category-consejo-directivo category-notifadecs category-orden-del-dia\" role=\"listitem\">\r\n\t\t\t<div class=\"elementor-post__card\">\r\n\t\t\t\t<div class=\"elementor-post__text\">\r\n\t\t\t\t<h3 class=\"elementor-post__title\">\r\n\t\t\t<a href=\"https:\/\/fadeweb.uncoma.edu.ar\/index.php\/2022\/12\/12\/12225\/\" >\r\n\t\t\t\t\u00daLTIMA SESI\u00d3N ORDINARIA DEL CONSEJO DIRECTIVO DE LA FADECS\t\t\t<\/a>\r\n\t\t<\/h3>\r\n\t\t\t\t<div class=\"elementor-post__excerpt\">\r\n\t\t\t<p>El Consejo Directivo de la Facultad de Derecho y Ciencias Sociales de la Universidad Nacional del Comahue convoca para el mi\u00e9rcoles 14 de diciembre a las 15 h, a la ultima sesi\u00f3n ordinaria del a\u00f1o 2022. En este sentido, recuerda que se iniciar\u00e1 la reuni\u00f3n con el tratamiento de los expedientes que quedaron pendientes de la sesi\u00f3n de noviembre y acto seguido se continuar\u00e1 con la sesi\u00f3n de diciembre. Se adjunta ordenes del d\u00eda. N\u00ba 08 &#8211; 11 NOVIEMBRE 2022-4 N\u00ba 09- 14 DICIEMBRE 2022<\/p>\n\t\t<\/div>\r\n\t\t\r\n\t\t<a class=\"elementor-post__read-more\" href=\"https:\/\/fadeweb.uncoma.edu.ar\/index.php\/2022\/12\/12\/12225\/\" aria-label=\"Read more about \u00daLTIMA SESI\u00d3N ORDINARIA DEL CONSEJO DIRECTIVO DE LA FADECS\" tabindex=\"-1\" >\r\n\t\t\tLeer m\u00e1s  \u00bb\t\t<\/a>\r\n\r\n\t\t\t\t<\/div>\r\n\t\t\t\t<div class=\"elementor-post__meta-data\">\r\n\t\t\t\t\t<span class=\"elementor-post-date\">\r\n\t\t\t12 diciembre, 2022\t\t<\/span>\r\n\t\t\t\t<\/div>\r\n\t\t\t\t\t<\/div>\r\n\t\t<\/article>\r\n\t\t\t\t<article class=\"elementor-post elementor-grid-item post-11577 post type-post status-publish format-standard has-post-thumbnail hentry category-14 category-consejo-directivo category-notifadecs category-orden-del-dia\" role=\"listitem\">\r\n\t\t\t<div class=\"elementor-post__card\">\r\n\t\t\t\t<div class=\"elementor-post__text\">\r\n\t\t\t\t<h3 class=\"elementor-post__title\">\r\n\t\t\t<a href=\"https:\/\/fadeweb.uncoma.edu.ar\/index.php\/2022\/12\/01\/sesion-extraordinaria-del-consejo-directivo\/\" >\r\n\t\t\t\tSESI\u00d3N EXTRAORDINARIA DEL CONSEJO DIRECTIVO\t\t\t<\/a>\r\n\t\t<\/h3>\r\n\t\t\t\t<div class=\"elementor-post__excerpt\">\r\n\t\t\t<p>El viernes 2 de diciembre a las 15 se realizar\u00e1 la sesi\u00f3n de car\u00e1cter extraordinario para tratar el siguiente Orden del D\u00eda: 1. Expte. 1206 Actuaciones de concurso convocado por Res. 155\/22CD destinado a cubrir un cargo de ayudante de primera con dedicaci\u00f3n parcial y car\u00e1cter suplente para la asignatura \u00abAntropolog\u00eda Cultural\u00bb de la Lic. en Psicolog\u00eda (FACE) perteneciente al \u00c1rea: Antropolog\u00eda Social &#8211; Orientaci\u00f3n: Teor\u00eda, Depto. Cs. Pol\u00edticas y Sociales. 2. Expte. 1207 Reparaci\u00f3n hist\u00f3rica. 3. Expte. 1208 Promociones Departamento de Derecho P\u00fablico, por paritaria. 4. Expte. 1209 Redesignaciones docentes para el per\u00edodo 2023.<\/p>\n\t\t<\/div>\r\n\t\t\r\n\t\t<a class=\"elementor-post__read-more\" href=\"https:\/\/fadeweb.uncoma.edu.ar\/index.php\/2022\/12\/01\/sesion-extraordinaria-del-consejo-directivo\/\" aria-label=\"Read more about SESI\u00d3N EXTRAORDINARIA DEL CONSEJO DIRECTIVO\" tabindex=\"-1\" >\r\n\t\t\tLeer m\u00e1s  \u00bb\t\t<\/a>\r\n\r\n\t\t\t\t<\/div>\r\n\t\t\t\t<div class=\"elementor-post__meta-data\">\r\n\t\t\t\t\t<span class=\"elementor-post-date\">\r\n\t\t\t1 diciembre, 2022\t\t<\/span>\r\n\t\t\t\t<\/div>\r\n\t\t\t\t\t<\/div>\r\n\t\t<\/article>\r\n\t\t\t\t<article class=\"elementor-post elementor-grid-item post-10936 post type-post status-publish format-standard has-post-thumbnail hentry category-consejo-directivo category-notifadecs category-orden-del-dia\" role=\"listitem\">\r\n\t\t\t<div class=\"elementor-post__card\">\r\n\t\t\t\t<div class=\"elementor-post__text\">\r\n\t\t\t\t<h3 class=\"elementor-post__title\">\r\n\t\t\t<a href=\"https:\/\/fadeweb.uncoma.edu.ar\/index.php\/2022\/11\/18\/novena-sesion-ordinaria-del-consejo-directivo-de-la-fadecs\/\" >\r\n\t\t\t\tNOVENA SESI\u00d3N ORDINARIA DEL CONSEJO DIRECTIVO DE LA FADECS\t\t\t<\/a>\r\n\t\t<\/h3>\r\n\t\t\t\t<div class=\"elementor-post__excerpt\">\r\n\t\t\t<p>El Consejo Directivo de la Facultad de Derecho y Ciencias Sociales de la Universidad Nacional del Comahue convoca para el viernes 18 de noviembre a las 14 h, para proseguir el tratamiento de los expedientes del Oren del d\u00eda del mes de octubre y, a continuaci\u00f3n, se dar\u00e1 inicio a la Sesi\u00f3n Ordinaria del mes de noviembre. Recuerden que los expedientes est\u00e1n disponibles en el sitio de Reuniones del Consejo Directivo:\u00a0https:\/\/reuniones.uncoma.edu.ar\/ El Orden del D\u00eda de cada sesi\u00f3n se puede descargar aqu\u00ed: N\u00ba 07 &#8211; 12 OCTUBRE 2022-3 N\u00ba 07 &#8211; 12 OCTUBRE 2022-3 N\u00ba 08 &#8211; 11 NOVIEMBRE 2022<\/p>\n\t\t<\/div>\r\n\t\t\r\n\t\t<a class=\"elementor-post__read-more\" href=\"https:\/\/fadeweb.uncoma.edu.ar\/index.php\/2022\/11\/18\/novena-sesion-ordinaria-del-consejo-directivo-de-la-fadecs\/\" aria-label=\"Read more about NOVENA SESI\u00d3N ORDINARIA DEL CONSEJO DIRECTIVO DE LA FADECS\" tabindex=\"-1\" >\r\n\t\t\tLeer m\u00e1s  \u00bb\t\t<\/a>\r\n\r\n\t\t\t\t<\/div>\r\n\t\t\t\t<div class=\"elementor-post__meta-data\">\r\n\t\t\t\t\t<span class=\"elementor-post-date\">\r\n\t\t\t18 noviembre, 2022\t\t<\/span>\r\n\t\t\t\t<\/div>\r\n\t\t\t\t\t<\/div>\r\n\t\t<\/article>\r\n\t\t\t\t<article class=\"elementor-post elementor-grid-item post-10517 post type-post status-publish format-standard has-post-thumbnail hentry category-consejo-directivo category-notifadecs category-orden-del-dia\" role=\"listitem\">\r\n\t\t\t<div class=\"elementor-post__card\">\r\n\t\t\t\t<div class=\"elementor-post__text\">\r\n\t\t\t\t<h3 class=\"elementor-post__title\">\r\n\t\t\t<a href=\"https:\/\/fadeweb.uncoma.edu.ar\/index.php\/2022\/11\/11\/sesion-ordinaria-del-consejo-directivo-fadecs-11-11-22\/\" >\r\n\t\t\t\tOCTAVA SESI\u00d3N ORDINARIA DEL CONSEJO DIRECTIVO DE LA FADECS\t\t\t<\/a>\r\n\t\t<\/h3>\r\n\t\t\t\t<div class=\"elementor-post__excerpt\">\r\n\t\t\t<p>&nbsp; El Consejo Directivo de la Facultad de Derecho y Ciencias Sociales de la Universidad Nacional del Comahue convoca para el viernes 11 de noviembre a las 14 h, para dar continuidad a la reuni\u00f3n ordinaria del mes de octubre, en la sala del Consejo Directivo. Finalizado el tratamiento de los expedientes de octubre, se proceder\u00e1 a iniciar la Reuni\u00f3n Ordinaria del mes de noviembre, seg\u00fan cronograma (Res. 25\/22CD). Con tal motivo se convoc\u00f3 a los consejeros\/as, directores\/as de los Departamentos de Derecho, P\u00fablico y Privado, Servicio Social, Ciencias Pol\u00edticas y Sociales, y Comunicaci\u00f3n Social. Recuerden que los expedientes est\u00e1n<\/p>\n\t\t<\/div>\r\n\t\t\r\n\t\t<a class=\"elementor-post__read-more\" href=\"https:\/\/fadeweb.uncoma.edu.ar\/index.php\/2022\/11\/11\/sesion-ordinaria-del-consejo-directivo-fadecs-11-11-22\/\" aria-label=\"Read more about OCTAVA SESI\u00d3N ORDINARIA DEL CONSEJO DIRECTIVO DE LA FADECS\" tabindex=\"-1\" >\r\n\t\t\tLeer m\u00e1s  \u00bb\t\t<\/a>\r\n\r\n\t\t\t\t<\/div>\r\n\t\t\t\t<div class=\"elementor-post__meta-data\">\r\n\t\t\t\t\t<span class=\"elementor-post-date\">\r\n\t\t\t11 noviembre, 2022\t\t<\/span>\r\n\t\t\t\t<\/div>\r\n\t\t\t\t\t<\/div>\r\n\t\t<\/article>\r\n\t\t\t\t<article class=\"elementor-post elementor-grid-item post-11222 post type-post status-publish format-standard has-post-thumbnail hentry category-39 category-consejo-directivo category-notifadecs category-orden-del-dia\" role=\"listitem\">\r\n\t\t\t<div class=\"elementor-post__card\">\r\n\t\t\t\t<div class=\"elementor-post__text\">\r\n\t\t\t\t<h3 class=\"elementor-post__title\">\r\n\t\t\t<a href=\"https:\/\/fadeweb.uncoma.edu.ar\/index.php\/2020\/03\/13\/segunda-sesion-ordinaria-de-2020-del-consejo-directivo-de-la-fadecs\/\" >\r\n\t\t\t\tSEGUNDA SESI\u00d3N ORDINARIA DE 2020 DEL CONSEJO DIRECTIVO DE LA FADECS\t\t\t<\/a>\r\n\t\t<\/h3>\r\n\t\t\t\t<div class=\"elementor-post__excerpt\">\r\n\t\t\t<p>El Consejo Directivo de la Facultad de Derecho y Ciencias Sociales de la Universidad Nacional del Comahue realizar\u00e1 su segunda sesi\u00f3n Ordinaria este viernes 13 de marzo, a partir de las 15 h. Con tal motivo se convoca a los\/las Consejeros\/as, Directores\/as de los Departamentos de Derecho, P\u00fablico y Privado, Servicio Social, Ciencias Pol\u00edticas y Sociales, y Comunicaci\u00f3n Social. Se adjunta Orden del d\u00eda de los asuntos\/expedientes despachados. REUNI\u00d3N ORDINARIA\u00a0\u00a0\u00a0\u00a0 13 DE MARZO DE 2020\u00a0\u00a0\u00a0 ACTA N.\u00ba 02 O R D E N\u00a0\u00a0\u00a0\u00a0\u00a0 D E L\u00a0\u00a0\u00a0\u00a0\u00a0 D I A 1.1. Expte. 741 \u2013\u00a0Anteproyecto de reordenamiento del plan de estudios de<\/p>\n\t\t<\/div>\r\n\t\t\r\n\t\t<a class=\"elementor-post__read-more\" href=\"https:\/\/fadeweb.uncoma.edu.ar\/index.php\/2020\/03\/13\/segunda-sesion-ordinaria-de-2020-del-consejo-directivo-de-la-fadecs\/\" aria-label=\"Read more about SEGUNDA SESI\u00d3N ORDINARIA DE 2020 DEL CONSEJO DIRECTIVO DE LA FADECS\" tabindex=\"-1\" >\r\n\t\t\tLeer m\u00e1s  \u00bb\t\t<\/a>\r\n\r\n\t\t\t\t<\/div>\r\n\t\t\t\t<div class=\"elementor-post__meta-data\">\r\n\t\t\t\t\t<span class=\"elementor-post-date\">\r\n\t\t\t13 marzo, 2020\t\t<\/span>\r\n\t\t\t\t<\/div>\r\n\t\t\t\t\t<\/div>\r\n\t\t<\/article>\r\n\t\t\t\t<article class=\"elementor-post elementor-grid-item post-11351 post type-post status-publish format-standard has-post-thumbnail hentry category-39 category-consejo-directivo category-notifadecs category-orden-del-dia\" role=\"listitem\">\r\n\t\t\t<div class=\"elementor-post__card\">\r\n\t\t\t\t<div class=\"elementor-post__text\">\r\n\t\t\t\t<h3 class=\"elementor-post__title\">\r\n\t\t\t<a href=\"https:\/\/fadeweb.uncoma.edu.ar\/index.php\/2020\/02\/10\/primera-sesion-ordinaria-de-2020-del-consejo-directivo-de-la-fadecs\/\" >\r\n\t\t\t\tPRIMERA SESI\u00d3N ORDINARIA DE 2020 DEL CONSEJO DIRECTIVO DE LA FADECS\t\t\t<\/a>\r\n\t\t<\/h3>\r\n\t\t\t\t<div class=\"elementor-post__excerpt\">\r\n\t\t\t<p>El Consejo Directivo de la Facultad de Derecho y Ciencias Sociales de la Universidad Nacional del Comahue realizar\u00e1 su primera sesi\u00f3n Ordinaria prevista para mi\u00e9rcoles 12\u00a0de\u00a0febrero\u00a0a las 15 hs. Con tal motivo se convoc\u00f3 a los\/las Consejeros\/as, Directores\/as de los Departamentos de Derecho, P\u00fablico y Privado, Servicio Social, Ciencias Pol\u00edticas y Sociales, y Comunicaci\u00f3n Social. En este sentido, se adjunta el orden del d\u00eda de los asuntos\/expedientes despachados hasta el momento y se recuerda que el martes a las 14 h pueden acercarse a despachar los restantes de modo que puedan ingresar sobre tablas. REUNI\u00d3N ORDINARIA\u00a0\u00a0\u00a0\u00a0\u00a0 \u00a0\u00a0\u00a0\u00a0 \u00a0\u00a0\u00a0\u00a0\u00a0\u00a0\u00a0\u00a0\u00a0\u00a0\u00a0\u00a0\u00a0\u00a0\u00a0\u00a0\u00a0\u00a0 12 DE<\/p>\n\t\t<\/div>\r\n\t\t\r\n\t\t<a class=\"elementor-post__read-more\" href=\"https:\/\/fadeweb.uncoma.edu.ar\/index.php\/2020\/02\/10\/primera-sesion-ordinaria-de-2020-del-consejo-directivo-de-la-fadecs\/\" aria-label=\"Read more about PRIMERA SESI\u00d3N ORDINARIA DE 2020 DEL CONSEJO DIRECTIVO DE LA FADECS\" tabindex=\"-1\" >\r\n\t\t\tLeer m\u00e1s  \u00bb\t\t<\/a>\r\n\r\n\t\t\t\t<\/div>\r\n\t\t\t\t<div class=\"elementor-post__meta-data\">\r\n\t\t\t\t\t<span class=\"elementor-post-date\">\r\n\t\t\t10 febrero, 2020\t\t<\/span>\r\n\t\t\t\t<\/div>\r\n\t\t\t\t\t<\/div>\r\n\t\t<\/article>\r\n\t\t\t\t<\/div>\r\n\t\t\r\n\t\t\t\t<div class=\"e-load-more-anchor\" data-page=\"1\" data-max-page=\"5\" data-next-page=\"https:\/\/fadeweb.uncoma.edu.ar\/index.php\/wp-json\/wp\/v2\/pages\/3963\/page\/2\/\"><\/div>\r\n\t\t\t\t<nav class=\"elementor-pagination\" aria-label=\"Pagination\">\r\n\t\t\t<span class=\"page-numbers prev\">&laquo; Anterior<\/span>\n<span aria-current=\"page\" class=\"page-numbers current\"><span class=\"elementor-screen-only\">Page<\/span>1<\/span>\n<a class=\"page-numbers\" href=\"https:\/\/fadeweb.uncoma.edu.ar\/index.php\/wp-json\/wp\/v2\/pages\/3963\/page\/2\/\"><span class=\"elementor-screen-only\">Page<\/span>2<\/a>\n<a class=\"page-numbers\" href=\"https:\/\/fadeweb.uncoma.edu.ar\/index.php\/wp-json\/wp\/v2\/pages\/3963\/page\/3\/\"><span class=\"elementor-screen-only\">Page<\/span>3<\/a>\n<a class=\"page-numbers\" href=\"https:\/\/fadeweb.uncoma.edu.ar\/index.php\/wp-json\/wp\/v2\/pages\/3963\/page\/4\/\"><span class=\"elementor-screen-only\">Page<\/span>4<\/a>\n<a class=\"page-numbers\" href=\"https:\/\/fadeweb.uncoma.edu.ar\/index.php\/wp-json\/wp\/v2\/pages\/3963\/page\/5\/\"><span class=\"elementor-screen-only\">Page<\/span>5<\/a>\n<a class=\"page-numbers next\" href=\"https:\/\/fadeweb.uncoma.edu.ar\/index.php\/wp-json\/wp\/v2\/pages\/3963\/page\/2\/\">Siguiente &raquo;<\/a>\t\t<\/nav>\r\n\t\t\t\t\t\t<\/div>\n\t\t\t\t<\/div>\n\t\t\t\t<div class=\"elementor-element elementor-element-32069be elementor-widget elementor-widget-shortcode\" data-id=\"32069be\" data-element_type=\"widget\" data-e-type=\"widget\" data-widget_type=\"shortcode.default\">\n\t\t\t\t<div class=\"elementor-widget-container\">\n\t\t\t\t\t\t\t<div class=\"elementor-shortcode\">\t\t<div data-elementor-type=\"section\" data-elementor-id=\"4614\" class=\"elementor elementor-4614\" data-elementor-post-type=\"elementor_library\">\r\n\t\t\t\t\t<section class=\"elementor-section elementor-top-section elementor-element elementor-element-2f13a74e elementor-section-boxed elementor-section-height-default elementor-section-height-default\" data-id=\"2f13a74e\" data-element_type=\"section\" data-e-type=\"section\">\n\t\t\t\t\t\t<div class=\"elementor-container elementor-column-gap-default\">\n\t\t\t\t\t<div class=\"elementor-column elementor-col-100 elementor-top-column elementor-element elementor-element-222d1ddf\" data-id=\"222d1ddf\" data-element_type=\"column\" data-e-type=\"column\">\n\t\t\t<div class=\"elementor-widget-wrap elementor-element-populated\">\n\t\t\t\t\t\t<div class=\"elementor-element elementor-element-77d24434 elementor-widget-divider--view-line elementor-widget elementor-widget-divider\" data-id=\"77d24434\" data-element_type=\"widget\" data-e-type=\"widget\" data-widget_type=\"divider.default\">\n\t\t\t\t<div class=\"elementor-widget-container\">\n\t\t\t\t\t\t\t<div class=\"elementor-divider\">\n\t\t\t<span class=\"elementor-divider-separator\">\n\t\t\t\t\t\t<\/span>\n\t\t<\/div>\n\t\t\t\t\t\t<\/div>\n\t\t\t\t<\/div>\n\t\t\t\t<div class=\"elementor-element elementor-element-7a808ded elementor-widget elementor-widget-text-editor\" data-id=\"7a808ded\" data-element_type=\"widget\" data-e-type=\"widget\" data-widget_type=\"text-editor.default\">\n\t\t\t\t<div class=\"elementor-widget-container\">\n\t\t\t\t\t\t\t\t\t<p><span class=\"texto\"><strong>a\/c Depto. Administrativo<br \/>Consejo Directivo<\/strong><br \/>Yanina Spangaro<br \/><\/span><\/p><div><div dir=\"ltr\">\u00a0<\/div><\/div><p><span class=\"texto\"><br \/>Contacto:\u00a0<a href=\"mailto:cjofade@yahoo.com.ar\">cjofade@yahoo.com.ar<\/a><\/span><\/p>\t\t\t\t\t\t\t\t<\/div>\n\t\t\t\t<\/div>\n\t\t\t\t\t<\/div>\n\t\t<\/div>\n\t\t\t\t\t<\/div>\n\t\t<\/section>\n\t\t\t\t<\/div>\r\n\t\t<\/div>\n\t\t\t\t\t\t<\/div>\n\t\t\t\t<\/div>\n\t\t\t\t\t<\/div>\n\t\t<\/div>\n\t\t\t\t<div class=\"elementor-column elementor-col-33 elementor-top-column elementor-element elementor-element-7013904\" data-id=\"7013904\" data-element_type=\"column\" data-e-type=\"column\">\n\t\t\t<div class=\"elementor-widget-wrap elementor-element-populated\">\n\t\t\t\t\t\t<div class=\"elementor-element elementor-element-3c51d82 elementor-nav-menu__align-start elementor-nav-menu--dropdown-none elementor-widget elementor-widget-nav-menu\" data-id=\"3c51d82\" data-element_type=\"widget\" data-e-type=\"widget\" id=\"menu-lateral\" data-settings=\"{&quot;layout&quot;:&quot;vertical&quot;,&quot;submenu_icon&quot;:{&quot;value&quot;:&quot;&lt;i class=\\&quot;fas fa-caret-down\\&quot; aria-hidden=\\&quot;true\\&quot;&gt;&lt;\\\/i&gt;&quot;,&quot;library&quot;:&quot;fa-solid&quot;}}\" data-widget_type=\"nav-menu.default\">\n\t\t\t\t<div class=\"elementor-widget-container\">\n\t\t\t\t\t\t\t\t<nav aria-label=\"Menu\" class=\"elementor-nav-menu--main elementor-nav-menu__container elementor-nav-menu--layout-vertical e--pointer-background e--animation-fade\">\r\n\t\t\t\t<ul id=\"menu-1-3c51d82\" class=\"elementor-nav-menu sm-vertical\"><li class=\"menu-item menu-item-type-post_type menu-item-object-page menu-item-4567\"><a href=\"https:\/\/fadeweb.uncoma.edu.ar\/index.php\/autoridades\/\" class=\"elementor-item\">AUTORIDADES<\/a><\/li>\n<li class=\"menu-item menu-item-type-post_type menu-item-object-page menu-item-4566\"><a href=\"https:\/\/fadeweb.uncoma.edu.ar\/index.php\/autoridades\/decano\/\" class=\"elementor-item\">DECANO<\/a><\/li>\n<li class=\"menu-item menu-item-type-post_type menu-item-object-page menu-item-4570\"><a href=\"https:\/\/fadeweb.uncoma.edu.ar\/index.php\/autoridades\/consejo-directivo\/\" class=\"elementor-item\">CONSEJO DIRECTIVO<\/a><\/li>\n<li class=\"menu-item menu-item-type-post_type menu-item-object-page menu-item-4568\"><a href=\"https:\/\/fadeweb.uncoma.edu.ar\/index.php\/autoridades\/secretaria-academica\/\" class=\"elementor-item\">SEC. ACADEMICA<\/a><\/li>\n<li class=\"menu-item menu-item-type-post_type menu-item-object-page menu-item-4571\"><a href=\"https:\/\/fadeweb.uncoma.edu.ar\/index.php\/secretaria-de-ciencia-y-tecnica-y-relaciones-internacionales\/\" class=\"elementor-item\">SEC. CIENCIA Y TECNICA Y RR. II.<\/a><\/li>\n<li class=\"menu-item menu-item-type-post_type menu-item-object-page menu-item-4572\"><a href=\"https:\/\/fadeweb.uncoma.edu.ar\/index.php\/secretaria-de-extension-y-asuntos-estudiantiles\/\" class=\"elementor-item\">SEC. EXTENSION<\/a><\/li>\n<li class=\"menu-item menu-item-type-post_type menu-item-object-page menu-item-4569\"><a href=\"https:\/\/fadeweb.uncoma.edu.ar\/index.php\/autoridades\/secretaria-administrativa\/\" class=\"elementor-item\">SEC. ADMINISTRATIVA<\/a><\/li>\n<li class=\"menu-item menu-item-type-post_type menu-item-object-page menu-item-4573\"><a href=\"https:\/\/fadeweb.uncoma.edu.ar\/index.php\/secretaria-de-bienestar-estudiantil\/\" class=\"elementor-item\">SEC. BIENESTAR<\/a><\/li>\n<\/ul>\t\t\t<\/nav>\r\n\t\t\t\t\t\t<nav class=\"elementor-nav-menu--dropdown elementor-nav-menu__container\" aria-hidden=\"true\">\r\n\t\t\t\t<ul id=\"menu-2-3c51d82\" class=\"elementor-nav-menu sm-vertical\"><li class=\"menu-item menu-item-type-post_type menu-item-object-page menu-item-4567\"><a href=\"https:\/\/fadeweb.uncoma.edu.ar\/index.php\/autoridades\/\" class=\"elementor-item\" tabindex=\"-1\">AUTORIDADES<\/a><\/li>\n<li class=\"menu-item menu-item-type-post_type menu-item-object-page menu-item-4566\"><a href=\"https:\/\/fadeweb.uncoma.edu.ar\/index.php\/autoridades\/decano\/\" class=\"elementor-item\" tabindex=\"-1\">DECANO<\/a><\/li>\n<li class=\"menu-item menu-item-type-post_type menu-item-object-page menu-item-4570\"><a href=\"https:\/\/fadeweb.uncoma.edu.ar\/index.php\/autoridades\/consejo-directivo\/\" class=\"elementor-item\" tabindex=\"-1\">CONSEJO DIRECTIVO<\/a><\/li>\n<li class=\"menu-item menu-item-type-post_type menu-item-object-page menu-item-4568\"><a href=\"https:\/\/fadeweb.uncoma.edu.ar\/index.php\/autoridades\/secretaria-academica\/\" class=\"elementor-item\" tabindex=\"-1\">SEC. ACADEMICA<\/a><\/li>\n<li class=\"menu-item menu-item-type-post_type menu-item-object-page menu-item-4571\"><a href=\"https:\/\/fadeweb.uncoma.edu.ar\/index.php\/secretaria-de-ciencia-y-tecnica-y-relaciones-internacionales\/\" class=\"elementor-item\" tabindex=\"-1\">SEC. CIENCIA Y TECNICA Y RR. II.<\/a><\/li>\n<li class=\"menu-item menu-item-type-post_type menu-item-object-page menu-item-4572\"><a href=\"https:\/\/fadeweb.uncoma.edu.ar\/index.php\/secretaria-de-extension-y-asuntos-estudiantiles\/\" class=\"elementor-item\" tabindex=\"-1\">SEC. EXTENSION<\/a><\/li>\n<li class=\"menu-item menu-item-type-post_type menu-item-object-page menu-item-4569\"><a href=\"https:\/\/fadeweb.uncoma.edu.ar\/index.php\/autoridades\/secretaria-administrativa\/\" class=\"elementor-item\" tabindex=\"-1\">SEC. ADMINISTRATIVA<\/a><\/li>\n<li class=\"menu-item menu-item-type-post_type menu-item-object-page menu-item-4573\"><a href=\"https:\/\/fadeweb.uncoma.edu.ar\/index.php\/secretaria-de-bienestar-estudiantil\/\" class=\"elementor-item\" tabindex=\"-1\">SEC. BIENESTAR<\/a><\/li>\n<\/ul>\t\t\t<\/nav>\r\n\t\t\t\t\t\t<\/div>\n\t\t\t\t<\/div>\n\t\t\t\t\t<\/div>\n\t\t<\/div>\n\t\t\t\t\t<\/div>\n\t\t<\/section>\n\t\t\t\t<\/div>\n\t\t","protected":false},"excerpt":{"rendered":"<p>CONSEJO DIRECTIVO ORDEN DEL D\u00cdA<\/p>\n","protected":false},"author":2,"featured_media":0,"parent":3954,"menu_order":0,"comment_status":"closed","ping_status":"closed","template":"","meta":{"footnotes":""},"class_list":["post-3963","page","type-page","status-publish","hentry"],"_links":{"self":[{"href":"https:\/\/fadeweb.uncoma.edu.ar\/index.php\/wp-json\/wp\/v2\/pages\/3963","targetHints":{"allow":["GET"]}}],"collection":[{"href":"https:\/\/fadeweb.uncoma.edu.ar\/index.php\/wp-json\/wp\/v2\/pages"}],"about":[{"href":"https:\/\/fadeweb.uncoma.edu.ar\/index.php\/wp-json\/wp\/v2\/types\/page"}],"author":[{"embeddable":true,"href":"https:\/\/fadeweb.uncoma.edu.ar\/index.php\/wp-json\/wp\/v2\/users\/2"}],"replies":[{"embeddable":true,"href":"https:\/\/fadeweb.uncoma.edu.ar\/index.php\/wp-json\/wp\/v2\/comments?post=3963"}],"version-history":[{"count":9,"href":"https:\/\/fadeweb.uncoma.edu.ar\/index.php\/wp-json\/wp\/v2\/pages\/3963\/revisions"}],"predecessor-version":[{"id":18872,"href":"https:\/\/fadeweb.uncoma.edu.ar\/index.php\/wp-json\/wp\/v2\/pages\/3963\/revisions\/18872"}],"up":[{"embeddable":true,"href":"https:\/\/fadeweb.uncoma.edu.ar\/index.php\/wp-json\/wp\/v2\/pages\/3954"}],"wp:attachment":[{"href":"https:\/\/fadeweb.uncoma.edu.ar\/index.php\/wp-json\/wp\/v2\/media?parent=3963"}],"curies":[{"name":"wp","href":"https:\/\/api.w.org\/{rel}","templated":true}]}}