{"id":3941,"date":"2022-09-17T00:25:28","date_gmt":"2022-09-17T00:25:28","guid":{"rendered":"http:\/\/web.fadecs.uncoma.edu.ar\/?page_id=3941"},"modified":"2025-07-25T11:42:52","modified_gmt":"2025-07-25T14:42:52","slug":"secretaria-administrativa","status":"publish","type":"page","link":"https:\/\/fadeweb.uncoma.edu.ar\/index.php\/autoridades\/secretaria-administrativa\/","title":{"rendered":"SECRETARIA ADMINISTRATIVA"},"content":{"rendered":"\t\t<div data-elementor-type=\"wp-page\" data-elementor-id=\"3941\" class=\"elementor elementor-3941\" data-elementor-post-type=\"page\">\n\t\t\t\t\t\t<section class=\"elementor-section elementor-top-section elementor-element elementor-element-a066a8a elementor-section-boxed elementor-section-height-default elementor-section-height-default\" data-id=\"a066a8a\" data-element_type=\"section\" data-e-type=\"section\">\n\t\t\t\t\t\t<div class=\"elementor-container elementor-column-gap-default\">\n\t\t\t\t\t<div class=\"elementor-column elementor-col-66 elementor-top-column elementor-element elementor-element-cbf0347\" data-id=\"cbf0347\" data-element_type=\"column\" data-e-type=\"column\">\n\t\t\t<div class=\"elementor-widget-wrap elementor-element-populated\">\n\t\t\t\t\t\t<div class=\"elementor-element elementor-element-28d3e14 elementor-widget elementor-widget-heading\" data-id=\"28d3e14\" data-element_type=\"widget\" data-e-type=\"widget\" data-widget_type=\"heading.default\">\n\t\t\t\t<div class=\"elementor-widget-container\">\n\t\t\t\t\t<h2 class=\"elementor-heading-title elementor-size-default\">SECRETARIA ADMINISTRATIVA<\/h2>\t\t\t\t<\/div>\n\t\t\t\t<\/div>\n\t\t\t\t<div class=\"elementor-element elementor-element-c545e65 elementor-widget elementor-widget-text-editor\" data-id=\"c545e65\" data-element_type=\"widget\" data-e-type=\"widget\" data-widget_type=\"text-editor.default\">\n\t\t\t\t<div class=\"elementor-widget-container\">\n\t\t\t\t\t\t\t\t\t<p class=\"texto\">La gesti\u00f3n de cualquier organizaci\u00f3n requiere ineludiblemente construir una visi\u00f3n com\u00fan por parte de sus integrantes, clarificar su misi\u00f3n (para qu\u00e9 existe) y fijar objetivos y metas.<\/p><p class=\"texto\">El centro de esta actividad son los recursos humanos que la integran.<\/p><p class=\"texto\">Esta nueva idea de gesti\u00f3n reemplaza a la m\u00e1s tradicional de administraci\u00f3n, identificada \u00fanicamente con normas y procedimientos y con eje en los recursos materiales.<\/p><p><span class=\"texto\"><b>Avanzar en la construcci\u00f3n de un proceso de gesti\u00f3n colectivo<\/b>\u00a0para la FADECS es tarea fundamental de la Secretar\u00eda Administrativa.<\/span><\/p><p class=\"texto\">El mecanismo seleccionado es\u00a0<b>la participaci\u00f3n en la discusi\u00f3n de los problemas y cuestiones a resolver\u00a0<\/b>por parte de todos los interesados.<\/p><p class=\"texto\">De esta manera se transparentan los procesos de toma de decisiones, necesarios para apoyar con los recursos financieros disponibles las necesidades acad\u00e9micas, de investigaci\u00f3n, extensi\u00f3n, posgrado y todas las nuevas \u00e1reas que continuamente se van abriendo como respuesta institucional a los problemas de la comunidad.<\/p><p class=\"texto\">El\u00a0<b>mejoramiento del edificio y de toda la infraestructura<\/b>\u00a0de la FADECS ser\u00e1 la meta principal de este ciclo que se inicia.<\/p><p class=\"texto\">Para ello se est\u00e1n fijando prioridades, buscando recursos y gestionando las actividades de construcci\u00f3n y mantenimiento.<\/p><p class=\"texto\">El personal t\u00e9cnico y administrativo no docente apoya sustancialmente este proceso adaptando funciones y actividades a las necesidades continuamente cambiantes.<\/p>\t\t\t\t\t\t\t\t<\/div>\n\t\t\t\t<\/div>\n\t\t\t\t<section class=\"elementor-section elementor-inner-section elementor-element elementor-element-0ced9a7 elementor-section-boxed elementor-section-height-default elementor-section-height-default\" data-id=\"0ced9a7\" data-element_type=\"section\" data-e-type=\"section\">\n\t\t\t\t\t\t<div class=\"elementor-container elementor-column-gap-default\">\n\t\t\t\t\t<div class=\"elementor-column elementor-col-50 elementor-inner-column elementor-element elementor-element-f35b2c1\" data-id=\"f35b2c1\" data-element_type=\"column\" data-e-type=\"column\">\n\t\t\t<div class=\"elementor-widget-wrap elementor-element-populated\">\n\t\t\t\t\t\t<div class=\"elementor-element elementor-element-9d1610b elementor-widget elementor-widget-text-editor\" data-id=\"9d1610b\" data-element_type=\"widget\" data-e-type=\"widget\" data-widget_type=\"text-editor.default\">\n\t\t\t\t<div class=\"elementor-widget-container\">\n\t\t\t\t\t\t\t\t\t<p><a class=\"texto\" href=\"https:\/\/fadeweb.uncoma.edu.ar\/index.php\/autoridades\/secretaria-administrativa\/recursos-humanos\/\">Dpto. Recursos Humanos<\/a><\/p><hr \/><p><a href=\"mailto:docentes@fade.uncoma.edu.ar\">Dpto. Docente<\/a> \u00a0<\/p><hr \/><p><a href=\"mailto:erica.quiroga@fade.uncoma.edu.ar\">Dpto. Inform\u00e1tica<\/a> \u00a0\u00a0<\/p><hr \/><p><a href=\"mailto:mesaentradasfadecs@yahoo.com.ar\">Dpto. Mesa de Entrada<\/a><\/p>\t\t\t\t\t\t\t\t<\/div>\n\t\t\t\t<\/div>\n\t\t\t\t\t<\/div>\n\t\t<\/div>\n\t\t\t\t<div class=\"elementor-column elementor-col-50 elementor-inner-column elementor-element elementor-element-b836545\" data-id=\"b836545\" data-element_type=\"column\" data-e-type=\"column\">\n\t\t\t<div class=\"elementor-widget-wrap elementor-element-populated\">\n\t\t\t\t\t\t<div class=\"elementor-element elementor-element-019ca81 elementor-widget elementor-widget-text-editor\" data-id=\"019ca81\" data-element_type=\"widget\" data-e-type=\"widget\" data-widget_type=\"text-editor.default\">\n\t\t\t\t<div class=\"elementor-widget-container\">\n\t\t\t\t\t\t\t\t\t<p><span class=\"texto\"><b class=\"subt1a\">Secretar\u00eda Administrativa<\/b><br \/>Cdor. Juan Manuel Paseiro |\u00a0<a href=\"mailto:secretaria.administrativa@fade.uncoma.edu.ar\">secretaria.administrativa@fade.uncoma.edu.ar<\/a><br \/><\/span><\/p><p>\u00a0<\/p>\t\t\t\t\t\t\t\t<\/div>\n\t\t\t\t<\/div>\n\t\t\t\t\t<\/div>\n\t\t<\/div>\n\t\t\t\t\t<\/div>\n\t\t<\/section>\n\t\t\t\t<div class=\"elementor-element elementor-element-c6bef32 elementor-widget elementor-widget-text-editor\" data-id=\"c6bef32\" data-element_type=\"widget\" data-e-type=\"widget\" data-widget_type=\"text-editor.default\">\n\t\t\t\t<div class=\"elementor-widget-container\">\n\t\t\t\t\t\t\t\t\t<hr noshade=\"noshade\" \/><p class=\"texto\"><strong>CONTACTO<\/strong><br \/>TE: (0298) 4433668 &#8211; 433668<br \/><span class=\"texto\">Tel. directo: 0298-4432093<\/span><br \/>Correo electr\u00f3nico:<a href=\"mailto:secretaria.administrativa@fade.uncoma.edu.ar\">\u00a0secretaria.administrativa@fade.uncoma.edu.ar<\/a><br \/>Mendoza y Per\u00fa.<br \/>(8332) General Roca, R\u00edo Negro<br \/>Argentina<\/p>\t\t\t\t\t\t\t\t<\/div>\n\t\t\t\t<\/div>\n\t\t\t\t\t<\/div>\n\t\t<\/div>\n\t\t\t\t<div class=\"elementor-column elementor-col-33 elementor-top-column elementor-element elementor-element-5d073bd\" data-id=\"5d073bd\" data-element_type=\"column\" data-e-type=\"column\">\n\t\t\t<div class=\"elementor-widget-wrap elementor-element-populated\">\n\t\t\t\t\t\t<div class=\"elementor-element elementor-element-665c128 elementor-nav-menu__align-start elementor-nav-menu--dropdown-none elementor-widget elementor-widget-nav-menu\" data-id=\"665c128\" data-element_type=\"widget\" data-e-type=\"widget\" data-settings=\"{&quot;layout&quot;:&quot;vertical&quot;,&quot;submenu_icon&quot;:{&quot;value&quot;:&quot;&lt;i class=\\&quot;fas fa-caret-down\\&quot; aria-hidden=\\&quot;true\\&quot;&gt;&lt;\\\/i&gt;&quot;,&quot;library&quot;:&quot;fa-solid&quot;}}\" data-widget_type=\"nav-menu.default\">\n\t\t\t\t<div class=\"elementor-widget-container\">\n\t\t\t\t\t\t\t\t<nav aria-label=\"Menu\" class=\"elementor-nav-menu--main elementor-nav-menu__container elementor-nav-menu--layout-vertical e--pointer-background e--animation-fade\">\r\n\t\t\t\t<ul id=\"menu-1-665c128\" class=\"elementor-nav-menu sm-vertical\"><li class=\"menu-item menu-item-type-post_type menu-item-object-page menu-item-4567\"><a href=\"https:\/\/fadeweb.uncoma.edu.ar\/index.php\/autoridades\/\" class=\"elementor-item\">AUTORIDADES<\/a><\/li>\n<li class=\"menu-item menu-item-type-post_type menu-item-object-page menu-item-4566\"><a href=\"https:\/\/fadeweb.uncoma.edu.ar\/index.php\/autoridades\/decano\/\" class=\"elementor-item\">DECANO<\/a><\/li>\n<li class=\"menu-item menu-item-type-post_type menu-item-object-page menu-item-4570\"><a href=\"https:\/\/fadeweb.uncoma.edu.ar\/index.php\/autoridades\/consejo-directivo\/\" class=\"elementor-item\">CONSEJO DIRECTIVO<\/a><\/li>\n<li class=\"menu-item menu-item-type-post_type menu-item-object-page menu-item-4568\"><a href=\"https:\/\/fadeweb.uncoma.edu.ar\/index.php\/autoridades\/secretaria-academica\/\" class=\"elementor-item\">SEC. ACADEMICA<\/a><\/li>\n<li class=\"menu-item menu-item-type-post_type menu-item-object-page menu-item-4571\"><a href=\"https:\/\/fadeweb.uncoma.edu.ar\/index.php\/secretaria-de-ciencia-y-tecnica-y-relaciones-internacionales\/\" class=\"elementor-item\">SEC. CIENCIA Y TECNICA Y RR. II.<\/a><\/li>\n<li class=\"menu-item menu-item-type-post_type menu-item-object-page menu-item-4572\"><a href=\"https:\/\/fadeweb.uncoma.edu.ar\/index.php\/secretaria-de-extension-y-asuntos-estudiantiles\/\" class=\"elementor-item\">SEC. EXTENSION<\/a><\/li>\n<li class=\"menu-item menu-item-type-post_type menu-item-object-page menu-item-4569\"><a href=\"https:\/\/fadeweb.uncoma.edu.ar\/index.php\/autoridades\/secretaria-administrativa\/\" class=\"elementor-item\">SEC. ADMINISTRATIVA<\/a><\/li>\n<li class=\"menu-item menu-item-type-post_type menu-item-object-page menu-item-4573\"><a href=\"https:\/\/fadeweb.uncoma.edu.ar\/index.php\/secretaria-de-bienestar-estudiantil\/\" class=\"elementor-item\">SEC. BIENESTAR<\/a><\/li>\n<\/ul>\t\t\t<\/nav>\r\n\t\t\t\t\t\t<nav class=\"elementor-nav-menu--dropdown elementor-nav-menu__container\" aria-hidden=\"true\">\r\n\t\t\t\t<ul id=\"menu-2-665c128\" class=\"elementor-nav-menu sm-vertical\"><li class=\"menu-item menu-item-type-post_type menu-item-object-page menu-item-4567\"><a href=\"https:\/\/fadeweb.uncoma.edu.ar\/index.php\/autoridades\/\" class=\"elementor-item\" tabindex=\"-1\">AUTORIDADES<\/a><\/li>\n<li class=\"menu-item menu-item-type-post_type menu-item-object-page menu-item-4566\"><a href=\"https:\/\/fadeweb.uncoma.edu.ar\/index.php\/autoridades\/decano\/\" class=\"elementor-item\" tabindex=\"-1\">DECANO<\/a><\/li>\n<li class=\"menu-item menu-item-type-post_type menu-item-object-page menu-item-4570\"><a href=\"https:\/\/fadeweb.uncoma.edu.ar\/index.php\/autoridades\/consejo-directivo\/\" class=\"elementor-item\" tabindex=\"-1\">CONSEJO DIRECTIVO<\/a><\/li>\n<li class=\"menu-item menu-item-type-post_type menu-item-object-page menu-item-4568\"><a href=\"https:\/\/fadeweb.uncoma.edu.ar\/index.php\/autoridades\/secretaria-academica\/\" class=\"elementor-item\" tabindex=\"-1\">SEC. ACADEMICA<\/a><\/li>\n<li class=\"menu-item menu-item-type-post_type menu-item-object-page menu-item-4571\"><a href=\"https:\/\/fadeweb.uncoma.edu.ar\/index.php\/secretaria-de-ciencia-y-tecnica-y-relaciones-internacionales\/\" class=\"elementor-item\" tabindex=\"-1\">SEC. CIENCIA Y TECNICA Y RR. II.<\/a><\/li>\n<li class=\"menu-item menu-item-type-post_type menu-item-object-page menu-item-4572\"><a href=\"https:\/\/fadeweb.uncoma.edu.ar\/index.php\/secretaria-de-extension-y-asuntos-estudiantiles\/\" class=\"elementor-item\" tabindex=\"-1\">SEC. EXTENSION<\/a><\/li>\n<li class=\"menu-item menu-item-type-post_type menu-item-object-page menu-item-4569\"><a href=\"https:\/\/fadeweb.uncoma.edu.ar\/index.php\/autoridades\/secretaria-administrativa\/\" class=\"elementor-item\" tabindex=\"-1\">SEC. ADMINISTRATIVA<\/a><\/li>\n<li class=\"menu-item menu-item-type-post_type menu-item-object-page menu-item-4573\"><a href=\"https:\/\/fadeweb.uncoma.edu.ar\/index.php\/secretaria-de-bienestar-estudiantil\/\" class=\"elementor-item\" tabindex=\"-1\">SEC. BIENESTAR<\/a><\/li>\n<\/ul>\t\t\t<\/nav>\r\n\t\t\t\t\t\t<\/div>\n\t\t\t\t<\/div>\n\t\t\t\t\t<\/div>\n\t\t<\/div>\n\t\t\t\t\t<\/div>\n\t\t<\/section>\n\t\t\t\t<\/div>\n\t\t","protected":false},"excerpt":{"rendered":"<p>SECRETARIA ADMINISTRATIVA La gesti\u00f3n de cualquier organizaci\u00f3n requiere ineludiblemente construir una visi\u00f3n com\u00fan por parte de sus integrantes, clarificar su misi\u00f3n (para qu\u00e9 existe) y fijar objetivos y metas. El centro de esta actividad son los recursos humanos que la integran. Esta nueva idea de gesti\u00f3n reemplaza a la m\u00e1s tradicional de administraci\u00f3n, identificada \u00fanicamente [&hellip;]<\/p>\n","protected":false},"author":2,"featured_media":0,"parent":3148,"menu_order":0,"comment_status":"closed","ping_status":"closed","template":"","meta":{"footnotes":""},"class_list":["post-3941","page","type-page","status-publish","hentry"],"_links":{"self":[{"href":"https:\/\/fadeweb.uncoma.edu.ar\/index.php\/wp-json\/wp\/v2\/pages\/3941","targetHints":{"allow":["GET"]}}],"collection":[{"href":"https:\/\/fadeweb.uncoma.edu.ar\/index.php\/wp-json\/wp\/v2\/pages"}],"about":[{"href":"https:\/\/fadeweb.uncoma.edu.ar\/index.php\/wp-json\/wp\/v2\/types\/page"}],"author":[{"embeddable":true,"href":"https:\/\/fadeweb.uncoma.edu.ar\/index.php\/wp-json\/wp\/v2\/users\/2"}],"replies":[{"embeddable":true,"href":"https:\/\/fadeweb.uncoma.edu.ar\/index.php\/wp-json\/wp\/v2\/comments?post=3941"}],"version-history":[{"count":6,"href":"https:\/\/fadeweb.uncoma.edu.ar\/index.php\/wp-json\/wp\/v2\/pages\/3941\/revisions"}],"predecessor-version":[{"id":25906,"href":"https:\/\/fadeweb.uncoma.edu.ar\/index.php\/wp-json\/wp\/v2\/pages\/3941\/revisions\/25906"}],"up":[{"embeddable":true,"href":"https:\/\/fadeweb.uncoma.edu.ar\/index.php\/wp-json\/wp\/v2\/pages\/3148"}],"wp:attachment":[{"href":"https:\/\/fadeweb.uncoma.edu.ar\/index.php\/wp-json\/wp\/v2\/media?parent=3941"}],"curies":[{"name":"wp","href":"https:\/\/api.w.org\/{rel}","templated":true}]}}