{"id":3548,"date":"2022-09-16T12:11:39","date_gmt":"2022-09-16T12:11:39","guid":{"rendered":"http:\/\/web.fadecs.uncoma.edu.ar\/?page_id=3548"},"modified":"2022-11-10T08:23:43","modified_gmt":"2022-11-10T11:23:43","slug":"biblioteca","status":"publish","type":"page","link":"https:\/\/fadeweb.uncoma.edu.ar\/index.php\/autoridades\/secretaria-academica\/biblioteca\/","title":{"rendered":"BIBLIOTECA"},"content":{"rendered":"\t\t<div data-elementor-type=\"wp-page\" data-elementor-id=\"3548\" class=\"elementor elementor-3548\" data-elementor-post-type=\"page\">\n\t\t\t\t\t\t<section class=\"elementor-section elementor-top-section elementor-element elementor-element-98b6eff elementor-section-boxed elementor-section-height-default elementor-section-height-default\" data-id=\"98b6eff\" data-element_type=\"section\" data-e-type=\"section\">\n\t\t\t\t\t\t<div class=\"elementor-container elementor-column-gap-default\">\n\t\t\t\t\t<div class=\"elementor-column elementor-col-100 elementor-top-column elementor-element elementor-element-3b83af3\" data-id=\"3b83af3\" data-element_type=\"column\" data-e-type=\"column\">\n\t\t\t<div class=\"elementor-widget-wrap elementor-element-populated\">\n\t\t\t\t\t\t<section class=\"elementor-section elementor-inner-section elementor-element elementor-element-47109b2 elementor-section-boxed elementor-section-height-default elementor-section-height-default\" data-id=\"47109b2\" data-element_type=\"section\" data-e-type=\"section\">\n\t\t\t\t\t\t<div class=\"elementor-container elementor-column-gap-default\">\n\t\t\t\t\t<div class=\"elementor-column elementor-col-33 elementor-inner-column elementor-element elementor-element-bd70fb7\" data-id=\"bd70fb7\" data-element_type=\"column\" data-e-type=\"column\">\n\t\t\t<div class=\"elementor-widget-wrap elementor-element-populated\">\n\t\t\t\t\t\t<div class=\"elementor-element elementor-element-5b7e365 elementor-widget elementor-widget-image\" data-id=\"5b7e365\" data-element_type=\"widget\" data-e-type=\"widget\" data-widget_type=\"image.default\">\n\t\t\t\t<div class=\"elementor-widget-container\">\n\t\t\t\t\t\t\t\t\t\t\t\t\t\t\t\t<a href=\"http:\/\/web.fadecs.uncoma.edu.ar\/wp-content\/uploads\/2022\/09\/A10.jpg\" data-elementor-open-lightbox=\"yes\" data-elementor-lightbox-title=\"A10\" data-e-action-hash=\"#elementor-action%3Aaction%3Dlightbox%26settings%3DeyJpZCI6MzU5MCwidXJsIjoiaHR0cHM6XC9cL2ZhZGV3ZWIudW5jb21hLmVkdS5hclwvd3AtY29udGVudFwvdXBsb2Fkc1wvMjAyMlwvMDlcL0ExMC5qcGcifQ%3D%3D\">\n\t\t\t\t\t\t\t<img fetchpriority=\"high\" decoding=\"async\" width=\"800\" height=\"695\" src=\"https:\/\/fadeweb.uncoma.edu.ar\/wp-content\/uploads\/2022\/09\/A10.jpg\" class=\"attachment-large size-large wp-image-3590\" alt=\"\" srcset=\"https:\/\/fadeweb.uncoma.edu.ar\/wp-content\/uploads\/2022\/09\/A10.jpg 800w, https:\/\/fadeweb.uncoma.edu.ar\/wp-content\/uploads\/2022\/09\/A10-300x261.jpg 300w, https:\/\/fadeweb.uncoma.edu.ar\/wp-content\/uploads\/2022\/09\/A10-768x667.jpg 768w\" sizes=\"(max-width: 800px) 100vw, 800px\" \/>\t\t\t\t\t\t\t\t<\/a>\n\t\t\t\t\t\t\t\t\t\t\t\t\t\t\t<\/div>\n\t\t\t\t<\/div>\n\t\t\t\t\t<\/div>\n\t\t<\/div>\n\t\t\t\t<div class=\"elementor-column elementor-col-33 elementor-inner-column elementor-element elementor-element-5fffe46\" data-id=\"5fffe46\" data-element_type=\"column\" data-e-type=\"column\">\n\t\t\t<div class=\"elementor-widget-wrap elementor-element-populated\">\n\t\t\t\t\t\t<div class=\"elementor-element elementor-element-f2de3b5 elementor-widget elementor-widget-image\" data-id=\"f2de3b5\" data-element_type=\"widget\" data-e-type=\"widget\" data-widget_type=\"image.default\">\n\t\t\t\t<div class=\"elementor-widget-container\">\n\t\t\t\t\t\t\t\t\t\t\t\t\t\t\t\t<a href=\"http:\/\/web.fadecs.uncoma.edu.ar\/wp-content\/uploads\/2022\/09\/A11.jpg\" data-elementor-open-lightbox=\"yes\" data-elementor-lightbox-title=\"A11\" data-e-action-hash=\"#elementor-action%3Aaction%3Dlightbox%26settings%3DeyJpZCI6MzU5MSwidXJsIjoiaHR0cHM6XC9cL2ZhZGV3ZWIudW5jb21hLmVkdS5hclwvd3AtY29udGVudFwvdXBsb2Fkc1wvMjAyMlwvMDlcL0ExMS5qcGcifQ%3D%3D\">\n\t\t\t\t\t\t\t<img decoding=\"async\" width=\"800\" height=\"601\" src=\"https:\/\/fadeweb.uncoma.edu.ar\/wp-content\/uploads\/2022\/09\/A11.jpg\" class=\"attachment-large size-large wp-image-3591\" alt=\"\" srcset=\"https:\/\/fadeweb.uncoma.edu.ar\/wp-content\/uploads\/2022\/09\/A11.jpg 800w, https:\/\/fadeweb.uncoma.edu.ar\/wp-content\/uploads\/2022\/09\/A11-300x225.jpg 300w, https:\/\/fadeweb.uncoma.edu.ar\/wp-content\/uploads\/2022\/09\/A11-768x577.jpg 768w\" sizes=\"(max-width: 800px) 100vw, 800px\" \/>\t\t\t\t\t\t\t\t<\/a>\n\t\t\t\t\t\t\t\t\t\t\t\t\t\t\t<\/div>\n\t\t\t\t<\/div>\n\t\t\t\t\t<\/div>\n\t\t<\/div>\n\t\t\t\t<div class=\"elementor-column elementor-col-33 elementor-inner-column elementor-element elementor-element-4f7435b\" data-id=\"4f7435b\" data-element_type=\"column\" data-e-type=\"column\">\n\t\t\t<div class=\"elementor-widget-wrap elementor-element-populated\">\n\t\t\t\t\t\t<div class=\"elementor-element elementor-element-8aa4022 elementor-widget elementor-widget-image\" data-id=\"8aa4022\" data-element_type=\"widget\" data-e-type=\"widget\" data-widget_type=\"image.default\">\n\t\t\t\t<div class=\"elementor-widget-container\">\n\t\t\t\t\t\t\t\t\t\t\t\t\t\t\t\t<a href=\"http:\/\/web.fadecs.uncoma.edu.ar\/wp-content\/uploads\/2022\/09\/A12.jpg\" data-elementor-open-lightbox=\"yes\" data-elementor-lightbox-title=\"A12\" data-e-action-hash=\"#elementor-action%3Aaction%3Dlightbox%26settings%3DeyJpZCI6MzU5MiwidXJsIjoiaHR0cHM6XC9cL2ZhZGV3ZWIudW5jb21hLmVkdS5hclwvd3AtY29udGVudFwvdXBsb2Fkc1wvMjAyMlwvMDlcL0ExMi5qcGcifQ%3D%3D\">\n\t\t\t\t\t\t\t<img decoding=\"async\" width=\"506\" height=\"400\" src=\"https:\/\/fadeweb.uncoma.edu.ar\/wp-content\/uploads\/2022\/09\/A12.jpg\" class=\"attachment-large size-large wp-image-3592\" alt=\"\" srcset=\"https:\/\/fadeweb.uncoma.edu.ar\/wp-content\/uploads\/2022\/09\/A12.jpg 506w, https:\/\/fadeweb.uncoma.edu.ar\/wp-content\/uploads\/2022\/09\/A12-300x237.jpg 300w\" sizes=\"(max-width: 506px) 100vw, 506px\" \/>\t\t\t\t\t\t\t\t<\/a>\n\t\t\t\t\t\t\t\t\t\t\t\t\t\t\t<\/div>\n\t\t\t\t<\/div>\n\t\t\t\t\t<\/div>\n\t\t<\/div>\n\t\t\t\t\t<\/div>\n\t\t<\/section>\n\t\t\t\t<div class=\"elementor-element elementor-element-014c1e1 elementor-widget elementor-widget-heading\" data-id=\"014c1e1\" data-element_type=\"widget\" data-e-type=\"widget\" data-widget_type=\"heading.default\">\n\t\t\t\t<div class=\"elementor-widget-container\">\n\t\t\t\t\t<h2 class=\"elementor-heading-title elementor-size-default\">BIBLIOTECA ERNESTO S\u00c1BATO<\/h2>\t\t\t\t<\/div>\n\t\t\t\t<\/div>\n\t\t\t\t<div class=\"elementor-element elementor-element-63491d1 elementor-widget elementor-widget-text-editor\" data-id=\"63491d1\" data-element_type=\"widget\" data-e-type=\"widget\" data-widget_type=\"text-editor.default\">\n\t\t\t\t<div class=\"elementor-widget-container\">\n\t\t\t\t\t\t\t\t\t<p class=\"texto\"><a class=\"titulo3\" href=\"http:\/\/sabato.uncoma.edu.ar\/\">&gt;&gt;CAT\u00c1LOGO VIRTUAL<\/a><\/p><p class=\"texto\">La\u00a0<a href=\"http:\/\/sabato.uncoma.edu.ar\/\">Biblioteca Ernesto S\u00e1bato\u00a0<\/a>es\u00a0 \u00ababierta\u00bb. Toda la colecci\u00f3n de libros est\u00e1 disponible para que los lectores recorran las estanter\u00edas.<\/p><p class=\"texto\">Cuenta con material espec\u00edfico para el estudio de las carreras de grado y postgrado de la Facultad de Derecho y Ciencias Sociales y la Facultad de Lenguas<\/p><p class=\"texto\"><strong>EL EDIFICIO<\/strong><br \/>El\u00a0<strong>edificio<\/strong>\u00a0actual de la Biblioteca Ernesto S\u00e1bato comprende 280 m2, los cuales est\u00e1n completamente utilizados por el dep\u00f3sito de libros que comparte con la sala de lectura parlante, m\u00e1s una sala de lectura silenciosa. El resto de las instalaciones las ocupan las oficinas del personal y la Hemeroteca . El edificio fue construido en 1994 previendo un crecimiento en cuanto al uso de la Biblioteca, pero tal crecimiento se vio desbordado por el\u00a0<strong>alt\u00edsimo incremento de la matr\u00edcula.<\/strong><\/p><p>Su dise\u00f1o es moderno y a\u00fan se conserva la idea original que motiv\u00f3 su construcci\u00f3n pr\u00e1cticamente sin paredes divisorias. Esto es: separaciones vidriadas que permite conectar las salas de lectura y, al mismo tiempo que los usuarios tengan acceso visual a los lugares de trabajo del personal.<\/p><p>Por ser de estanter\u00eda abierta, todo el material est\u00e1 resguardado por un sistema de seguridad.<\/p><p>La m\u00e1s amplia de las salas de lectura es la parlante, porque en esta Facultad los usuarios, mayoritariamente tienden a\u00a0<strong>trabajar en grupos<\/strong>. En su centro hay un jard\u00edn interior que adem\u00e1s de distinguir al edificio por esta caracter\u00edstica est\u00e9tica, le proporciona al ambiente la humedad necesaria que, combinada con la calefacci\u00f3n protege a los libros.<\/p><p>Tiene, adem\u00e1s una\u00a0<strong>excelente iluminaci\u00f3n natural<\/strong>, tanto desde sus ventanas como desde la c\u00fapula vidriada ubicada sobre el jard\u00edn.<\/p><p>La sala silenciosa, m\u00e1s peque\u00f1a, es utilizada por aquellos usuarios que prefieren estudiar en forma individual.<\/p><p>Existe una clara se\u00f1alizaci\u00f3n de los espacios. Desde el techo de la biblioteca penden carteles de madera que pueden visualizarse desde el acceso al edificio, en los que se indican las materias de los documentos ordenados en los estantes, as\u00ed como tambi\u00e9n el lugar donde se ofrecen los servicios.<\/p><h1 class=\"titulo2\">Sectores de la Biblioteca<\/h1><h3 class=\"subt1\">Circulaci\u00f3n y Pr\u00e9stamos<\/h3><p class=\"texto\">Este es el sector de la Biblioteca destinado a los pr\u00e9stamos a domicilio, as\u00ed como tambi\u00e9n para uso fuera del edificio durante el d\u00eda, a los alumnos, docentes y graduados de la Fadecs y Fadel<\/p><p><span class=\"subt1\">Colecci\u00f3n General<\/span><\/p><p class=\"texto\">Toda la colecci\u00f3n est\u00e1 pensada para acompa\u00f1ar los procesos acad\u00e9micos que se desarrollan en el Asentamiento de General Roca.<\/p><p class=\"texto\">Existen Colecciones Especiales producto de las donaciones de bibliotecas de profesores reconocidos de la UNCo, as\u00ed como tambi\u00e9n de tem\u00e1ticas que ameritan ser destacadas. Todas ellas, tambi\u00e9n est\u00e1n al acceso p\u00fablico de los lectores:<\/p><blockquote><p class=\"texto\">&#8211; Biblioteca Luisa y Natalio Kisnerman<br \/>&#8211; Biblioteca Julio La Sala<br \/>&#8211; Biblioteca Demetrio Taranda<br \/>&#8211; Biblioteca Nelly Sosa<br \/>&#8211; Biblioteca CLACSO<br \/>&#8211; Biblioteca INDEC<br \/>&#8211; Biblioteca Maestr\u00eda en Ling\u00fc\u00edstica<\/p><\/blockquote><p><span class=\"subt1\">Hemeroteca<\/span><\/p><p class=\"texto\">La hemeroteca de la Facultad de Derecho (UBA), es aquel sector dentro de la Biblioteca en el que se puede encontrar una colecci\u00f3n organizada de revistas, tanto nacionales como extranjeras, cuyo contenido est\u00e1 definido por los art\u00edculos de los especialistas en las distintas ramas del conocimiento\u00a0<\/p><p><span class=\"subt1\">Referencia<\/span><\/p><p class=\"texto\">La Secci\u00f3n de Referencia re\u00fane una colecci\u00f3n integrada por material de consulta general y especializada, con informaci\u00f3n sobre diversos t\u00f3picos de las disciplinas que se estudian en las Facultades de Derecho y Ciencias Sociales y Lenguas.<\/p><p><span class=\"subt1\">Sala Parlante<\/span><\/p><h3 class=\"texto\">Es la sala mayor de la Biblioteca. Est\u00e1 rodeada por la colecci\u00f3n general de libros, todos a disposici\u00f3n de los lectores. Es posible estudiar en forma individual o en grupos.<\/h3><p><span class=\"subt1\">Sala Silenciosa<\/span><\/p><p class=\"texto\">Este sector de la Biblioteca est\u00e1 destinado a aquellos lectores que buscan un lugar tranquilo de estudio. <br \/><strong>REQUISITOS PARA ASOCIARSE\u00a0<\/strong><br \/>Este servicio es gratuito.\u00a0<br \/>Ser\u00a0<strong>alumno, docente, no docente o investigador<\/strong>\u00a0de esta Unidad Acad\u00e9mica.<br \/>Traer:<\/p><ul type=\"disc\"><li class=\"texto\">una foto tipo carnet.<\/li><li class=\"texto\">Certificado de inscripci\u00f3n o constancia de alumno regular.<\/li><li class=\"texto\">Para los docentes: copia de la designaci\u00f3n.<\/li><li class=\"texto\">Boleta de un servicio donde figure el domicilio.<\/li><\/ul><p class=\"texto\"><span class=\"subt1\">HORARIOS<\/span><\/p><p class=\"texto\"><strong>Sala de lectura<\/strong>: de lunes a viernes de 8:00 a 21:00 hs.<br \/><strong>Atenci\u00f3n al p\u00fablico<\/strong>: de lunes a viernes de 8:00 a 14:00 y de 16:00 a 21:00 hs.<\/p>\t\t\t\t\t\t\t\t<\/div>\n\t\t\t\t<\/div>\n\t\t\t\t<div class=\"elementor-element elementor-element-54f7ed7 elementor-widget-divider--view-line elementor-widget elementor-widget-divider\" data-id=\"54f7ed7\" data-element_type=\"widget\" data-e-type=\"widget\" data-widget_type=\"divider.default\">\n\t\t\t\t<div class=\"elementor-widget-container\">\n\t\t\t\t\t\t\t<div class=\"elementor-divider\">\n\t\t\t<span class=\"elementor-divider-separator\">\n\t\t\t\t\t\t<\/span>\n\t\t<\/div>\n\t\t\t\t\t\t<\/div>\n\t\t\t\t<\/div>\n\t\t\t\t<div class=\"elementor-element elementor-element-eeaf719 elementor-widget elementor-widget-text-editor\" data-id=\"eeaf719\" data-element_type=\"widget\" data-e-type=\"widget\" data-widget_type=\"text-editor.default\">\n\t\t\t\t<div class=\"elementor-widget-container\">\n\t\t\t\t\t\t\t\t\t<p class=\"texto\"><strong><a href=\"http:\/\/sabato.uncoma.edu.ar\/\">BIBLIOTECA ERNESTO S\u00c1BATO<\/a><\/strong><br \/>Facultad de Derecho y Ciencias Sociales<br \/>Facultad de Lenguas<br \/><strong>Directora de Biblioteca<\/strong><br \/>Prof.\u00a0<strong>Marcela L. Dom\u00ednguez<\/strong><br \/><strong>Email:<a href=\"mailto:biblioteca@fade.uncoma.edu.ar\">biblioteca@fade.uncoma.edu.ar<\/a><\/strong><br \/><strong>Tel\u00e9fono:<\/strong>\u00a00298 &#8211; 4433668 \/ 4433670 Interno 31\u00a0<br \/>Mendoza y Per\u00fa\u00a0<br \/>(8332) General Roca, R\u00edo Negro\u00a0<br \/>Argentina<\/p><p class=\"texto\"><a href=\"http:\/\/sabato.uncoma.edu.ar\/\">http:\/\/sabato.uncoma.edu.ar\/<\/a><\/p>\t\t\t\t\t\t\t\t<\/div>\n\t\t\t\t<\/div>\n\t\t\t\t\t<\/div>\n\t\t<\/div>\n\t\t\t\t\t<\/div>\n\t\t<\/section>\n\t\t\t\t<\/div>\n\t\t","protected":false},"excerpt":{"rendered":"<p>BIBLIOTECA ERNESTO S\u00c1BATO &gt;&gt;CAT\u00c1LOGO VIRTUAL La\u00a0Biblioteca Ernesto S\u00e1bato\u00a0es\u00a0 \u00ababierta\u00bb. Toda la colecci\u00f3n de libros est\u00e1 disponible para que los lectores recorran las estanter\u00edas. Cuenta con material espec\u00edfico para el estudio de las carreras de grado y postgrado de la Facultad de Derecho y Ciencias Sociales y la Facultad de Lenguas EL EDIFICIOEl\u00a0edificio\u00a0actual de la Biblioteca [&hellip;]<\/p>\n","protected":false},"author":2,"featured_media":0,"parent":3920,"menu_order":0,"comment_status":"closed","ping_status":"closed","template":"","meta":{"footnotes":""},"class_list":["post-3548","page","type-page","status-publish","hentry"],"_links":{"self":[{"href":"https:\/\/fadeweb.uncoma.edu.ar\/index.php\/wp-json\/wp\/v2\/pages\/3548","targetHints":{"allow":["GET"]}}],"collection":[{"href":"https:\/\/fadeweb.uncoma.edu.ar\/index.php\/wp-json\/wp\/v2\/pages"}],"about":[{"href":"https:\/\/fadeweb.uncoma.edu.ar\/index.php\/wp-json\/wp\/v2\/types\/page"}],"author":[{"embeddable":true,"href":"https:\/\/fadeweb.uncoma.edu.ar\/index.php\/wp-json\/wp\/v2\/users\/2"}],"replies":[{"embeddable":true,"href":"https:\/\/fadeweb.uncoma.edu.ar\/index.php\/wp-json\/wp\/v2\/comments?post=3548"}],"version-history":[{"count":6,"href":"https:\/\/fadeweb.uncoma.edu.ar\/index.php\/wp-json\/wp\/v2\/pages\/3548\/revisions"}],"predecessor-version":[{"id":10436,"href":"https:\/\/fadeweb.uncoma.edu.ar\/index.php\/wp-json\/wp\/v2\/pages\/3548\/revisions\/10436"}],"up":[{"embeddable":true,"href":"https:\/\/fadeweb.uncoma.edu.ar\/index.php\/wp-json\/wp\/v2\/pages\/3920"}],"wp:attachment":[{"href":"https:\/\/fadeweb.uncoma.edu.ar\/index.php\/wp-json\/wp\/v2\/media?parent=3548"}],"curies":[{"name":"wp","href":"https:\/\/api.w.org\/{rel}","templated":true}]}}