{"id":3473,"date":"2022-09-15T16:47:30","date_gmt":"2022-09-15T16:47:30","guid":{"rendered":"http:\/\/web.fadecs.uncoma.edu.ar\/?page_id=3473"},"modified":"2026-04-13T12:32:36","modified_gmt":"2026-04-13T15:32:36","slug":"horarios-de-cursadas","status":"publish","type":"page","link":"https:\/\/fadeweb.uncoma.edu.ar\/index.php\/estudiantes\/horarios-de-cursadas\/","title":{"rendered":"HORARIOS DE CURSADAS"},"content":{"rendered":"\t\t<div data-elementor-type=\"wp-page\" data-elementor-id=\"3473\" class=\"elementor elementor-3473\" data-elementor-post-type=\"page\">\n\t\t\t\t\t\t<section class=\"elementor-section elementor-top-section elementor-element elementor-element-d98193a elementor-section-boxed elementor-section-height-default elementor-section-height-default\" data-id=\"d98193a\" data-element_type=\"section\" data-e-type=\"section\">\n\t\t\t\t\t\t<div class=\"elementor-container elementor-column-gap-default\">\n\t\t\t\t\t<div class=\"elementor-column elementor-col-100 elementor-top-column elementor-element elementor-element-5c2866d\" data-id=\"5c2866d\" data-element_type=\"column\" data-e-type=\"column\">\n\t\t\t<div class=\"elementor-widget-wrap elementor-element-populated\">\n\t\t\t\t\t\t<div class=\"elementor-element elementor-element-f432e9f elementor-align-justify elementor-widget__width-initial elementor-widget elementor-widget-button\" data-id=\"f432e9f\" data-element_type=\"widget\" data-e-type=\"widget\" data-widget_type=\"button.default\">\n\t\t\t\t<div class=\"elementor-widget-container\">\n\t\t\t\t\t\t\t\t\t<div class=\"elementor-button-wrapper\">\n\t\t\t\t\t<a class=\"elementor-button elementor-button-link elementor-size-sm\" href=\"https:\/\/fadeweb.uncoma.edu.ar\/index.php\/estudiantes\/calendario-academico\/\">\n\t\t\t\t\t\t<span class=\"elementor-button-content-wrapper\">\n\t\t\t\t\t\t\t\t\t<span class=\"elementor-button-text\">CALENDARIO ACADEMICO<\/span>\n\t\t\t\t\t<\/span>\n\t\t\t\t\t<\/a>\n\t\t\t\t<\/div>\n\t\t\t\t\t\t\t\t<\/div>\n\t\t\t\t<\/div>\n\t\t\t\t<div class=\"elementor-element elementor-element-2ae969e elementor-align-justify elementor-widget__width-initial elementor-widget elementor-widget-button\" data-id=\"2ae969e\" data-element_type=\"widget\" data-e-type=\"widget\" data-widget_type=\"button.default\">\n\t\t\t\t<div class=\"elementor-widget-container\">\n\t\t\t\t\t\t\t\t\t<div class=\"elementor-button-wrapper\">\n\t\t\t\t\t<a class=\"elementor-button elementor-button-link elementor-size-sm\" href=\"https:\/\/fadeweb.uncoma.edu.ar\/index.php\/estudiantes\/reglamentacion\/\">\n\t\t\t\t\t\t<span class=\"elementor-button-content-wrapper\">\n\t\t\t\t\t\t\t\t\t<span class=\"elementor-button-text\">REGLAMENTACIONES<\/span>\n\t\t\t\t\t<\/span>\n\t\t\t\t\t<\/a>\n\t\t\t\t<\/div>\n\t\t\t\t\t\t\t\t<\/div>\n\t\t\t\t<\/div>\n\t\t\t\t<div class=\"elementor-element elementor-element-3ccff92 elementor-widget elementor-widget-heading\" data-id=\"3ccff92\" data-element_type=\"widget\" data-e-type=\"widget\" data-widget_type=\"heading.default\">\n\t\t\t\t<div class=\"elementor-widget-container\">\n\t\t\t\t\t<h1 class=\"elementor-heading-title elementor-size-default\">HORARIOS DE CURSADAS<\/h1>\t\t\t\t<\/div>\n\t\t\t\t<\/div>\n\t\t\t\t<div class=\"elementor-element elementor-element-afd8b1b elementor-widget elementor-widget-text-editor\" data-id=\"afd8b1b\" data-element_type=\"widget\" data-e-type=\"widget\" data-widget_type=\"text-editor.default\">\n\t\t\t\t<div class=\"elementor-widget-container\">\n\t\t\t\t\t\t\t\t\t<h5>Los horarios est\u00e1n en un archivo\u00a0<strong>.pdf<\/strong> y se puede descargar.<\/h5>\t\t\t\t\t\t\t\t<\/div>\n\t\t\t\t<\/div>\n\t\t\t\t<div class=\"elementor-element elementor-element-f3198c7 elementor-widget elementor-widget-heading\" data-id=\"f3198c7\" data-element_type=\"widget\" data-e-type=\"widget\" data-widget_type=\"heading.default\">\n\t\t\t\t<div class=\"elementor-widget-container\">\n\t\t\t\t\t<div class=\"elementor-heading-title elementor-size-default\">Los horarios se est\u00e1n actualizando, as\u00ed que hay que revisar peri\u00f3dicamente esta p\u00e1gina y bajar la \u00faltima versi\u00f3n.<\/div>\t\t\t\t<\/div>\n\t\t\t\t<\/div>\n\t\t\t\t<div class=\"elementor-element elementor-element-eacb1b5 elementor-widget elementor-widget-text-editor\" data-id=\"eacb1b5\" data-element_type=\"widget\" data-e-type=\"widget\" data-widget_type=\"text-editor.default\">\n\t\t\t\t<div class=\"elementor-widget-container\">\n\t\t\t\t\t\t\t\t\t<h3 style=\"text-align: left;\"><a href=\"https:\/\/fadeweb.uncoma.edu.ar\/wp-content\/uploads\/2026\/03\/HORARIOS-1\u00b0-CUATRIMESTRE-_-2026-FADECS-3.pdf\">DESCARGAR HORARIOS<\/a> DE CURSADAS DEL PRIMER CUATRIMESTRE 2026 (ROCA)<\/h3><p>(actualizado el 17.3.26 &#8211; 13.35 hs)<br \/><strong>Horarios con posibilidades de modificaci\u00f3n!!<\/strong><\/p><hr \/><h3><strong>SEMINARIO DE POL\u00cdTICA Y OPINI\u00d3N P\u00daBLICA<\/strong><\/h3><p style=\"text-align: left;\"><strong>\u00abEl Acceso a la Conectividad como un Derecho Humano: Desigualdades, Modelos Alternativos y la Pregunta por la Soberan\u00eda\u00bb<\/strong><\/p><p style=\"text-align: left;\" align=\"center\"><strong>DOCENTES<\/strong>: Prof. Dolores GUICHANDUT y Mar\u00eda Paula MOREL<\/p><p style=\"text-align: left;\" align=\"center\"><strong>&#8211; CARRERA<\/strong>: Comunicaci\u00f3n Social\u00a0<\/p><p style=\"text-align: left;\" align=\"center\"><strong>ORIENTACI\u00d3N<\/strong>: Gesti\u00f3n y Producci\u00f3n; y Locuci\u00f3n<\/p><p style=\"text-align: left;\" align=\"center\"><strong>*\u00a0REQUISITO<\/strong>: 20 materias aprobadas\u00a0(cursados y finales).<\/p><p style=\"text-align: left;\" align=\"center\"><strong>&#8211; CARRERA<\/strong>: Profesorado en Comunicaci\u00f3n Social<\/p><p style=\"text-align: left;\" align=\"center\"><strong>*\u00a0REQUISITO<\/strong>: 17 materias aprobadas\u00a0(cursados y finales).<\/p><p style=\"text-align: left;\" align=\"center\"><strong>INICIO<\/strong>: Martes 28 de abril &#8211; 19 hs.<\/p><p style=\"text-align: left;\" align=\"center\"><strong>DICTADO<\/strong>: Martes de 19 a 22 hs.<\/p><p style=\"text-align: left;\" align=\"center\"><strong>MODALIDAD:\u00a0<\/strong>Virtual<\/p><p style=\"text-align: left;\" align=\"center\"><strong>Link de Enlace:<\/strong>\u00a0A publicar en el aula de la PEDCO.<\/p><p style=\"text-align: left;\" align=\"center\"><strong>FECHA DE INSCRIPCI\u00d3N<\/strong>: del 13 al 28 de abril inclusive.<\/p><p style=\"text-align: left;\" align=\"center\"><strong>INSCRIPCI\u00d3N POR MAIL<\/strong>: <a href=\"mailto:alumnos@fade.uncoma.edu.ar\">alumnos@fade.uncoma.edu.ar\u00a0<\/a><\/p><hr \/><h3 style=\"text-align: left;\"><strong>SEMINARIO DE PERIODISMO DEPORTIVO<\/strong><\/h3><p style=\"text-align: left;\"><strong>\u00abPeriodismo Deportivo\u00bb<\/strong><\/p><p style=\"text-align: left;\" align=\"center\"><strong>DOCENTE<\/strong>: Prof. Carolina MAGNALARDO<\/p><p style=\"text-align: left;\" align=\"center\"><strong>CARRERA<\/strong>: Comunicaci\u00f3n Social\u00a0<\/p><p style=\"text-align: left;\" align=\"center\"><strong>ORIENTACI\u00d3N<\/strong>: Periodismo<\/p><p style=\"text-align: left;\" align=\"center\"><strong>*\u00a0REQUISITO<\/strong>: 19 materias aprobadas\u00a0(cursados y finales).<\/p><p style=\"text-align: left;\" align=\"center\"><strong>INICIO<\/strong>: Jueves 23 de abril &#8211; 14 hs.<\/p><p style=\"text-align: left;\" align=\"center\"><strong>DICTADO<\/strong>: Jueves de 14 a 17 hs.<\/p><p style=\"text-align: left;\" align=\"center\"><strong>MODALIDAD:\u00a0<\/strong>Virtual<\/p><p style=\"text-align: left;\" align=\"center\"><strong>Link de Enlace:<\/strong>\u00a0A publicar en aula de PEDCO.<\/p><p style=\"text-align: left;\" align=\"center\"><strong>FECHA DE INSCRIPCI\u00d3N<\/strong>: del 13 al 23 de abril inclusive.<\/p><p style=\"text-align: left;\" align=\"center\"><strong>INSCRIPCI\u00d3N POR MAIL<\/strong>: <a href=\"mailto:alumnos@fade.uncoma.edu.ar\">alumnos@fade.uncoma.edu.ar<\/a><\/p><hr \/><h3><strong>SEMINARIO DE COMUNICACI\u00d3N Y\u00a0<\/strong><strong>EDUCACI\u00d3N<\/strong><\/h3><p><strong>\u00abSociedad Digital y Pr\u00e1cticas Educativas. Tensiones, Transformaciones y Desaf\u00edos\u00bb<\/strong><\/p><p><strong>DOCENTE<\/strong>: Prof. Jorgelina LLANOS<\/p><p style=\"text-align: left;\" align=\"center\"><strong>&#8211; CARRERA<\/strong>: Comunicaci\u00f3n Social\u00a0<\/p><p style=\"text-align: left;\" align=\"center\"><strong>ORIENTACI\u00d3N<\/strong>: Gesti\u00f3n y Producci\u00f3n<\/p><p style=\"text-align: left;\" align=\"center\"><strong>*\u00a0REQUISITO<\/strong>: 20 materias aprobadas\u00a0(cursados y finales).<\/p><p style=\"text-align: left;\" align=\"center\"><strong>&#8211; CARRERA<\/strong>: Profesorado en Comunicaci\u00f3n Social<\/p><p style=\"text-align: left;\" align=\"center\"><strong>*\u00a0REQUISITO<\/strong>: 17 materias aprobadas\u00a0(cursados y finales).<\/p><p style=\"text-align: left;\" align=\"center\"><strong>INICIO<\/strong>: Viernes 24 de abril &#8211; 19 hs.<\/p><p style=\"text-align: left;\" align=\"center\"><strong>DICTADO<\/strong>: Viernes de 19 a 21 hs.<\/p><p style=\"text-align: left;\" align=\"center\"><strong>MODALIDAD:<\/strong>\u00a0Presencial.<\/p><p style=\"text-align: left;\" align=\"center\"><strong>AULA:<\/strong>\u00a01.<\/p><p style=\"text-align: left;\" align=\"center\"><strong>FECHA DE INSCRIPCI\u00d3N<\/strong>: del 13 al 24 de abril inclusive.<\/p><p style=\"text-align: left;\" align=\"center\"><strong>INSCRIPCI\u00d3N POR MAIL<\/strong>: <a href=\"mailto:alumnos@fade.uncoma.edu.ar\">alumnos@fade.uncoma.edu.ar<\/a><\/p>\t\t\t\t\t\t\t\t<\/div>\n\t\t\t\t<\/div>\n\t\t\t\t<div class=\"elementor-element elementor-element-288c059 elementor-widget-divider--separator-type-pattern elementor-widget-divider--no-spacing elementor-widget-divider--view-line elementor-widget elementor-widget-divider\" data-id=\"288c059\" data-element_type=\"widget\" data-e-type=\"widget\" data-widget_type=\"divider.default\">\n\t\t\t\t<div class=\"elementor-widget-container\">\n\t\t\t\t\t\t\t<div class=\"elementor-divider\" style=\"--divider-pattern-url: url(&quot;data:image\/svg+xml,%3Csvg xmlns=&#039;http:\/\/www.w3.org\/2000\/svg&#039; preserveAspectRatio=&#039;none&#039; overflow=&#039;visible&#039; height=&#039;100%&#039; viewBox=&#039;0 0 24 24&#039; fill=&#039;black&#039; stroke=&#039;none&#039;%3E%3Cpath d=&#039;M24,8v12H0V8H24z M24,4v1H0V4H24z&#039;\/%3E%3C\/svg%3E&quot;);\">\n\t\t\t<span class=\"elementor-divider-separator\">\n\t\t\t\t\t\t<\/span>\n\t\t<\/div>\n\t\t\t\t\t\t<\/div>\n\t\t\t\t<\/div>\n\t\t\t\t<div class=\"elementor-element elementor-element-6241b50 elementor-widget elementor-widget-shortcode\" data-id=\"6241b50\" data-element_type=\"widget\" data-e-type=\"widget\" data-widget_type=\"shortcode.default\">\n\t\t\t\t<div class=\"elementor-widget-container\">\n\t\t\t\t\t\t\t<div class=\"elementor-shortcode\">\t\t<div data-elementor-type=\"section\" data-elementor-id=\"4583\" class=\"elementor elementor-4583\" data-elementor-post-type=\"elementor_library\">\n\t\t\t\t\t<section class=\"elementor-section elementor-top-section elementor-element elementor-element-14232f66 elementor-section-boxed elementor-section-height-default elementor-section-height-default\" data-id=\"14232f66\" data-element_type=\"section\" data-e-type=\"section\">\n\t\t\t\t\t\t<div class=\"elementor-container elementor-column-gap-default\">\n\t\t\t\t\t<div class=\"elementor-column elementor-col-100 elementor-top-column elementor-element elementor-element-613d052d\" data-id=\"613d052d\" data-element_type=\"column\" data-e-type=\"column\">\n\t\t\t<div class=\"elementor-widget-wrap elementor-element-populated\">\n\t\t\t\t\t\t<div class=\"elementor-element elementor-element-6b448111 elementor-widget-divider--view-line elementor-widget elementor-widget-divider\" data-id=\"6b448111\" data-element_type=\"widget\" data-e-type=\"widget\" data-widget_type=\"divider.default\">\n\t\t\t\t<div class=\"elementor-widget-container\">\n\t\t\t\t\t\t\t<div class=\"elementor-divider\">\n\t\t\t<span class=\"elementor-divider-separator\">\n\t\t\t\t\t\t<\/span>\n\t\t<\/div>\n\t\t\t\t\t\t<\/div>\n\t\t\t\t<\/div>\n\t\t\t\t<div class=\"elementor-element elementor-element-4d542db7 elementor-widget elementor-widget-text-editor\" data-id=\"4d542db7\" data-element_type=\"widget\" data-e-type=\"widget\" data-widget_type=\"text-editor.default\">\n\t\t\t\t<div class=\"elementor-widget-container\">\n\t\t\t\t\t\t\t\t\t<p><strong>INFORMACI\u00d3N<\/strong><br \/>Departamento de Alumnos<br \/>TE: (0298) 4435700<br \/>Correo electr\u00f3nico:\u00a0<a href=\"mailto:alumnos@fade.uncoma.edu.ar\">alumnos@fade.uncoma.edu.ar<\/a><br \/>Mendoza y Per\u00fa.<br \/>(8332) General Roca, R\u00edo Negro<br \/>Argentina<\/p>\t\t\t\t\t\t\t\t<\/div>\n\t\t\t\t<\/div>\n\t\t\t\t\t<\/div>\n\t\t<\/div>\n\t\t\t\t\t<\/div>\n\t\t<\/section>\n\t\t\t\t<\/div>\n\t\t<\/div>\n\t\t\t\t\t\t<\/div>\n\t\t\t\t<\/div>\n\t\t\t\t\t<\/div>\n\t\t<\/div>\n\t\t\t\t\t<\/div>\n\t\t<\/section>\n\t\t\t\t<\/div>\n\t\t","protected":false},"excerpt":{"rendered":"<p>CALENDARIO ACADEMICO REGLAMENTACIONES HORARIOS DE CURSADAS Los horarios est\u00e1n en un archivo\u00a0.pdf y se puede descargar. Los horarios se est\u00e1n actualizando, as\u00ed que hay que revisar peri\u00f3dicamente esta p\u00e1gina y bajar la \u00faltima versi\u00f3n. DESCARGAR HORARIOS DE CURSADAS DEL PRIMER CUATRIMESTRE 2026 (ROCA) (actualizado el 17.3.26 &#8211; 13.35 hs)Horarios con posibilidades de modificaci\u00f3n!! SEMINARIO DE [&hellip;]<\/p>\n","protected":false},"author":2,"featured_media":0,"parent":3362,"menu_order":0,"comment_status":"closed","ping_status":"closed","template":"","meta":{"footnotes":""},"class_list":["post-3473","page","type-page","status-publish","hentry"],"_links":{"self":[{"href":"https:\/\/fadeweb.uncoma.edu.ar\/index.php\/wp-json\/wp\/v2\/pages\/3473","targetHints":{"allow":["GET"]}}],"collection":[{"href":"https:\/\/fadeweb.uncoma.edu.ar\/index.php\/wp-json\/wp\/v2\/pages"}],"about":[{"href":"https:\/\/fadeweb.uncoma.edu.ar\/index.php\/wp-json\/wp\/v2\/types\/page"}],"author":[{"embeddable":true,"href":"https:\/\/fadeweb.uncoma.edu.ar\/index.php\/wp-json\/wp\/v2\/users\/2"}],"replies":[{"embeddable":true,"href":"https:\/\/fadeweb.uncoma.edu.ar\/index.php\/wp-json\/wp\/v2\/comments?post=3473"}],"version-history":[{"count":354,"href":"https:\/\/fadeweb.uncoma.edu.ar\/index.php\/wp-json\/wp\/v2\/pages\/3473\/revisions"}],"predecessor-version":[{"id":27905,"href":"https:\/\/fadeweb.uncoma.edu.ar\/index.php\/wp-json\/wp\/v2\/pages\/3473\/revisions\/27905"}],"up":[{"embeddable":true,"href":"https:\/\/fadeweb.uncoma.edu.ar\/index.php\/wp-json\/wp\/v2\/pages\/3362"}],"wp:attachment":[{"href":"https:\/\/fadeweb.uncoma.edu.ar\/index.php\/wp-json\/wp\/v2\/media?parent=3473"}],"curies":[{"name":"wp","href":"https:\/\/api.w.org\/{rel}","templated":true}]}}