{"id":3456,"date":"2022-09-15T16:11:58","date_gmt":"2022-09-15T16:11:58","guid":{"rendered":"http:\/\/web.fadecs.uncoma.edu.ar\/?page_id=3456"},"modified":"2023-05-12T13:52:15","modified_gmt":"2023-05-12T16:52:15","slug":"secretaria-de-extension-y-asuntos-estudiantiles","status":"publish","type":"page","link":"https:\/\/fadeweb.uncoma.edu.ar\/index.php\/secretaria-de-extension-y-asuntos-estudiantiles\/","title":{"rendered":"SECRETARIA DE EXTENSION Y ASUNTOS ESTUDIANTILES"},"content":{"rendered":"\t\t<div data-elementor-type=\"wp-page\" data-elementor-id=\"3456\" class=\"elementor elementor-3456\" data-elementor-post-type=\"page\">\n\t\t\t\t\t\t<section class=\"elementor-section elementor-top-section elementor-element elementor-element-9b46128 elementor-section-boxed elementor-section-height-default elementor-section-height-default\" data-id=\"9b46128\" data-element_type=\"section\" data-e-type=\"section\">\n\t\t\t\t\t\t<div class=\"elementor-container elementor-column-gap-default\">\n\t\t\t\t\t<div class=\"elementor-column elementor-col-100 elementor-top-column elementor-element elementor-element-429ee72\" data-id=\"429ee72\" data-element_type=\"column\" data-e-type=\"column\">\n\t\t\t<div class=\"elementor-widget-wrap elementor-element-populated\">\n\t\t\t\t\t\t<div class=\"elementor-element elementor-element-b16ed4d elementor-widget elementor-widget-heading\" data-id=\"b16ed4d\" data-element_type=\"widget\" data-e-type=\"widget\" data-widget_type=\"heading.default\">\n\t\t\t\t<div class=\"elementor-widget-container\">\n\t\t\t\t\t<h2 class=\"elementor-heading-title elementor-size-default\">SECRETARIA DE EXTENSION Y ASUNTOS ESTUDIANTILES<\/h2>\t\t\t\t<\/div>\n\t\t\t\t<\/div>\n\t\t\t\t<section class=\"elementor-section elementor-inner-section elementor-element elementor-element-3d795b6 elementor-section-boxed elementor-section-height-default elementor-section-height-default\" data-id=\"3d795b6\" data-element_type=\"section\" data-e-type=\"section\">\n\t\t\t\t\t\t<div class=\"elementor-container elementor-column-gap-default\">\n\t\t\t\t\t<div class=\"elementor-column elementor-col-50 elementor-inner-column elementor-element elementor-element-d34c416\" data-id=\"d34c416\" data-element_type=\"column\" data-e-type=\"column\">\n\t\t\t<div class=\"elementor-widget-wrap elementor-element-populated\">\n\t\t\t\t\t\t<div class=\"elementor-element elementor-element-d128b0e elementor-widget elementor-widget-text-editor\" data-id=\"d128b0e\" data-element_type=\"widget\" data-e-type=\"widget\" data-widget_type=\"text-editor.default\">\n\t\t\t\t<div class=\"elementor-widget-container\">\n\t\t\t\t\t\t\t\t\t<h4 class=\"titulo3\">NUESTRA VISI\u00d3N DE LA EXTENSI\u00d3N UNIVERSITARIA<\/h4><p class=\"texto\" align=\"left\">La Extensi\u00f3n, conjuntamente con la docencia e investigaci\u00f3n, constituyen los tres pilares fundamentales de la Universidad Publica Argentina. Dichas funciones, lejos de concebirse como compartimentos estancos, deben necesariamente conectarse y articularse para fortalecerse rec\u00edprocamente.<\/p><p class=\"texto\" align=\"left\">La relaci\u00f3n entre la Universidad y la Sociedad resulta ser el principal objeto de la extensi\u00f3n universitaria. Dicho vinculo, ha sido interpretado hist\u00f3ricamente de forma unilateral, en el sentido de que la Universidad, desde problem\u00e1ticas y perspectivas autogeneradas por las mismas unidades acad\u00e9micas, en ocasiones sobre paradigmas netamente dogm\u00e1ticos, es la que aporta sus conocimientos cient\u00edficos y la capacidad de sus docentes, alumnos, graduados y no docente <em>hacia<\/em> la comunidad.<\/p><p class=\"texto\" align=\"left\">Consideramos que la mencionada conceptualizaci\u00f3n debe ser amplificada, procur\u00e1ndose que aquella relaci\u00f3n unilateral, se convierta en una relaci\u00f3n bilateral y dial\u00e9ctica, en la cual, la Universidad aporta sus conocimientos y enriquece a la Sociedad, pero a la vez se nutre de las problem\u00e1ticas pol\u00edticas, sociales, econ\u00f3micas y culturales que surgen dentro de la comunidad para planificar la ense\u00f1anza formal universitaria y para la orientaci\u00f3n y tematizaci\u00f3n de la investigaci\u00f3n cient\u00edfica.<\/p><p class=\"texto\" align=\"left\">Se pretende, desde esta nueva gesti\u00f3n, promover un modelo de extensi\u00f3n universitaria de <em>desarrollo integral<\/em>, asumiendo que la educaci\u00f3n universitaria como un bien p\u00fablico y social, debe contribuir a la mayor y mejor calidad de vida de la sociedad, desde un di\u00e1logo participativo y multidireccional con los diferentes actores de la relaci\u00f3n.<\/p><p class=\"texto\" align=\"left\">En tal sentido, hacemos nuestro el concepto de Extensi\u00f3n Universitaria generado desde la Red Nacional de Extensi\u00f3n Universitaria (REXUNI):<\/p><p class=\"texto\" align=\"left\">\u201c<em>Entendemos la extensi\u00f3n como espacio de cooperaci\u00f3n entre la universidad y otros actores de la sociedad de la que es parte. Este \u00e1mbito debe contribuir al mejoramiento de la calidad de vida de las personas y est\u00e1 vinculado a la finalidad social de la Educaci\u00f3n Superior: la democratizaci\u00f3n social, la justicia social y el derecho a la educaci\u00f3n universal; se materializa a trav\u00e9s de acciones concretas con organizaciones sociales, organizaciones gubernamentales y otras instituciones de la comunidad, desde perspectivas preferentemente multi e interdisciplinarias. Las acciones de extensi\u00f3n deber\u00e1n desarrollarse desde un enfoque interactivo y dial\u00f3gico entre los conocimientos cient\u00edficos y los saberes, conocimientos y necesidades de la comunidad que participa. La extensi\u00f3n contribuye a la generaci\u00f3n y articulaci\u00f3n de nuevos conocimientos y nuevas pr\u00e1cticas sociales, integra las funciones de docencia e investigaci\u00f3n, debe contribuir a la definici\u00f3n de la agenda de investigaci\u00f3n y reflejarse en las pr\u00e1cticas curriculares.\u201d<\/em><br \/><br \/><\/p><p class=\"texto\" align=\"left\">Ab. Sof\u00eda Szechenyi<br \/><strong>Secretaria de Extensi\u00f3n y Asuntos Estudiantiles<\/strong><br \/>Facultad de Derecho y Cs. Sociales<\/p>\t\t\t\t\t\t\t\t<\/div>\n\t\t\t\t<\/div>\n\t\t\t\t\t<\/div>\n\t\t<\/div>\n\t\t\t\t<div class=\"elementor-column elementor-col-50 elementor-inner-column elementor-element elementor-element-362730a\" data-id=\"362730a\" data-element_type=\"column\" data-e-type=\"column\">\n\t\t\t<div class=\"elementor-widget-wrap elementor-element-populated\">\n\t\t\t\t\t\t<div class=\"elementor-element elementor-element-6ee8190 elementor-widget elementor-widget-text-editor\" data-id=\"6ee8190\" data-element_type=\"widget\" data-e-type=\"widget\" data-widget_type=\"text-editor.default\">\n\t\t\t\t<div class=\"elementor-widget-container\">\n\t\t\t\t\t\t\t\t\t<p><strong>La Facultad de Derecho y Ciencias Sociales (FADECS), a trav\u00e9s de la Secretar\u00eda de Extensi\u00f3n y Asuntos Estudiantiles, realiza distintas actividades de vinculaci\u00f3n con la comunidad:<\/strong><\/p>\t\t\t\t\t\t\t\t<\/div>\n\t\t\t\t<\/div>\n\t\t\t\t<div class=\"elementor-element elementor-element-f33006e elementor-widget elementor-widget-heading\" data-id=\"f33006e\" data-element_type=\"widget\" data-e-type=\"widget\" data-widget_type=\"heading.default\">\n\t\t\t\t<div class=\"elementor-widget-container\">\n\t\t\t\t\t<div class=\"elementor-heading-title elementor-size-default\">EXTENSION<\/div>\t\t\t\t<\/div>\n\t\t\t\t<\/div>\n\t\t\t\t<div class=\"elementor-element elementor-element-19bb10f elementor-widget elementor-widget-text-editor\" data-id=\"19bb10f\" data-element_type=\"widget\" data-e-type=\"widget\" data-widget_type=\"text-editor.default\">\n\t\t\t\t<div class=\"elementor-widget-container\">\n\t\t\t\t\t\t\t\t\t<ul><li><span class=\"texto\"><a href=\"https:\/\/fadeweb.uncoma.edu.ar\/index.php\/secretaria-de-extension-y-asuntos-estudiantiles\/proyectos-de-extension\/\">Proyectos de Extensi\u00f3n<\/a><br \/>Propuestas de los docentes para trabajar desde la Facultad con la comunidad<\/span><\/li><li><a class=\"texto\" href=\"https:\/\/fadeweb.uncoma.edu.ar\/index.php\/secretaria-de-extension-y-asuntos-estudiantiles\/voluntariado\/\">Voluntariados<\/a><\/li><li><a class=\"texto\" href=\"https:\/\/fadeweb.uncoma.edu.ar\/index.php\/secretaria-de-extension-y-asuntos-estudiantiles\/servicios-a-terceros\/\">Servicios a terceros<\/a><\/li><li><a class=\"texto\" href=\"https:\/\/fadeweb.uncoma.edu.ar\/index.php\/secretaria-de-extension-y-asuntos-estudiantiles\/pasantias\/\">Pasant\u00edas<\/a><br \/>Pr\u00e1cticas realizadas por los alumnos que est\u00e1n relacionadas con su formaci\u00f3n<\/li><li><a href=\"https:\/\/fadeweb.uncoma.edu.ar\/index.php\/secretaria-de-extension-y-asuntos-estudiantiles\/talles-upami\/\">Talleres UPAMI<\/a><\/li><\/ul><ul><li><a class=\"texto\" href=\"https:\/\/fadeweb.uncoma.edu.ar\/index.php\/secretaria-de-extension-y-asuntos-estudiantiles\/catedras-libres\/\">C\u00e1tedras libres<\/a><\/li><li><a class=\"texto\" href=\"https:\/\/fadeweb.uncoma.edu.ar\/index.php\/secretaria-de-extension-y-asuntos-estudiantiles\/promocion-y-defensa-de-derechos-humanos\/\">Promoci\u00f3n y defensa de Derechos Humanos<\/a><\/li><li><a class=\"texto\" href=\"https:\/\/fadeweb.uncoma.edu.ar\/index.php\/secretaria-de-extension-y-asuntos-estudiantiles\/area-de-habitos-saludables\/\">H\u00e1bitos Saludables<\/a><\/li><li><a class=\"texto\" href=\"https:\/\/fadeweb.uncoma.edu.ar\/index.php\/publifadecs\/\">Departamento de Publicaciones<\/a><\/li><li><a class=\"texto\" href=\"http:\/\/www.antena-libre.com.ar\/\">Radio Antena Libre<\/a><\/li><\/ul>\t\t\t\t\t\t\t\t<\/div>\n\t\t\t\t<\/div>\n\t\t\t\t\t<\/div>\n\t\t<\/div>\n\t\t\t\t\t<\/div>\n\t\t<\/section>\n\t\t\t\t<div class=\"elementor-element elementor-element-bc5413c elementor-widget elementor-widget-shortcode\" data-id=\"bc5413c\" data-element_type=\"widget\" data-e-type=\"widget\" data-widget_type=\"shortcode.default\">\n\t\t\t\t<div class=\"elementor-widget-container\">\n\t\t\t\t\t\t\t<div class=\"elementor-shortcode\">\t\t<div data-elementor-type=\"section\" data-elementor-id=\"4605\" class=\"elementor elementor-4605\" data-elementor-post-type=\"elementor_library\">\r\n\t\t\t\t\t<section class=\"elementor-section elementor-top-section elementor-element elementor-element-1f039b1f elementor-section-boxed elementor-section-height-default elementor-section-height-default\" data-id=\"1f039b1f\" data-element_type=\"section\" data-e-type=\"section\">\n\t\t\t\t\t\t<div class=\"elementor-container elementor-column-gap-default\">\n\t\t\t\t\t<div class=\"elementor-column elementor-col-100 elementor-top-column elementor-element elementor-element-11f9e382\" data-id=\"11f9e382\" data-element_type=\"column\" data-e-type=\"column\">\n\t\t\t<div class=\"elementor-widget-wrap elementor-element-populated\">\n\t\t\t\t\t\t<div class=\"elementor-element elementor-element-4368285 elementor-widget-divider--view-line elementor-widget elementor-widget-divider\" data-id=\"4368285\" data-element_type=\"widget\" data-e-type=\"widget\" data-widget_type=\"divider.default\">\n\t\t\t\t<div class=\"elementor-widget-container\">\n\t\t\t\t\t\t\t<div class=\"elementor-divider\">\n\t\t\t<span class=\"elementor-divider-separator\">\n\t\t\t\t\t\t<\/span>\n\t\t<\/div>\n\t\t\t\t\t\t<\/div>\n\t\t\t\t<\/div>\n\t\t\t\t<div class=\"elementor-element elementor-element-1641eaac elementor-widget elementor-widget-text-editor\" data-id=\"1641eaac\" data-element_type=\"widget\" data-e-type=\"widget\" data-widget_type=\"text-editor.default\">\n\t\t\t\t<div class=\"elementor-widget-container\">\n\t\t\t\t\t\t\t\t\t<p><strong>CONTACTO<\/strong><br \/>Cel: <span class=\"texto\">2984690225<\/span><br \/>Correo electr\u00f3nico: <a href=\"mailto:secretaria.extensionfadecs@gmail.com\">secretaria.extensionfadecs@gmail.com<\/a><br \/>Para inscripciones a cursos, charlas, etc: <a href=\"mailto:inscripciones.extensionfadecs@gmail.com\">inscripciones.extensionfadecs@gmail.com<\/a><br \/>Para inscripciones a pasant\u00edas: <a href=\"mailto:pasantias.extensionfadecs@gmail.com\">pasantias.extensionfadecs@gmail.com<\/a><\/p><p>Mendoza y Per\u00fa.<br \/>(8332) General Roca, R\u00edo Negro <br \/>Argentina<\/p>\t\t\t\t\t\t\t\t<\/div>\n\t\t\t\t<\/div>\n\t\t\t\t\t<\/div>\n\t\t<\/div>\n\t\t\t\t\t<\/div>\n\t\t<\/section>\n\t\t\t\t<\/div>\r\n\t\t<\/div>\n\t\t\t\t\t\t<\/div>\n\t\t\t\t<\/div>\n\t\t\t\t\t<\/div>\n\t\t<\/div>\n\t\t\t\t\t<\/div>\n\t\t<\/section>\n\t\t\t\t<\/div>\n\t\t","protected":false},"excerpt":{"rendered":"<p>SECRETARIA DE EXTENSION Y ASUNTOS ESTUDIANTILES NUESTRA VISI\u00d3N DE LA EXTENSI\u00d3N UNIVERSITARIA La Extensi\u00f3n, conjuntamente con la docencia e investigaci\u00f3n, constituyen los tres pilares fundamentales de la Universidad Publica Argentina. Dichas funciones, lejos de concebirse como compartimentos estancos, deben necesariamente conectarse y articularse para fortalecerse rec\u00edprocamente. La relaci\u00f3n entre la Universidad y la Sociedad resulta [&hellip;]<\/p>\n","protected":false},"author":2,"featured_media":0,"parent":0,"menu_order":0,"comment_status":"closed","ping_status":"closed","template":"","meta":{"footnotes":""},"class_list":["post-3456","page","type-page","status-publish","hentry"],"_links":{"self":[{"href":"https:\/\/fadeweb.uncoma.edu.ar\/index.php\/wp-json\/wp\/v2\/pages\/3456","targetHints":{"allow":["GET"]}}],"collection":[{"href":"https:\/\/fadeweb.uncoma.edu.ar\/index.php\/wp-json\/wp\/v2\/pages"}],"about":[{"href":"https:\/\/fadeweb.uncoma.edu.ar\/index.php\/wp-json\/wp\/v2\/types\/page"}],"author":[{"embeddable":true,"href":"https:\/\/fadeweb.uncoma.edu.ar\/index.php\/wp-json\/wp\/v2\/users\/2"}],"replies":[{"embeddable":true,"href":"https:\/\/fadeweb.uncoma.edu.ar\/index.php\/wp-json\/wp\/v2\/comments?post=3456"}],"version-history":[{"count":27,"href":"https:\/\/fadeweb.uncoma.edu.ar\/index.php\/wp-json\/wp\/v2\/pages\/3456\/revisions"}],"predecessor-version":[{"id":15435,"href":"https:\/\/fadeweb.uncoma.edu.ar\/index.php\/wp-json\/wp\/v2\/pages\/3456\/revisions\/15435"}],"wp:attachment":[{"href":"https:\/\/fadeweb.uncoma.edu.ar\/index.php\/wp-json\/wp\/v2\/media?parent=3456"}],"curies":[{"name":"wp","href":"https:\/\/api.w.org\/{rel}","templated":true}]}}