{"id":3416,"date":"2022-09-15T15:10:09","date_gmt":"2022-09-15T15:10:09","guid":{"rendered":"http:\/\/web.fadecs.uncoma.edu.ar\/?page_id=3416"},"modified":"2022-11-11T10:35:21","modified_gmt":"2022-11-11T13:35:21","slug":"secretaria-de-ciencia-y-tecnica-y-relaciones-internacionales","status":"publish","type":"page","link":"https:\/\/fadeweb.uncoma.edu.ar\/index.php\/secretaria-de-ciencia-y-tecnica-y-relaciones-internacionales\/","title":{"rendered":"SECRETARIA DE CIENCIA Y TECNICA Y RELACIONES INTERNACIONALES"},"content":{"rendered":"\t\t<div data-elementor-type=\"wp-page\" data-elementor-id=\"3416\" class=\"elementor elementor-3416\" data-elementor-post-type=\"page\">\n\t\t\t\t\t\t<section class=\"elementor-section elementor-top-section elementor-element elementor-element-b453ebf elementor-section-boxed elementor-section-height-default elementor-section-height-default\" data-id=\"b453ebf\" data-element_type=\"section\" data-e-type=\"section\">\n\t\t\t\t\t\t<div class=\"elementor-container elementor-column-gap-default\">\n\t\t\t\t\t<div class=\"elementor-column elementor-col-66 elementor-top-column elementor-element elementor-element-b8bf75e\" data-id=\"b8bf75e\" data-element_type=\"column\" data-e-type=\"column\">\n\t\t\t<div class=\"elementor-widget-wrap elementor-element-populated\">\n\t\t\t\t\t\t<div class=\"elementor-element elementor-element-5e12e10 elementor-widget elementor-widget-heading\" data-id=\"5e12e10\" data-element_type=\"widget\" data-e-type=\"widget\" data-widget_type=\"heading.default\">\n\t\t\t\t<div class=\"elementor-widget-container\">\n\t\t\t\t\t<h2 class=\"elementor-heading-title elementor-size-default\">SECRETARIA DE CIENCIA Y TECNICA Y RELACIONES INTERNACIONALES<\/h2>\t\t\t\t<\/div>\n\t\t\t\t<\/div>\n\t\t\t\t<div class=\"elementor-element elementor-element-5aa00cc elementor-align-justify elementor-widget elementor-widget-button\" data-id=\"5aa00cc\" data-element_type=\"widget\" data-e-type=\"widget\" data-widget_type=\"button.default\">\n\t\t\t\t<div class=\"elementor-widget-container\">\n\t\t\t\t\t\t\t\t\t<div class=\"elementor-button-wrapper\">\n\t\t\t\t\t<a class=\"elementor-button elementor-button-link elementor-size-sm\" href=\"https:\/\/fadeweb.uncoma.edu.ar\/index.php\/secretaria-de-ciencia-y-tecnica-y-relaciones-internacionales\/novedades-sec-ciencia-y-tec-y-rel-intern\/\">\n\t\t\t\t\t\t<span class=\"elementor-button-content-wrapper\">\n\t\t\t\t\t\t\t\t\t<span class=\"elementor-button-text\">NOVEDADES<\/span>\n\t\t\t\t\t<\/span>\n\t\t\t\t\t<\/a>\n\t\t\t\t<\/div>\n\t\t\t\t\t\t\t\t<\/div>\n\t\t\t\t<\/div>\n\t\t\t\t<div class=\"elementor-element elementor-element-b3d9a20 elementor-widget elementor-widget-text-editor\" data-id=\"b3d9a20\" data-element_type=\"widget\" data-e-type=\"widget\" data-widget_type=\"text-editor.default\">\n\t\t\t\t<div class=\"elementor-widget-container\">\n\t\t\t\t\t\t\t\t\t<p class=\"texto\"><strong>El \u00e1rea de Ciencia y T\u00e9cnica<\/strong> busca fortalecer el v\u00ednculo entre funciones b\u00e1sicas universitarias (docencia \u2013 investigaci\u00f3n \u2013 extensi\u00f3n) focalizando en los procesos de producci\u00f3n de conocimientos en las distintas \u00e1reas disciplinares de la FADECS, as\u00ed como tambi\u00e9n la transferencia de los mismos al medio social circundante.\u00a0 Ofrece el anclaje acad\u00e9mico y administrativo para el desarrollo de Proyectos y Programas de Investigaci\u00f3n y Desarrollo (Ordenanza N\u00b0 0602\/16), el Est\u00edmulo a la Producci\u00f3n Cient\u00edfica, las Becas de Investigaci\u00f3n, la Formaci\u00f3n de Recursos Humanos, el Incentivo a los Docentes Investigadores. El prop\u00f3sito de la Secretar\u00eda es promover la vinculaci\u00f3n entre proyectos, la conformaci\u00f3n de equipos interdisciplinarios que convoquen docentes, estudiantes, no docentes y graduados; el desarrollo de m\u00e1s y novedosas l\u00edneas de investigaci\u00f3n en el campo de las Ciencias Sociales y del Derecho, facilitar y promover espacios acad\u00e9micos de transferencia de conocimiento y encuentros de capacitaci\u00f3n para las nuevas generaciones de docentes investigadores.<\/p><p><span class=\"texto\"><strong>El \u00e1rea de Relaciones Internacionales <\/strong>integra actividades de cooperaci\u00f3n internacional, favoreciendo al proceso de formaci\u00f3n de estudiantes, docentes e investigadores. Busca fortalecer el intercambio acad\u00e9mico con Universidades fundamentalmente de Am\u00e9rica y Europa, as\u00ed como tambi\u00e9n abrir nuestra casa de estudios a aquellos estudiantes y docentes que quieran transitar un proceso de movilidad en alguna de nuestras carreras de grado. <\/span><\/p><p>\u00a0<\/p><p class=\"texto\" style=\"text-align: left;\"><b class=\"subt1a\">Secretar\u00eda de Ciencia y T\u00e9cnica y Relaciones Internacionales <\/b><br \/>Secretaria de Ciencia y T\u00e9cnica y Relaciones Internacionales: <strong>Mg.Cecilia Beitia<\/strong><\/p>\t\t\t\t\t\t\t\t<\/div>\n\t\t\t\t<\/div>\n\t\t\t\t<div class=\"elementor-element elementor-element-60ad42e elementor-widget elementor-widget-shortcode\" data-id=\"60ad42e\" data-element_type=\"widget\" data-e-type=\"widget\" data-widget_type=\"shortcode.default\">\n\t\t\t\t<div class=\"elementor-widget-container\">\n\t\t\t\t\t\t\t<div class=\"elementor-shortcode\">\t\t<div data-elementor-type=\"section\" data-elementor-id=\"4601\" class=\"elementor elementor-4601\" data-elementor-post-type=\"elementor_library\">\r\n\t\t\t\t\t<section class=\"elementor-section elementor-top-section elementor-element elementor-element-616db802 elementor-section-boxed elementor-section-height-default elementor-section-height-default\" data-id=\"616db802\" data-element_type=\"section\" data-e-type=\"section\">\n\t\t\t\t\t\t<div class=\"elementor-container elementor-column-gap-default\">\n\t\t\t\t\t<div class=\"elementor-column elementor-col-100 elementor-top-column elementor-element elementor-element-4a4fbccf\" data-id=\"4a4fbccf\" data-element_type=\"column\" data-e-type=\"column\">\n\t\t\t<div class=\"elementor-widget-wrap elementor-element-populated\">\n\t\t\t\t\t\t<div class=\"elementor-element elementor-element-251169b9 elementor-widget-divider--view-line elementor-widget elementor-widget-divider\" data-id=\"251169b9\" data-element_type=\"widget\" data-e-type=\"widget\" data-widget_type=\"divider.default\">\n\t\t\t\t<div class=\"elementor-widget-container\">\n\t\t\t\t\t\t\t<div class=\"elementor-divider\">\n\t\t\t<span class=\"elementor-divider-separator\">\n\t\t\t\t\t\t<\/span>\n\t\t<\/div>\n\t\t\t\t\t\t<\/div>\n\t\t\t\t<\/div>\n\t\t\t\t<div class=\"elementor-element elementor-element-694ecd60 elementor-widget elementor-widget-text-editor\" data-id=\"694ecd60\" data-element_type=\"widget\" data-e-type=\"widget\" data-widget_type=\"text-editor.default\">\n\t\t\t\t<div class=\"elementor-widget-container\">\n\t\t\t\t\t\t\t\t\t<p class=\"texto\"><strong>M\u00c1S INFORMACI\u00d3N<br \/><\/strong>Secretar\u00eda de Investigaci\u00f3n y Relaciones Internacionales <br \/>TE: (0298) 4433668\/668<\/p><p class=\"texto\">Correo electr\u00f3nico<br \/><strong><a href=\"mailto:invefade@gmail.com\">invefade@gmail.com<\/a><\/strong><a href=\"mailto:rrii.fadecs@gmail.com\"><br \/><\/a> Mendoza y Per\u00fa<br \/>(8332) General Roca, R\u00edo Negro <br \/>Argentina<\/p>\t\t\t\t\t\t\t\t<\/div>\n\t\t\t\t<\/div>\n\t\t\t\t\t<\/div>\n\t\t<\/div>\n\t\t\t\t\t<\/div>\n\t\t<\/section>\n\t\t\t\t<\/div>\r\n\t\t<\/div>\n\t\t\t\t\t\t<\/div>\n\t\t\t\t<\/div>\n\t\t\t\t\t<\/div>\n\t\t<\/div>\n\t\t\t\t<div class=\"elementor-column elementor-col-33 elementor-top-column elementor-element elementor-element-3f2290c\" data-id=\"3f2290c\" data-element_type=\"column\" data-e-type=\"column\">\n\t\t\t<div class=\"elementor-widget-wrap\">\n\t\t\t\t\t\t\t<\/div>\n\t\t<\/div>\n\t\t\t\t\t<\/div>\n\t\t<\/section>\n\t\t\t\t<\/div>\n\t\t","protected":false},"excerpt":{"rendered":"<p>SECRETARIA DE CIENCIA Y TECNICA Y RELACIONES INTERNACIONALES NOVEDADES El \u00e1rea de Ciencia y T\u00e9cnica busca fortalecer el v\u00ednculo entre funciones b\u00e1sicas universitarias (docencia \u2013 investigaci\u00f3n \u2013 extensi\u00f3n) focalizando en los procesos de producci\u00f3n de conocimientos en las distintas \u00e1reas disciplinares de la FADECS, as\u00ed como tambi\u00e9n la transferencia de los mismos al medio social [&hellip;]<\/p>\n","protected":false},"author":2,"featured_media":0,"parent":0,"menu_order":0,"comment_status":"closed","ping_status":"closed","template":"","meta":{"footnotes":""},"class_list":["post-3416","page","type-page","status-publish","hentry"],"_links":{"self":[{"href":"https:\/\/fadeweb.uncoma.edu.ar\/index.php\/wp-json\/wp\/v2\/pages\/3416","targetHints":{"allow":["GET"]}}],"collection":[{"href":"https:\/\/fadeweb.uncoma.edu.ar\/index.php\/wp-json\/wp\/v2\/pages"}],"about":[{"href":"https:\/\/fadeweb.uncoma.edu.ar\/index.php\/wp-json\/wp\/v2\/types\/page"}],"author":[{"embeddable":true,"href":"https:\/\/fadeweb.uncoma.edu.ar\/index.php\/wp-json\/wp\/v2\/users\/2"}],"replies":[{"embeddable":true,"href":"https:\/\/fadeweb.uncoma.edu.ar\/index.php\/wp-json\/wp\/v2\/comments?post=3416"}],"version-history":[{"count":27,"href":"https:\/\/fadeweb.uncoma.edu.ar\/index.php\/wp-json\/wp\/v2\/pages\/3416\/revisions"}],"predecessor-version":[{"id":10498,"href":"https:\/\/fadeweb.uncoma.edu.ar\/index.php\/wp-json\/wp\/v2\/pages\/3416\/revisions\/10498"}],"wp:attachment":[{"href":"https:\/\/fadeweb.uncoma.edu.ar\/index.php\/wp-json\/wp\/v2\/media?parent=3416"}],"curies":[{"name":"wp","href":"https:\/\/api.w.org\/{rel}","templated":true}]}}