{"id":3346,"date":"2022-09-15T12:02:36","date_gmt":"2022-09-15T12:02:36","guid":{"rendered":"http:\/\/web.fadecs.uncoma.edu.ar\/?page_id=3346"},"modified":"2022-11-11T13:24:19","modified_gmt":"2022-11-11T16:24:19","slug":"licenciatura-en-servicio-social","status":"publish","type":"page","link":"https:\/\/fadeweb.uncoma.edu.ar\/index.php\/carreras\/licenciatura-en-servicio-social\/","title":{"rendered":"LICENCIATURA EN SERVICIO SOCIAL"},"content":{"rendered":"\t\t<div data-elementor-type=\"wp-page\" data-elementor-id=\"3346\" class=\"elementor elementor-3346\" data-elementor-post-type=\"page\">\n\t\t\t\t\t\t<section class=\"elementor-section elementor-top-section elementor-element elementor-element-9311f7b elementor-section-boxed elementor-section-height-default elementor-section-height-default\" data-id=\"9311f7b\" data-element_type=\"section\" data-e-type=\"section\">\n\t\t\t\t\t\t<div class=\"elementor-container elementor-column-gap-default\">\n\t\t\t\t\t<div class=\"elementor-column elementor-col-66 elementor-top-column elementor-element elementor-element-5cf32e0\" data-id=\"5cf32e0\" data-element_type=\"column\" data-e-type=\"column\">\n\t\t\t<div class=\"elementor-widget-wrap elementor-element-populated\">\n\t\t\t\t\t\t<div class=\"elementor-element elementor-element-5f6323b elementor-widget elementor-widget-heading\" data-id=\"5f6323b\" data-element_type=\"widget\" data-e-type=\"widget\" data-widget_type=\"heading.default\">\n\t\t\t\t<div class=\"elementor-widget-container\">\n\t\t\t\t\t<h2 class=\"elementor-heading-title elementor-size-default\">LICENCIATURA EN SERVICIO SOCIAL<\/h2>\t\t\t\t<\/div>\n\t\t\t\t<\/div>\n\t\t\t\t<div class=\"elementor-element elementor-element-cc28366 elementor-widget elementor-widget-text-editor\" data-id=\"cc28366\" data-element_type=\"widget\" data-e-type=\"widget\" data-widget_type=\"text-editor.default\">\n\t\t\t\t<div class=\"elementor-widget-container\">\n\t\t\t\t\t\t\t\t\t<h3 align=\"left\"><span class=\"titulo3\">T\u00edtulo a otorgar<\/span><\/h3><h2 align=\"left\"><span class=\"titulo2\">Licenciado en Servicio Social <\/span><\/h2><p class=\"texto\">Se cursa en<a href=\"https:\/\/www.google.com.ar\/maps\/place\/Facultad+de+Derecho+y+Ciencias+Sociales+-+UNCo\/@-39.0232891,-67.5639387,898m\/data=!3m2!1e3!4b1!4m5!3m4!1s0x960a02d7291848a3:0x10a7ac07855a0879!8m2!3d-39.0232933!4d-67.56175\"> General Roca<\/a> y en <a href=\"https:\/\/www.google.com.ar\/maps\/place\/Servicio+Social+-+UNCo+-+Sede+Central\/@-38.9401457,-68.0595466,899m\/data=!3m2!1e3!4b1!4m5!3m4!1s0x960a33dd0484dd67:0x9e60fc4430f72077!8m2!3d-38.9401499!4d-68.0573579\">Neuqu\u00e9n<\/a><\/p><h3 class=\"texto\"><span class=\"subt1\">Duraci\u00f3n de la Carrera<\/span><\/h3><p class=\"texto\">Cinco a\u00f1os<\/p><h3 class=\"texto\"><span class=\"subt1\">Incumbencias profesionales<\/span><\/h3><p class=\"texto\">Las funciones, actividades y tareas para las que habilita el t\u00edtulo de Licenciado en Servicio Social son:<\/p><blockquote><p class=\"texto\">Promover la participaci\u00f3n organizada de personas, grupos y comunidades para mejorar su calidad de vida.<\/p><p class=\"texto\">Realizar acciones de promoci\u00f3n, asistencia y rehabilitaci\u00f3n social de personas y grupos.<\/p><p class=\"texto\">Realizar acciones a nivel individual-familiar, grupal y comunitario que favorezcan el ejercicio, la rehabilitaci\u00f3n y el desarrollo de conductas participativas.<\/p><p class=\"texto\">Realizar acciones tendientes a prevenir la aparici\u00f3n de problemas sociales y\/o de sus efectos.<\/p><p class=\"texto\">Promover la creaci\u00f3n, desarrollo, mejoramiento y adecuada utilizaci\u00f3n de los recursos de la comunidad.<\/p><p class=\"texto\">Realizar acciones tendientes a mejorar los sistemas de relaci\u00f3n y de comunicaci\u00f3n en los grupos para que \u00e9stos logren, a trav\u00e9s de la autogesti\u00f3n, su desarrollo integral.<\/p><p class=\"texto\">Brindar orientaciones y asesoramiento en materia de acci\u00f3n social a personas, grupos e instituciones.<\/p><p class=\"texto\">Capacitar y orientar a individuos, grupos y comunidades para el empleo de sus propios recursos en la satisfacci\u00f3n de sus necesidades.<\/p><p class=\"texto\">Organizar, administrar, dirigir y supervisar instituciones y servicios de Bienestar Social.<\/p><p class=\"texto\">Elaborar, conducir, ejecutar, supervisar y evaluar planes, programas y proyectos de acci\u00f3n social.<\/p><p class=\"texto\">Elaborar, conducir, ejecutar, supervisar y evaluar planes, programas y proyectos de promoci\u00f3n comunitaria.<\/p><p class=\"texto\">Realizar estudios diagn\u00f3sticos de la realidad social sobre la que se deber\u00e1 actuar.<\/p><p class=\"texto\">Participar en la investigaci\u00f3n y en la elaboraci\u00f3n, ejecuci\u00f3n y evaluaci\u00f3n de planes, programas, proyectos y acciones de distintas \u00e1reas, que tengan incidencias en lo socio-cultural.<\/p><p class=\"texto\">Asesorar en la formulaci\u00f3n, ejecuci\u00f3n y evaluaci\u00f3n de pol\u00edticas tendientes al bienestar social.<\/p><p class=\"texto\">Realizar estudios e investigaciones sobre:<br \/>a) la realidad socio-cultural y los aspectos epistemol\u00f3gicos del \u00e1rea profesional para crear o perfeccionar modelos te\u00f3ricos y metodol\u00f3gicos de intervenci\u00f3n.<br \/>b) las causas de als distintas problem\u00e1ticas sociales y los factores que inciden en su g\u00e9nesis y evoluci\u00f3n.<\/p><p class=\"texto\">Realizar peritajes sobre distintas situaciones sociales.<\/p><\/blockquote><h3 class=\"texto\"><span class=\"subt1\">Plan de estudios Servicio Social <\/span><\/h3><p class=\"texto\">Ord N\u00ba 140\/85-Mod. 431 y 201\/09<\/p>\t\t\t\t\t\t\t\t<\/div>\n\t\t\t\t<\/div>\n\t\t\t\t<div class=\"elementor-element elementor-element-4f24d64 elementor-widget elementor-widget-shortcode\" data-id=\"4f24d64\" data-element_type=\"widget\" data-e-type=\"widget\" data-widget_type=\"shortcode.default\">\n\t\t\t\t<div class=\"elementor-widget-container\">\n\t\t\t\t\t\t\t<div class=\"elementor-shortcode\">\t\t<div data-elementor-type=\"section\" data-elementor-id=\"4583\" class=\"elementor elementor-4583\" data-elementor-post-type=\"elementor_library\">\r\n\t\t\t\t\t<section class=\"elementor-section elementor-top-section elementor-element elementor-element-14232f66 elementor-section-boxed elementor-section-height-default elementor-section-height-default\" data-id=\"14232f66\" data-element_type=\"section\" data-e-type=\"section\">\n\t\t\t\t\t\t<div class=\"elementor-container elementor-column-gap-default\">\n\t\t\t\t\t<div class=\"elementor-column elementor-col-100 elementor-top-column elementor-element elementor-element-613d052d\" data-id=\"613d052d\" data-element_type=\"column\" data-e-type=\"column\">\n\t\t\t<div class=\"elementor-widget-wrap elementor-element-populated\">\n\t\t\t\t\t\t<div class=\"elementor-element elementor-element-6b448111 elementor-widget-divider--view-line elementor-widget elementor-widget-divider\" data-id=\"6b448111\" data-element_type=\"widget\" data-e-type=\"widget\" data-widget_type=\"divider.default\">\n\t\t\t\t<div class=\"elementor-widget-container\">\n\t\t\t\t\t\t\t<div class=\"elementor-divider\">\n\t\t\t<span class=\"elementor-divider-separator\">\n\t\t\t\t\t\t<\/span>\n\t\t<\/div>\n\t\t\t\t\t\t<\/div>\n\t\t\t\t<\/div>\n\t\t\t\t<div class=\"elementor-element elementor-element-4d542db7 elementor-widget elementor-widget-text-editor\" data-id=\"4d542db7\" data-element_type=\"widget\" data-e-type=\"widget\" data-widget_type=\"text-editor.default\">\n\t\t\t\t<div class=\"elementor-widget-container\">\n\t\t\t\t\t\t\t\t\t<p><strong>INFORMACI\u00d3N<\/strong><br \/>Departamento de Alumnos<br \/>TE: (0298) 4435700<br \/>Correo electr\u00f3nico:\u00a0<a href=\"mailto:alumnos@fade.uncoma.edu.ar\">alumnos@fade.uncoma.edu.ar<\/a><br \/>Mendoza y Per\u00fa.<br \/>(8332) General Roca, R\u00edo Negro<br \/>Argentina<\/p>\t\t\t\t\t\t\t\t<\/div>\n\t\t\t\t<\/div>\n\t\t\t\t\t<\/div>\n\t\t<\/div>\n\t\t\t\t\t<\/div>\n\t\t<\/section>\n\t\t\t\t<\/div>\r\n\t\t<\/div>\n\t\t\t\t\t\t<\/div>\n\t\t\t\t<\/div>\n\t\t\t\t\t<\/div>\n\t\t<\/div>\n\t\t\t\t<div class=\"elementor-column elementor-col-33 elementor-top-column elementor-element elementor-element-1a74a04\" data-id=\"1a74a04\" data-element_type=\"column\" data-e-type=\"column\">\n\t\t\t<div class=\"elementor-widget-wrap elementor-element-populated\">\n\t\t\t\t\t\t<div class=\"elementor-element elementor-element-377a0ec elementor-nav-menu__align-start elementor-nav-menu--dropdown-none elementor-widget elementor-widget-nav-menu\" data-id=\"377a0ec\" data-element_type=\"widget\" data-e-type=\"widget\" id=\"menu-lateral\" data-settings=\"{&quot;layout&quot;:&quot;vertical&quot;,&quot;submenu_icon&quot;:{&quot;value&quot;:&quot;&lt;i class=\\&quot;fas fa-caret-down\\&quot; aria-hidden=\\&quot;true\\&quot;&gt;&lt;\\\/i&gt;&quot;,&quot;library&quot;:&quot;fa-solid&quot;}}\" data-widget_type=\"nav-menu.default\">\n\t\t\t\t<div class=\"elementor-widget-container\">\n\t\t\t\t\t\t\t\t<nav aria-label=\"Menu\" class=\"elementor-nav-menu--main elementor-nav-menu__container elementor-nav-menu--layout-vertical e--pointer-background e--animation-fade\">\r\n\t\t\t\t<ul id=\"menu-1-377a0ec\" class=\"elementor-nav-menu sm-vertical\"><li class=\"menu-item menu-item-type-post_type menu-item-object-page menu-item-5369\"><a href=\"https:\/\/fadeweb.uncoma.edu.ar\/index.php\/carreras\/licenciatura-en-servicio-social\/plan-de-estudio-licenciatura-en-servicio-social\/\" class=\"elementor-item\">PLAN DE ESTUDIOS<\/a><\/li>\n<li class=\"menu-item menu-item-type-post_type menu-item-object-page menu-item-5370\"><a href=\"https:\/\/fadeweb.uncoma.edu.ar\/index.php\/carreras\/licenciatura-en-servicio-social\/correlatividades-licenciatura-en-servicio-social\/\" class=\"elementor-item\">CORRELATIVIDADES<\/a><\/li>\n<li class=\"menu-item menu-item-type-post_type menu-item-object-page menu-item-5371\"><a href=\"https:\/\/fadeweb.uncoma.edu.ar\/index.php\/programas\/programa-servsocial\/\" class=\"elementor-item\">PROGRAMAS<\/a><\/li>\n<li class=\"menu-item menu-item-type-post_type menu-item-object-page menu-item-5375\"><a href=\"https:\/\/fadeweb.uncoma.edu.ar\/index.php\/estudiantes\/calendario-academico\/\" class=\"elementor-item\">CALENDARIO ACADEMICO<\/a><\/li>\n<li class=\"menu-item menu-item-type-post_type menu-item-object-page menu-item-5376\"><a href=\"https:\/\/fadeweb.uncoma.edu.ar\/index.php\/estudiantes\/horarios-de-cursadas\/\" class=\"elementor-item\">HORARIOS DE CURSADAS<\/a><\/li>\n<li class=\"menu-item menu-item-type-custom menu-item-object-custom menu-item-5377\"><a href=\"http:\/\/siufade.uncoma.edu.ar\/\" class=\"elementor-item\">SIU FADE: Sistema de Gesti\u00f3n de Alumnos en Internet<\/a><\/li>\n<li class=\"menu-item menu-item-type-custom menu-item-object-custom menu-item-5378\"><a href=\"https:\/\/siufade.uncoma.edu.ar\/derecho\/fecha_examen\" class=\"elementor-item\">FECHAS DE EX\u00c1MENES<\/a><\/li>\n<\/ul>\t\t\t<\/nav>\r\n\t\t\t\t\t\t<nav class=\"elementor-nav-menu--dropdown elementor-nav-menu__container\" aria-hidden=\"true\">\r\n\t\t\t\t<ul id=\"menu-2-377a0ec\" class=\"elementor-nav-menu sm-vertical\"><li class=\"menu-item menu-item-type-post_type menu-item-object-page menu-item-5369\"><a href=\"https:\/\/fadeweb.uncoma.edu.ar\/index.php\/carreras\/licenciatura-en-servicio-social\/plan-de-estudio-licenciatura-en-servicio-social\/\" class=\"elementor-item\" tabindex=\"-1\">PLAN DE ESTUDIOS<\/a><\/li>\n<li class=\"menu-item menu-item-type-post_type menu-item-object-page menu-item-5370\"><a href=\"https:\/\/fadeweb.uncoma.edu.ar\/index.php\/carreras\/licenciatura-en-servicio-social\/correlatividades-licenciatura-en-servicio-social\/\" class=\"elementor-item\" tabindex=\"-1\">CORRELATIVIDADES<\/a><\/li>\n<li class=\"menu-item menu-item-type-post_type menu-item-object-page menu-item-5371\"><a href=\"https:\/\/fadeweb.uncoma.edu.ar\/index.php\/programas\/programa-servsocial\/\" class=\"elementor-item\" tabindex=\"-1\">PROGRAMAS<\/a><\/li>\n<li class=\"menu-item menu-item-type-post_type menu-item-object-page menu-item-5375\"><a href=\"https:\/\/fadeweb.uncoma.edu.ar\/index.php\/estudiantes\/calendario-academico\/\" class=\"elementor-item\" tabindex=\"-1\">CALENDARIO ACADEMICO<\/a><\/li>\n<li class=\"menu-item menu-item-type-post_type menu-item-object-page menu-item-5376\"><a href=\"https:\/\/fadeweb.uncoma.edu.ar\/index.php\/estudiantes\/horarios-de-cursadas\/\" class=\"elementor-item\" tabindex=\"-1\">HORARIOS DE CURSADAS<\/a><\/li>\n<li class=\"menu-item menu-item-type-custom menu-item-object-custom menu-item-5377\"><a href=\"http:\/\/siufade.uncoma.edu.ar\/\" class=\"elementor-item\" tabindex=\"-1\">SIU FADE: Sistema de Gesti\u00f3n de Alumnos en Internet<\/a><\/li>\n<li class=\"menu-item menu-item-type-custom menu-item-object-custom menu-item-5378\"><a href=\"https:\/\/siufade.uncoma.edu.ar\/derecho\/fecha_examen\" class=\"elementor-item\" tabindex=\"-1\">FECHAS DE EX\u00c1MENES<\/a><\/li>\n<\/ul>\t\t\t<\/nav>\r\n\t\t\t\t\t\t<\/div>\n\t\t\t\t<\/div>\n\t\t\t\t\t<\/div>\n\t\t<\/div>\n\t\t\t\t\t<\/div>\n\t\t<\/section>\n\t\t\t\t<\/div>\n\t\t","protected":false},"excerpt":{"rendered":"<p>LICENCIATURA EN SERVICIO SOCIAL T\u00edtulo a otorgar Licenciado en Servicio Social Se cursa en General Roca y en Neuqu\u00e9n Duraci\u00f3n de la Carrera Cinco a\u00f1os Incumbencias profesionales Las funciones, actividades y tareas para las que habilita el t\u00edtulo de Licenciado en Servicio Social son: Promover la participaci\u00f3n organizada de personas, grupos y comunidades para mejorar [&hellip;]<\/p>\n","protected":false},"author":2,"featured_media":0,"parent":3309,"menu_order":0,"comment_status":"closed","ping_status":"closed","template":"","meta":{"footnotes":""},"class_list":["post-3346","page","type-page","status-publish","hentry"],"_links":{"self":[{"href":"https:\/\/fadeweb.uncoma.edu.ar\/index.php\/wp-json\/wp\/v2\/pages\/3346","targetHints":{"allow":["GET"]}}],"collection":[{"href":"https:\/\/fadeweb.uncoma.edu.ar\/index.php\/wp-json\/wp\/v2\/pages"}],"about":[{"href":"https:\/\/fadeweb.uncoma.edu.ar\/index.php\/wp-json\/wp\/v2\/types\/page"}],"author":[{"embeddable":true,"href":"https:\/\/fadeweb.uncoma.edu.ar\/index.php\/wp-json\/wp\/v2\/users\/2"}],"replies":[{"embeddable":true,"href":"https:\/\/fadeweb.uncoma.edu.ar\/index.php\/wp-json\/wp\/v2\/comments?post=3346"}],"version-history":[{"count":6,"href":"https:\/\/fadeweb.uncoma.edu.ar\/index.php\/wp-json\/wp\/v2\/pages\/3346\/revisions"}],"predecessor-version":[{"id":10576,"href":"https:\/\/fadeweb.uncoma.edu.ar\/index.php\/wp-json\/wp\/v2\/pages\/3346\/revisions\/10576"}],"up":[{"embeddable":true,"href":"https:\/\/fadeweb.uncoma.edu.ar\/index.php\/wp-json\/wp\/v2\/pages\/3309"}],"wp:attachment":[{"href":"https:\/\/fadeweb.uncoma.edu.ar\/index.php\/wp-json\/wp\/v2\/media?parent=3346"}],"curies":[{"name":"wp","href":"https:\/\/api.w.org\/{rel}","templated":true}]}}