{"id":3319,"date":"2022-09-15T11:05:47","date_gmt":"2022-09-15T11:05:47","guid":{"rendered":"http:\/\/web.fadecs.uncoma.edu.ar\/?page_id=3319"},"modified":"2025-09-30T12:19:41","modified_gmt":"2025-09-30T15:19:41","slug":"abogacia","status":"publish","type":"page","link":"https:\/\/fadeweb.uncoma.edu.ar\/index.php\/carreras\/abogacia\/","title":{"rendered":"ABOGACIA"},"content":{"rendered":"\t\t<div data-elementor-type=\"wp-page\" data-elementor-id=\"3319\" class=\"elementor elementor-3319\" data-elementor-post-type=\"page\">\n\t\t\t\t\t\t<section class=\"elementor-section elementor-top-section elementor-element elementor-element-2dac188 elementor-section-boxed elementor-section-height-default elementor-section-height-default\" data-id=\"2dac188\" data-element_type=\"section\" data-e-type=\"section\">\n\t\t\t\t\t\t<div class=\"elementor-container elementor-column-gap-default\">\n\t\t\t\t\t<div class=\"elementor-column elementor-col-50 elementor-top-column elementor-element elementor-element-11fa64f\" data-id=\"11fa64f\" data-element_type=\"column\" data-e-type=\"column\">\n\t\t\t<div class=\"elementor-widget-wrap elementor-element-populated\">\n\t\t\t\t\t\t<section class=\"elementor-section elementor-inner-section elementor-element elementor-element-3d40b89 elementor-section-boxed elementor-section-height-default elementor-section-height-default\" data-id=\"3d40b89\" data-element_type=\"section\" data-e-type=\"section\">\n\t\t\t\t\t\t<div class=\"elementor-container elementor-column-gap-default\">\n\t\t\t\t\t<div class=\"elementor-column elementor-col-50 elementor-inner-column elementor-element elementor-element-db22988\" data-id=\"db22988\" data-element_type=\"column\" data-e-type=\"column\">\n\t\t\t<div class=\"elementor-widget-wrap elementor-element-populated\">\n\t\t\t\t\t\t<div class=\"elementor-element elementor-element-db094e2 elementor-widget elementor-widget-heading\" data-id=\"db094e2\" data-element_type=\"widget\" data-e-type=\"widget\" data-widget_type=\"heading.default\">\n\t\t\t\t<div class=\"elementor-widget-container\">\n\t\t\t\t\t<h2 class=\"elementor-heading-title elementor-size-default\">ABOGACIA<\/h2>\t\t\t\t<\/div>\n\t\t\t\t<\/div>\n\t\t\t\t\t<\/div>\n\t\t<\/div>\n\t\t\t\t<div class=\"elementor-column elementor-col-50 elementor-inner-column elementor-element elementor-element-ee9483d\" data-id=\"ee9483d\" data-element_type=\"column\" data-e-type=\"column\">\n\t\t\t<div class=\"elementor-widget-wrap elementor-element-populated\">\n\t\t\t\t\t\t<div class=\"elementor-element elementor-element-e5d2bef elementor-align-justify elementor-widget elementor-widget-button\" data-id=\"e5d2bef\" data-element_type=\"widget\" data-e-type=\"widget\" data-widget_type=\"button.default\">\n\t\t\t\t<div class=\"elementor-widget-container\">\n\t\t\t\t\t\t\t\t\t<div class=\"elementor-button-wrapper\">\n\t\t\t\t\t<a class=\"elementor-button elementor-button-link elementor-size-xs\" href=\"https:\/\/fadeweb.uncoma.edu.ar\/index.php\/carreras\/abogacia\/abogacia-nuevo-plan\/\">\n\t\t\t\t\t\t<span class=\"elementor-button-content-wrapper\">\n\t\t\t\t\t\t\t\t\t<span class=\"elementor-button-text\">INGRESANTES ABOGAC\u00cdA - NUEVO PLAN DE ESTUDIOS DE ABOGAC\u00cdA - FAQ<\/span>\n\t\t\t\t\t<\/span>\n\t\t\t\t\t<\/a>\n\t\t\t\t<\/div>\n\t\t\t\t\t\t\t\t<\/div>\n\t\t\t\t<\/div>\n\t\t\t\t<div class=\"elementor-element elementor-element-db10066 elementor-align-justify elementor-widget elementor-widget-button\" data-id=\"db10066\" data-element_type=\"widget\" data-e-type=\"widget\" data-widget_type=\"button.default\">\n\t\t\t\t<div class=\"elementor-widget-container\">\n\t\t\t\t\t\t\t\t\t<div class=\"elementor-button-wrapper\">\n\t\t\t\t\t<a class=\"elementor-button elementor-button-link elementor-size-xs\" href=\"https:\/\/fadeweb.uncoma.edu.ar\/index.php\/carreras\/abogacia\/asignaturas-abogacia-plan-871-21\/\">\n\t\t\t\t\t\t<span class=\"elementor-button-content-wrapper\">\n\t\t\t\t\t\t\t\t\t<span class=\"elementor-button-text\">LISTADO DE ASIGNATURAS POR A\u00d1O Y CUATRIMESTRE (NUEVO PLAN)<\/span>\n\t\t\t\t\t<\/span>\n\t\t\t\t\t<\/a>\n\t\t\t\t<\/div>\n\t\t\t\t\t\t\t\t<\/div>\n\t\t\t\t<\/div>\n\t\t\t\t\t<\/div>\n\t\t<\/div>\n\t\t\t\t\t<\/div>\n\t\t<\/section>\n\t\t\t\t<div class=\"elementor-element elementor-element-f348e64 elementor-widget elementor-widget-text-editor\" data-id=\"f348e64\" data-element_type=\"widget\" data-e-type=\"widget\" data-widget_type=\"text-editor.default\">\n\t\t\t\t<div class=\"elementor-widget-container\">\n\t\t\t\t\t\t\t\t\t<h2><span class=\"titulo1\">INGRESANTES\u00a0<\/span><span class=\"texto\"><br \/><\/span><\/h2><p><a class=\"subt1\" href=\"https:\/\/fadeweb.uncoma.edu.ar\/index.php\/carreras\/abogacia\/asignaturas-abogacia-plan-871-21\/\">INGRESE AL PLAN DE ESTUDIOS Ord. 871\/21<\/a><\/p><p><a href=\"https:\/\/fadeweb.uncoma.edu.ar\/index.php\/carreras\/abogacia\/abogacia-nuevo-plan\/\">Preguntas frecuentes acerca del <strong>nuevo plan de estudios de abogac\u00eda<\/strong><\/a><\/p><p class=\"texto\">Plan estudios 87\/85: acceda al link: <a href=\"https:\/\/fadeweb.uncoma.edu.ar\/index.php\/carreras\/abogacia\/abogacia-plan-087-85\/\">Plan Abogac\u00eda 087\/85<\/a><\/p><p><span class=\"titulo3\">T\u00edtulo a otorgar<\/span><span class=\"texto\"><br \/><\/span><span class=\"titulo2\">ABOGADO <\/span><\/p><p class=\"texto\" align=\"left\"><a href=\"https:\/\/www.google.com.ar\/maps\/place\/Facultad+de+Derecho+y+Ciencias+Sociales+-+UNCo\/@-39.0232891,-67.5639387,898m\/data=!3m2!1e3!4b1!4m5!3m4!1s0x960a02d7291848a3:0x10a7ac07855a0879!8m2!3d-39.0232933!4d-67.56175\">Se cursa en General Roca<\/a><\/p><p class=\"texto\" align=\"left\"><span class=\"subt1\">Duraci\u00f3n de la Carrera<\/span><br \/>5 a\u00f1os<\/p><p class=\"texto\" align=\"left\"><span class=\"subt1\">Objetivos<\/span><br \/>Derecho es el conjunto de normas que regulan las relaciones de los seres humanos y de los pa\u00edses entre s\u00ed, de los principios, teor\u00edas y doctrinas sobre las cuales se funda.<\/p><p class=\"texto\" align=\"left\">El objetivo de esta profesi\u00f3n consiste en adquirir conocimientos generales y espec\u00edficos para lograr entender al Derecho como instrumento v\u00e1lido para el desarrollo arm\u00f3nico de las relaciones en una sociedad, interpretando valores \u00e9tico-culturales.<\/p><p class=\"texto\" align=\"left\">Se tender\u00e1 a valorar el ordenamiento jur\u00eddico como regulador de las conductas humanas, dentro del marco \u00e9tico social de la comunidad nacional en general y regional en particular. Se intentar\u00e1 dotar al egresado de criterio jur\u00eddico para resolver situaciones de conflicto que se planteen en el campo social.<\/p><p class=\"texto\" align=\"left\"><span class=\"subt1\">Qu\u00e9 se estudia<\/span><br \/>La carrera tiene una duraci\u00f3n de cinco a\u00f1os. Posee un tronco com\u00fan de 27 materias, tres Pr\u00e1cticas Profesionales, m\u00e1s tres seminarios espec\u00edficos que definen una orientaci\u00f3n. Hay cinco orientaciones posibles que se dictan a partir del cuarto a\u00f1o a trav\u00e9s de seminarios espec\u00edficos. Las orientaciones que posee la carrera son las siguientes:<\/p><ul type=\"disc\"><li class=\"texto\">Derecho Social<\/li><li class=\"texto\">Derecho de los Recursos Naturales<\/li><li class=\"texto\">Derecho Penal<\/li><li class=\"texto\">Derecho Privado<\/li><li class=\"texto\">Derechos Humanos<\/li><\/ul><p class=\"texto\" align=\"left\"><span class=\"subt1\">Incumbencias profesionales<\/span><br \/>Se aspira a que el profesional egresado con el t\u00edtulo de <strong>Abogado<\/strong> de la Facultad de Derecho y Ciencias Sociales sea capaz de:<\/p><ul><li class=\"texto\">Ejercer el patrocinio y la representaci\u00f3n en actuaciones judiciales y administrativas en el \u00e1mbito p\u00fablico y privado.<\/li><li class=\"texto\">Asesorar en todo asunto que requiera opini\u00f3n jur\u00eddica<\/li><li class=\"texto\">Desempe\u00f1arse en la magistratura y en otras funciones judiciales<\/li><li class=\"texto\">Intervenir en toda otra actividad que requiera el conocimiento del derecho.<\/li><\/ul><p class=\"subt1\" align=\"left\">El t\u00edtulo de abogado es habilitante para<\/p><ul><li class=\"texto\">La docencia universitaria y secundaria<\/li><li class=\"texto\">El ingreso a la carrera de investigador cient\u00edfico del Conicet<\/li><\/ul><p class=\"texto\" align=\"left\"><span class=\"subt1\">Plan de estudios<\/span><\/p><p class=\"texto\" align=\"left\"><a class=\"texto\" href=\"https:\/\/fadeweb.uncoma.edu.ar\/index.php\/carreras\/abogacia\/abogacia-nuevo-plan\/\">INGRESANTES: PLAN DE ESTUDIOS Ord. 871\/21<\/a><\/p><p class=\"texto\" align=\"left\"><a href=\"https:\/\/fadeweb.uncoma.edu.ar\/index.php\/carreras\/abogacia\/abogacia-plan-087-85\/\">Plan de Est. Ord. N\u00ba 087\/85, Mod. 492\/04 &#8211; 1021\/05<\/a><\/p>\t\t\t\t\t\t\t\t<\/div>\n\t\t\t\t<\/div>\n\t\t\t\t<div class=\"elementor-element elementor-element-284a778 elementor-widget elementor-widget-shortcode\" data-id=\"284a778\" data-element_type=\"widget\" data-e-type=\"widget\" data-widget_type=\"shortcode.default\">\n\t\t\t\t<div class=\"elementor-widget-container\">\n\t\t\t\t\t\t\t<div class=\"elementor-shortcode\">\t\t<div data-elementor-type=\"section\" data-elementor-id=\"4583\" class=\"elementor elementor-4583\" data-elementor-post-type=\"elementor_library\">\r\n\t\t\t\t\t<section class=\"elementor-section elementor-top-section elementor-element elementor-element-14232f66 elementor-section-boxed elementor-section-height-default elementor-section-height-default\" data-id=\"14232f66\" data-element_type=\"section\" data-e-type=\"section\">\n\t\t\t\t\t\t<div class=\"elementor-container elementor-column-gap-default\">\n\t\t\t\t\t<div class=\"elementor-column elementor-col-100 elementor-top-column elementor-element elementor-element-613d052d\" data-id=\"613d052d\" data-element_type=\"column\" data-e-type=\"column\">\n\t\t\t<div class=\"elementor-widget-wrap elementor-element-populated\">\n\t\t\t\t\t\t<div class=\"elementor-element elementor-element-6b448111 elementor-widget-divider--view-line elementor-widget elementor-widget-divider\" data-id=\"6b448111\" data-element_type=\"widget\" data-e-type=\"widget\" data-widget_type=\"divider.default\">\n\t\t\t\t<div class=\"elementor-widget-container\">\n\t\t\t\t\t\t\t<div class=\"elementor-divider\">\n\t\t\t<span class=\"elementor-divider-separator\">\n\t\t\t\t\t\t<\/span>\n\t\t<\/div>\n\t\t\t\t\t\t<\/div>\n\t\t\t\t<\/div>\n\t\t\t\t<div class=\"elementor-element elementor-element-4d542db7 elementor-widget elementor-widget-text-editor\" data-id=\"4d542db7\" data-element_type=\"widget\" data-e-type=\"widget\" data-widget_type=\"text-editor.default\">\n\t\t\t\t<div class=\"elementor-widget-container\">\n\t\t\t\t\t\t\t\t\t<p><strong>INFORMACI\u00d3N<\/strong><br \/>Departamento de Alumnos<br \/>TE: (0298) 4435700<br \/>Correo electr\u00f3nico:\u00a0<a href=\"mailto:alumnos@fade.uncoma.edu.ar\">alumnos@fade.uncoma.edu.ar<\/a><br \/>Mendoza y Per\u00fa.<br \/>(8332) General Roca, R\u00edo Negro<br \/>Argentina<\/p>\t\t\t\t\t\t\t\t<\/div>\n\t\t\t\t<\/div>\n\t\t\t\t\t<\/div>\n\t\t<\/div>\n\t\t\t\t\t<\/div>\n\t\t<\/section>\n\t\t\t\t<\/div>\r\n\t\t<\/div>\n\t\t\t\t\t\t<\/div>\n\t\t\t\t<\/div>\n\t\t\t\t\t<\/div>\n\t\t<\/div>\n\t\t\t\t<div class=\"elementor-column elementor-col-50 elementor-top-column elementor-element elementor-element-0f5fe05\" data-id=\"0f5fe05\" data-element_type=\"column\" data-e-type=\"column\">\n\t\t\t<div class=\"elementor-widget-wrap elementor-element-populated\">\n\t\t\t\t\t\t<div class=\"elementor-element elementor-element-8a1cc47 elementor-nav-menu__align-start elementor-nav-menu--dropdown-none elementor-widget elementor-widget-nav-menu\" data-id=\"8a1cc47\" data-element_type=\"widget\" data-e-type=\"widget\" id=\"menu-lateral\" data-settings=\"{&quot;layout&quot;:&quot;vertical&quot;,&quot;submenu_icon&quot;:{&quot;value&quot;:&quot;&lt;i class=\\&quot;fas fa-caret-down\\&quot; aria-hidden=\\&quot;true\\&quot;&gt;&lt;\\\/i&gt;&quot;,&quot;library&quot;:&quot;fa-solid&quot;}}\" data-widget_type=\"nav-menu.default\">\n\t\t\t\t<div class=\"elementor-widget-container\">\n\t\t\t\t\t\t\t\t<nav aria-label=\"Menu\" class=\"elementor-nav-menu--main elementor-nav-menu__container elementor-nav-menu--layout-vertical e--pointer-background e--animation-fade\">\r\n\t\t\t\t<ul id=\"menu-1-8a1cc47\" class=\"elementor-nav-menu sm-vertical\"><li class=\"menu-item menu-item-type-post_type menu-item-object-page menu-item-4856\"><a href=\"https:\/\/fadeweb.uncoma.edu.ar\/index.php\/carreras\/abogacia\/abogacia-nuevo-plan\/\" class=\"elementor-item\">PLAN DE ESTUDIOS<\/a><\/li>\n<li class=\"menu-item menu-item-type-post_type menu-item-object-page menu-item-4931\"><a href=\"https:\/\/fadeweb.uncoma.edu.ar\/index.php\/carreras\/abogacia\/abogacia-correlatividades-plan-087-85\/\" class=\"elementor-item\">CORRELATIVIDADES<\/a><\/li>\n<li class=\"menu-item menu-item-type-post_type menu-item-object-page menu-item-4858\"><a href=\"https:\/\/fadeweb.uncoma.edu.ar\/index.php\/programas\/programa-abogacia\/\" class=\"elementor-item\">PROGRAMAS<\/a><\/li>\n<li class=\"menu-item menu-item-type-post_type menu-item-object-page menu-item-4860\"><a href=\"https:\/\/fadeweb.uncoma.edu.ar\/index.php\/estudiantes\/calendario-academico\/\" class=\"elementor-item\">CALENDARIO ACADEMICO<\/a><\/li>\n<li class=\"menu-item menu-item-type-post_type menu-item-object-page menu-item-4861\"><a href=\"https:\/\/fadeweb.uncoma.edu.ar\/index.php\/estudiantes\/horarios-de-cursadas\/\" class=\"elementor-item\">HORARIOS DE CURSADAS<\/a><\/li>\n<li class=\"menu-item menu-item-type-custom menu-item-object-custom menu-item-4862\"><a href=\"http:\/\/siufade.uncoma.edu.ar\/\" class=\"elementor-item\">SIU FADE: Sistema de Gesti\u00f3n de Alumnos en Internet<\/a><\/li>\n<li class=\"menu-item menu-item-type-custom menu-item-object-custom menu-item-4863\"><a href=\"https:\/\/siufade.uncoma.edu.ar\/derecho\/fecha_examen\" class=\"elementor-item\">FECHAS DE EXAMENES<\/a><\/li>\n<\/ul>\t\t\t<\/nav>\r\n\t\t\t\t\t\t<nav class=\"elementor-nav-menu--dropdown elementor-nav-menu__container\" aria-hidden=\"true\">\r\n\t\t\t\t<ul id=\"menu-2-8a1cc47\" class=\"elementor-nav-menu sm-vertical\"><li class=\"menu-item menu-item-type-post_type menu-item-object-page menu-item-4856\"><a href=\"https:\/\/fadeweb.uncoma.edu.ar\/index.php\/carreras\/abogacia\/abogacia-nuevo-plan\/\" class=\"elementor-item\" tabindex=\"-1\">PLAN DE ESTUDIOS<\/a><\/li>\n<li class=\"menu-item menu-item-type-post_type menu-item-object-page menu-item-4931\"><a href=\"https:\/\/fadeweb.uncoma.edu.ar\/index.php\/carreras\/abogacia\/abogacia-correlatividades-plan-087-85\/\" class=\"elementor-item\" tabindex=\"-1\">CORRELATIVIDADES<\/a><\/li>\n<li class=\"menu-item menu-item-type-post_type menu-item-object-page menu-item-4858\"><a href=\"https:\/\/fadeweb.uncoma.edu.ar\/index.php\/programas\/programa-abogacia\/\" class=\"elementor-item\" tabindex=\"-1\">PROGRAMAS<\/a><\/li>\n<li class=\"menu-item menu-item-type-post_type menu-item-object-page menu-item-4860\"><a href=\"https:\/\/fadeweb.uncoma.edu.ar\/index.php\/estudiantes\/calendario-academico\/\" class=\"elementor-item\" tabindex=\"-1\">CALENDARIO ACADEMICO<\/a><\/li>\n<li class=\"menu-item menu-item-type-post_type menu-item-object-page menu-item-4861\"><a href=\"https:\/\/fadeweb.uncoma.edu.ar\/index.php\/estudiantes\/horarios-de-cursadas\/\" class=\"elementor-item\" tabindex=\"-1\">HORARIOS DE CURSADAS<\/a><\/li>\n<li class=\"menu-item menu-item-type-custom menu-item-object-custom menu-item-4862\"><a href=\"http:\/\/siufade.uncoma.edu.ar\/\" class=\"elementor-item\" tabindex=\"-1\">SIU FADE: Sistema de Gesti\u00f3n de Alumnos en Internet<\/a><\/li>\n<li class=\"menu-item menu-item-type-custom menu-item-object-custom menu-item-4863\"><a href=\"https:\/\/siufade.uncoma.edu.ar\/derecho\/fecha_examen\" class=\"elementor-item\" tabindex=\"-1\">FECHAS DE EXAMENES<\/a><\/li>\n<\/ul>\t\t\t<\/nav>\r\n\t\t\t\t\t\t<\/div>\n\t\t\t\t<\/div>\n\t\t\t\t\t<\/div>\n\t\t<\/div>\n\t\t\t\t\t<\/div>\n\t\t<\/section>\n\t\t\t\t<\/div>\n\t\t","protected":false},"excerpt":{"rendered":"<p>ABOGACIA INGRESANTES ABOGAC\u00cdA &#8211; NUEVO PLAN DE ESTUDIOS DE ABOGAC\u00cdA &#8211; FAQ LISTADO DE ASIGNATURAS POR A\u00d1O Y CUATRIMESTRE (NUEVO PLAN) INGRESANTES\u00a0 INGRESE AL PLAN DE ESTUDIOS Ord. 871\/21 Preguntas frecuentes acerca del nuevo plan de estudios de abogac\u00eda Plan estudios 87\/85: acceda al link: Plan Abogac\u00eda 087\/85 T\u00edtulo a otorgarABOGADO Se cursa en General [&hellip;]<\/p>\n","protected":false},"author":2,"featured_media":0,"parent":3309,"menu_order":0,"comment_status":"closed","ping_status":"closed","template":"","meta":{"footnotes":""},"class_list":["post-3319","page","type-page","status-publish","hentry"],"_links":{"self":[{"href":"https:\/\/fadeweb.uncoma.edu.ar\/index.php\/wp-json\/wp\/v2\/pages\/3319","targetHints":{"allow":["GET"]}}],"collection":[{"href":"https:\/\/fadeweb.uncoma.edu.ar\/index.php\/wp-json\/wp\/v2\/pages"}],"about":[{"href":"https:\/\/fadeweb.uncoma.edu.ar\/index.php\/wp-json\/wp\/v2\/types\/page"}],"author":[{"embeddable":true,"href":"https:\/\/fadeweb.uncoma.edu.ar\/index.php\/wp-json\/wp\/v2\/users\/2"}],"replies":[{"embeddable":true,"href":"https:\/\/fadeweb.uncoma.edu.ar\/index.php\/wp-json\/wp\/v2\/comments?post=3319"}],"version-history":[{"count":30,"href":"https:\/\/fadeweb.uncoma.edu.ar\/index.php\/wp-json\/wp\/v2\/pages\/3319\/revisions"}],"predecessor-version":[{"id":26594,"href":"https:\/\/fadeweb.uncoma.edu.ar\/index.php\/wp-json\/wp\/v2\/pages\/3319\/revisions\/26594"}],"up":[{"embeddable":true,"href":"https:\/\/fadeweb.uncoma.edu.ar\/index.php\/wp-json\/wp\/v2\/pages\/3309"}],"wp:attachment":[{"href":"https:\/\/fadeweb.uncoma.edu.ar\/index.php\/wp-json\/wp\/v2\/media?parent=3319"}],"curies":[{"name":"wp","href":"https:\/\/api.w.org\/{rel}","templated":true}]}}