{"id":3196,"date":"2022-09-14T23:05:03","date_gmt":"2022-09-14T23:05:03","guid":{"rendered":"http:\/\/web.fadecs.uncoma.edu.ar\/?page_id=3196"},"modified":"2022-12-27T08:30:48","modified_gmt":"2022-12-27T11:30:48","slug":"ubicacion","status":"publish","type":"page","link":"https:\/\/fadeweb.uncoma.edu.ar\/index.php\/la-facultad\/ubicacion\/","title":{"rendered":"Ubicacion"},"content":{"rendered":"<p style=\"text-align: center;\"><img decoding=\"async\" class=\"alignnone size-full wp-image-3197\" src=\"https:\/\/fadeweb.uncoma.edu.ar\/wp-content\/uploads\/2022\/09\/ed-nu.jpg\" alt=\"Foto de FADECS\" width=\"259\" height=\"192\" \/> <a href=\"https:\/\/fadeweb.uncoma.edu.ar\/wp-content\/uploads\/2022\/09\/mapa-fadecs-roca1-copia.jpg\"><img fetchpriority=\"high\" decoding=\"async\" class=\"alignnone wp-image-3198 size-full\" src=\"https:\/\/fadeweb.uncoma.edu.ar\/wp-content\/uploads\/2022\/09\/mapa-fadecs-roca1-copia.jpg\" alt=\"Mapa a FADECS\" width=\"500\" height=\"252\" srcset=\"https:\/\/fadeweb.uncoma.edu.ar\/wp-content\/uploads\/2022\/09\/mapa-fadecs-roca1-copia.jpg 500w, https:\/\/fadeweb.uncoma.edu.ar\/wp-content\/uploads\/2022\/09\/mapa-fadecs-roca1-copia-300x151.jpg 300w\" sizes=\"(max-width: 500px) 100vw, 500px\" \/><\/a><a href=\"https:\/\/fadeweb.uncoma.edu.ar\/wp-content\/uploads\/2022\/09\/plano-fadecs-2.jpg\"><img decoding=\"async\" class=\"alignnone wp-image-3201 size-large\" src=\"https:\/\/fadeweb.uncoma.edu.ar\/wp-content\/uploads\/2022\/09\/plano-fadecs-2-1024x733.jpg\" alt=\"Plano FADECS\" width=\"800\" height=\"573\" srcset=\"https:\/\/fadeweb.uncoma.edu.ar\/wp-content\/uploads\/2022\/09\/plano-fadecs-2-1024x733.jpg 1024w, https:\/\/fadeweb.uncoma.edu.ar\/wp-content\/uploads\/2022\/09\/plano-fadecs-2-300x215.jpg 300w, https:\/\/fadeweb.uncoma.edu.ar\/wp-content\/uploads\/2022\/09\/plano-fadecs-2-768x550.jpg 768w, https:\/\/fadeweb.uncoma.edu.ar\/wp-content\/uploads\/2022\/09\/plano-fadecs-2-1536x1099.jpg 1536w, https:\/\/fadeweb.uncoma.edu.ar\/wp-content\/uploads\/2022\/09\/plano-fadecs-2-2048x1466.jpg 2048w\" sizes=\"(max-width: 800px) 100vw, 800px\" \/><\/a><\/p>\n<p class=\"texto\">La\u00a0<a href=\"http:\/\/www.uncoma.edu.ar\/\" target=\"_blank\" rel=\"noopener\"><u>Universidad Nacional del Comahue<\/u><\/a>\u00a0tiene facultades diseminadas en toda la regi\u00f3n de la\u00a0<b>Patagonia Norte argentina<\/b>, abarcando las provincias de R\u00edo Negro y Neuqu\u00e9n.<\/p>\n<p class=\"texto\">La\u00a0<b>Facultad de Derecho y Ciencias Sociales<\/b>\u00a0(FADECS) tiene su asentamiento en la ciudad de\u00a0<b>General Roca<\/b>, provincia de R\u00edo Negro. Esta facultad concentra m\u00e1s del 20 por ciento del alumnado de la UNC.<\/p>\n<p class=\"texto\">La ciudad de General Roca fue fundada por el Coronel Lorenzo Vintter el\u00a0<b>1 de septiembre de 1879<\/b>, una de las m\u00e1s antiguas de la regi\u00f3n.<\/p>\n<p class=\"texto\">Tiene actualmente una poblaci\u00f3n de aproximadamente\u00a0<b>85.000 habitantes<\/b>\u00a0y es la segunda en importancia en la provincia de R\u00edo Negro de acuerdo a su densidad demogr\u00e1fica.<\/p>\n<p class=\"texto\">Est\u00e1 inserta en el\u00a0<b>Alto Valle de R\u00edo Negro y Neuqu\u00e9<\/b>n, una zona motorizada por la\u00a0<b>producci\u00f3n frut\u00edcola<\/b>\u00a0(sobre todo de manzanas y peras) alrededor de la cual se han ido desarrollando a lo largo de un centenar de kil\u00f3metros 15 localidades que conforman una \u00abciudad lineal\u00bb de unos 500.000 habitantes. La mayor\u00eda de los alumnos de la Facultad de Derecho y Ciencias Sociales reside en el Alto Valle.<\/p>\n<p class=\"texto\">La ciudad de General Roca\u00a0<b>congrega los principales medios de comunicaci\u00f3n de la provincia y la Patagonia<\/b> (Diario R\u00edo Negro, Telecom, Canal 10, Centro de Producci\u00f3n de la Fundaci\u00f3n Cultural Patagonia, y m\u00e1s de cincuenta radios de frecuencia modulada); el rico desarrollo que ha tenido a lo largo de su historia le dio sustento a la creaci\u00f3n de la carrera de Comunicaci\u00f3n Social.<\/p>\n<p>Nuestra ciudad es un <strong>polo universitario<\/strong> en donde se asienta el campus de la Universidad Nacional del Comahue (con sus facultades de Derecho y Ciencias Sociales y de Lenguas). El que se completa con la Universidad Nacional de R\u00edo Negro (UNRN), y el Instituto Universitario Patag\u00f3nico de Artes (IUPA).<\/p>\n<p class=\"texto\">Tambi\u00e9n es\u00a0<b>sede de dependencias regionales de organismos provinciales y nacionales<\/b>\u00a0(Segunda Circunscripci\u00f3n Judicial de la provincia, Juzgados Federales, Departamento Provincial de Aguas, Estaci\u00f3n Experimental Inta Alto Valle, Regional Segunda de Polic\u00eda Provincial, Federaci\u00f3n de Empresarios Rionegrinos, etc.) y de varios\u00a0<b>sindicatos y organizaciones\u00a0<\/b>de \u00e1mbito provincial (Unter, UOCRA, trabajadores judiciales, bancarios, empleados de comercio, etc).<\/p>\n<p class=\"texto\">La regi\u00f3n tiene adem\u00e1s un importante potencial en la explotaci\u00f3n de hidrocarburos, descubierto recientemente.<\/p>\n<p class=\"texto\">General Roca se ubica a 1200 kil\u00f3metros de la ciudad de Buenos Aires, 505 kil\u00f3metros de Bah\u00eda Blanca, 480 kil\u00f3metros de la ciudad de San Carlos de Bariloche, 513 kil\u00f3metros de Viedma (capital de la provincia) y 50 kil\u00f3metros de Neuqu\u00e9n (capital de la provincia del mismo nombre y sede central de la Universidad Nacional del Comahue).<\/p>\n<p class=\"texto\">La altitud de oscila entre los 300 msnm del l\u00edmite norte de la ciudad de General Roca y los 227 msnm de su \u00e1ngulo sudeste contra la costa del r\u00edo.<\/p>\n<p style=\"text-align: center;\">\u00a0<iframe style=\"border: 0;\" src=\"https:\/\/www.google.com\/maps\/embed?pb=!1m14!1m8!1m3!1d24797.327062512417!2d-67.5617015!3d-39.0229346!3m2!1i1024!2i768!4f13.1!3m3!1m2!1s0x0%3A0x10a7ac07855a0879!2sFacultad%20de%20Derecho%20y%20Ciencias%20Sociales%20y%20Facultad%20de%20Lenguas%20-%20UNComa!5e0!3m2!1ses-419!2sar!4v1654858699723!5m2!1ses-419!2sar\" width=\"600\" height=\"450\" allowfullscreen=\"allowfullscreen\"><\/iframe><\/p>\n<p><a href=\"https:\/\/www.google.com.ar\/maps\/place\/Universidad+Nacional+del+Comahue+-+Facultad+de+Derecho+y+Ciencias+Sociales\/@-39.0229346,-67.5617015,14z\/data=!4m2!3m1!1s0x0:0x10a7ac07855a0879\" target=\"_blank\" rel=\"noopener\">Ubicaci\u00f3n<\/a><\/p>\n","protected":false},"excerpt":{"rendered":"<p>La\u00a0Universidad Nacional del Comahue\u00a0tiene facultades diseminadas en toda la regi\u00f3n de la\u00a0Patagonia Norte argentina, abarcando las provincias de R\u00edo Negro y Neuqu\u00e9n. La\u00a0Facultad de Derecho y Ciencias Sociales\u00a0(FADECS) tiene su asentamiento en la ciudad de\u00a0General Roca, provincia de R\u00edo Negro. Esta facultad concentra m\u00e1s del 20 por ciento del alumnado de la UNC. La ciudad [&hellip;]<\/p>\n","protected":false},"author":2,"featured_media":0,"parent":3137,"menu_order":0,"comment_status":"closed","ping_status":"closed","template":"","meta":{"footnotes":""},"class_list":["post-3196","page","type-page","status-publish","hentry"],"_links":{"self":[{"href":"https:\/\/fadeweb.uncoma.edu.ar\/index.php\/wp-json\/wp\/v2\/pages\/3196","targetHints":{"allow":["GET"]}}],"collection":[{"href":"https:\/\/fadeweb.uncoma.edu.ar\/index.php\/wp-json\/wp\/v2\/pages"}],"about":[{"href":"https:\/\/fadeweb.uncoma.edu.ar\/index.php\/wp-json\/wp\/v2\/types\/page"}],"author":[{"embeddable":true,"href":"https:\/\/fadeweb.uncoma.edu.ar\/index.php\/wp-json\/wp\/v2\/users\/2"}],"replies":[{"embeddable":true,"href":"https:\/\/fadeweb.uncoma.edu.ar\/index.php\/wp-json\/wp\/v2\/comments?post=3196"}],"version-history":[{"count":4,"href":"https:\/\/fadeweb.uncoma.edu.ar\/index.php\/wp-json\/wp\/v2\/pages\/3196\/revisions"}],"predecessor-version":[{"id":13530,"href":"https:\/\/fadeweb.uncoma.edu.ar\/index.php\/wp-json\/wp\/v2\/pages\/3196\/revisions\/13530"}],"up":[{"embeddable":true,"href":"https:\/\/fadeweb.uncoma.edu.ar\/index.php\/wp-json\/wp\/v2\/pages\/3137"}],"wp:attachment":[{"href":"https:\/\/fadeweb.uncoma.edu.ar\/index.php\/wp-json\/wp\/v2\/media?parent=3196"}],"curies":[{"name":"wp","href":"https:\/\/api.w.org\/{rel}","templated":true}]}}