{"id":27836,"date":"2026-04-07T13:04:33","date_gmt":"2026-04-07T16:04:33","guid":{"rendered":"https:\/\/fadeweb.uncoma.edu.ar\/?page_id=27836"},"modified":"2026-04-07T14:13:19","modified_gmt":"2026-04-07T17:13:19","slug":"elecciones-fadecs-2026","status":"publish","type":"page","link":"https:\/\/fadeweb.uncoma.edu.ar\/index.php\/autoridades\/consejo-directivo\/elecciones-fadecs-2026\/","title":{"rendered":"ELECCIONES UNCo 2026"},"content":{"rendered":"<h1>ELECCIONES UNCo 2026<\/h1>\n<hr \/>\n<h3>CALENDARIO ELECTORAL A\u00d1O 2026<\/h3>\n<table dir=\"ltr\" border=\"1\" cellspacing=\"0\" cellpadding=\"0\" data-sheets-root=\"1\" data-sheets-baot=\"1\" data-sheets-original-selection=\"A2:B23\" data-sheets-named-table-range=\"A2:B23\" data-sheets-named-table=\"{&quot;1&quot;:{&quot;1&quot;:{&quot;1&quot;:{&quot;4&quot;:{&quot;1&quot;:2,&quot;2&quot;:21661}},&quot;2&quot;:{&quot;4&quot;:{&quot;1&quot;:2,&quot;2&quot;:16777215}},&quot;3&quot;:1,&quot;4&quot;:{&quot;4&quot;:{&quot;1&quot;:2,&quot;2&quot;:13624051}},&quot;5&quot;:1}},&quot;2&quot;:&quot;Tabla_1&quot;,&quot;3&quot;:[{&quot;1&quot;:0,&quot;2&quot;:1,&quot;3&quot;:{&quot;2&quot;:2},&quot;4&quot;:2}],&quot;5&quot;:{&quot;1&quot;:62,&quot;3&quot;:1,&quot;4&quot;:1,&quot;5&quot;:0,&quot;6&quot;:0,&quot;7&quot;:0}}\">\n<colgroup>\n<col width=\"340\" \/>\n<col width=\"366\" \/><\/colgroup>\n<tbody>\n<tr>\n<td><span style=\"color: #ff6600;\"><strong>Actividad<\/strong><\/span><\/td>\n<td><strong><span style=\"color: #3366ff;\">Fecha<\/span><\/strong><\/td>\n<\/tr>\n<tr>\n<td>Cierre de padrones<\/td>\n<td>31 de marzo de 2026<\/td>\n<\/tr>\n<tr>\n<td>Presentaci\u00f3n Padrones ante la Junta Electoral<\/td>\n<td>06 de abril de 2026<\/td>\n<\/tr>\n<tr>\n<td>Exhibici\u00f3n de padrones (en las unidades acad\u00e9micas, 5 d\u00edas h\u00e1biles)<\/td>\n<td>06 al 13 de abril de 2026<\/td>\n<\/tr>\n<tr>\n<td>Impugnaci\u00f3n de padrones<\/td>\n<td>14 al 17 de abril de 2026<br \/>\n(hasta 16 hs., 4 d\u00edas h\u00e1biles)<\/td>\n<\/tr>\n<tr>\n<td>Oficializaci\u00f3n de padrones<\/td>\n<td>22 de abril de 2026<\/td>\n<\/tr>\n<tr>\n<td>Presentaci\u00f3n de f\u00f3rmulas y listas de candidatos\/as<\/td>\n<td>24 de abril de 2026 (hasta 16 hs.)<\/td>\n<\/tr>\n<tr>\n<td>Exhibici\u00f3n de f\u00f3rmulas y listas de candidatos\/as (4 d\u00edas h\u00e1biles)<\/td>\n<td>27 al 30 de abril de 2026<\/td>\n<\/tr>\n<tr>\n<td>Impugnaci\u00f3n de f\u00f3rmulas y listas de candidatos\/as<\/td>\n<td>04 y 05 de mayo de 2026 (hasta 16 hs., 2 d\u00edas h\u00e1biles)<\/td>\n<\/tr>\n<tr>\n<td>Oficializaci\u00f3n de f\u00f3rmulas y listas de candidatos\/as<\/td>\n<td>11 de mayo de 2026<\/td>\n<\/tr>\n<tr>\n<td>Acto electoral (unidades con sistema semipresencial)<\/td>\n<td>23 de mayo de 2026<br \/>\nde 10 a 17 hs.<\/td>\n<\/tr>\n<tr>\n<td>Acto Electoral<\/td>\n<td>26 y 27 de mayo de 2026<br \/>\n(de 10 a 20 hs.)<\/td>\n<\/tr>\n<tr>\n<td>Escrutinio provisorio (todas las unidades acad\u00e9micas)<\/td>\n<td>27 de mayo de 2026<br \/>\na partir de las 20 hs<\/td>\n<\/tr>\n<tr>\n<td>Escrutinio definitivo<\/td>\n<td>01 de junio de 2026<br \/>\n(a partir de las 10 hs.)<\/td>\n<\/tr>\n<tr>\n<td>Proclamaci\u00f3n (Rector\/a-Vicerrector\/a, Decano\/a-Vicedecano\/a, consejeros\/as directivos y superiores)<\/td>\n<td>10 de junio de 2026<br \/>\na partir de las 13 hs<\/td>\n<\/tr>\n<tr>\n<td>Asunci\u00f3n de consejeros\/as directivos y superiores<\/td>\n<td>12 de junio de 2026<\/td>\n<\/tr>\n<tr>\n<td>Asunci\u00f3n de Rector\/a-Vicerrector\/a<\/td>\n<td>12 de junio de 2026<\/td>\n<\/tr>\n<tr>\n<td>Acto electoral (si no hay mayor\u00eda absoluta, de 10 a 20 hs.)<\/td>\n<td>16 y 17 de junio de 2026<\/td>\n<\/tr>\n<tr>\n<td>Escrutinio provisorio (todas las unidades y claustros, a partir de las 20 hs.)<\/td>\n<td>17 de junio de 2026<\/td>\n<\/tr>\n<tr>\n<td>Escrutinio definitivo (a partir de las 9 hs.)<\/td>\n<td>22 de junio de 2026<\/td>\n<\/tr>\n<tr>\n<td>Proclamaci\u00f3n (Rector\/a-Vicerrector\/a, Decano\/a-Vicedecano\/a, a partir de las 13 hs.)<\/td>\n<td>24 de junio de 2026<\/td>\n<\/tr>\n<tr>\n<td>Asunci\u00f3n de Rector\/a-Vicerrector\/a<\/td>\n<td>25 de junio de 2026<\/td>\n<\/tr>\n<\/tbody>\n<\/table>\n<hr \/>\n<p><a href=\"https:\/\/fadeweb.uncoma.edu.ar\/wp-content\/uploads\/2026\/04\/NUEVO-REGLAMENTO-ELECCIONES-ord_1097_2025_55.pdf\">NUEVO REGLAMENTO ELECCIONES ord_1097_2025_55<\/a><\/p>\n<hr \/>\n<p>&nbsp;<\/p>\n<p><img fetchpriority=\"high\" decoding=\"async\" class=\"alignnone wp-image-27844\" src=\"https:\/\/fadeweb.uncoma.edu.ar\/wp-content\/uploads\/2026\/04\/PADRONES-provisorios-2026-819x1024.jpg\" alt=\"padrones provisorios de la Facultad de Derecho y Ciencias Sociales\" width=\"239\" height=\"299\" srcset=\"https:\/\/fadeweb.uncoma.edu.ar\/wp-content\/uploads\/2026\/04\/PADRONES-provisorios-2026-819x1024.jpg 819w, https:\/\/fadeweb.uncoma.edu.ar\/wp-content\/uploads\/2026\/04\/PADRONES-provisorios-2026-240x300.jpg 240w, https:\/\/fadeweb.uncoma.edu.ar\/wp-content\/uploads\/2026\/04\/PADRONES-provisorios-2026-768x960.jpg 768w, https:\/\/fadeweb.uncoma.edu.ar\/wp-content\/uploads\/2026\/04\/PADRONES-provisorios-2026-1229x1536.jpg 1229w, https:\/\/fadeweb.uncoma.edu.ar\/wp-content\/uploads\/2026\/04\/PADRONES-provisorios-2026-1638x2048.jpg 1638w, https:\/\/fadeweb.uncoma.edu.ar\/wp-content\/uploads\/2026\/04\/PADRONES-provisorios-2026.jpg 2000w\" sizes=\"(max-width: 239px) 100vw, 239px\" \/><\/p>\n<h3>PADRONES PROVISORIOS DE LA FADECS<\/h3>\n<p>El Consejo Directivo de la FADECS-UNCo informa los padrones provisorios de nuestra unidad acad\u00e9mica (<a href=\"https:\/\/fadeweb.uncoma.edu.ar\/wp-content\/uploads\/2026\/04\/Calendario-Electoral-Ord_1119_2026_dig.pdf\">Ordenanza Rectoral N\u00ba1119\/2026<\/a>).<br \/>\nLa impugnaci\u00f3n de padrones se podr\u00e1 realizar del 14 al 17 de abril de 2026, hasta las 16 (4 d\u00edas h\u00e1biles). Deber\u00e1 formularse por escrito ante la Junta Electoral ( art. 25, ordenanza 1097\/25). La oficializaci\u00f3n de padrones ser\u00e1 el 22 de abril de 2026.<\/p>\n<p><a href=\"https:\/\/fadeweb.uncoma.edu.ar\/wp-content\/uploads\/2026\/04\/DOCENTES-FADE-GRO-2026.pdf\">DOCENTES-FADE GRO 2026<\/a><\/p>\n<p><a href=\"https:\/\/fadeweb.uncoma.edu.ar\/wp-content\/uploads\/2026\/04\/DOCENTES-FADE-NQN-2026.pdf\">DOCENTES-FADE NQN 2026<\/a><\/p>\n<p><a href=\"https:\/\/fadeweb.uncoma.edu.ar\/wp-content\/uploads\/2026\/04\/ESTUDIANTES-FADE-NQN-2026.pdf\">ESTUDIANTES-FADE NQN 2026<\/a><\/p>\n<p><a href=\"https:\/\/fadeweb.uncoma.edu.ar\/wp-content\/uploads\/2026\/04\/ESTUDIANTES-FADE-ROCA-2026-1.pdf\">ESTUDIANTES-FADE ROCA 2026 (1)<\/a><\/p>\n<p><a href=\"https:\/\/fadeweb.uncoma.edu.ar\/wp-content\/uploads\/2026\/04\/GRADUADOS-NQN-FADE-2026.pdf\">GRADUADOS NQN-FADE 2026<\/a><\/p>\n<p><a href=\"https:\/\/fadeweb.uncoma.edu.ar\/wp-content\/uploads\/2026\/04\/GRADUADOS-ROCA-FADE-2026.pdf\">GRADUADOS ROCA-FADE 2026<\/a><\/p>\n<p><a href=\"https:\/\/fadeweb.uncoma.edu.ar\/wp-content\/uploads\/2026\/04\/NO-DOCENTE-FADE-2026.pdf\">NO DOCENTE FADE 2026<\/a><\/p>\n","protected":false},"excerpt":{"rendered":"<p>ELECCIONES UNCo 2026 CALENDARIO ELECTORAL A\u00d1O 2026 Actividad Fecha Cierre de padrones 31 de marzo de 2026 Presentaci\u00f3n Padrones ante la Junta Electoral 06 de abril de 2026 Exhibici\u00f3n de padrones (en las unidades acad\u00e9micas, 5 d\u00edas h\u00e1biles) 06 al 13 de abril de 2026 Impugnaci\u00f3n de padrones 14 al 17 de abril de 2026 [&hellip;]<\/p>\n","protected":false},"author":4,"featured_media":0,"parent":3954,"menu_order":0,"comment_status":"closed","ping_status":"closed","template":"","meta":{"footnotes":""},"class_list":["post-27836","page","type-page","status-publish","hentry"],"_links":{"self":[{"href":"https:\/\/fadeweb.uncoma.edu.ar\/index.php\/wp-json\/wp\/v2\/pages\/27836","targetHints":{"allow":["GET"]}}],"collection":[{"href":"https:\/\/fadeweb.uncoma.edu.ar\/index.php\/wp-json\/wp\/v2\/pages"}],"about":[{"href":"https:\/\/fadeweb.uncoma.edu.ar\/index.php\/wp-json\/wp\/v2\/types\/page"}],"author":[{"embeddable":true,"href":"https:\/\/fadeweb.uncoma.edu.ar\/index.php\/wp-json\/wp\/v2\/users\/4"}],"replies":[{"embeddable":true,"href":"https:\/\/fadeweb.uncoma.edu.ar\/index.php\/wp-json\/wp\/v2\/comments?post=27836"}],"version-history":[{"count":9,"href":"https:\/\/fadeweb.uncoma.edu.ar\/index.php\/wp-json\/wp\/v2\/pages\/27836\/revisions"}],"predecessor-version":[{"id":27855,"href":"https:\/\/fadeweb.uncoma.edu.ar\/index.php\/wp-json\/wp\/v2\/pages\/27836\/revisions\/27855"}],"up":[{"embeddable":true,"href":"https:\/\/fadeweb.uncoma.edu.ar\/index.php\/wp-json\/wp\/v2\/pages\/3954"}],"wp:attachment":[{"href":"https:\/\/fadeweb.uncoma.edu.ar\/index.php\/wp-json\/wp\/v2\/media?parent=27836"}],"curies":[{"name":"wp","href":"https:\/\/api.w.org\/{rel}","templated":true}]}}