{"id":25721,"date":"2025-06-26T12:19:38","date_gmt":"2025-06-26T15:19:38","guid":{"rendered":"https:\/\/fadeweb.uncoma.edu.ar\/?page_id=25721"},"modified":"2025-06-26T12:30:24","modified_gmt":"2025-06-26T15:30:24","slug":"cambio-de-roles","status":"publish","type":"page","link":"https:\/\/fadeweb.uncoma.edu.ar\/index.php\/cambio-de-roles\/","title":{"rendered":"CAMBIO DE ROLES"},"content":{"rendered":"\t\t<div data-elementor-type=\"wp-page\" data-elementor-id=\"25721\" class=\"elementor elementor-25721\" data-elementor-post-type=\"page\">\n\t\t\t\t\t\t<section class=\"elementor-section elementor-top-section elementor-element elementor-element-8daca3b elementor-section-boxed elementor-section-height-default elementor-section-height-default\" data-id=\"8daca3b\" data-element_type=\"section\" data-e-type=\"section\">\n\t\t\t\t\t\t<div class=\"elementor-container elementor-column-gap-default\">\n\t\t\t\t\t<div class=\"elementor-column elementor-col-100 elementor-top-column elementor-element elementor-element-bda2aa7\" data-id=\"bda2aa7\" data-element_type=\"column\" data-e-type=\"column\">\n\t\t\t<div class=\"elementor-widget-wrap elementor-element-populated\">\n\t\t\t\t\t\t<section class=\"elementor-section elementor-inner-section elementor-element elementor-element-0070981 elementor-section-boxed elementor-section-height-default elementor-section-height-default\" data-id=\"0070981\" data-element_type=\"section\" data-e-type=\"section\">\n\t\t\t\t\t\t<div class=\"elementor-container elementor-column-gap-default\">\n\t\t\t\t\t<div class=\"elementor-column elementor-col-50 elementor-inner-column elementor-element elementor-element-7e8d0d8\" data-id=\"7e8d0d8\" data-element_type=\"column\" data-e-type=\"column\">\n\t\t\t<div class=\"elementor-widget-wrap elementor-element-populated\">\n\t\t\t\t\t\t<div class=\"elementor-element elementor-element-4a48273 elementor-widget elementor-widget-heading\" data-id=\"4a48273\" data-element_type=\"widget\" data-e-type=\"widget\" data-widget_type=\"heading.default\">\n\t\t\t\t<div class=\"elementor-widget-container\">\n\t\t\t\t\t<h2 class=\"elementor-heading-title elementor-size-default\">CAMBIO DE ROLES 2025 - BLOQUE COMAHUE<\/h2>\t\t\t\t<\/div>\n\t\t\t\t<\/div>\n\t\t\t\t\t<\/div>\n\t\t<\/div>\n\t\t\t\t<div class=\"elementor-column elementor-col-50 elementor-inner-column elementor-element elementor-element-60fef6a\" data-id=\"60fef6a\" data-element_type=\"column\" data-e-type=\"column\">\n\t\t\t<div class=\"elementor-widget-wrap\">\n\t\t\t\t\t\t\t<\/div>\n\t\t<\/div>\n\t\t\t\t\t<\/div>\n\t\t<\/section>\n\t\t\t\t<div class=\"elementor-element elementor-element-2502f47 elementor-grid-3 elementor-grid-tablet-2 elementor-grid-mobile-1 elementor-posts--thumbnail-top elementor-widget elementor-widget-posts\" data-id=\"2502f47\" data-element_type=\"widget\" data-e-type=\"widget\" data-settings=\"{&quot;classic_columns&quot;:&quot;3&quot;,&quot;classic_columns_tablet&quot;:&quot;2&quot;,&quot;classic_columns_mobile&quot;:&quot;1&quot;,&quot;classic_row_gap&quot;:{&quot;unit&quot;:&quot;px&quot;,&quot;size&quot;:35,&quot;sizes&quot;:[]},&quot;classic_row_gap_tablet&quot;:{&quot;unit&quot;:&quot;px&quot;,&quot;size&quot;:&quot;&quot;,&quot;sizes&quot;:[]},&quot;classic_row_gap_mobile&quot;:{&quot;unit&quot;:&quot;px&quot;,&quot;size&quot;:&quot;&quot;,&quot;sizes&quot;:[]}}\" data-widget_type=\"posts.classic\">\n\t\t\t\t<div class=\"elementor-widget-container\">\n\t\t\t\t\t\t\t<div class=\"elementor-posts-container elementor-posts elementor-posts--skin-classic elementor-grid\" role=\"list\">\r\n\t\t\t\t<article class=\"elementor-post elementor-grid-item post-25788 post type-post status-publish format-standard has-post-thumbnail hentry category-cambio-de-roles category-notifadecs\" role=\"listitem\">\r\n\t\t\t\t<a class=\"elementor-post__thumbnail__link\" href=\"https:\/\/fadeweb.uncoma.edu.ar\/index.php\/2025\/07\/02\/exitoso-desempeno-del-bloque-comahue-en-el-programa-cambio-de-roles-2025\/\" tabindex=\"-1\" >\r\n\t\t\t<div class=\"elementor-post__thumbnail\"><img fetchpriority=\"high\" decoding=\"async\" width=\"300\" height=\"225\" src=\"https:\/\/fadeweb.uncoma.edu.ar\/wp-content\/uploads\/2025\/07\/4H-300x225.jpg\" class=\"attachment-medium size-medium wp-image-25789\" alt=\"EXITOSO DESEMPE\u00d1O DEL BLOQUE COMAHUE EN EL PROGRAMA \u201cCAMBIO DE ROLES\u201d 2025\" srcset=\"https:\/\/fadeweb.uncoma.edu.ar\/wp-content\/uploads\/2025\/07\/4H-300x225.jpg 300w, https:\/\/fadeweb.uncoma.edu.ar\/wp-content\/uploads\/2025\/07\/4H-1024x768.jpg 1024w, https:\/\/fadeweb.uncoma.edu.ar\/wp-content\/uploads\/2025\/07\/4H-768x576.jpg 768w, https:\/\/fadeweb.uncoma.edu.ar\/wp-content\/uploads\/2025\/07\/4H.jpg 1080w\" sizes=\"(max-width: 300px) 100vw, 300px\" \/><\/div>\r\n\t\t<\/a>\r\n\t\t\t\t<div class=\"elementor-post__text\">\r\n\t\t\t\t<h3 class=\"elementor-post__title\">\r\n\t\t\t<a href=\"https:\/\/fadeweb.uncoma.edu.ar\/index.php\/2025\/07\/02\/exitoso-desempeno-del-bloque-comahue-en-el-programa-cambio-de-roles-2025\/\" >\r\n\t\t\t\tEXITOSO DESEMPE\u00d1O DEL BLOQUE COMAHUE EN EL PROGRAMA \u201cCAMBIO DE ROLES\u201d 2025\t\t\t<\/a>\r\n\t\t<\/h3>\r\n\t\t\t\t<div class=\"elementor-post__meta-data\">\r\n\t\t\t\t\t<span class=\"elementor-post-date\">\r\n\t\t\t2 julio, 2025\t\t<\/span>\r\n\t\t\t\t<span class=\"elementor-post-avatar\">\r\n\t\t\tNo hay comentarios\t\t<\/span>\r\n\t\t\t\t<\/div>\r\n\t\t\r\n\t\t<a class=\"elementor-post__read-more\" href=\"https:\/\/fadeweb.uncoma.edu.ar\/index.php\/2025\/07\/02\/exitoso-desempeno-del-bloque-comahue-en-el-programa-cambio-de-roles-2025\/\" aria-label=\"Read more about EXITOSO DESEMPE\u00d1O DEL BLOQUE COMAHUE EN EL PROGRAMA \u201cCAMBIO DE ROLES\u201d 2025\" tabindex=\"-1\" >\r\n\t\t\tRead More \u00bb\t\t<\/a>\r\n\r\n\t\t\t\t<\/div>\r\n\t\t\t\t<\/article>\r\n\t\t\t\t<article class=\"elementor-post elementor-grid-item post-25761 post type-post status-publish format-standard has-post-thumbnail hentry category-cambio-de-roles\" role=\"listitem\">\r\n\t\t\t\t<a class=\"elementor-post__thumbnail__link\" href=\"https:\/\/fadeweb.uncoma.edu.ar\/index.php\/2025\/06\/27\/se-desarrolla-la-segunda-jornada-del-programa-cambio-de-roles-en-el-parlamento-nacional\/\" tabindex=\"-1\" >\r\n\t\t\t<div class=\"elementor-post__thumbnail\"><img decoding=\"async\" width=\"300\" height=\"198\" src=\"https:\/\/fadeweb.uncoma.edu.ar\/wp-content\/uploads\/2025\/06\/7-copia-300x198.jpg\" class=\"attachment-medium size-medium wp-image-25762\" alt=\"\" srcset=\"https:\/\/fadeweb.uncoma.edu.ar\/wp-content\/uploads\/2025\/06\/7-copia-300x198.jpg 300w, https:\/\/fadeweb.uncoma.edu.ar\/wp-content\/uploads\/2025\/06\/7-copia-1024x677.jpg 1024w, https:\/\/fadeweb.uncoma.edu.ar\/wp-content\/uploads\/2025\/06\/7-copia-768x508.jpg 768w, https:\/\/fadeweb.uncoma.edu.ar\/wp-content\/uploads\/2025\/06\/7-copia.jpg 1080w\" sizes=\"(max-width: 300px) 100vw, 300px\" \/><\/div>\r\n\t\t<\/a>\r\n\t\t\t\t<div class=\"elementor-post__text\">\r\n\t\t\t\t<h3 class=\"elementor-post__title\">\r\n\t\t\t<a href=\"https:\/\/fadeweb.uncoma.edu.ar\/index.php\/2025\/06\/27\/se-desarrolla-la-segunda-jornada-del-programa-cambio-de-roles-en-el-parlamento-nacional\/\" >\r\n\t\t\t\tSE DESARROLLA LA SEGUNDA JORNADA DEL PROGRAMA \u201cCAMBIO DE ROLES\u201d EN EL PARLAMENTO NACIONAL\t\t\t<\/a>\r\n\t\t<\/h3>\r\n\t\t\t\t<div class=\"elementor-post__meta-data\">\r\n\t\t\t\t\t<span class=\"elementor-post-date\">\r\n\t\t\t27 junio, 2025\t\t<\/span>\r\n\t\t\t\t<span class=\"elementor-post-avatar\">\r\n\t\t\tNo hay comentarios\t\t<\/span>\r\n\t\t\t\t<\/div>\r\n\t\t\r\n\t\t<a class=\"elementor-post__read-more\" href=\"https:\/\/fadeweb.uncoma.edu.ar\/index.php\/2025\/06\/27\/se-desarrolla-la-segunda-jornada-del-programa-cambio-de-roles-en-el-parlamento-nacional\/\" aria-label=\"Read more about SE DESARROLLA LA SEGUNDA JORNADA DEL PROGRAMA \u201cCAMBIO DE ROLES\u201d EN EL PARLAMENTO NACIONAL\" tabindex=\"-1\" >\r\n\t\t\tRead More \u00bb\t\t<\/a>\r\n\r\n\t\t\t\t<\/div>\r\n\t\t\t\t<\/article>\r\n\t\t\t\t<article class=\"elementor-post elementor-grid-item post-25745 post type-post status-publish format-standard has-post-thumbnail hentry category-cambio-de-roles\" role=\"listitem\">\r\n\t\t\t\t<a class=\"elementor-post__thumbnail__link\" href=\"https:\/\/fadeweb.uncoma.edu.ar\/index.php\/2025\/06\/26\/panorama-de-la-primera-jornada-del-bloque-comahue-en-el-programa-cambio-de-roles\/\" tabindex=\"-1\" >\r\n\t\t\t<div class=\"elementor-post__thumbnail\"><img decoding=\"async\" width=\"300\" height=\"200\" src=\"https:\/\/fadeweb.uncoma.edu.ar\/wp-content\/uploads\/2025\/06\/2-300x200.jpeg\" class=\"attachment-medium size-medium wp-image-25746\" alt=\"PANORAMA DE LA PRIMERA JORNADA DEL BLOQUE COMAHUE EN EL PROGRAMA \u201cCAMBIO DE ROLES\u201d\" srcset=\"https:\/\/fadeweb.uncoma.edu.ar\/wp-content\/uploads\/2025\/06\/2-300x200.jpeg 300w, https:\/\/fadeweb.uncoma.edu.ar\/wp-content\/uploads\/2025\/06\/2-1024x682.jpeg 1024w, https:\/\/fadeweb.uncoma.edu.ar\/wp-content\/uploads\/2025\/06\/2-768x512.jpeg 768w, https:\/\/fadeweb.uncoma.edu.ar\/wp-content\/uploads\/2025\/06\/2-1536x1023.jpeg 1536w, https:\/\/fadeweb.uncoma.edu.ar\/wp-content\/uploads\/2025\/06\/2.jpeg 1600w\" sizes=\"(max-width: 300px) 100vw, 300px\" \/><\/div>\r\n\t\t<\/a>\r\n\t\t\t\t<div class=\"elementor-post__text\">\r\n\t\t\t\t<h3 class=\"elementor-post__title\">\r\n\t\t\t<a href=\"https:\/\/fadeweb.uncoma.edu.ar\/index.php\/2025\/06\/26\/panorama-de-la-primera-jornada-del-bloque-comahue-en-el-programa-cambio-de-roles\/\" >\r\n\t\t\t\tPANORAMA DE LA PRIMERA JORNADA DEL BLOQUE COMAHUE EN EL PROGRAMA \u201cCAMBIO DE ROLES\u201d\t\t\t<\/a>\r\n\t\t<\/h3>\r\n\t\t\t\t<div class=\"elementor-post__meta-data\">\r\n\t\t\t\t\t<span class=\"elementor-post-date\">\r\n\t\t\t26 junio, 2025\t\t<\/span>\r\n\t\t\t\t<span class=\"elementor-post-avatar\">\r\n\t\t\tNo hay comentarios\t\t<\/span>\r\n\t\t\t\t<\/div>\r\n\t\t\r\n\t\t<a class=\"elementor-post__read-more\" href=\"https:\/\/fadeweb.uncoma.edu.ar\/index.php\/2025\/06\/26\/panorama-de-la-primera-jornada-del-bloque-comahue-en-el-programa-cambio-de-roles\/\" aria-label=\"Read more about PANORAMA DE LA PRIMERA JORNADA DEL BLOQUE COMAHUE EN EL PROGRAMA \u201cCAMBIO DE ROLES\u201d\" tabindex=\"-1\" >\r\n\t\t\tRead More \u00bb\t\t<\/a>\r\n\r\n\t\t\t\t<\/div>\r\n\t\t\t\t<\/article>\r\n\t\t\t\t<article class=\"elementor-post elementor-grid-item post-25723 post type-post status-publish format-standard has-post-thumbnail hentry category-cambio-de-roles category-notifadecs\" role=\"listitem\">\r\n\t\t\t\t<a class=\"elementor-post__thumbnail__link\" href=\"https:\/\/fadeweb.uncoma.edu.ar\/index.php\/2025\/06\/26\/25723\/\" tabindex=\"-1\" >\r\n\t\t\t<div class=\"elementor-post__thumbnail\"><img loading=\"lazy\" decoding=\"async\" width=\"300\" height=\"199\" src=\"https:\/\/fadeweb.uncoma.edu.ar\/wp-content\/uploads\/2025\/06\/1-300x199.jpg\" class=\"attachment-medium size-medium wp-image-25724\" alt=\"EL BLOQUE COMAHUE PARTICIPA EN EL CONGRESO DE LA NACI\u00d3N DE LA D\u00c9CIMA EDICI\u00d3N DEL PROGRAMA \u201cCAMBIO DE ROLES\u201d\" srcset=\"https:\/\/fadeweb.uncoma.edu.ar\/wp-content\/uploads\/2025\/06\/1-300x199.jpg 300w, https:\/\/fadeweb.uncoma.edu.ar\/wp-content\/uploads\/2025\/06\/1.jpg 600w\" sizes=\"(max-width: 300px) 100vw, 300px\" \/><\/div>\r\n\t\t<\/a>\r\n\t\t\t\t<div class=\"elementor-post__text\">\r\n\t\t\t\t<h3 class=\"elementor-post__title\">\r\n\t\t\t<a href=\"https:\/\/fadeweb.uncoma.edu.ar\/index.php\/2025\/06\/26\/25723\/\" >\r\n\t\t\t\tEL BLOQUE COMAHUE PARTICIPA EN EL CONGRESO DE LA NACI\u00d3N DE LA D\u00c9CIMA EDICI\u00d3N DEL PROGRAMA \u201cCAMBIO DE ROLES\u201d\t\t\t<\/a>\r\n\t\t<\/h3>\r\n\t\t\t\t<div class=\"elementor-post__meta-data\">\r\n\t\t\t\t\t<span class=\"elementor-post-date\">\r\n\t\t\t26 junio, 2025\t\t<\/span>\r\n\t\t\t\t<span class=\"elementor-post-avatar\">\r\n\t\t\tNo hay comentarios\t\t<\/span>\r\n\t\t\t\t<\/div>\r\n\t\t\r\n\t\t<a class=\"elementor-post__read-more\" href=\"https:\/\/fadeweb.uncoma.edu.ar\/index.php\/2025\/06\/26\/25723\/\" aria-label=\"Read more about EL BLOQUE COMAHUE PARTICIPA EN EL CONGRESO DE LA NACI\u00d3N DE LA D\u00c9CIMA EDICI\u00d3N DEL PROGRAMA \u201cCAMBIO DE ROLES\u201d\" tabindex=\"-1\" >\r\n\t\t\tRead More \u00bb\t\t<\/a>\r\n\r\n\t\t\t\t<\/div>\r\n\t\t\t\t<\/article>\r\n\t\t\t\t<\/div>\r\n\t\t\r\n\t\t\t\t\t\t<\/div>\n\t\t\t\t<\/div>\n\t\t\t\t\t<\/div>\n\t\t<\/div>\n\t\t\t\t\t<\/div>\n\t\t<\/section>\n\t\t\t\t<\/div>\n\t\t","protected":false},"excerpt":{"rendered":"<p>CAMBIO DE ROLES 2025 &#8211; BLOQUE COMAHUE<\/p>\n","protected":false},"author":4,"featured_media":0,"parent":0,"menu_order":0,"comment_status":"closed","ping_status":"closed","template":"","meta":{"footnotes":""},"class_list":["post-25721","page","type-page","status-publish","hentry"],"_links":{"self":[{"href":"https:\/\/fadeweb.uncoma.edu.ar\/index.php\/wp-json\/wp\/v2\/pages\/25721","targetHints":{"allow":["GET"]}}],"collection":[{"href":"https:\/\/fadeweb.uncoma.edu.ar\/index.php\/wp-json\/wp\/v2\/pages"}],"about":[{"href":"https:\/\/fadeweb.uncoma.edu.ar\/index.php\/wp-json\/wp\/v2\/types\/page"}],"author":[{"embeddable":true,"href":"https:\/\/fadeweb.uncoma.edu.ar\/index.php\/wp-json\/wp\/v2\/users\/4"}],"replies":[{"embeddable":true,"href":"https:\/\/fadeweb.uncoma.edu.ar\/index.php\/wp-json\/wp\/v2\/comments?post=25721"}],"version-history":[{"count":8,"href":"https:\/\/fadeweb.uncoma.edu.ar\/index.php\/wp-json\/wp\/v2\/pages\/25721\/revisions"}],"predecessor-version":[{"id":25741,"href":"https:\/\/fadeweb.uncoma.edu.ar\/index.php\/wp-json\/wp\/v2\/pages\/25721\/revisions\/25741"}],"wp:attachment":[{"href":"https:\/\/fadeweb.uncoma.edu.ar\/index.php\/wp-json\/wp\/v2\/media?parent=25721"}],"curies":[{"name":"wp","href":"https:\/\/api.w.org\/{rel}","templated":true}]}}