{"id":25459,"date":"2025-06-03T12:53:42","date_gmt":"2025-06-03T15:53:42","guid":{"rendered":"https:\/\/fadeweb.uncoma.edu.ar\/?page_id=25459"},"modified":"2025-06-03T12:54:38","modified_gmt":"2025-06-03T15:54:38","slug":"listado-de-regularizacion-de-cargos-conexos","status":"publish","type":"page","link":"https:\/\/fadeweb.uncoma.edu.ar\/index.php\/autoridades\/secretaria-academica\/listado-de-regularizacion-de-cargos-conexos\/","title":{"rendered":"LISTADO DE REGULARIZACI\u00d3N DE CARGOS CONEXOS"},"content":{"rendered":"<h2>LISTADO DE REGULARIZACI\u00d3N DE CARGOS CONEXOS<\/h2>\n<p>Listado de los <strong>cargos conexos<\/strong> a regularizar, conforme a lo avalado por la Disposici\u00f3n N\u00b0 011\/2025-SA-UNCo y en cumplimiento de lo establecido en la cl\u00e1usula segunda del Acta del 29 de septiembre de 2021, as\u00ed como en el Acta Complementaria del 14 de abril de 2025. Dicho proceso se lleva a cabo seg\u00fan los plazos y procedimientos definidos por la Comisi\u00f3n Negociadora del Nivel Particular<\/p>\n<p>En ese sentido, de acuerdo a lo establecido en el acta paritaria, los listados ser\u00e1n publicados por cinco (5) d\u00edas h\u00e1biles (hasta el 06\/06\/2025). Los reclamos e impugnaciones se recibir\u00e1n hasta el 11 de junio de 2025. Por otro lado, hasta el 27\/06\/2025 se fija como fecha l\u00edmite para resolver los reclamos en las unidades acad\u00e9micas. Aquellos que se resuelven negativamente en la Unidad Acad\u00e9mica deber\u00e1n ser elevados a la CNNP.<\/p>\n<p><a href=\"https:\/\/fadeweb.uncoma.edu.ar\/wp-content\/uploads\/2025\/06\/Acta-Paritaria-Cargos-Conexos-14-04-2025-1.pdf\">Acta Paritaria Cargos Conexos 14-04-2025 (1)<\/a><\/p>\n<p><a href=\"https:\/\/fadeweb.uncoma.edu.ar\/wp-content\/uploads\/2025\/06\/Disposicion-011-2025_Cargos_Conexos.pdf\">Disposici\u00f3n 011-2025_Cargos_Conexos<\/a><\/p>\n<p><a href=\"https:\/\/fadeweb.uncoma.edu.ar\/wp-content\/uploads\/2025\/06\/Listado-docente-FADE-Cargos-Conexos-2025.pdf\">Listado docente FADE &#8211; Cargos Conexos 2025<\/a><\/p>\n<p><a href=\"https:\/\/fadeweb.uncoma.edu.ar\/wp-content\/uploads\/2025\/06\/resol_350_2021_52.pdf\">resol_350_2021_52<\/a><\/p>\n","protected":false},"excerpt":{"rendered":"<p>LISTADO DE REGULARIZACI\u00d3N DE CARGOS CONEXOS Listado de los cargos conexos a regularizar, conforme a lo avalado por la Disposici\u00f3n N\u00b0 011\/2025-SA-UNCo y en cumplimiento de lo establecido en la cl\u00e1usula segunda del Acta del 29 de septiembre de 2021, as\u00ed como en el Acta Complementaria del 14 de abril de 2025. Dicho proceso se [&hellip;]<\/p>\n","protected":false},"author":4,"featured_media":0,"parent":3920,"menu_order":0,"comment_status":"closed","ping_status":"closed","template":"","meta":{"footnotes":""},"class_list":["post-25459","page","type-page","status-publish","hentry"],"_links":{"self":[{"href":"https:\/\/fadeweb.uncoma.edu.ar\/index.php\/wp-json\/wp\/v2\/pages\/25459","targetHints":{"allow":["GET"]}}],"collection":[{"href":"https:\/\/fadeweb.uncoma.edu.ar\/index.php\/wp-json\/wp\/v2\/pages"}],"about":[{"href":"https:\/\/fadeweb.uncoma.edu.ar\/index.php\/wp-json\/wp\/v2\/types\/page"}],"author":[{"embeddable":true,"href":"https:\/\/fadeweb.uncoma.edu.ar\/index.php\/wp-json\/wp\/v2\/users\/4"}],"replies":[{"embeddable":true,"href":"https:\/\/fadeweb.uncoma.edu.ar\/index.php\/wp-json\/wp\/v2\/comments?post=25459"}],"version-history":[{"count":1,"href":"https:\/\/fadeweb.uncoma.edu.ar\/index.php\/wp-json\/wp\/v2\/pages\/25459\/revisions"}],"predecessor-version":[{"id":25464,"href":"https:\/\/fadeweb.uncoma.edu.ar\/index.php\/wp-json\/wp\/v2\/pages\/25459\/revisions\/25464"}],"up":[{"embeddable":true,"href":"https:\/\/fadeweb.uncoma.edu.ar\/index.php\/wp-json\/wp\/v2\/pages\/3920"}],"wp:attachment":[{"href":"https:\/\/fadeweb.uncoma.edu.ar\/index.php\/wp-json\/wp\/v2\/media?parent=25459"}],"curies":[{"name":"wp","href":"https:\/\/api.w.org\/{rel}","templated":true}]}}