{"id":23645,"date":"2025-03-07T12:40:35","date_gmt":"2025-03-07T15:40:35","guid":{"rendered":"https:\/\/fadeweb.uncoma.edu.ar\/?page_id=23645"},"modified":"2025-03-07T13:14:47","modified_gmt":"2025-03-07T16:14:47","slug":"acciones-de-extension","status":"publish","type":"page","link":"https:\/\/fadeweb.uncoma.edu.ar\/index.php\/secretaria-de-extension-y-asuntos-estudiantiles\/acciones-de-extension\/","title":{"rendered":"CURRICULARIZACI\u00d3N DE LA EXTENSI\u00d3N"},"content":{"rendered":"\t\t<div data-elementor-type=\"wp-page\" data-elementor-id=\"23645\" class=\"elementor elementor-23645\" data-elementor-post-type=\"page\">\n\t\t\t\t\t\t<section class=\"elementor-section elementor-top-section elementor-element elementor-element-202d96c4 elementor-section-boxed elementor-section-height-default elementor-section-height-default\" data-id=\"202d96c4\" data-element_type=\"section\" data-e-type=\"section\">\n\t\t\t\t\t\t<div class=\"elementor-container elementor-column-gap-default\">\n\t\t\t\t\t<div class=\"elementor-column elementor-col-100 elementor-top-column elementor-element elementor-element-542a078d\" data-id=\"542a078d\" data-element_type=\"column\" data-e-type=\"column\">\n\t\t\t<div class=\"elementor-widget-wrap elementor-element-populated\">\n\t\t\t\t\t\t\t<\/div>\n\t\t<\/div>\n\t\t\t\t\t<\/div>\n\t\t<\/section>\n\t\t\t\t<section class=\"elementor-section elementor-top-section elementor-element elementor-element-2c44827 elementor-section-boxed elementor-section-height-default elementor-section-height-default\" data-id=\"2c44827\" data-element_type=\"section\" data-e-type=\"section\">\n\t\t\t\t\t\t<div class=\"elementor-container elementor-column-gap-default\">\n\t\t\t\t\t<div class=\"elementor-column elementor-col-100 elementor-top-column elementor-element elementor-element-8a82c61\" data-id=\"8a82c61\" data-element_type=\"column\" data-e-type=\"column\">\n\t\t\t<div class=\"elementor-widget-wrap elementor-element-populated\">\n\t\t\t\t\t\t<div class=\"elementor-element elementor-element-8298d2d elementor-widget elementor-widget-posts\" data-id=\"8298d2d\" data-element_type=\"widget\" data-e-type=\"widget\" data-settings=\"{&quot;full_content_row_gap&quot;:{&quot;unit&quot;:&quot;px&quot;,&quot;size&quot;:35,&quot;sizes&quot;:[]}}\" data-widget_type=\"posts.full_content\">\n\t\t\t\t<div class=\"elementor-widget-container\">\n\t\t\t\t\t\t\t<div class=\"elementor-posts-container elementor-posts elementor-posts--skin-full_content elementor-grid\" role=\"list\">\r\n\t\t\t\t<article class=\"elementor-post elementor-grid-item post-23658 post type-post status-publish format-standard has-post-thumbnail hentry category-acciones-de-extension category-notifadecs\" role=\"listitem\">\r\n\t\t\t\t<div class=\"elementor-post__text\">\r\n\t\t\t\t<h3 class=\"elementor-post__title\">\r\n\t\t\t<a href=\"https:\/\/fadeweb.uncoma.edu.ar\/index.php\/2025\/03\/07\/abrio-la-convocatoria-para-presentar-propuestas-de-acciones-de-extension\/\" >\r\n\t\t\t\tABRI\u00d3 LA CONVOCATORIA PARA PRESENTAR PROPUESTAS DE ACCIONES DE EXTENSI\u00d3N\t\t\t<\/a>\r\n\t\t<\/h3>\r\n\t\t\t\t<div class=\"elementor-post__meta-data\">\r\n\t\t\t\t\t<span class=\"elementor-post-date\">\r\n\t\t\t7 marzo, 2025\t\t<\/span>\r\n\t\t\t\t<span class=\"elementor-post-avatar\">\r\n\t\t\tNo hay comentarios\t\t<\/span>\r\n\t\t\t\t<\/div>\r\n\t\t<p><img fetchpriority=\"high\" fetchpriority=\"high\" decoding=\"async\" class=\"alignnone wp-image-23646\" src=\"https:\/\/fadeweb.uncoma.edu.ar\/wp-content\/uploads\/2025\/03\/compromiso-social-universitario-724x1024.jpeg\" alt=\"ACCIONES DE EXTENSI\u00d3N\" width=\"600\" height=\"849\" srcset=\"https:\/\/fadeweb.uncoma.edu.ar\/wp-content\/uploads\/2025\/03\/compromiso-social-universitario-724x1024.jpeg 724w, https:\/\/fadeweb.uncoma.edu.ar\/wp-content\/uploads\/2025\/03\/compromiso-social-universitario-212x300.jpeg 212w, https:\/\/fadeweb.uncoma.edu.ar\/wp-content\/uploads\/2025\/03\/compromiso-social-universitario-768x1086.jpeg 768w, https:\/\/fadeweb.uncoma.edu.ar\/wp-content\/uploads\/2025\/03\/compromiso-social-universitario.jpeg 905w\" sizes=\"(max-width: 600px) 100vw, 600px\" \/><\/p>\n<p>&nbsp;<\/p>\n<p>La Secretar\u00eda de Extensi\u00f3n invita a los espacios curriculares de las carreras a presentar Propuestas de Acciones, tendientes a la Curricularizaci\u00f3n de la Extensi\u00f3n en la Universidad Nacional del Comahue, a desarrollarse durante el primer cuatrimestre del 2025.<\/p>\n<p>Las Propuestas de Acciones de Extensi\u00f3n deber\u00e1n incentivar a la poblaci\u00f3n estudiantil a involucrarse en Pr\u00e1cticas Sociales Educativas y\/o Pr\u00e1cticas Socioeducativas Territorializadas, como espacios de aprendizaje que vinculen los contenidos de las distintas c\u00e1tedras con las necesidades de la comunidad. Estas acciones deber\u00e1n articularse con las respectivas contrapartes institucionales, garantizando el di\u00e1logo de saberes y la vinculaci\u00f3n con el territorio<\/p>\n<h3><strong>Plazos de inscripci\u00f3n:<\/strong><\/h3>\n<p><strong>Apertura:<\/strong> viernes 7 de marzo.<\/p>\n<p><strong>Cierre:<\/strong> viernes 14 de marzo.<\/p>\n<p><a href=\"https:\/\/forms.gle\/GetGvGkm8aTbVxc69\"><strong>Formulario de inscripci\u00f3n.<\/strong><\/a><\/p>\n<p>Descargar las bases de la convocatoria <a href=\"https:\/\/fadeweb.uncoma.edu.ar\/wp-content\/uploads\/2025\/03\/Convocatoria-Acciones-Curricularizacion-2025.pdf\"><strong>ac\u00e1.<\/strong><\/a><\/p>\n<p>Se solicita que, una vez completado el formulario, lo notifiquen al correo <a href=\"mailto:secretaria.extensionfadecs@gmail.com\">secretaria.extensionfadecs@gmail.com<\/a><\/p>\n<p>Las consultas se realiza al mismo correo.<\/p>\n\t\t<\/div>\r\n\t\t\t\t<\/article>\r\n\t\t\t\t<\/div>\r\n\t\t\r\n\t\t\t\t\t\t<\/div>\n\t\t\t\t<\/div>\n\t\t\t\t\t<\/div>\n\t\t<\/div>\n\t\t\t\t\t<\/div>\n\t\t<\/section>\n\t\t\t\t<\/div>\n\t\t","protected":false},"excerpt":{"rendered":"","protected":false},"author":4,"featured_media":23646,"parent":3456,"menu_order":0,"comment_status":"closed","ping_status":"closed","template":"","meta":{"footnotes":""},"class_list":["post-23645","page","type-page","status-publish","has-post-thumbnail","hentry"],"_links":{"self":[{"href":"https:\/\/fadeweb.uncoma.edu.ar\/index.php\/wp-json\/wp\/v2\/pages\/23645","targetHints":{"allow":["GET"]}}],"collection":[{"href":"https:\/\/fadeweb.uncoma.edu.ar\/index.php\/wp-json\/wp\/v2\/pages"}],"about":[{"href":"https:\/\/fadeweb.uncoma.edu.ar\/index.php\/wp-json\/wp\/v2\/types\/page"}],"author":[{"embeddable":true,"href":"https:\/\/fadeweb.uncoma.edu.ar\/index.php\/wp-json\/wp\/v2\/users\/4"}],"replies":[{"embeddable":true,"href":"https:\/\/fadeweb.uncoma.edu.ar\/index.php\/wp-json\/wp\/v2\/comments?post=23645"}],"version-history":[{"count":8,"href":"https:\/\/fadeweb.uncoma.edu.ar\/index.php\/wp-json\/wp\/v2\/pages\/23645\/revisions"}],"predecessor-version":[{"id":23662,"href":"https:\/\/fadeweb.uncoma.edu.ar\/index.php\/wp-json\/wp\/v2\/pages\/23645\/revisions\/23662"}],"up":[{"embeddable":true,"href":"https:\/\/fadeweb.uncoma.edu.ar\/index.php\/wp-json\/wp\/v2\/pages\/3456"}],"wp:featuredmedia":[{"embeddable":true,"href":"https:\/\/fadeweb.uncoma.edu.ar\/index.php\/wp-json\/wp\/v2\/media\/23646"}],"wp:attachment":[{"href":"https:\/\/fadeweb.uncoma.edu.ar\/index.php\/wp-json\/wp\/v2\/media?parent=23645"}],"curies":[{"name":"wp","href":"https:\/\/api.w.org\/{rel}","templated":true}]}}