{"id":21783,"date":"2024-09-05T12:21:29","date_gmt":"2024-09-05T15:21:29","guid":{"rendered":"https:\/\/fadeweb.uncoma.edu.ar\/?page_id=21783"},"modified":"2024-09-05T12:21:29","modified_gmt":"2024-09-05T15:21:29","slug":"talleres-tematicos-de-orientacion-vocacional-2024","status":"publish","type":"page","link":"https:\/\/fadeweb.uncoma.edu.ar\/index.php\/veni\/talleres-tematicos-de-orientacion-vocacional-2024\/","title":{"rendered":"TALLERES TEM\u00c1TICOS DE ORIENTACI\u00d3N VOCACIONAL 2024"},"content":{"rendered":"<h1><span style=\"color: #3366ff;\">TALLERES TEM\u00c1TICOS DE ORIENTACI\u00d3N VOCACIONAL 2024<\/span><\/h1>\n<h6>DIRECCI\u00d3N DE ORIENTACI\u00d3N E INGRESO ESTUDIANTIL<\/h6>\n<p>&nbsp;<\/p>\n<h3><span style=\"color: #ff6600;\">\u00bfC\u00d3MO PUEDO RECONOCER MIS HABILIDADES E INTERESES Y VINCULARLOS CON LA ELECCI\u00d3N VOCACIONAL?<\/span><\/h3>\n<ul>\n<li>MODALIDAD PRESENCIAL | <strong>S\u00c1BADO 10-AGOSTO<\/strong> | 10 A 14HS<\/li>\n<li>MODALIDAD VIRTUAL | <strong>LUNES 19-AGOSTO<\/strong> | 18 A 20HS<\/li>\n<\/ul>\n<p>&nbsp;<\/p>\n<h3><span style=\"color: #ff6600;\">\u00bfQU\u00c9 TENGO QUE TENER EN CUENTA AL MOMENTO DE INDAGAR Y BUSCAR INFORMACI\u00d3N DE LAS CARRERAS?<\/span><\/h3>\n<ul>\n<li>MODALIDAD PRESENCIAL | <strong>S\u00c1BADO 14-SEPTIEMBRE<\/strong> | 10 A 14HS<\/li>\n<li>MODALIDAD VIRTUAL | <strong>LUNES 16-SEPTIEMBRE<\/strong> | 18 A 20HS<\/li>\n<\/ul>\n<p>&nbsp;<\/p>\n<h3><span style=\"color: #ff6600;\">\u00bfCON QU\u00c9 RECURSOS PUEDO POTENCIAR LA TOMA DE DECISIONES EN MI PROCESO DE ELECCI\u00d3N VOCACIONAL?<\/span><\/h3>\n<ul>\n<li>MODALIDAD PRESENCIAL | <strong>S\u00c1BADO 19-0CTUBRE<\/strong> | 10 A 14HS<\/li>\n<li>MODALIDAD VIRTUAL | <strong>LUNES 21-OCTUBRE<\/strong> | 18 A 20HS<\/li>\n<\/ul>\n<p>&nbsp;<\/p>\n<h3><span style=\"color: #ff6600;\">\u00bfQU\u00c9 INFORMACI\u00d3N PRECISO PARA INICIAR UNA TRAYECTORIA UNIVERSITARIA? \u00bfC\u00d3MO ES ESTUDIAR EN LA UNCO?<\/span><\/h3>\n<ul>\n<li>MODALIDAD PRESENCIAL | <strong>S\u00c1BADO 9-NOVIEMBRE<\/strong> | 10 A 14HS<\/li>\n<li>MODALIDAD VIRTUAL | <strong>LUNES 11-NOVIEMBRE<\/strong> | 18 A 20HS<\/li>\n<\/ul>\n<p>&nbsp;<\/p>\n<p><strong>ACTIVIDAD LIBRE Y GRATUITA. NO SE REQUIERE INSCRIPCI\u00d3N PREVIA.<\/strong><\/p>\n<p>&nbsp;<\/p>\n<p><strong>MODALIDAD PRESENCIAL<\/strong><\/p>\n<ul>\n<li>Aula Magna \u00abSalvador Allende\u00bb<\/li>\n<li>UNCo sede Neuqu\u00e9n<\/li>\n<li>-calle Buenos Aires 1400-<\/li>\n<\/ul>\n<p><strong>MODALIDAD VIRTUAL<\/strong><\/p>\n<ul>\n<li>A trav\u00e9s de Plataforma Zoom<\/li>\n<li>ID de reuni\u00f3n: 837 6228 0308<\/li>\n<li>C\u00f3digo de acceso: 12345<\/li>\n<\/ul>\n<p>&nbsp;<\/p>\n<p><strong>\u00a1BUSCANOS Y SEGUINOS EN LAS REDES!<\/strong><\/p>\n<p>0299 &#8211; 4490300 INT. 259<\/p>\n<p>IG @doie.uncoma<\/p>\n<p>FB DOIE- UNCO<\/p>\n<p><a href=\"mailto:talleres.vocacionales@central.uncoma.edu.ar\">talleres.vocacionales@central.uncoma.edu.ar<\/a><\/p>\n<p>&nbsp;<\/p>\n<p><img fetchpriority=\"high\" decoding=\"async\" class=\" wp-image-21784\" src=\"https:\/\/fadeweb.uncoma.edu.ar\/wp-content\/uploads\/2024\/09\/ESCANEAME.jpg\" alt=\"\" width=\"390\" height=\"213\" srcset=\"https:\/\/fadeweb.uncoma.edu.ar\/wp-content\/uploads\/2024\/09\/ESCANEAME.jpg 773w, https:\/\/fadeweb.uncoma.edu.ar\/wp-content\/uploads\/2024\/09\/ESCANEAME-300x164.jpg 300w, https:\/\/fadeweb.uncoma.edu.ar\/wp-content\/uploads\/2024\/09\/ESCANEAME-768x419.jpg 768w\" sizes=\"(max-width: 390px) 100vw, 390px\" \/><\/p>\n","protected":false},"excerpt":{"rendered":"<p>TALLERES TEM\u00c1TICOS DE ORIENTACI\u00d3N VOCACIONAL 2024 DIRECCI\u00d3N DE ORIENTACI\u00d3N E INGRESO ESTUDIANTIL &nbsp; \u00bfC\u00d3MO PUEDO RECONOCER MIS HABILIDADES E INTERESES Y VINCULARLOS CON LA ELECCI\u00d3N VOCACIONAL? MODALIDAD PRESENCIAL | S\u00c1BADO 10-AGOSTO | 10 A 14HS MODALIDAD VIRTUAL | LUNES 19-AGOSTO | 18 A 20HS &nbsp; \u00bfQU\u00c9 TENGO QUE TENER EN CUENTA AL MOMENTO DE INDAGAR [&hellip;]<\/p>\n","protected":false},"author":4,"featured_media":0,"parent":11679,"menu_order":0,"comment_status":"closed","ping_status":"closed","template":"","meta":{"footnotes":""},"class_list":["post-21783","page","type-page","status-publish","hentry"],"_links":{"self":[{"href":"https:\/\/fadeweb.uncoma.edu.ar\/index.php\/wp-json\/wp\/v2\/pages\/21783","targetHints":{"allow":["GET"]}}],"collection":[{"href":"https:\/\/fadeweb.uncoma.edu.ar\/index.php\/wp-json\/wp\/v2\/pages"}],"about":[{"href":"https:\/\/fadeweb.uncoma.edu.ar\/index.php\/wp-json\/wp\/v2\/types\/page"}],"author":[{"embeddable":true,"href":"https:\/\/fadeweb.uncoma.edu.ar\/index.php\/wp-json\/wp\/v2\/users\/4"}],"replies":[{"embeddable":true,"href":"https:\/\/fadeweb.uncoma.edu.ar\/index.php\/wp-json\/wp\/v2\/comments?post=21783"}],"version-history":[{"count":1,"href":"https:\/\/fadeweb.uncoma.edu.ar\/index.php\/wp-json\/wp\/v2\/pages\/21783\/revisions"}],"predecessor-version":[{"id":21785,"href":"https:\/\/fadeweb.uncoma.edu.ar\/index.php\/wp-json\/wp\/v2\/pages\/21783\/revisions\/21785"}],"up":[{"embeddable":true,"href":"https:\/\/fadeweb.uncoma.edu.ar\/index.php\/wp-json\/wp\/v2\/pages\/11679"}],"wp:attachment":[{"href":"https:\/\/fadeweb.uncoma.edu.ar\/index.php\/wp-json\/wp\/v2\/media?parent=21783"}],"curies":[{"name":"wp","href":"https:\/\/api.w.org\/{rel}","templated":true}]}}