{"id":2123,"date":"2022-06-28T17:09:12","date_gmt":"2022-06-28T17:09:12","guid":{"rendered":"http:\/\/web.fadecs.uncoma.edu.ar\/?page_id=2123"},"modified":"2022-11-10T08:12:58","modified_gmt":"2022-11-10T11:12:58","slug":"programa-sociologia","status":"publish","type":"page","link":"https:\/\/fadeweb.uncoma.edu.ar\/index.php\/programas\/programa-sociologia\/","title":{"rendered":"PROGRAMAS LICENCIATURA EN SOCIOLOGIA"},"content":{"rendered":"\t\t<div data-elementor-type=\"wp-page\" data-elementor-id=\"2123\" class=\"elementor elementor-2123\" data-elementor-post-type=\"page\">\n\t\t\t\t\t\t<section class=\"elementor-section elementor-top-section elementor-element elementor-element-1148c76 elementor-section-boxed elementor-section-height-default elementor-section-height-default\" data-id=\"1148c76\" data-element_type=\"section\" data-e-type=\"section\">\n\t\t\t\t\t\t<div class=\"elementor-container elementor-column-gap-default\">\n\t\t\t\t\t<div class=\"elementor-column elementor-col-50 elementor-top-column elementor-element elementor-element-e512420\" data-id=\"e512420\" data-element_type=\"column\" data-e-type=\"column\">\n\t\t\t<div class=\"elementor-widget-wrap elementor-element-populated\">\n\t\t\t\t\t\t<div class=\"elementor-element elementor-element-06bbab2 elementor-widget elementor-widget-heading\" data-id=\"06bbab2\" data-element_type=\"widget\" data-e-type=\"widget\" data-widget_type=\"heading.default\">\n\t\t\t\t<div class=\"elementor-widget-container\">\n\t\t\t\t\t<h1 class=\"elementor-heading-title elementor-size-default\">LICENCIATURA EN SOCIOLOGIA<\/h1>\t\t\t\t<\/div>\n\t\t\t\t<\/div>\n\t\t\t\t<div class=\"elementor-element elementor-element-fe332ef elementor-widget elementor-widget-heading\" data-id=\"fe332ef\" data-element_type=\"widget\" data-e-type=\"widget\" data-widget_type=\"heading.default\">\n\t\t\t\t<div class=\"elementor-widget-container\">\n\t\t\t\t\t<h2 class=\"elementor-heading-title elementor-size-default\">Programas<\/h2>\t\t\t\t<\/div>\n\t\t\t\t<\/div>\n\t\t\t\t<div class=\"elementor-element elementor-element-e483006 elementor-widget elementor-widget-text-editor\" data-id=\"e483006\" data-element_type=\"widget\" data-e-type=\"widget\" data-widget_type=\"text-editor.default\">\n\t\t\t\t<div class=\"elementor-widget-container\">\n\t\t\t\t\t\t\t\t\t<table class=\"programas\"><tbody><tr><td><a href=\"https:\/\/fadeweb.uncoma.edu.ar\/wp-content\/uploads\/2022\/10\/Teoria-Politica-2020.pdf\">Teor\u00eda Pol\u00edtica 2020<\/a><\/td><\/tr><tr><td><a href=\"https:\/\/fadeweb.uncoma.edu.ar\/wp-content\/uploads\/2022\/10\/Programa-Sociologia-Politica-II-2020.pdf\">Programa Sociolog\u00eda Pol\u00edtica II-2020<\/a><\/td><\/tr><tr><td><a href=\"https:\/\/fadeweb.uncoma.edu.ar\/wp-content\/uploads\/2022\/10\/Programa-Sociologia-Politica-II-2020-1.pdf\">HISTORIA DEL CONOCIMIENTO SOCIOL\u00d3GICO<\/a><\/td><\/tr><tr><td><a href=\"https:\/\/fadeweb.uncoma.edu.ar\/wp-content\/uploads\/2022\/10\/Programa-Sociologia-General_2020.pdf\">Programa Sociolog\u00eda General 2020<\/a><\/td><\/tr><tr><td><a class=\"derecha\" href=\"https:\/\/fadeweb.uncoma.edu.ar\/academica\/carreras\/programas\/soc\/Historia-Economica-Moderna-I.pdf\">HISTORIA ECONOMICA MODERNA I<\/a> No esta el pdf<\/td><\/tr><tr><td><a href=\"https:\/\/fadeweb.uncoma.edu.ar\/wp-content\/uploads\/2022\/10\/Programa-Metodologia-de-la-Investigacion-Cientifica-Ano-2020.pdf\">Programa Metodolog\u00eda de la Investigaci\u00f3n Cient\u00edfica- A\u00f1o 2020<\/a><\/td><\/tr><tr><td><a class=\"derecha\" href=\"https:\/\/fadeweb.uncoma.edu.ar\/academica\/carreras\/com\/Comunicacion%20interpersonal%20y%20grupal.pdf\">COMUNICACION INTERPERSONAL Y GRUPAL\u00a0<\/a>No est\u00e1 el pdf<\/td><\/tr><tr><td><a href=\"https:\/\/fadeweb.uncoma.edu.ar\/wp-content\/uploads\/2022\/10\/Programa-HCS-III-2020.pdf\">Programa HCS III 2020<\/a><\/td><\/tr><tr><td><a class=\"derecha\" href=\"https:\/\/fadeweb.uncoma.edu.ar\/academica\/carreras\/programas\/soc\/Seminario%20de%20Formaci%C3%B3n%20de%20Investigadores.docx\">SEMINARIO DE FORMACI\u00d3N DE INVESTIGADORES.docx<\/a> No est\u00e1 el archivo<\/td><\/tr><tr><td><a href=\"https:\/\/fadeweb.uncoma.edu.ar\/wp-content\/uploads\/2022\/10\/PROGRAMA-Historia_Social_Moderna_I_-actualizado-Sociologia_2020-Prof.-Esp.-Daniel-S.-Caminotti-COVID-19.docx\">PROGRAMA Historia_Social_Moderna_I_ actualizado Sociolog\u00eda_2020 Prof. Esp. Daniel S. Caminotti COVID 19<\/a><\/td><\/tr><tr><td><a href=\"https:\/\/fadeweb.uncoma.edu.ar\/wp-content\/uploads\/2022\/10\/Programa-Econ.-II-2020.pdf\">Programa Econ. II 2020<\/a><\/td><\/tr><tr><td><a href=\"https:\/\/fadeweb.uncoma.edu.ar\/wp-content\/uploads\/2022\/10\/Programa-Econ.Pol_.-I-2020-vf.pdf\">Programa Econ.Pol. I- 2020 vf<\/a><\/td><\/tr><tr><td><a href=\"https:\/\/fadeweb.uncoma.edu.ar\/wp-content\/uploads\/2022\/10\/Prgrama-filosofia-Sociologia-FADECS-2020.pdf\">Programa filosof\u00eda Sociolog\u00eda FADECS 2020<\/a><\/td><\/tr><tr><td><a href=\"https:\/\/fadeweb.uncoma.edu.ar\/wp-content\/uploads\/2022\/10\/2020-Programa-Met-II-Sociologia-Plan-de-emergencia-sanitaria-VRC.pdf\">2020-Programa Met II Sociolog\u00eda &#8211; Plan de emergencia sanitaria VRC<\/a><\/td><\/tr><tr><td><a href=\"https:\/\/fadeweb.uncoma.edu.ar\/wp-content\/uploads\/2022\/10\/Programa-Analisis-de-la-Soc.-Arg.-Modalidad-en-linea-2020-.pdf\">Programa An\u00e1lisis de la Soc. Arg. -Modalidad en l\u00ednea 2020<\/a><\/td><\/tr><tr><td><a href=\"https:\/\/fadeweb.uncoma.edu.ar\/wp-content\/uploads\/2022\/10\/Programa-SFI-2020Alvaro.pdf\">Programa SFI 2020 Alvaro<\/a><\/td><\/tr><tr><td><a href=\"https:\/\/fadeweb.uncoma.edu.ar\/wp-content\/uploads\/2022\/10\/PROGRAMATEORIA-POLITICA-II-LIZARRAGA-2020.pdf\">PROGRAMA TEOR\u00cdA POL\u00cdTICA II LIZARRAGA 2020<\/a><\/td><\/tr><tr><td><a href=\"https:\/\/fadeweb.uncoma.edu.ar\/wp-content\/uploads\/2022\/10\/Programa-Problemas-Filo.-de-la-modernidad.-Martin-Diaz.docx\">PROBLEMAS FILOS\u00d3FICOS D<\/a><\/td><\/tr><\/tbody><\/table>\t\t\t\t\t\t\t\t<\/div>\n\t\t\t\t<\/div>\n\t\t\t\t<div class=\"elementor-element elementor-element-4a1d050 elementor-widget elementor-widget-shortcode\" data-id=\"4a1d050\" data-element_type=\"widget\" data-e-type=\"widget\" data-widget_type=\"shortcode.default\">\n\t\t\t\t<div class=\"elementor-widget-container\">\n\t\t\t\t\t\t\t<div class=\"elementor-shortcode\">\t\t<div data-elementor-type=\"section\" data-elementor-id=\"4583\" class=\"elementor elementor-4583\" data-elementor-post-type=\"elementor_library\">\n\t\t\t\t\t<section class=\"elementor-section elementor-top-section elementor-element elementor-element-14232f66 elementor-section-boxed elementor-section-height-default elementor-section-height-default\" data-id=\"14232f66\" data-element_type=\"section\" data-e-type=\"section\">\n\t\t\t\t\t\t<div class=\"elementor-container elementor-column-gap-default\">\n\t\t\t\t\t<div class=\"elementor-column elementor-col-100 elementor-top-column elementor-element elementor-element-613d052d\" data-id=\"613d052d\" data-element_type=\"column\" data-e-type=\"column\">\n\t\t\t<div class=\"elementor-widget-wrap elementor-element-populated\">\n\t\t\t\t\t\t<div class=\"elementor-element elementor-element-6b448111 elementor-widget-divider--view-line elementor-widget elementor-widget-divider\" data-id=\"6b448111\" data-element_type=\"widget\" data-e-type=\"widget\" data-widget_type=\"divider.default\">\n\t\t\t\t<div class=\"elementor-widget-container\">\n\t\t\t\t\t\t\t<div class=\"elementor-divider\">\n\t\t\t<span class=\"elementor-divider-separator\">\n\t\t\t\t\t\t<\/span>\n\t\t<\/div>\n\t\t\t\t\t\t<\/div>\n\t\t\t\t<\/div>\n\t\t\t\t<div class=\"elementor-element elementor-element-4d542db7 elementor-widget elementor-widget-text-editor\" data-id=\"4d542db7\" data-element_type=\"widget\" data-e-type=\"widget\" data-widget_type=\"text-editor.default\">\n\t\t\t\t<div class=\"elementor-widget-container\">\n\t\t\t\t\t\t\t\t\t<p><strong>INFORMACI\u00d3N<\/strong><br \/>Departamento de Alumnos<br \/>TE: (0298) 4435700<br \/>Correo electr\u00f3nico:\u00a0<a href=\"mailto:alumnos@fade.uncoma.edu.ar\">alumnos@fade.uncoma.edu.ar<\/a><br \/>Mendoza y Per\u00fa.<br \/>(8332) General Roca, R\u00edo Negro<br \/>Argentina<\/p>\t\t\t\t\t\t\t\t<\/div>\n\t\t\t\t<\/div>\n\t\t\t\t\t<\/div>\n\t\t<\/div>\n\t\t\t\t\t<\/div>\n\t\t<\/section>\n\t\t\t\t<\/div>\n\t\t<\/div>\n\t\t\t\t\t\t<\/div>\n\t\t\t\t<\/div>\n\t\t\t\t\t<\/div>\n\t\t<\/div>\n\t\t\t\t<div class=\"elementor-column elementor-col-50 elementor-top-column elementor-element elementor-element-bd638b0\" data-id=\"bd638b0\" data-element_type=\"column\" data-e-type=\"column\">\n\t\t\t<div class=\"elementor-widget-wrap elementor-element-populated\">\n\t\t\t\t\t\t<div class=\"elementor-element elementor-element-0cb3d31 elementor-nav-menu__align-start elementor-nav-menu--dropdown-none elementor-widget elementor-widget-nav-menu\" data-id=\"0cb3d31\" data-element_type=\"widget\" data-e-type=\"widget\" id=\"menu-lateral\" data-settings=\"{&quot;layout&quot;:&quot;vertical&quot;,&quot;submenu_icon&quot;:{&quot;value&quot;:&quot;&lt;i class=\\&quot;fas fa-caret-down\\&quot; aria-hidden=\\&quot;true\\&quot;&gt;&lt;\\\/i&gt;&quot;,&quot;library&quot;:&quot;fa-solid&quot;}}\" data-widget_type=\"nav-menu.default\">\n\t\t\t\t<div class=\"elementor-widget-container\">\n\t\t\t\t\t\t\t\t<nav aria-label=\"Menu\" class=\"elementor-nav-menu--main elementor-nav-menu__container elementor-nav-menu--layout-vertical e--pointer-background e--animation-fade\">\n\t\t\t\t<ul id=\"menu-1-0cb3d31\" class=\"elementor-nav-menu sm-vertical\"><li class=\"menu-item menu-item-type-post_type menu-item-object-page menu-item-5444\"><a href=\"https:\/\/fadeweb.uncoma.edu.ar\/index.php\/carreras\/licenciatura-en-sociologia\/plan-0392-2015-licenciatura-en-sociologia\/\" class=\"elementor-item\">PLAN DE ESTUDIOS Y CORRELATIVIDADES<\/a><\/li>\n<li class=\"menu-item menu-item-type-post_type menu-item-object-page menu-item-5443\"><a href=\"https:\/\/fadeweb.uncoma.edu.ar\/index.php\/carreras\/licenciatura-en-sociologia\/plan-0150-98-licenciatura-en-sociologia\/\" class=\"elementor-item\">PLAN  VIEJO (0150\/98)<\/a><\/li>\n<li class=\"menu-item menu-item-type-post_type menu-item-object-page menu-item-5445\"><a href=\"https:\/\/fadeweb.uncoma.edu.ar\/index.php\/programas\/programa-sociologia\/\" class=\"elementor-item\">PROGRAMAS<\/a><\/li>\n<li class=\"menu-item menu-item-type-post_type menu-item-object-page menu-item-5447\"><a href=\"https:\/\/fadeweb.uncoma.edu.ar\/index.php\/estudiantes\/calendario-academico\/\" class=\"elementor-item\">CALENDARIO ACADEMICO<\/a><\/li>\n<li class=\"menu-item menu-item-type-post_type menu-item-object-page menu-item-5448\"><a href=\"https:\/\/fadeweb.uncoma.edu.ar\/index.php\/estudiantes\/horarios-de-cursadas\/\" class=\"elementor-item\">HORARIOS DE CURSADAS<\/a><\/li>\n<li class=\"menu-item menu-item-type-custom menu-item-object-custom menu-item-5449\"><a href=\"http:\/\/siufade.uncoma.edu.ar\/\" class=\"elementor-item\">SIU FADE: Sistema de Gesti\u00f3n de Alumnos en Internet<\/a><\/li>\n<li class=\"menu-item menu-item-type-custom menu-item-object-custom menu-item-5450\"><a href=\"https:\/\/siufade.uncoma.edu.ar\/derecho\/fecha_examen\" class=\"elementor-item\">FECHAS DE EXAMENES<\/a><\/li>\n<\/ul>\t\t\t<\/nav>\n\t\t\t\t\t\t<nav class=\"elementor-nav-menu--dropdown elementor-nav-menu__container\" aria-hidden=\"true\">\n\t\t\t\t<ul id=\"menu-2-0cb3d31\" class=\"elementor-nav-menu sm-vertical\"><li class=\"menu-item menu-item-type-post_type menu-item-object-page menu-item-5444\"><a href=\"https:\/\/fadeweb.uncoma.edu.ar\/index.php\/carreras\/licenciatura-en-sociologia\/plan-0392-2015-licenciatura-en-sociologia\/\" class=\"elementor-item\" tabindex=\"-1\">PLAN DE ESTUDIOS Y CORRELATIVIDADES<\/a><\/li>\n<li class=\"menu-item menu-item-type-post_type menu-item-object-page menu-item-5443\"><a href=\"https:\/\/fadeweb.uncoma.edu.ar\/index.php\/carreras\/licenciatura-en-sociologia\/plan-0150-98-licenciatura-en-sociologia\/\" class=\"elementor-item\" tabindex=\"-1\">PLAN  VIEJO (0150\/98)<\/a><\/li>\n<li class=\"menu-item menu-item-type-post_type menu-item-object-page menu-item-5445\"><a href=\"https:\/\/fadeweb.uncoma.edu.ar\/index.php\/programas\/programa-sociologia\/\" class=\"elementor-item\" tabindex=\"-1\">PROGRAMAS<\/a><\/li>\n<li class=\"menu-item menu-item-type-post_type menu-item-object-page menu-item-5447\"><a href=\"https:\/\/fadeweb.uncoma.edu.ar\/index.php\/estudiantes\/calendario-academico\/\" class=\"elementor-item\" tabindex=\"-1\">CALENDARIO ACADEMICO<\/a><\/li>\n<li class=\"menu-item menu-item-type-post_type menu-item-object-page menu-item-5448\"><a href=\"https:\/\/fadeweb.uncoma.edu.ar\/index.php\/estudiantes\/horarios-de-cursadas\/\" class=\"elementor-item\" tabindex=\"-1\">HORARIOS DE CURSADAS<\/a><\/li>\n<li class=\"menu-item menu-item-type-custom menu-item-object-custom menu-item-5449\"><a href=\"http:\/\/siufade.uncoma.edu.ar\/\" class=\"elementor-item\" tabindex=\"-1\">SIU FADE: Sistema de Gesti\u00f3n de Alumnos en Internet<\/a><\/li>\n<li class=\"menu-item menu-item-type-custom menu-item-object-custom menu-item-5450\"><a href=\"https:\/\/siufade.uncoma.edu.ar\/derecho\/fecha_examen\" class=\"elementor-item\" tabindex=\"-1\">FECHAS DE EXAMENES<\/a><\/li>\n<\/ul>\t\t\t<\/nav>\n\t\t\t\t\t\t<\/div>\n\t\t\t\t<\/div>\n\t\t\t\t\t<\/div>\n\t\t<\/div>\n\t\t\t\t\t<\/div>\n\t\t<\/section>\n\t\t\t\t<\/div>\n\t\t","protected":false},"excerpt":{"rendered":"<p>LICENCIATURA EN SOCIOLOGIA Programas Teor\u00eda Pol\u00edtica 2020 Programa Sociolog\u00eda Pol\u00edtica II-2020 HISTORIA DEL CONOCIMIENTO SOCIOL\u00d3GICO Programa Sociolog\u00eda General 2020 HISTORIA ECONOMICA MODERNA I No esta el pdf Programa Metodolog\u00eda de la Investigaci\u00f3n Cient\u00edfica- A\u00f1o 2020 COMUNICACION INTERPERSONAL Y GRUPAL\u00a0No est\u00e1 el pdf Programa HCS III 2020 SEMINARIO DE FORMACI\u00d3N DE INVESTIGADORES.docx No est\u00e1 el archivo [&hellip;]<\/p>\n","protected":false},"author":2,"featured_media":0,"parent":1957,"menu_order":0,"comment_status":"closed","ping_status":"closed","template":"","meta":{"footnotes":""},"class_list":["post-2123","page","type-page","status-publish","hentry"],"_links":{"self":[{"href":"https:\/\/fadeweb.uncoma.edu.ar\/index.php\/wp-json\/wp\/v2\/pages\/2123","targetHints":{"allow":["GET"]}}],"collection":[{"href":"https:\/\/fadeweb.uncoma.edu.ar\/index.php\/wp-json\/wp\/v2\/pages"}],"about":[{"href":"https:\/\/fadeweb.uncoma.edu.ar\/index.php\/wp-json\/wp\/v2\/types\/page"}],"author":[{"embeddable":true,"href":"https:\/\/fadeweb.uncoma.edu.ar\/index.php\/wp-json\/wp\/v2\/users\/2"}],"replies":[{"embeddable":true,"href":"https:\/\/fadeweb.uncoma.edu.ar\/index.php\/wp-json\/wp\/v2\/comments?post=2123"}],"version-history":[{"count":17,"href":"https:\/\/fadeweb.uncoma.edu.ar\/index.php\/wp-json\/wp\/v2\/pages\/2123\/revisions"}],"predecessor-version":[{"id":10415,"href":"https:\/\/fadeweb.uncoma.edu.ar\/index.php\/wp-json\/wp\/v2\/pages\/2123\/revisions\/10415"}],"up":[{"embeddable":true,"href":"https:\/\/fadeweb.uncoma.edu.ar\/index.php\/wp-json\/wp\/v2\/pages\/1957"}],"wp:attachment":[{"href":"https:\/\/fadeweb.uncoma.edu.ar\/index.php\/wp-json\/wp\/v2\/media?parent=2123"}],"curies":[{"name":"wp","href":"https:\/\/api.w.org\/{rel}","templated":true}]}}