{"id":2108,"date":"2022-06-28T16:53:08","date_gmt":"2022-06-28T19:53:08","guid":{"rendered":"http:\/\/web.fadecs.uncoma.edu.ar\/?page_id=2108"},"modified":"2022-11-10T08:12:12","modified_gmt":"2022-11-10T11:12:12","slug":"programa-servsocial","status":"publish","type":"page","link":"https:\/\/fadeweb.uncoma.edu.ar\/index.php\/programas\/programa-servsocial\/","title":{"rendered":"PROGRAMAS LICENCIATURA EN SERVICIO SOCIAL"},"content":{"rendered":"\t\t<div data-elementor-type=\"wp-page\" data-elementor-id=\"2108\" class=\"elementor elementor-2108\" data-elementor-post-type=\"page\">\n\t\t\t\t\t\t<section class=\"elementor-section elementor-top-section elementor-element elementor-element-2a6be81 elementor-section-boxed elementor-section-height-default elementor-section-height-default\" data-id=\"2a6be81\" data-element_type=\"section\" data-e-type=\"section\">\n\t\t\t\t\t\t<div class=\"elementor-container elementor-column-gap-default\">\n\t\t\t\t\t<div class=\"elementor-column elementor-col-50 elementor-top-column elementor-element elementor-element-efbec13\" data-id=\"efbec13\" data-element_type=\"column\" data-e-type=\"column\">\n\t\t\t<div class=\"elementor-widget-wrap elementor-element-populated\">\n\t\t\t\t\t\t<div class=\"elementor-element elementor-element-d35ff21 elementor-widget elementor-widget-heading\" data-id=\"d35ff21\" data-element_type=\"widget\" data-e-type=\"widget\" data-widget_type=\"heading.default\">\n\t\t\t\t<div class=\"elementor-widget-container\">\n\t\t\t\t\t<h1 class=\"elementor-heading-title elementor-size-default\">LICENCIATURA EN SERVICIO SOCIAL<\/h1>\t\t\t\t<\/div>\n\t\t\t\t<\/div>\n\t\t\t\t<div class=\"elementor-element elementor-element-fb1bf4f elementor-widget elementor-widget-heading\" data-id=\"fb1bf4f\" data-element_type=\"widget\" data-e-type=\"widget\" data-widget_type=\"heading.default\">\n\t\t\t\t<div class=\"elementor-widget-container\">\n\t\t\t\t\t<h2 class=\"elementor-heading-title elementor-size-default\">Programas<\/h2>\t\t\t\t<\/div>\n\t\t\t\t<\/div>\n\t\t\t\t<div class=\"elementor-element elementor-element-1f988b5 elementor-widget elementor-widget-text-editor\" data-id=\"1f988b5\" data-element_type=\"widget\" data-e-type=\"widget\" data-widget_type=\"text-editor.default\">\n\t\t\t\t<div class=\"elementor-widget-container\">\n\t\t\t\t\t\t\t\t\t<table class=\"programas\">\n<tbody>\n<tr>\n<td><a href=\"https:\/\/fadeweb.uncoma.edu.ar\/wp-content\/uploads\/2022\/10\/Introduccion-2020.pdf\">01.- INTRODUCCION AL SERVICIO SOCIAL<\/a><\/td>\n<\/tr>\n<tr>\n<td><a href=\"https:\/\/fadeweb.uncoma.edu.ar\/wp-content\/uploads\/2022\/10\/Historia-Social-2020.pdf\">02.- HISTORIA SOCIAL MODERNA Y CONTEMPORANEA<\/a><\/td>\n<\/tr>\n<tr>\n<td>03.- METODOLOGIA DEL SERVICIO SOCIAL I<\/td>\n<\/tr>\n<tr>\n<td>04.- INTRODUCCION A LA PSICOLOGIA<\/td>\n<\/tr>\n<tr>\n<td><a href=\"https:\/\/fadeweb.uncoma.edu.ar\/wp-content\/uploads\/2022\/10\/Introduccion-a-la-Sociologia-SS-Roca.2016.odt\">05.- INTRODUCCI\u00d3N A LA SOCIOLOG\u00cdA<\/a><\/td>\n<\/tr>\n<tr>\n<td><a href=\"https:\/\/fadeweb.uncoma.edu.ar\/wp-content\/uploads\/2022\/10\/PROGRAMA-METODOLOGIA-II-2020.pdf\">06.- METODOLOGIA DEL SERVICIO SOCIAL II<\/a><\/td>\n<\/tr>\n<tr>\n<td><a href=\"https:\/\/fadeweb.uncoma.edu.ar\/wp-content\/uploads\/2022\/10\/PSICOLOGIA-EVOLUTIVA-.pdf\">07.- PSICOLOGIA EVOLUTIVA<\/a><\/td>\n<\/tr>\n<tr>\n<td>08.- SERVICIO SOCIAL CON GRUPOS<\/td>\n<\/tr>\n<tr>\n<td>09.- PSICOLOGIA SOCIAL<\/td>\n<\/tr>\n<tr>\n<td>10.- ANTROPOLOGIA CULTURAL Y SOCIAL<\/td>\n<\/tr>\n<tr>\n<td><a href=\"https:\/\/fadeweb.uncoma.edu.ar\/wp-content\/uploads\/2022\/10\/Teoria-y-Practica-de-Areas-y-Recursos-en-Servicio-Social.pdf\">11.- TEOR\u00cdA Y PR\u00c1CTICA DE \u00c1REAS Y RECURSOS EN SERVICIO SOCIAL<\/a><\/td>\n<\/tr>\n<tr>\n<td><a href=\"https:\/\/fadeweb.uncoma.edu.ar\/wp-content\/uploads\/2022\/10\/Servicio-Social-en-Comunidad.pdf\">12.- SERVICIO SOCIAL EN COMUNIDAD<\/a><\/td>\n<\/tr>\n<tr>\n<td><a href=\"https:\/\/fadeweb.uncoma.edu.ar\/wp-content\/uploads\/2022\/10\/Servicio-Social-en-Comunidad-Nqn.pdf\">12.- SERVICIO SOCIAL EN COMUNIDAD &#8211; NQN<\/a><\/td>\n<\/tr>\n<tr>\n<td><a href=\"https:\/\/fadeweb.uncoma.edu.ar\/wp-content\/uploads\/2022\/10\/ProgramaSociologiadelDesarrollo-2016-.pdf\">13.- SOCIOLOG\u00cdA DEL DESARROLLO<\/a><\/td>\n<\/tr>\n<tr>\n<td><a href=\"https:\/\/fadeweb.uncoma.edu.ar\/wp-content\/uploads\/2022\/10\/Economia-Social.pdf\">14.- ECONOMIA SOCIAL<\/a><\/td>\n<\/tr>\n<tr>\n<td><a href=\"https:\/\/fadeweb.uncoma.edu.ar\/wp-content\/uploads\/2022\/10\/ORGANIZACION-Y-CONDUCCION-DE-PROG-DE-BIENESTAR-SOCIAL.pdf\">15.- ORGANIZACION Y CONDUCCION DE PROGRAMAS DE BIENESTAR SOCIAL<\/a><\/td>\n<\/tr>\n<tr>\n<td>16.- GEOGRAFIA HUMANA<\/td>\n<\/tr>\n<tr>\n<td><a href=\"https:\/\/fadeweb.uncoma.edu.ar\/wp-content\/uploads\/2022\/10\/PRACTICA-DE-SERVICIO-SOCIAL-CON-GRUPOS-Roca.pdf\">17.- PRACTICA DE SERVICIO SOCIAL CON GRUPOS-ROCA<\/a><\/td>\n<\/tr>\n<tr>\n<td><a href=\"https:\/\/fadeweb.uncoma.edu.ar\/wp-content\/uploads\/2022\/10\/SERVICIO-SOCIAL-CON-GRUPOS-Nqn.pdf\">17.- PRACTICA DE SERVICIO SOCIAL CON GRUPOS-NQN<\/a><\/td>\n<\/tr>\n<tr>\n<td><a href=\"https:\/\/fadeweb.uncoma.edu.ar\/wp-content\/uploads\/2022\/10\/SERVICIO-SOCIAL-FAMILIAR.pdf\">18 .- SERVICIO SOCIAL FAMILIAR<\/a><\/td>\n<\/tr>\n<tr>\n<td><a href=\"https:\/\/fadeweb.uncoma.edu.ar\/wp-content\/uploads\/2022\/10\/Servicio-Social-Familiar-2020-.pdf\">Servicio-Social-Familiar-2020<\/a><\/td>\n<\/tr>\n<tr>\n<td>19.- SALUD PUBLICA<\/td>\n<\/tr>\n<tr>\n<td>20.- PEDAGOGIA Y DIDACTICA (CON SUPERVISION EN SERVICIO SOCIAL)<\/td>\n<\/tr>\n<tr>\n<td>21.- DERECHO<\/td>\n<\/tr>\n<tr>\n<td>22.- ANTROPOLOGIA FILOSOFICA<\/td>\n<\/tr>\n<tr>\n<td><a href=\"https:\/\/fadeweb.uncoma.edu.ar\/wp-content\/uploads\/2022\/10\/Practica-de-servicio-Social-en-Comunidad.pdf\">23.- PRACTICA SERVICIO SOCIAL EN COMUNIDAD<\/a><\/td>\n<\/tr>\n<tr>\n<td><a href=\"https:\/\/fadeweb.uncoma.edu.ar\/wp-content\/uploads\/2022\/10\/Programa-Practica-Familia-2020.pdf\">24.- PRACTICA SERVICIO SOCIAL FAMILIAR<\/a><\/td>\n<\/tr>\n<tr>\n<td><a href=\"https:\/\/fadeweb.uncoma.edu.ar\/wp-content\/uploads\/2022\/10\/Practica-Servicio-Social-Familiar-NQN.pdf\">24.- PRACTICA SERVICIO SOCIAL FAMILIAR-NQN<\/a><\/td>\n<\/tr>\n<tr>\n<td><a href=\"https:\/\/fadeweb.uncoma.edu.ar\/wp-content\/uploads\/2022\/10\/SEMINARIO-DE-SERVICIO-SOCIAL-CON-RESIDENCIA-INSTITUCIONAL.pdf\">25.- SEMINARIO DE SERVICIO SOCIAL CON RESID<\/a><\/td>\n<\/tr>\n<\/tbody>\n<\/table>\t\t\t\t\t\t\t\t<\/div>\n\t\t\t\t<\/div>\n\t\t\t\t<div class=\"elementor-element elementor-element-86f65b0 elementor-widget elementor-widget-text-editor\" data-id=\"86f65b0\" data-element_type=\"widget\" data-e-type=\"widget\" data-widget_type=\"text-editor.default\">\n\t\t\t\t<div class=\"elementor-widget-container\">\n\t\t\t\t\t\t\t\t\t\t\t<div data-elementor-type=\"section\" data-elementor-id=\"4583\" class=\"elementor elementor-4583\" data-elementor-post-type=\"elementor_library\">\n\t\t\t\t\t<section class=\"elementor-section elementor-top-section elementor-element elementor-element-14232f66 elementor-section-boxed elementor-section-height-default elementor-section-height-default\" data-id=\"14232f66\" data-element_type=\"section\" data-e-type=\"section\">\n\t\t\t\t\t\t<div class=\"elementor-container elementor-column-gap-default\">\n\t\t\t\t\t<div class=\"elementor-column elementor-col-100 elementor-top-column elementor-element elementor-element-613d052d\" data-id=\"613d052d\" data-element_type=\"column\" data-e-type=\"column\">\n\t\t\t<div class=\"elementor-widget-wrap elementor-element-populated\">\n\t\t\t\t\t\t<div class=\"elementor-element elementor-element-6b448111 elementor-widget-divider--view-line elementor-widget elementor-widget-divider\" data-id=\"6b448111\" data-element_type=\"widget\" data-e-type=\"widget\" data-widget_type=\"divider.default\">\n\t\t\t\t<div class=\"elementor-widget-container\">\n\t\t\t\t\t\t\t<div class=\"elementor-divider\">\n\t\t\t<span class=\"elementor-divider-separator\">\n\t\t\t\t\t\t<\/span>\n\t\t<\/div>\n\t\t\t\t\t\t<\/div>\n\t\t\t\t<\/div>\n\t\t\t\t<div class=\"elementor-element elementor-element-4d542db7 elementor-widget elementor-widget-text-editor\" data-id=\"4d542db7\" data-element_type=\"widget\" data-e-type=\"widget\" data-widget_type=\"text-editor.default\">\n\t\t\t\t<div class=\"elementor-widget-container\">\n\t\t\t\t\t\t\t\t\t<p><strong>INFORMACI\u00d3N<\/strong><br \/>Departamento de Alumnos<br \/>TE: (0298) 4435700<br \/>Correo electr\u00f3nico:\u00a0<a href=\"mailto:alumnos@fade.uncoma.edu.ar\">alumnos@fade.uncoma.edu.ar<\/a><br \/>Mendoza y Per\u00fa.<br \/>(8332) General Roca, R\u00edo Negro<br \/>Argentina<\/p>\t\t\t\t\t\t\t\t<\/div>\n\t\t\t\t<\/div>\n\t\t\t\t\t<\/div>\n\t\t<\/div>\n\t\t\t\t\t<\/div>\n\t\t<\/section>\n\t\t\t\t<\/div>\n\t\t\t\t\t\t\t\t\t\t<\/div>\n\t\t\t\t<\/div>\n\t\t\t\t\t<\/div>\n\t\t<\/div>\n\t\t\t\t<div class=\"elementor-column elementor-col-50 elementor-top-column elementor-element elementor-element-3cfec69\" data-id=\"3cfec69\" data-element_type=\"column\" data-e-type=\"column\">\n\t\t\t<div class=\"elementor-widget-wrap elementor-element-populated\">\n\t\t\t\t\t\t<div class=\"elementor-element elementor-element-f3d0300 elementor-nav-menu__align-start elementor-nav-menu--dropdown-none elementor-widget elementor-widget-nav-menu\" data-id=\"f3d0300\" data-element_type=\"widget\" data-e-type=\"widget\" id=\"menu-lateral\" data-settings=\"{&quot;layout&quot;:&quot;vertical&quot;,&quot;submenu_icon&quot;:{&quot;value&quot;:&quot;&lt;i class=\\&quot;fas fa-caret-down\\&quot; aria-hidden=\\&quot;true\\&quot;&gt;&lt;\\\/i&gt;&quot;,&quot;library&quot;:&quot;fa-solid&quot;}}\" data-widget_type=\"nav-menu.default\">\n\t\t\t\t<div class=\"elementor-widget-container\">\n\t\t\t\t\t\t\t\t<nav aria-label=\"Menu\" class=\"elementor-nav-menu--main elementor-nav-menu__container elementor-nav-menu--layout-vertical e--pointer-background e--animation-fade\">\n\t\t\t\t<ul id=\"menu-1-f3d0300\" class=\"elementor-nav-menu sm-vertical\"><li class=\"menu-item menu-item-type-post_type menu-item-object-page menu-item-5369\"><a href=\"https:\/\/fadeweb.uncoma.edu.ar\/index.php\/carreras\/licenciatura-en-servicio-social\/plan-de-estudio-licenciatura-en-servicio-social\/\" class=\"elementor-item\">PLAN DE ESTUDIOS<\/a><\/li>\n<li class=\"menu-item menu-item-type-post_type menu-item-object-page menu-item-5370\"><a href=\"https:\/\/fadeweb.uncoma.edu.ar\/index.php\/carreras\/licenciatura-en-servicio-social\/correlatividades-licenciatura-en-servicio-social\/\" class=\"elementor-item\">CORRELATIVIDADES<\/a><\/li>\n<li class=\"menu-item menu-item-type-post_type menu-item-object-page menu-item-5371\"><a href=\"https:\/\/fadeweb.uncoma.edu.ar\/index.php\/programas\/programa-servsocial\/\" class=\"elementor-item\">PROGRAMAS<\/a><\/li>\n<li class=\"menu-item menu-item-type-post_type menu-item-object-page menu-item-5375\"><a href=\"https:\/\/fadeweb.uncoma.edu.ar\/index.php\/estudiantes\/calendario-academico\/\" class=\"elementor-item\">CALENDARIO ACADEMICO<\/a><\/li>\n<li class=\"menu-item menu-item-type-post_type menu-item-object-page menu-item-5376\"><a href=\"https:\/\/fadeweb.uncoma.edu.ar\/index.php\/estudiantes\/horarios-de-cursadas\/\" class=\"elementor-item\">HORARIOS DE CURSADAS<\/a><\/li>\n<li class=\"menu-item menu-item-type-custom menu-item-object-custom menu-item-5377\"><a href=\"http:\/\/siufade.uncoma.edu.ar\/\" class=\"elementor-item\">SIU FADE: Sistema de Gesti\u00f3n de Alumnos en Internet<\/a><\/li>\n<li class=\"menu-item menu-item-type-custom menu-item-object-custom menu-item-5378\"><a href=\"https:\/\/siufade.uncoma.edu.ar\/derecho\/fecha_examen\" class=\"elementor-item\">FECHAS DE EX\u00c1MENES<\/a><\/li>\n<\/ul>\t\t\t<\/nav>\n\t\t\t\t\t\t<nav class=\"elementor-nav-menu--dropdown elementor-nav-menu__container\" aria-hidden=\"true\">\n\t\t\t\t<ul id=\"menu-2-f3d0300\" class=\"elementor-nav-menu sm-vertical\"><li class=\"menu-item menu-item-type-post_type menu-item-object-page menu-item-5369\"><a href=\"https:\/\/fadeweb.uncoma.edu.ar\/index.php\/carreras\/licenciatura-en-servicio-social\/plan-de-estudio-licenciatura-en-servicio-social\/\" class=\"elementor-item\" tabindex=\"-1\">PLAN DE ESTUDIOS<\/a><\/li>\n<li class=\"menu-item menu-item-type-post_type menu-item-object-page menu-item-5370\"><a href=\"https:\/\/fadeweb.uncoma.edu.ar\/index.php\/carreras\/licenciatura-en-servicio-social\/correlatividades-licenciatura-en-servicio-social\/\" class=\"elementor-item\" tabindex=\"-1\">CORRELATIVIDADES<\/a><\/li>\n<li class=\"menu-item menu-item-type-post_type menu-item-object-page menu-item-5371\"><a href=\"https:\/\/fadeweb.uncoma.edu.ar\/index.php\/programas\/programa-servsocial\/\" class=\"elementor-item\" tabindex=\"-1\">PROGRAMAS<\/a><\/li>\n<li class=\"menu-item menu-item-type-post_type menu-item-object-page menu-item-5375\"><a href=\"https:\/\/fadeweb.uncoma.edu.ar\/index.php\/estudiantes\/calendario-academico\/\" class=\"elementor-item\" tabindex=\"-1\">CALENDARIO ACADEMICO<\/a><\/li>\n<li class=\"menu-item menu-item-type-post_type menu-item-object-page menu-item-5376\"><a href=\"https:\/\/fadeweb.uncoma.edu.ar\/index.php\/estudiantes\/horarios-de-cursadas\/\" class=\"elementor-item\" tabindex=\"-1\">HORARIOS DE CURSADAS<\/a><\/li>\n<li class=\"menu-item menu-item-type-custom menu-item-object-custom menu-item-5377\"><a href=\"http:\/\/siufade.uncoma.edu.ar\/\" class=\"elementor-item\" tabindex=\"-1\">SIU FADE: Sistema de Gesti\u00f3n de Alumnos en Internet<\/a><\/li>\n<li class=\"menu-item menu-item-type-custom menu-item-object-custom menu-item-5378\"><a href=\"https:\/\/siufade.uncoma.edu.ar\/derecho\/fecha_examen\" class=\"elementor-item\" tabindex=\"-1\">FECHAS DE EX\u00c1MENES<\/a><\/li>\n<\/ul>\t\t\t<\/nav>\n\t\t\t\t\t\t<\/div>\n\t\t\t\t<\/div>\n\t\t\t\t\t<\/div>\n\t\t<\/div>\n\t\t\t\t\t<\/div>\n\t\t<\/section>\n\t\t\t\t<\/div>\n\t\t","protected":false},"excerpt":{"rendered":"<p>LICENCIATURA EN SERVICIO SOCIAL Programas 01.- INTRODUCCION AL SERVICIO SOCIAL 02.- HISTORIA SOCIAL MODERNA Y CONTEMPORANEA 03.- METODOLOGIA DEL SERVICIO SOCIAL I 04.- INTRODUCCION A LA PSICOLOGIA 05.- INTRODUCCI\u00d3N A LA SOCIOLOG\u00cdA 06.- METODOLOGIA DEL SERVICIO SOCIAL II 07.- PSICOLOGIA EVOLUTIVA 08.- SERVICIO SOCIAL CON GRUPOS 09.- PSICOLOGIA SOCIAL 10.- ANTROPOLOGIA CULTURAL Y SOCIAL 11.- [&hellip;]<\/p>\n","protected":false},"author":2,"featured_media":0,"parent":1957,"menu_order":0,"comment_status":"closed","ping_status":"closed","template":"","meta":{"footnotes":""},"class_list":["post-2108","page","type-page","status-publish","hentry"],"_links":{"self":[{"href":"https:\/\/fadeweb.uncoma.edu.ar\/index.php\/wp-json\/wp\/v2\/pages\/2108","targetHints":{"allow":["GET"]}}],"collection":[{"href":"https:\/\/fadeweb.uncoma.edu.ar\/index.php\/wp-json\/wp\/v2\/pages"}],"about":[{"href":"https:\/\/fadeweb.uncoma.edu.ar\/index.php\/wp-json\/wp\/v2\/types\/page"}],"author":[{"embeddable":true,"href":"https:\/\/fadeweb.uncoma.edu.ar\/index.php\/wp-json\/wp\/v2\/users\/2"}],"replies":[{"embeddable":true,"href":"https:\/\/fadeweb.uncoma.edu.ar\/index.php\/wp-json\/wp\/v2\/comments?post=2108"}],"version-history":[{"count":10,"href":"https:\/\/fadeweb.uncoma.edu.ar\/index.php\/wp-json\/wp\/v2\/pages\/2108\/revisions"}],"predecessor-version":[{"id":10412,"href":"https:\/\/fadeweb.uncoma.edu.ar\/index.php\/wp-json\/wp\/v2\/pages\/2108\/revisions\/10412"}],"up":[{"embeddable":true,"href":"https:\/\/fadeweb.uncoma.edu.ar\/index.php\/wp-json\/wp\/v2\/pages\/1957"}],"wp:attachment":[{"href":"https:\/\/fadeweb.uncoma.edu.ar\/index.php\/wp-json\/wp\/v2\/media?parent=2108"}],"curies":[{"name":"wp","href":"https:\/\/api.w.org\/{rel}","templated":true}]}}