{"id":2040,"date":"2022-06-28T15:32:41","date_gmt":"2022-06-28T15:32:41","guid":{"rendered":"http:\/\/web.fadecs.uncoma.edu.ar\/?page_id=2040"},"modified":"2022-11-10T07:48:26","modified_gmt":"2022-11-10T10:48:26","slug":"programa-abogacia","status":"publish","type":"page","link":"https:\/\/fadeweb.uncoma.edu.ar\/index.php\/programas\/programa-abogacia\/","title":{"rendered":"PROGRAMAS DE ABOGACIA"},"content":{"rendered":"\t\t<div data-elementor-type=\"wp-page\" data-elementor-id=\"2040\" class=\"elementor elementor-2040\" data-elementor-post-type=\"page\">\n\t\t\t\t\t\t<section class=\"elementor-section elementor-top-section elementor-element elementor-element-68a520c elementor-section-boxed elementor-section-height-default elementor-section-height-default\" data-id=\"68a520c\" data-element_type=\"section\" data-e-type=\"section\">\n\t\t\t\t\t\t<div class=\"elementor-container elementor-column-gap-default\">\n\t\t\t\t\t<div class=\"elementor-column elementor-col-50 elementor-top-column elementor-element elementor-element-dc428e9\" data-id=\"dc428e9\" data-element_type=\"column\" data-e-type=\"column\">\n\t\t\t<div class=\"elementor-widget-wrap elementor-element-populated\">\n\t\t\t\t\t\t<div class=\"elementor-element elementor-element-9281adb elementor-widget elementor-widget-heading\" data-id=\"9281adb\" data-element_type=\"widget\" data-e-type=\"widget\" data-widget_type=\"heading.default\">\n\t\t\t\t<div class=\"elementor-widget-container\">\n\t\t\t\t\t<h1 class=\"elementor-heading-title elementor-size-default\">ABOGACIA<\/h1>\t\t\t\t<\/div>\n\t\t\t\t<\/div>\n\t\t\t\t<div class=\"elementor-element elementor-element-ea1da8a elementor-widget elementor-widget-spacer\" data-id=\"ea1da8a\" data-element_type=\"widget\" data-e-type=\"widget\" data-widget_type=\"spacer.default\">\n\t\t\t\t<div class=\"elementor-widget-container\">\n\t\t\t\t\t\t\t<div class=\"elementor-spacer\">\n\t\t\t<div class=\"elementor-spacer-inner\"><\/div>\n\t\t<\/div>\n\t\t\t\t\t\t<\/div>\n\t\t\t\t<\/div>\n\t\t\t\t<div class=\"elementor-element elementor-element-ea24797 elementor-widget elementor-widget-heading\" data-id=\"ea24797\" data-element_type=\"widget\" data-e-type=\"widget\" data-widget_type=\"heading.default\">\n\t\t\t\t<div class=\"elementor-widget-container\">\n\t\t\t\t\t<h2 class=\"elementor-heading-title elementor-size-default\">Programas<\/h2>\t\t\t\t<\/div>\n\t\t\t\t<\/div>\n\t\t\t\t<div class=\"elementor-element elementor-element-4cae9e5 elementor-widget elementor-widget-spacer\" data-id=\"4cae9e5\" data-element_type=\"widget\" data-e-type=\"widget\" data-widget_type=\"spacer.default\">\n\t\t\t\t<div class=\"elementor-widget-container\">\n\t\t\t\t\t\t\t<div class=\"elementor-spacer\">\n\t\t\t<div class=\"elementor-spacer-inner\"><\/div>\n\t\t<\/div>\n\t\t\t\t\t\t<\/div>\n\t\t\t\t<\/div>\n\t\t\t\t<div class=\"elementor-element elementor-element-88c27a5 elementor-widget elementor-widget-text-editor\" data-id=\"88c27a5\" data-element_type=\"widget\" data-e-type=\"widget\" data-widget_type=\"text-editor.default\">\n\t\t\t\t<div class=\"elementor-widget-container\">\n\t\t\t\t\t\t\t\t\t<table class=\"programas\"><caption>Primer A\u00f1o<\/caption><tbody><tr><td><a href=\"https:\/\/fadeweb.uncoma.edu.ar\/wp-content\/uploads\/2022\/09\/Programa-TGD-1-2012-DEFINITIVO.doc\">TEORIA GENERAL DEL DERECHO I<\/a><\/td><\/tr><tr><td><strong>DERECHO POLITICO I<\/strong><\/td><\/tr><tr><td><a href=\"https:\/\/fadeweb.uncoma.edu.ar\/wp-content\/uploads\/2022\/09\/Derecho-Politico-I-2020.pdf\">DERECHO POLITICO I &#8211; C\u00c1TEDRA 2<\/a><\/td><\/tr><tr><td><a href=\"https:\/\/fadeweb.uncoma.edu.ar\/wp-content\/uploads\/2022\/09\/Derecho-Romano.pdf\">DERECHO ROMANO<\/a><\/td><\/tr><tr><td><a href=\"https:\/\/fadeweb.uncoma.edu.ar\/wp-content\/uploads\/2022\/09\/DERECHO-CIVIL-I-Catedra-1.pdf\">DERECHO CIVIL I &#8211; C\u00c1TEDRA 1<\/a><\/td><\/tr><tr><td><a href=\"https:\/\/fadeweb.uncoma.edu.ar\/wp-content\/uploads\/2022\/09\/DERECHO-CIVIL-I-Catedra-II.pdf\">DERECHO CIVIL I &#8211; C\u00c1TEDRA 2<\/a><\/td><\/tr><tr><td><a href=\"https:\/\/fadeweb.uncoma.edu.ar\/wp-content\/uploads\/2022\/09\/programaderechopolitico2.doc\">DERECHO POLITICO II<\/a><\/td><\/tr><tr><td>ECONOMIA POLITICA<\/td><\/tr><tr><td>DERECHO COMERCIAL I<\/td><\/tr><\/tbody><\/table><table class=\"programas\"><caption>Segundo A\u00f1o<\/caption><tbody><tr><td><strong><a href=\"https:\/\/fadeweb.uncoma.edu.ar\/wp-content\/uploads\/2022\/09\/Derecho-Constitucional-Catedra-1.pdf\">DERECHO CONSTITUCIONAL &#8211; C\u00c1TEDRA 1<\/a><\/strong><\/td><\/tr><tr><td><strong>DERECHO CONSTITUCIONAL &#8211; C\u00c1TEDRA2\u00a0<\/strong><\/td><\/tr><tr><td><a href=\"https:\/\/fadeweb.uncoma.edu.ar\/wp-content\/uploads\/2022\/09\/DERECHO-CIVIL-II.pdf\">DERECHO CIVIL II<\/a><\/td><\/tr><tr><td><a href=\"https:\/\/fadeweb.uncoma.edu.ar\/wp-content\/uploads\/2022\/09\/DERECHO-PUBLICO-PROVINCIAL-Y-MUNICIPAL.pdf\">DERECHO PUBLICO PROVINCIAL Y MUNICIPAL<\/a><\/td><\/tr><tr><td><a href=\"https:\/\/fadeweb.uncoma.edu.ar\/wp-content\/uploads\/2022\/09\/derecho-penal-I.pdf\">DERECHO PENAL I &#8211; TRADICIONAL<\/a><\/td><\/tr><tr><td><a href=\"https:\/\/fadeweb.uncoma.edu.ar\/wp-content\/uploads\/2022\/09\/civilIIIcomahue-2016.pdf\">DERECHO CIVIL III<\/a><\/td><\/tr><tr><td><a href=\"https:\/\/fadeweb.uncoma.edu.ar\/wp-content\/uploads\/2022\/09\/PROGRAMA-OFICIAL-DP-parte-general-2022-Sec.-Academ..pdf\">DERECHO PENAL PARTE GENERAL<\/a><\/td><\/tr><\/tbody><\/table><table class=\"programas\"><caption>Tercer A\u00f1o<\/caption><tbody><tr><td><a href=\"https:\/\/fadeweb.uncoma.edu.ar\/wp-content\/uploads\/2022\/09\/Derecho-Penal-II-Tradicional-2020.pdf\">DERECHO PENAL II &#8211; TRADICIONAL<\/a><\/td><\/tr><tr><td><a href=\"https:\/\/fadeweb.uncoma.edu.ar\/wp-content\/uploads\/2022\/09\/Derecho-Penal-II.pdf\">DERECHO PENAL II &#8211; METODOLOGIA DE CASOS<\/a><\/td><\/tr><tr><td><a href=\"https:\/\/fadeweb.uncoma.edu.ar\/wp-content\/uploads\/2022\/09\/Derecho-Procesal-I-Abogacia.pdf\">DERECHO PROCESAL I<\/a><\/td><\/tr><tr><td><a href=\"https:\/\/fadeweb.uncoma.edu.ar\/wp-content\/uploads\/2022\/09\/Derecho-Comercial-II.pdf\">DERECHO COMERCIAL II<\/a><\/td><\/tr><tr><td><a href=\"https:\/\/fadeweb.uncoma.edu.ar\/wp-content\/uploads\/2022\/09\/DERECHO-CIVIL-IV-Programa-2017.docx\">DERECHO CIVIL IV<\/a><\/td><\/tr><tr><td><a href=\"https:\/\/fadeweb.uncoma.edu.ar\/wp-content\/uploads\/2022\/09\/Derecho-Social-2020.pdf\">DERECHO SOCIAL<\/a><\/td><\/tr><tr><td><a href=\"https:\/\/fadeweb.uncoma.edu.ar\/wp-content\/uploads\/2022\/09\/PROGRAMA-OFICIAL-DP-parte-especial-2022-Sec.-Academ..pdf\">DERECHO PENAL PARTE ESPECIAL<\/a><\/td><\/tr><tr><td>FINANZAS Y DERECHO FINANCIERO<\/td><\/tr><\/tbody><\/table><table class=\"programas\"><caption>Cuarto A\u00f1o<\/caption><tbody><tr><td><a href=\"https:\/\/fadeweb.uncoma.edu.ar\/wp-content\/uploads\/2022\/09\/DERECHO-PROCESAL-II.pdf\">DERECHO PROCESAL II<\/a><\/td><\/tr><tr><td>DERECHO DE LOS RECURSOS NATURALES<\/td><\/tr><tr><td><a href=\"https:\/\/fadeweb.uncoma.edu.ar\/wp-content\/uploads\/2022\/09\/Programa-Int.-a-la-Sociologia.-_-Abogacia_1er.-Cuat.-2020.pdf\">INTRODUCCION A LA SOCIOLOGIA<\/a><\/td><\/tr><tr><td><a href=\"https:\/\/fadeweb.uncoma.edu.ar\/wp-content\/uploads\/2022\/09\/Derecho-administrativo.pdf\">DERECHO ADMINISTRATIVO<\/a><\/td><\/tr><tr><td><a href=\"https:\/\/fadeweb.uncoma.edu.ar\/wp-content\/uploads\/2022\/09\/Programa-TGD-2-2010.doc\">TEORIA GENERAL DEL DERECHO II<\/a><\/td><\/tr><\/tbody><\/table><table class=\"programas\"><caption>Quinto A\u00f1o<\/caption><tbody><tr><td><a href=\"https:\/\/fadeweb.uncoma.edu.ar\/wp-content\/uploads\/2022\/09\/Derecho-Comercial-III.pdf\">DERECHO COMERCIAL III<\/a><\/td><\/tr><tr><td>DERECHO CIVIL IV<\/td><\/tr><tr><td>DERECHO INTERNACIONAL<\/td><\/tr><tr><td>DERECHO EMPRESARIO Y DE LA ACTIVIDAD ECON\u00d3MICA<\/td><\/tr><tr><td><a href=\"https:\/\/fadeweb.uncoma.edu.ar\/wp-content\/uploads\/2022\/09\/Derecho-de-los-Recursos-Naturales.pdf\">DERECHO DE LOS RECURSOS NATURALES<\/a><\/td><\/tr><tr><td><a href=\"https:\/\/fadeweb.uncoma.edu.ar\/wp-content\/uploads\/2022\/09\/Seminario-de-Mediacion-2017.pdf\">SEMINARIO MEDIACION<\/a><\/td><\/tr><tr><td><a href=\"https:\/\/fadeweb.uncoma.edu.ar\/wp-content\/uploads\/2022\/09\/PRACTICA-PROCESAL-II.pdf\">PRACTICA PROFESIONAL II<\/a><\/td><\/tr><tr><td><a href=\"https:\/\/fadeweb.uncoma.edu.ar\/wp-content\/uploads\/2022\/09\/PROGRAMA-PRACTICA-PROFESIONAL-III.pdf\">PRACTICA PROFESIONAL III<\/a><\/td><\/tr><tr><td><a href=\"https:\/\/fadeweb.uncoma.edu.ar\/wp-content\/uploads\/2022\/09\/SEMINARIO-II-PRIMER-CUATRIMESTRE-2020.pdf\">SEMINARIO II DERECHO PENAL<\/a><\/td><\/tr><tr><td><a href=\"https:\/\/fadeweb.uncoma.edu.ar\/wp-content\/uploads\/2022\/09\/SEMINARIO-DE-DERECHOS-HUMANOS-II.pdf\">SEMINARIO DE DERECHOS HUMANOS II<\/a><\/td><\/tr><tr><td><a href=\"https:\/\/fadeweb.uncoma.edu.ar\/wp-content\/uploads\/2022\/09\/Seminario-I-DDHH-Abogacia.pdf\">SEMINARIO DE DERECHOS HUMANOS I<\/a><\/td><\/tr><\/tbody><\/table>\t\t\t\t\t\t\t\t<\/div>\n\t\t\t\t<\/div>\n\t\t\t\t<div class=\"elementor-element elementor-element-d9fe56a elementor-widget elementor-widget-shortcode\" data-id=\"d9fe56a\" data-element_type=\"widget\" data-e-type=\"widget\" data-widget_type=\"shortcode.default\">\n\t\t\t\t<div class=\"elementor-widget-container\">\n\t\t\t\t\t\t\t<div class=\"elementor-shortcode\">\t\t<div data-elementor-type=\"section\" data-elementor-id=\"4583\" class=\"elementor elementor-4583\" data-elementor-post-type=\"elementor_library\">\n\t\t\t\t\t<section class=\"elementor-section elementor-top-section elementor-element elementor-element-14232f66 elementor-section-boxed elementor-section-height-default elementor-section-height-default\" data-id=\"14232f66\" data-element_type=\"section\" data-e-type=\"section\">\n\t\t\t\t\t\t<div class=\"elementor-container elementor-column-gap-default\">\n\t\t\t\t\t<div class=\"elementor-column elementor-col-100 elementor-top-column elementor-element elementor-element-613d052d\" data-id=\"613d052d\" data-element_type=\"column\" data-e-type=\"column\">\n\t\t\t<div class=\"elementor-widget-wrap elementor-element-populated\">\n\t\t\t\t\t\t<div class=\"elementor-element elementor-element-6b448111 elementor-widget-divider--view-line elementor-widget elementor-widget-divider\" data-id=\"6b448111\" data-element_type=\"widget\" data-e-type=\"widget\" data-widget_type=\"divider.default\">\n\t\t\t\t<div class=\"elementor-widget-container\">\n\t\t\t\t\t\t\t<div class=\"elementor-divider\">\n\t\t\t<span class=\"elementor-divider-separator\">\n\t\t\t\t\t\t<\/span>\n\t\t<\/div>\n\t\t\t\t\t\t<\/div>\n\t\t\t\t<\/div>\n\t\t\t\t<div class=\"elementor-element elementor-element-4d542db7 elementor-widget elementor-widget-text-editor\" data-id=\"4d542db7\" data-element_type=\"widget\" data-e-type=\"widget\" data-widget_type=\"text-editor.default\">\n\t\t\t\t<div class=\"elementor-widget-container\">\n\t\t\t\t\t\t\t\t\t<p><strong>INFORMACI\u00d3N<\/strong><br \/>Departamento de Alumnos<br \/>TE: (0298) 4435700<br \/>Correo electr\u00f3nico:\u00a0<a href=\"mailto:alumnos@fade.uncoma.edu.ar\">alumnos@fade.uncoma.edu.ar<\/a><br \/>Mendoza y Per\u00fa.<br \/>(8332) General Roca, R\u00edo Negro<br \/>Argentina<\/p>\t\t\t\t\t\t\t\t<\/div>\n\t\t\t\t<\/div>\n\t\t\t\t\t<\/div>\n\t\t<\/div>\n\t\t\t\t\t<\/div>\n\t\t<\/section>\n\t\t\t\t<\/div>\n\t\t<\/div>\n\t\t\t\t\t\t<\/div>\n\t\t\t\t<\/div>\n\t\t\t\t\t<\/div>\n\t\t<\/div>\n\t\t\t\t<div class=\"elementor-column elementor-col-50 elementor-top-column elementor-element elementor-element-d2ccf88\" data-id=\"d2ccf88\" data-element_type=\"column\" data-e-type=\"column\">\n\t\t\t<div class=\"elementor-widget-wrap elementor-element-populated\">\n\t\t\t\t\t\t<div class=\"elementor-element elementor-element-d59032e elementor-nav-menu__align-start elementor-nav-menu--dropdown-none elementor-widget elementor-widget-nav-menu\" data-id=\"d59032e\" data-element_type=\"widget\" data-e-type=\"widget\" id=\"menu-lateral\" data-settings=\"{&quot;layout&quot;:&quot;vertical&quot;,&quot;submenu_icon&quot;:{&quot;value&quot;:&quot;&lt;i class=\\&quot;fas fa-caret-down\\&quot; aria-hidden=\\&quot;true\\&quot;&gt;&lt;\\\/i&gt;&quot;,&quot;library&quot;:&quot;fa-solid&quot;}}\" data-widget_type=\"nav-menu.default\">\n\t\t\t\t<div class=\"elementor-widget-container\">\n\t\t\t\t\t\t\t\t<nav aria-label=\"Menu\" class=\"elementor-nav-menu--main elementor-nav-menu__container elementor-nav-menu--layout-vertical e--pointer-background e--animation-fade\">\n\t\t\t\t<ul id=\"menu-1-d59032e\" class=\"elementor-nav-menu sm-vertical\"><li class=\"menu-item menu-item-type-post_type menu-item-object-page menu-item-4856\"><a href=\"https:\/\/fadeweb.uncoma.edu.ar\/index.php\/carreras\/abogacia\/abogacia-nuevo-plan\/\" class=\"elementor-item\">PLAN DE ESTUDIOS<\/a><\/li>\n<li class=\"menu-item menu-item-type-post_type menu-item-object-page menu-item-4931\"><a href=\"https:\/\/fadeweb.uncoma.edu.ar\/index.php\/carreras\/abogacia\/abogacia-correlatividades-plan-087-85\/\" class=\"elementor-item\">CORRELATIVIDADES<\/a><\/li>\n<li class=\"menu-item menu-item-type-post_type menu-item-object-page menu-item-4858\"><a href=\"https:\/\/fadeweb.uncoma.edu.ar\/index.php\/programas\/programa-abogacia\/\" class=\"elementor-item\">PROGRAMAS<\/a><\/li>\n<li class=\"menu-item menu-item-type-post_type menu-item-object-page menu-item-4860\"><a href=\"https:\/\/fadeweb.uncoma.edu.ar\/index.php\/estudiantes\/calendario-academico\/\" class=\"elementor-item\">CALENDARIO ACADEMICO<\/a><\/li>\n<li class=\"menu-item menu-item-type-post_type menu-item-object-page menu-item-4861\"><a href=\"https:\/\/fadeweb.uncoma.edu.ar\/index.php\/estudiantes\/horarios-de-cursadas\/\" class=\"elementor-item\">HORARIOS DE CURSADAS<\/a><\/li>\n<li class=\"menu-item menu-item-type-custom menu-item-object-custom menu-item-4862\"><a href=\"http:\/\/siufade.uncoma.edu.ar\/\" class=\"elementor-item\">SIU FADE: Sistema de Gesti\u00f3n de Alumnos en Internet<\/a><\/li>\n<li class=\"menu-item menu-item-type-custom menu-item-object-custom menu-item-4863\"><a href=\"https:\/\/siufade.uncoma.edu.ar\/derecho\/fecha_examen\" class=\"elementor-item\">FECHAS DE EXAMENES<\/a><\/li>\n<\/ul>\t\t\t<\/nav>\n\t\t\t\t\t\t<nav class=\"elementor-nav-menu--dropdown elementor-nav-menu__container\" aria-hidden=\"true\">\n\t\t\t\t<ul id=\"menu-2-d59032e\" class=\"elementor-nav-menu sm-vertical\"><li class=\"menu-item menu-item-type-post_type menu-item-object-page menu-item-4856\"><a href=\"https:\/\/fadeweb.uncoma.edu.ar\/index.php\/carreras\/abogacia\/abogacia-nuevo-plan\/\" class=\"elementor-item\" tabindex=\"-1\">PLAN DE ESTUDIOS<\/a><\/li>\n<li class=\"menu-item menu-item-type-post_type menu-item-object-page menu-item-4931\"><a href=\"https:\/\/fadeweb.uncoma.edu.ar\/index.php\/carreras\/abogacia\/abogacia-correlatividades-plan-087-85\/\" class=\"elementor-item\" tabindex=\"-1\">CORRELATIVIDADES<\/a><\/li>\n<li class=\"menu-item menu-item-type-post_type menu-item-object-page menu-item-4858\"><a href=\"https:\/\/fadeweb.uncoma.edu.ar\/index.php\/programas\/programa-abogacia\/\" class=\"elementor-item\" tabindex=\"-1\">PROGRAMAS<\/a><\/li>\n<li class=\"menu-item menu-item-type-post_type menu-item-object-page menu-item-4860\"><a href=\"https:\/\/fadeweb.uncoma.edu.ar\/index.php\/estudiantes\/calendario-academico\/\" class=\"elementor-item\" tabindex=\"-1\">CALENDARIO ACADEMICO<\/a><\/li>\n<li class=\"menu-item menu-item-type-post_type menu-item-object-page menu-item-4861\"><a href=\"https:\/\/fadeweb.uncoma.edu.ar\/index.php\/estudiantes\/horarios-de-cursadas\/\" class=\"elementor-item\" tabindex=\"-1\">HORARIOS DE CURSADAS<\/a><\/li>\n<li class=\"menu-item menu-item-type-custom menu-item-object-custom menu-item-4862\"><a href=\"http:\/\/siufade.uncoma.edu.ar\/\" class=\"elementor-item\" tabindex=\"-1\">SIU FADE: Sistema de Gesti\u00f3n de Alumnos en Internet<\/a><\/li>\n<li class=\"menu-item menu-item-type-custom menu-item-object-custom menu-item-4863\"><a href=\"https:\/\/siufade.uncoma.edu.ar\/derecho\/fecha_examen\" class=\"elementor-item\" tabindex=\"-1\">FECHAS DE EXAMENES<\/a><\/li>\n<\/ul>\t\t\t<\/nav>\n\t\t\t\t\t\t<\/div>\n\t\t\t\t<\/div>\n\t\t\t\t\t<\/div>\n\t\t<\/div>\n\t\t\t\t\t<\/div>\n\t\t<\/section>\n\t\t\t\t<\/div>\n\t\t","protected":false},"excerpt":{"rendered":"<p>ABOGACIA Programas Primer A\u00f1o TEORIA GENERAL DEL DERECHO I DERECHO POLITICO I DERECHO POLITICO I &#8211; C\u00c1TEDRA 2 DERECHO ROMANO DERECHO CIVIL I &#8211; C\u00c1TEDRA 1 DERECHO CIVIL I &#8211; C\u00c1TEDRA 2 DERECHO POLITICO II ECONOMIA POLITICA DERECHO COMERCIAL I Segundo A\u00f1o DERECHO CONSTITUCIONAL &#8211; C\u00c1TEDRA 1 DERECHO CONSTITUCIONAL &#8211; C\u00c1TEDRA2\u00a0 DERECHO CIVIL II DERECHO [&hellip;]<\/p>\n","protected":false},"author":2,"featured_media":0,"parent":1957,"menu_order":0,"comment_status":"closed","ping_status":"closed","template":"","meta":{"footnotes":""},"class_list":["post-2040","page","type-page","status-publish","hentry"],"_links":{"self":[{"href":"https:\/\/fadeweb.uncoma.edu.ar\/index.php\/wp-json\/wp\/v2\/pages\/2040","targetHints":{"allow":["GET"]}}],"collection":[{"href":"https:\/\/fadeweb.uncoma.edu.ar\/index.php\/wp-json\/wp\/v2\/pages"}],"about":[{"href":"https:\/\/fadeweb.uncoma.edu.ar\/index.php\/wp-json\/wp\/v2\/types\/page"}],"author":[{"embeddable":true,"href":"https:\/\/fadeweb.uncoma.edu.ar\/index.php\/wp-json\/wp\/v2\/users\/2"}],"replies":[{"embeddable":true,"href":"https:\/\/fadeweb.uncoma.edu.ar\/index.php\/wp-json\/wp\/v2\/comments?post=2040"}],"version-history":[{"count":55,"href":"https:\/\/fadeweb.uncoma.edu.ar\/index.php\/wp-json\/wp\/v2\/pages\/2040\/revisions"}],"predecessor-version":[{"id":10394,"href":"https:\/\/fadeweb.uncoma.edu.ar\/index.php\/wp-json\/wp\/v2\/pages\/2040\/revisions\/10394"}],"up":[{"embeddable":true,"href":"https:\/\/fadeweb.uncoma.edu.ar\/index.php\/wp-json\/wp\/v2\/pages\/1957"}],"wp:attachment":[{"href":"https:\/\/fadeweb.uncoma.edu.ar\/index.php\/wp-json\/wp\/v2\/media?parent=2040"}],"curies":[{"name":"wp","href":"https:\/\/api.w.org\/{rel}","templated":true}]}}