{"id":19995,"date":"2024-03-12T10:19:47","date_gmt":"2024-03-12T13:19:47","guid":{"rendered":"https:\/\/fadeweb.uncoma.edu.ar\/?page_id=19995"},"modified":"2026-03-25T09:03:54","modified_gmt":"2026-03-25T12:03:54","slug":"convocatorias-adscripciones-estudiantes-graduados-as","status":"publish","type":"page","link":"https:\/\/fadeweb.uncoma.edu.ar\/index.php\/convocatorias-adscripciones-estudiantes-graduados-as\/","title":{"rendered":"CONVOCATORIAS ADSCRIPCIONES ESTUDIANTES \u2013 GRADUADOS\/AS"},"content":{"rendered":"<h1 class=\"titulo1\">R\u00c9GIMEN DE ADSCRIPCIONES EN LA FADECS<\/h1>\n<section class=\"elementor-section elementor-top-section elementor-element elementor-element-1633cdb elementor-section-boxed elementor-section-height-default elementor-section-height-default\" data-id=\"1633cdb\" data-element_type=\"section\" data-e-type=\"section\">\n<div class=\"elementor-container elementor-column-gap-default\">\n<div class=\"elementor-column elementor-col-100 elementor-top-column elementor-element elementor-element-8565b70\" data-id=\"8565b70\" data-element_type=\"column\" data-e-type=\"column\">\n<div class=\"elementor-widget-wrap elementor-element-populated\">\n<div class=\"elementor-element elementor-element-c118b73 elementor-align-justify elementor-widget elementor-widget-button\" data-id=\"c118b73\" data-element_type=\"widget\" data-e-type=\"widget\" data-widget_type=\"button.default\">\n<div class=\"elementor-widget-container\">\n<div class=\"elementor-button-wrapper\"><a class=\"elementor-button elementor-button-link elementor-size-sm\" href=\"https:\/\/fadeweb.uncoma.edu.ar\/index.php\/autoridades\/secretaria-academica\/docentes\/adscripciones\/#\"><span class=\"elementor-button-content-wrapper\"><span class=\"elementor-button-text\">Resoluci\u00f3n N\u00ba 0226\/2017 R\u00e9gimen de Adscriptos Graduados y Adscriptos Estudiantes<\/span><\/span><\/a><\/div>\n<div><a href=\"https:\/\/fadeweb.uncoma.edu.ar\/wp-content\/uploads\/2026\/03\/196_2023-MODIFICA226.pdf\">Modificaci\u00f3n de los art\u00edculos 2, 3 y 4 del Anexo I de la Res. N\u00b0226\/2017<\/a><\/div>\n<\/div>\n<\/div>\n<div class=\"elementor-element elementor-element-d6691f4 elementor-align-justify elementor-widget elementor-widget-button\" data-id=\"d6691f4\" data-element_type=\"widget\" data-e-type=\"widget\" data-widget_type=\"button.default\">\n<div class=\"elementor-widget-container\">\n<div class=\"elementor-button-wrapper\"><a class=\"elementor-button elementor-button-link elementor-size-sm\" href=\"https:\/\/fadeweb.uncoma.edu.ar\/wp-content\/uploads\/2024\/03\/ADSCRIPCIONES-FORMULARIO-DE-INSCRIPCION.pdf\"><span class=\"elementor-button-content-wrapper\"><span class=\"elementor-button-text\">FORMULARIO DE INSCRIPCION<\/span><\/span><\/a><\/div>\n<\/div>\n<\/div>\n<\/div>\n<\/div>\n<\/div>\n<\/section>\n<section class=\"elementor-section elementor-top-section elementor-element elementor-element-7abbfda0 elementor-section-boxed elementor-section-height-default elementor-section-height-default\" data-id=\"7abbfda0\" data-element_type=\"section\" data-e-type=\"section\">\n<div class=\"elementor-container elementor-column-gap-default\">\n<div class=\"elementor-column elementor-col-100 elementor-top-column elementor-element elementor-element-1bdc425a\" data-id=\"1bdc425a\" data-element_type=\"column\" data-e-type=\"column\">\n<div class=\"elementor-widget-wrap elementor-element-populated\">\n<div class=\"elementor-element elementor-element-75c60b76 elementor-widget elementor-widget-text-editor\" data-id=\"75c60b76\" data-element_type=\"widget\" data-e-type=\"widget\" data-widget_type=\"text-editor.default\">\n<div class=\"elementor-widget-container\">\n<h1 class=\"titulo1\">R\u00c9GIMEN DE ADSCRIPCIONES EN LA FADECS<\/h1>\n<h3><strong>CONVOCATORIAS ADSCRIPCIONES ESTUDIANTES \u2013 GRADUADOS\/AS \u2013 PERIODO 2026\/2027<\/strong><\/h3>\n<p><strong>Hasta el<\/strong>\u00a0<strong>31 de marzo de 2026<\/strong>\u00a0inclusive, se encuentra abierta la inscripci\u00f3n para aquellos\/as estudiantes y graduados\/as que se encuentren interesados en participar del programa de adscripciones.<\/p>\n<p>La convocatoria se efect\u00faa desde la Secretar\u00eda Acad\u00e9mica, para la carrera de<\/p>\n<p><strong>1) Abogac\u00eda para las siguientes asignaturas:<\/strong><\/p>\n<table width=\"689\">\n<tbody>\n<tr>\n<td width=\"264\"><strong>Dpto. de Derecho Privado<\/strong><\/td>\n<td width=\"425\"><strong>Dpto. de Derecho P\u00fablico<\/strong><\/td>\n<\/tr>\n<tr>\n<td width=\"264\">Derecho Privado (Prof. Quidel)<\/td>\n<td width=\"425\">Derecho Constitucional 1)<\/td>\n<\/tr>\n<tr>\n<td width=\"264\">Derecho Contratos<\/td>\n<td width=\"425\">Derecho Constitucional II<\/td>\n<\/tr>\n<tr>\n<td width=\"264\">Filosof\u00eda del Derecho<\/td>\n<td width=\"425\">Introduc.\u00a0 Pr\u00e1ctica Profesional (Prof. Menda\u00f1a)<\/td>\n<\/tr>\n<tr>\n<td width=\"264\">Teor\u00eda del Derecho<\/td>\n<td width=\"425\">Derecho Procesal Penal (Prof. Balladini)<\/td>\n<\/tr>\n<tr>\n<td width=\"264\">Da\u00f1os<\/td>\n<td width=\"425\">Derecho Procesal Penal (Prof. Menda\u00f1a)<\/td>\n<\/tr>\n<tr>\n<td width=\"264\">Obligaciones<\/td>\n<td width=\"425\">Derecho de los Recursos Naturales<\/td>\n<\/tr>\n<tr>\n<td width=\"264\">Personas Jur\u00eddicas<\/td>\n<td width=\"425\">Aspectos Jur\u00eddicos Institucionales<\/td>\n<\/tr>\n<tr>\n<td width=\"264\"><\/td>\n<td width=\"425\">Dcho. Penal II \u2013 Tradicional (Prof. Sanchez Freytes)<\/td>\n<\/tr>\n<tr>\n<td width=\"264\"><\/td>\n<td width=\"425\">Dcho Penal I \u2013 Parte General \u2013(Casos Prof. Vitale)<\/td>\n<\/tr>\n<tr>\n<td width=\"264\"><\/td>\n<td width=\"425\">Derecho Penal II \u2013 Casos (Prof. Vitale)<\/td>\n<\/tr>\n<tr>\n<td width=\"264\"><\/td>\n<td width=\"425\">G\u00e9nero, Diversidad y Derecho<\/td>\n<\/tr>\n<tr>\n<td width=\"264\"><\/td>\n<td width=\"425\">Derecho Humanos<\/td>\n<\/tr>\n<tr>\n<td width=\"264\"><\/td>\n<td width=\"425\">Derecho Procesal Civil<\/td>\n<\/tr>\n<tr>\n<td width=\"264\"><\/td>\n<td width=\"425\">Derecho P\u00fablico Provincial<\/td>\n<\/tr>\n<tr>\n<td width=\"264\"><\/td>\n<td width=\"425\">Derecho del Consumo<\/td>\n<\/tr>\n<tr>\n<td width=\"264\"><\/td>\n<td width=\"425\">Derecho Internacional P\u00fablico<\/td>\n<\/tr>\n<\/tbody>\n<\/table>\n<p><strong>2) Servicio Social \u2013 Localizaci\u00f3n General Roca, para las siguientes asignaturas se requiere adscriptos estudiantes<\/strong><\/p>\n<p>Teor\u00eda y Pr\u00e1ctica de \u00c1reas y Recursos en Servicio Social<\/p>\n<p>Introducci\u00f3n al Servicio Social<\/p>\n<p><strong>REQUISITOS PARA LA PRESENTACI\u00d3N DE LOS\/LAS POSTULANTES:<\/strong>\u00a0Los\/las estudiantes o graduados\/as aspirantes a incorporarse al presente programa de adscripciones deber\u00e1n presentar, por ante la Secretaria Acad\u00e9mica la siguiente documentaci\u00f3n:<\/p>\n<p><strong>GRADUADOS\/AS:<\/strong><\/p>\n<ul>\n<li>Formulario de Inscripci\u00f3n Completo<\/li>\n<li>T\u00edtulo Universitario o constancia de t\u00edtulo en tr\u00e1mite<\/li>\n<li>Copia del DNI<\/li>\n<li>CV actualizado.<\/li>\n<\/ul>\n<p><strong>ESTUDIANTES:<\/strong><\/p>\n<ul>\n<li>Formulario de Inscripci\u00f3n Completo<\/li>\n<li>Rendimiento Acad\u00e9mico, en el cual conste tener aprobada la asignatura para la cual se postula y el 25% de las materias de la carrera aprobadas. El rendimiento acad\u00e9mico debe ser solicitado por el\/la interesado\/a ante la Direcci\u00f3n de Alumnos.<\/li>\n<li>Copia del DNI<\/li>\n<li>CV Actualizado.<\/li>\n<\/ul>\n<h3><strong>PRESENTACI\u00d3N DE LA DOCUMENTACI\u00d3N:<\/strong><\/h3>\n<p>La documentaci\u00f3n, deber\u00e1 presentarse en forma ordenada, foliada y firmada de la siguiente forma ante la Secretaria Acad\u00e9mica, sita en Mendoza 2151 de lunes a viernes de 9:30 a 14:30 horas<\/p>\n<p>El\/la postulante deber\u00e1 presentar en dicha oportunidad los originales con el fin de que sea autenticado el juego de copias, y\u00a0 un juego de copias remitirse a la direcci\u00f3n de correo electr\u00f3nico:\u00a0<a href=\"mailto:adscripciones2026@fade.uncoma.edu.ar\"><u>adscripciones2026@fade.uncoma.edu.ar<\/u><\/a><\/p>\n<h3 class=\"subt1\"><strong>\u00a1IMPORTANTE!<\/strong>\u00a0No ser\u00e1n recibidas postulaciones fuera de los plazos establecidos, ni por otras v\u00edas o medios que los indicados precedentemente, o que no cumplan con los requisitos determinados en la presente resoluci\u00f3n.<\/h3>\n<p><a href=\"https:\/\/fadeweb.uncoma.edu.ar\/wp-content\/uploads\/2024\/03\/ADSCRIPCIONES-FORMULARIO-DE-INSCRIPCION.pdf\"><strong>DESCARGAR FORMULARIO DE INSCRIPCI\u00d3N<\/strong><\/a><\/p>\n<p class=\"texto\"><a href=\"http:\/\/web.fadecs.uncoma.edu.ar\/?attachment_id=1947\">Resoluci\u00f3n N\u00ba 0226\/2017 R\u00e9gimen de Adscriptos Graduados y Adscriptos Estudiantes<\/a><\/p>\n<\/div>\n<\/div>\n<\/div>\n<\/div>\n<\/div>\n<\/section>\n<hr \/>\n<h2>CONVOCATORIAS ADSCRIPCIONES ESTUDIANTES \u2013 GRADUADOS\/AS 2024<\/h2>\n<p>Entre el <strong>01 de marzo de 2024<\/strong> y el <strong>31 de marzo de 2024<\/strong> inclusive, se encuentra abierta la inscripci\u00f3n para aquellos\/as estudiantes y graduados\/as que se encuentren interesados en participar del programa de adscripciones.<\/p>\n<p>La convocatoria se efect\u00faa desde la Secretar\u00eda Acad\u00e9mica, para la carrera de <strong>Abogac\u00eda<\/strong> y la <strong>Licenciatura en Trabajo Social<\/strong> (Localizaciones Neuqu\u00e9n y General Roca).<\/p>\n<p><strong>REQUISITOS PARA LA PRESENTACION DE LOS\/LAS POSTULANTES:<\/strong> Los\/las estudiantes o graduados\/as aspirantes a incorporarse al presente programa de adscripciones deber\u00e1n presentar, por ante la Secretaria Acad\u00e9mica la siguiente documentaci\u00f3n:<\/p>\n<p><strong>GRADUADOS\/AS: <\/strong><\/p>\n<ul>\n<li>Formulario de Inscripci\u00f3n Completo<\/li>\n<li>T\u00edtulo Universitario o constancia de t\u00edtulo en tr\u00e1mite<\/li>\n<li>Copia del DNI<\/li>\n<li>CV actualizado.<\/li>\n<\/ul>\n<p><strong>ESTUDIANTES:<\/strong><\/p>\n<ul>\n<li>Formulario de Inscripci\u00f3n Completo<\/li>\n<li>Rendimiento Acad\u00e9mico, en el cual conste tener aprobada la asignatura para la cual se postula y el 25% de las materias de la carrera aprobadas. El rendimiento acad\u00e9mico debe ser solicitado por el\/la interesado\/a ante la Direcci\u00f3n de Alumnos.<\/li>\n<li>Copia del DNI<\/li>\n<li>CV Actualizado.<\/li>\n<\/ul>\n<p><strong>PRESENTACION DE LA DOCUMENTACI\u00d3N:<\/strong><\/p>\n<p>La documentaci\u00f3n que seguidamente se describe, deber\u00e1 presentarse en forma ordenada, foliada y firmada de la siguiente forma:<\/p>\n<ul>\n<li>un juego de copias en soporte papel.\n<ol start=\"8\">\n<li>Abogacia-Trabajo Social (General Roca), ante la Secretaria Acad\u00e9mica, sita en Mendoza 2151 de lunes a viernes de 8 a 15 horas),<\/li>\n<li>Trabajo Social (Neuqu\u00e9n), ante la Direcci\u00f3n de Alumnos de FADECS, sita en Buenos Aires 1400 de lunes a viernes de 8.30 a 13.00 horas.<\/li>\n<\/ol>\n<\/li>\n<\/ul>\n<p>El\/la postulante deber\u00e1 presentar en dicha oportunidad los originales con el fin de que sea autenticado el juego de copias, y<\/p>\n<p>2) un juego de copias remitirse a la direcci\u00f3n de correo electr\u00f3nico: <a href=\"mailto:spacademica@fade.uncoma.edu.ar\">spacademica@fade.uncoma.edu.ar<\/a><\/p>\n<p><strong>\u00a1IMPORTANTE!<\/strong> No ser\u00e1n recibidas postulaciones fuera de los plazos establecidos, ni por otras v\u00edas o medios que los indicados precedentemente, o que no cumplan con los requisitos determinados en la presente resoluci\u00f3n.<\/p>\n<p><strong><a href=\"https:\/\/fadeweb.uncoma.edu.ar\/wp-content\/uploads\/2024\/03\/ADSCRIPCIONES-FORMULARIO-DE-INSCRIPCION.pdf\">DESCARGAR FORMULARIO DE INSCRIPCI\u00d3N<\/a><\/strong><\/p>\n","protected":false},"excerpt":{"rendered":"<p>R\u00c9GIMEN DE ADSCRIPCIONES EN LA FADECS Resoluci\u00f3n N\u00ba 0226\/2017 R\u00e9gimen de Adscriptos Graduados y Adscriptos Estudiantes Modificaci\u00f3n de los art\u00edculos 2, 3 y 4 del Anexo I de la Res. N\u00b0226\/2017 FORMULARIO DE INSCRIPCION R\u00c9GIMEN DE ADSCRIPCIONES EN LA FADECS CONVOCATORIAS ADSCRIPCIONES ESTUDIANTES \u2013 GRADUADOS\/AS \u2013 PERIODO 2026\/2027 Hasta el\u00a031 de marzo de 2026\u00a0inclusive, se [&hellip;]<\/p>\n","protected":false},"author":4,"featured_media":0,"parent":0,"menu_order":0,"comment_status":"closed","ping_status":"closed","template":"","meta":{"footnotes":""},"class_list":["post-19995","page","type-page","status-publish","hentry"],"_links":{"self":[{"href":"https:\/\/fadeweb.uncoma.edu.ar\/index.php\/wp-json\/wp\/v2\/pages\/19995","targetHints":{"allow":["GET"]}}],"collection":[{"href":"https:\/\/fadeweb.uncoma.edu.ar\/index.php\/wp-json\/wp\/v2\/pages"}],"about":[{"href":"https:\/\/fadeweb.uncoma.edu.ar\/index.php\/wp-json\/wp\/v2\/types\/page"}],"author":[{"embeddable":true,"href":"https:\/\/fadeweb.uncoma.edu.ar\/index.php\/wp-json\/wp\/v2\/users\/4"}],"replies":[{"embeddable":true,"href":"https:\/\/fadeweb.uncoma.edu.ar\/index.php\/wp-json\/wp\/v2\/comments?post=19995"}],"version-history":[{"count":7,"href":"https:\/\/fadeweb.uncoma.edu.ar\/index.php\/wp-json\/wp\/v2\/pages\/19995\/revisions"}],"predecessor-version":[{"id":27778,"href":"https:\/\/fadeweb.uncoma.edu.ar\/index.php\/wp-json\/wp\/v2\/pages\/19995\/revisions\/27778"}],"wp:attachment":[{"href":"https:\/\/fadeweb.uncoma.edu.ar\/index.php\/wp-json\/wp\/v2\/media?parent=19995"}],"curies":[{"name":"wp","href":"https:\/\/api.w.org\/{rel}","templated":true}]}}