{"id":1926,"date":"2022-06-28T10:16:55","date_gmt":"2022-06-28T10:16:55","guid":{"rendered":"http:\/\/web.fadecs.uncoma.edu.ar\/?page_id=1926"},"modified":"2026-03-25T08:59:50","modified_gmt":"2026-03-25T11:59:50","slug":"adscripciones","status":"publish","type":"page","link":"https:\/\/fadeweb.uncoma.edu.ar\/index.php\/autoridades\/secretaria-academica\/docentes\/adscripciones\/","title":{"rendered":"R\u00c9GIMEN DE ADSCRIPCIONES"},"content":{"rendered":"\t\t<div data-elementor-type=\"wp-page\" data-elementor-id=\"1926\" class=\"elementor elementor-1926\" data-elementor-post-type=\"page\">\n\t\t\t\t\t\t<section class=\"elementor-section elementor-top-section elementor-element elementor-element-1633cdb elementor-section-boxed elementor-section-height-default elementor-section-height-default\" data-id=\"1633cdb\" data-element_type=\"section\" data-e-type=\"section\">\n\t\t\t\t\t\t<div class=\"elementor-container elementor-column-gap-default\">\n\t\t\t\t\t<div class=\"elementor-column elementor-col-100 elementor-top-column elementor-element elementor-element-8565b70\" data-id=\"8565b70\" data-element_type=\"column\" data-e-type=\"column\">\n\t\t\t<div class=\"elementor-widget-wrap elementor-element-populated\">\n\t\t\t\t\t\t<div class=\"elementor-element elementor-element-c118b73 elementor-align-justify elementor-widget elementor-widget-button\" data-id=\"c118b73\" data-element_type=\"widget\" data-e-type=\"widget\" data-widget_type=\"button.default\">\n\t\t\t\t<div class=\"elementor-widget-container\">\n\t\t\t\t\t\t\t\t\t<div class=\"elementor-button-wrapper\">\n\t\t\t\t\t<a class=\"elementor-button elementor-button-link elementor-size-sm\" href=\"https:\/\/fadeweb.uncoma.edu.ar\/wp-content\/uploads\/2026\/03\/226_2017-REGLAMENTO-ADSCRIPCIONES-2.pdf\">\n\t\t\t\t\t\t<span class=\"elementor-button-content-wrapper\">\n\t\t\t\t\t\t\t\t\t<span class=\"elementor-button-text\">Resoluci\u00f3n N\u00ba0226\/2017 R\u00e9gimen de Adscriptos Graduados y Adscriptos Estudiantes<\/span>\n\t\t\t\t\t<\/span>\n\t\t\t\t\t<\/a>\n\t\t\t\t<\/div>\n\t\t\t\t\t\t\t\t<\/div>\n\t\t\t\t<\/div>\n\t\t\t\t<div class=\"elementor-element elementor-element-1a05e10 elementor-align-justify elementor-widget elementor-widget-button\" data-id=\"1a05e10\" data-element_type=\"widget\" data-e-type=\"widget\" data-widget_type=\"button.default\">\n\t\t\t\t<div class=\"elementor-widget-container\">\n\t\t\t\t\t\t\t\t\t<div class=\"elementor-button-wrapper\">\n\t\t\t\t\t<a class=\"elementor-button elementor-button-link elementor-size-sm\" href=\"https:\/\/fadeweb.uncoma.edu.ar\/wp-content\/uploads\/2026\/03\/196_2023-MODIFICA226.pdf\">\n\t\t\t\t\t\t<span class=\"elementor-button-content-wrapper\">\n\t\t\t\t\t\t\t\t\t<span class=\"elementor-button-text\">Modificaci\u00f3n de los art\u00edculos 2, 3 y 4 del Anexo I de la Res. N\u00b0226\/2017<\/span>\n\t\t\t\t\t<\/span>\n\t\t\t\t\t<\/a>\n\t\t\t\t<\/div>\n\t\t\t\t\t\t\t\t<\/div>\n\t\t\t\t<\/div>\n\t\t\t\t<div class=\"elementor-element elementor-element-d6691f4 elementor-align-justify elementor-widget elementor-widget-button\" data-id=\"d6691f4\" data-element_type=\"widget\" data-e-type=\"widget\" data-widget_type=\"button.default\">\n\t\t\t\t<div class=\"elementor-widget-container\">\n\t\t\t\t\t\t\t\t\t<div class=\"elementor-button-wrapper\">\n\t\t\t\t\t<a class=\"elementor-button elementor-button-link elementor-size-sm\" href=\"https:\/\/fadeweb.uncoma.edu.ar\/wp-content\/uploads\/2024\/03\/ADSCRIPCIONES-FORMULARIO-DE-INSCRIPCION.pdf\">\n\t\t\t\t\t\t<span class=\"elementor-button-content-wrapper\">\n\t\t\t\t\t\t\t\t\t<span class=\"elementor-button-text\">FORMULARIO DE INSCRIPCION<\/span>\n\t\t\t\t\t<\/span>\n\t\t\t\t\t<\/a>\n\t\t\t\t<\/div>\n\t\t\t\t\t\t\t\t<\/div>\n\t\t\t\t<\/div>\n\t\t\t\t\t<\/div>\n\t\t<\/div>\n\t\t\t\t\t<\/div>\n\t\t<\/section>\n\t\t\t\t<section class=\"elementor-section elementor-top-section elementor-element elementor-element-7abbfda0 elementor-section-boxed elementor-section-height-default elementor-section-height-default\" data-id=\"7abbfda0\" data-element_type=\"section\" data-e-type=\"section\">\n\t\t\t\t\t\t<div class=\"elementor-container elementor-column-gap-default\">\n\t\t\t\t\t<div class=\"elementor-column elementor-col-100 elementor-top-column elementor-element elementor-element-1bdc425a\" data-id=\"1bdc425a\" data-element_type=\"column\" data-e-type=\"column\">\n\t\t\t<div class=\"elementor-widget-wrap elementor-element-populated\">\n\t\t\t\t\t\t<div class=\"elementor-element elementor-element-75c60b76 elementor-widget elementor-widget-text-editor\" data-id=\"75c60b76\" data-element_type=\"widget\" data-e-type=\"widget\" data-widget_type=\"text-editor.default\">\n\t\t\t\t<div class=\"elementor-widget-container\">\n\t\t\t\t\t\t\t\t\t<h1 class=\"titulo1\">R\u00c9GIMEN DE ADSCRIPCIONES EN LA FADECS<\/h1><h3><strong>CONVOCATORIAS ADSCRIPCIONES ESTUDIANTES \u2013 GRADUADOS\/AS \u2013 PERIODO 2026\/2027<\/strong><\/h3><p><strong>Hasta el<\/strong> <strong>31 de marzo de 2026<\/strong> inclusive, se encuentra abierta la inscripci\u00f3n para aquellos\/as estudiantes y graduados\/as que se encuentren interesados en participar del programa de adscripciones.<\/p><p>La convocatoria se efect\u00faa desde la Secretar\u00eda Acad\u00e9mica, para la carrera de<\/p><p><strong>1) Abogac\u00eda para las siguientes asignaturas:<\/strong><\/p><table width=\"689\"><tbody><tr><td width=\"264\"><span style=\"color: #3366ff;\"><strong>Dpto. de Derecho Privado<\/strong><\/span><\/td><td width=\"425\"><span style=\"color: #3366ff;\"><strong>Dpto. de Derecho P\u00fablico<\/strong><\/span><\/td><\/tr><tr><td width=\"264\">Derecho Privado (Prof. Quidel)<\/td><td width=\"425\">Derecho Constitucional 1)<\/td><\/tr><tr><td width=\"264\">Derecho Contratos\u00a0<\/td><td width=\"425\">Derecho Constitucional II<\/td><\/tr><tr><td width=\"264\">Filosof\u00eda del Derecho<\/td><td width=\"425\">Introduc.\u00a0 Pr\u00e1ctica Profesional (Prof. Menda\u00f1a)<\/td><\/tr><tr><td width=\"264\">Teor\u00eda del Derecho<\/td><td width=\"425\">Derecho Procesal Penal (Prof. Balladini)<\/td><\/tr><tr><td width=\"264\">Da\u00f1os\u00a0<\/td><td width=\"425\">Derecho Procesal Penal (Prof. Menda\u00f1a)<\/td><\/tr><tr><td width=\"264\">Obligaciones<\/td><td width=\"425\">Derecho de los Recursos Naturales<\/td><\/tr><tr><td width=\"264\">Personas Jur\u00eddicas<\/td><td width=\"425\">Aspectos Jur\u00eddicos Institucionales<\/td><\/tr><tr><td width=\"264\">\u00a0<\/td><td width=\"425\">Dcho. Penal II \u2013 Tradicional (Prof. Sanchez Freytes)<\/td><\/tr><tr><td width=\"264\">\u00a0<\/td><td width=\"425\">Dcho Penal I \u2013 Parte General \u2013(Casos Prof. Vitale)<\/td><\/tr><tr><td width=\"264\">\u00a0<\/td><td width=\"425\">Derecho Penal II \u2013 Casos (Prof. Vitale)<\/td><\/tr><tr><td width=\"264\">\u00a0<\/td><td width=\"425\">G\u00e9nero, Diversidad y Derecho<\/td><\/tr><tr><td width=\"264\">\u00a0<\/td><td width=\"425\">Derecho Humanos<\/td><\/tr><tr><td width=\"264\">\u00a0<\/td><td width=\"425\">Derecho Procesal Civil<\/td><\/tr><tr><td width=\"264\">\u00a0<\/td><td width=\"425\">Derecho P\u00fablico Provincial<\/td><\/tr><tr><td width=\"264\">\u00a0<\/td><td width=\"425\">Derecho del Consumo<\/td><\/tr><tr><td width=\"264\">\u00a0<\/td><td width=\"425\">Derecho Internacional P\u00fablico<\/td><\/tr><\/tbody><\/table><p><strong>2) Servicio Social &#8211; Localizaci\u00f3n General Roca, para las siguientes asignaturas se requiere adscriptos estudiantes<\/strong><\/p><p>Teor\u00eda y Pr\u00e1ctica de \u00c1reas y Recursos en Servicio Social<\/p><p>Introducci\u00f3n al Servicio Social<\/p><p><strong>REQUISITOS PARA LA PRESENTACI\u00d3N DE LOS\/LAS POSTULANTES:<\/strong> Los\/las estudiantes o graduados\/as aspirantes a incorporarse al presente programa de adscripciones deber\u00e1n presentar, por ante la Secretaria Acad\u00e9mica la siguiente documentaci\u00f3n:<\/p><p><strong>GRADUADOS\/AS:<\/strong><\/p><ul><li>Formulario de Inscripci\u00f3n Completo<\/li><li>T\u00edtulo Universitario o constancia de t\u00edtulo en tr\u00e1mite<\/li><li>Copia del DNI<\/li><li>CV actualizado.<\/li><\/ul><p><strong>ESTUDIANTES:<\/strong><\/p><ul><li>Formulario de Inscripci\u00f3n Completo<\/li><li>Rendimiento Acad\u00e9mico, en el cual conste tener aprobada la asignatura para la cual se postula y el 25% de las materias de la carrera aprobadas. El rendimiento acad\u00e9mico debe ser solicitado por el\/la interesado\/a ante la Direcci\u00f3n de Alumnos.<\/li><li>Copia del DNI<\/li><li>CV Actualizado.<\/li><\/ul><h3><strong>PRESENTACI\u00d3N DE LA DOCUMENTACI\u00d3N:<\/strong><\/h3><p>La documentaci\u00f3n, deber\u00e1 presentarse en forma ordenada, foliada y firmada de la siguiente forma ante la Secretaria Acad\u00e9mica, sita en Mendoza 2151 de lunes a viernes de 9:30 a 14:30 horas<\/p><p>El\/la postulante deber\u00e1 presentar en dicha oportunidad los originales con el fin de que sea autenticado el juego de copias, y\u00a0 un juego de copias remitirse a la direcci\u00f3n de correo electr\u00f3nico: <a href=\"mailto:adscripciones2026@fade.uncoma.edu.ar\"><u>adscripciones2026@fade.uncoma.edu.ar<\/u><\/a><\/p><h3 class=\"subt1\"><strong>\u00a1IMPORTANTE!<\/strong> No ser\u00e1n recibidas postulaciones fuera de los plazos establecidos, ni por otras v\u00edas o medios que los indicados precedentemente, o que no cumplan con los requisitos determinados en la presente resoluci\u00f3n.<\/h3><p><a href=\"https:\/\/fadeweb.uncoma.edu.ar\/wp-content\/uploads\/2024\/03\/ADSCRIPCIONES-FORMULARIO-DE-INSCRIPCION.pdf\"><strong>DESCARGAR FORMULARIO DE INSCRIPCI\u00d3N<\/strong><\/a><\/p><p class=\"texto\"><a href=\"https:\/\/fadeweb.uncoma.edu.ar\/wp-content\/uploads\/2026\/03\/226_2017-REGLAMENTO-ADSCRIPCIONES-2.pdf\">Resoluci\u00f3n N\u00ba 0226\/2017 R\u00e9gimen de Adscriptos Graduados y Adscriptos Estudiantes<\/a><\/p><p><a href=\"https:\/\/fadeweb.uncoma.edu.ar\/wp-content\/uploads\/2026\/03\/196_2023-MODIFICA226.pdf\">Modificaci\u00f3n de los art\u00edculos 2, 3 y 4 del Anexo I de la Res. N\u00b0 226\/2017<\/a><\/p>\t\t\t\t\t\t\t\t<\/div>\n\t\t\t\t<\/div>\n\t\t\t\t<div class=\"elementor-element elementor-element-462cbb6 elementor-widget elementor-widget-shortcode\" data-id=\"462cbb6\" data-element_type=\"widget\" data-e-type=\"widget\" data-widget_type=\"shortcode.default\">\n\t\t\t\t<div class=\"elementor-widget-container\">\n\t\t\t\t\t\t\t<div class=\"elementor-shortcode\"><\/div>\n\t\t\t\t\t\t<\/div>\n\t\t\t\t<\/div>\n\t\t\t\t\t<\/div>\n\t\t<\/div>\n\t\t\t\t\t<\/div>\n\t\t<\/section>\n\t\t\t\t<\/div>\n\t\t","protected":false},"excerpt":{"rendered":"<p>Resoluci\u00f3n N\u00ba0226\/2017 R\u00e9gimen de Adscriptos Graduados y Adscriptos Estudiantes Modificaci\u00f3n de los art\u00edculos 2, 3 y 4 del Anexo I de la Res. N\u00b0226\/2017 FORMULARIO DE INSCRIPCION R\u00c9GIMEN DE ADSCRIPCIONES EN LA FADECS CONVOCATORIAS ADSCRIPCIONES ESTUDIANTES \u2013 GRADUADOS\/AS \u2013 PERIODO 2026\/2027 Hasta el 31 de marzo de 2026 inclusive, se encuentra abierta la inscripci\u00f3n para [&hellip;]<\/p>\n","protected":false},"author":2,"featured_media":0,"parent":2141,"menu_order":0,"comment_status":"closed","ping_status":"closed","template":"","meta":{"footnotes":""},"class_list":["post-1926","page","type-page","status-publish","hentry"],"_links":{"self":[{"href":"https:\/\/fadeweb.uncoma.edu.ar\/index.php\/wp-json\/wp\/v2\/pages\/1926","targetHints":{"allow":["GET"]}}],"collection":[{"href":"https:\/\/fadeweb.uncoma.edu.ar\/index.php\/wp-json\/wp\/v2\/pages"}],"about":[{"href":"https:\/\/fadeweb.uncoma.edu.ar\/index.php\/wp-json\/wp\/v2\/types\/page"}],"author":[{"embeddable":true,"href":"https:\/\/fadeweb.uncoma.edu.ar\/index.php\/wp-json\/wp\/v2\/users\/2"}],"replies":[{"embeddable":true,"href":"https:\/\/fadeweb.uncoma.edu.ar\/index.php\/wp-json\/wp\/v2\/comments?post=1926"}],"version-history":[{"count":22,"href":"https:\/\/fadeweb.uncoma.edu.ar\/index.php\/wp-json\/wp\/v2\/pages\/1926\/revisions"}],"predecessor-version":[{"id":27777,"href":"https:\/\/fadeweb.uncoma.edu.ar\/index.php\/wp-json\/wp\/v2\/pages\/1926\/revisions\/27777"}],"up":[{"embeddable":true,"href":"https:\/\/fadeweb.uncoma.edu.ar\/index.php\/wp-json\/wp\/v2\/pages\/2141"}],"wp:attachment":[{"href":"https:\/\/fadeweb.uncoma.edu.ar\/index.php\/wp-json\/wp\/v2\/media?parent=1926"}],"curies":[{"name":"wp","href":"https:\/\/api.w.org\/{rel}","templated":true}]}}