{"id":15827,"date":"2023-06-12T11:41:37","date_gmt":"2023-06-12T14:41:37","guid":{"rendered":"https:\/\/fadeweb.uncoma.edu.ar\/?page_id=15827"},"modified":"2023-06-12T11:41:37","modified_gmt":"2023-06-12T14:41:37","slug":"reconocimiento-de-equivalencias","status":"publish","type":"page","link":"https:\/\/fadeweb.uncoma.edu.ar\/index.php\/reconocimiento-de-equivalencias\/","title":{"rendered":"RECONOCIMIENTO DE EQUIVALENCIAS"},"content":{"rendered":"<h2>RECONOCIMIENTO DE EQUIVALENCIAS<\/h2>\n<p><strong>PROCEDIMIENTO TRAMITACION DE EQUIVALENCIAS <\/strong><\/p>\n<ul>\n<li>El\/la estudiante que quiera solicitar el reconocimiento de Equivalencias de otra Universidad\/Instituto\/Facultad, deber\u00e1 completar y <a href=\"https:\/\/fadeweb.uncoma.edu.ar\/wp-content\/uploads\/2023\/06\/Modelo-de-Nota-equivalencias.pdf\"><strong>presentar la nota modelo que se aprueba en Anexo II<\/strong><\/a>.<\/li>\n<li>La nota deber\u00e1 ser enviada por el\/la estudiante al correo electr\u00f3nico:<a href=\"mailto:spacademica@fade.uncoma.edu.ar\"><strong> spacademica@fade.uncoma.edu.ar<\/strong><\/a><\/li>\n<li>El tr\u00e1mite se registrar\u00e1 el mismo d\u00eda de su recepci\u00f3n en el correspondiente libro de actas, asign\u00e1ndose a cada tr\u00e1mite un n\u00famero correlativo por orden de recepci\u00f3n, con la letra \u201cE\u201d al final.<\/li>\n<li>El agente encargado del tr\u00e1mite de equivalencias informar\u00e1, por correo electr\u00f3nico a el\/la estudiante el n\u00famero que se ha asignado al tr\u00e1mite, solicitando en tal oportunidad la remisi\u00f3n del expediente de materias aprobadas. El expediente de materias aprobadas deber\u00e1 ser enviado por el\/la estudiante dentro de las setenta y dos horas en formato PDF a la siguiente direcci\u00f3n de correo electr\u00f3nico: <strong><u><a href=\"mailto:equivalencias@fade.uncoma.edu.ar\">equivalencias@fade.uncoma.edu.ar<\/a><\/u><\/strong><\/li>\n<\/ul>\n<p>Se aclara que el archivo PDF no debe tener una capacidad superior a 15 MB. En caso de superar la documentaci\u00f3n dicha capacidad el archivo deber\u00e1 enviarse comprimido o dividido en distintos archivos que no superen tal capacidad. La documentaci\u00f3n debe escanearse de manera ordenada y legible.<\/p>\n<ul>\n<li>Si el\/la estudiante no remita el expediente de materias aprobadas dentro del plazo indicado en el punto 4) \u2013setenta y dos horas desde el env\u00edo del correo- el tr\u00e1mite se archiva, debiendo el\/la estudiante iniciar nuevamente el procedimiento, en caso de mantener su inter\u00e9s en obtener el reconocimiento de equivalencias.<\/li>\n<li>El expediente de materias aprobadas deber\u00e1 contener:\n<ol>\n<li>Rendimiento Acad\u00e9mico \u00f3 Certificado Anal\u00edtico.<\/li>\n<li>Constancia de Cancelaci\u00f3n de Matr\u00edcula (en caso de tratarse de la misma carrera).<\/li>\n<li>Constancia de No poseer Sanciones Disciplinarias.<\/li>\n<li>Plan de Estudio.<\/li>\n<li>Programas de materias aprobadas.<\/li>\n<li>Constancia que acredite que el\/la estudiante rindi\u00f3 y aprob\u00f3 con los programas adjuntos, certificado por las m\u00e1ximas autoridades de la Universidad\/Instituto de origen.<\/li>\n<\/ol>\n<\/li>\n<\/ul>\n<p>7) El\/la estudiante que quiera cursar durante el cuatrimestre que inicia, tendr\u00e1 tiempo de presentar el pedido de reconocimiento de equivalencias hasta el d\u00eda h\u00e1bil inmediato anterior al previsto para el inicio de las clases de ese cuatrimestre. Las solicitudes de reconocimiento de equivalencias recibidas con posterior a dicha fecha ser\u00e1n procesadas, registradas y tendr\u00e1n vigencia \u2013en caso de ser aprobadas- para los cursados de las asignaturas en el cuatrimestre inmediato siguiente.<\/p>\n<p>8) El\/la estudiante podr\u00e1 inscribirse e iniciar la cursada de asignaturas de manera condicional, mientras se encuentre en tr\u00e1mite el reconocimiento de equivalencias. La inscripci\u00f3n definitiva y consecuente incorporaci\u00f3n al cursado de la asignatura se encuentra supeditado a la aprobaci\u00f3n y registro del tr\u00e1mite de reconocimiento de equivalencias en el SIU GUARANI WEB. En estos casos el\/la estudiante tambi\u00e9n puede matricularse en las correspondientes aulas de PEDCO en la misma condici\u00f3n.<\/p>\n<p>Es decir, la inscripci\u00f3n condicional se convalidar\u00e1 solo en el caso en que la\/s asignaturas correlativa\/s sea\/n reconocida\/s por equivalencias.<\/p>\n<p>9) El\/la estudiante podr\u00e1 requerir la entrega de una copia certificada por la Direcci\u00f3n de Administraci\u00f3n Acad\u00e9mica de la resoluci\u00f3n que autoriza y aprueba las equivalencias.<\/p>\n<p><a href=\"https:\/\/fadeweb.uncoma.edu.ar\/wp-content\/uploads\/2023\/06\/03-Disposicion-19-EQUIVALENCIAS.pdf\">03 Disposicion 19 &#8211; EQUIVALENCIAS<\/a><\/p>\n","protected":false},"excerpt":{"rendered":"<p>RECONOCIMIENTO DE EQUIVALENCIAS PROCEDIMIENTO TRAMITACION DE EQUIVALENCIAS El\/la estudiante que quiera solicitar el reconocimiento de Equivalencias de otra Universidad\/Instituto\/Facultad, deber\u00e1 completar y presentar la nota modelo que se aprueba en Anexo II. La nota deber\u00e1 ser enviada por el\/la estudiante al correo electr\u00f3nico: spacademica@fade.uncoma.edu.ar El tr\u00e1mite se registrar\u00e1 el mismo d\u00eda de su recepci\u00f3n en [&hellip;]<\/p>\n","protected":false},"author":4,"featured_media":0,"parent":0,"menu_order":0,"comment_status":"closed","ping_status":"closed","template":"","meta":{"footnotes":""},"class_list":["post-15827","page","type-page","status-publish","hentry"],"_links":{"self":[{"href":"https:\/\/fadeweb.uncoma.edu.ar\/index.php\/wp-json\/wp\/v2\/pages\/15827","targetHints":{"allow":["GET"]}}],"collection":[{"href":"https:\/\/fadeweb.uncoma.edu.ar\/index.php\/wp-json\/wp\/v2\/pages"}],"about":[{"href":"https:\/\/fadeweb.uncoma.edu.ar\/index.php\/wp-json\/wp\/v2\/types\/page"}],"author":[{"embeddable":true,"href":"https:\/\/fadeweb.uncoma.edu.ar\/index.php\/wp-json\/wp\/v2\/users\/4"}],"replies":[{"embeddable":true,"href":"https:\/\/fadeweb.uncoma.edu.ar\/index.php\/wp-json\/wp\/v2\/comments?post=15827"}],"version-history":[{"count":2,"href":"https:\/\/fadeweb.uncoma.edu.ar\/index.php\/wp-json\/wp\/v2\/pages\/15827\/revisions"}],"predecessor-version":[{"id":15844,"href":"https:\/\/fadeweb.uncoma.edu.ar\/index.php\/wp-json\/wp\/v2\/pages\/15827\/revisions\/15844"}],"wp:attachment":[{"href":"https:\/\/fadeweb.uncoma.edu.ar\/index.php\/wp-json\/wp\/v2\/media?parent=15827"}],"curies":[{"name":"wp","href":"https:\/\/api.w.org\/{rel}","templated":true}]}}