{"id":14835,"date":"2023-04-05T10:34:21","date_gmt":"2023-04-05T13:34:21","guid":{"rendered":"https:\/\/fadeweb.uncoma.edu.ar\/?page_id=14835"},"modified":"2023-04-27T14:59:15","modified_gmt":"2023-04-27T17:59:15","slug":"prinuar","status":"publish","type":"page","link":"https:\/\/fadeweb.uncoma.edu.ar\/index.php\/secretaria-de-ciencia-y-tecnica-y-relaciones-internacionales\/prinuar\/","title":{"rendered":"PRINUAR"},"content":{"rendered":"<h1>PRINUAR<\/h1>\n<p>Informamos a ustedes que en en el sitio web\u00a0<a href=\"http:\/\/url1332.cin.edu.ar\/ls\/click?upn=ZUQMDxge5bSYvfSNsc3aluGOrFxOecDeDc8R6klNng48hoTpJUAuYsfDz4kiLW0sEr8wIWmq7Rsn0MoToCEGznmNID533a7lwwkWcyszZww-3D8Pfd_aN7JyRKg3MvzCdVYOF2UxE8ghD-2B5Gqrd5-2FkOnDdJrlNCOV0RyMkRMbGqLvatz6wWEaKz-2FdI6qLE4i9u1kzg155PYsjzb-2BCA5ONg1IYXNs701uPZil4M9mgemHwVrKxpPzfYNQhrK7Qg-2Fl4RR9lZuT89VmHdVbj42rdIhMC6Y495rTBhOKi8U-2BOQmF753nnUX0XvZXv2daC1AaJ8-2BFhwESu2yTuhIIhOr8D6wlGO5aqg-3D\" target=\"_blank\" rel=\"noopener\">https:\/\/www.argentina.gob.ar\/educacion\/universidades\/prinuar<\/a>\u00a0se encuentra disponible una secci\u00f3n de Preguntas Frecuentes relativa al proceso de categorizaci\u00f3n.<\/p>\n<div>Y adem\u00e1s:<\/div>\n<div>&#8211;\u00a0 REGLAMENTO PROGRAMA PARA LA INVESTIGACION UNIVERSITARIA ARGENTINA <a href=\"https:\/\/fadeweb.uncoma.edu.ar\/wp-content\/uploads\/2023\/04\/620_IF-2023-25018959-APN-SECPUME.pdf\">620_IF-2023-25018959-APN-SECPU%ME<\/a><\/div>\n<div>&#8211;\u00a0 Creaci\u00f3n PROGRAMA PARA LA INVESTIGACION UNIVERSITARIA ARGENTINA (PRINUAR). \u00a0<a href=\"https:\/\/fadeweb.uncoma.edu.ar\/wp-content\/uploads\/2023\/04\/767_IF-2023-25097467-APN-SECPUME.pdf\">767_IF-2023-25097467-APN-SECPU%ME<\/a><\/div>\n<div>&#8211; Manual para carga de CVAR <a href=\"https:\/\/fadeweb.uncoma.edu.ar\/wp-content\/uploads\/2023\/04\/ManualCVar.pdf\">ManualCVar<\/a><\/div>\n<div><a href=\"https:\/\/fadeweb.uncoma.edu.ar\/wp-content\/uploads\/2023\/04\/Manual-de-Usuario-PRINUAR_v1-1.pdf\">&#8211; Manual de Usuario PRINUAR<\/a><\/div>\n<div>-CREACI\u00d3N PROGRAMA PARA LA INVESTIGACI\u00d3N UNIVERSITARIA ARGENTINA (PRINUAR) <a href=\"https:\/\/fadeweb.uncoma.edu.ar\/wp-content\/uploads\/2023\/04\/resolucion_prinuar.pdf\">Resoluci\u00f3n_Prinuar<\/a><\/div>\n<div>Categorizaci\u00f3n carga PRINUAr: <a href=\"https:\/\/prinuar.siu.edu.ar\/\">https:\/\/prinuar.siu.edu.ar\/<\/a><\/div>\n","protected":false},"excerpt":{"rendered":"<p>PRINUAR Informamos a ustedes que en en el sitio web\u00a0https:\/\/www.argentina.gob.ar\/educacion\/universidades\/prinuar\u00a0se encuentra disponible una secci\u00f3n de Preguntas Frecuentes relativa al proceso de categorizaci\u00f3n. Y adem\u00e1s: &#8211;\u00a0 REGLAMENTO PROGRAMA PARA LA INVESTIGACION UNIVERSITARIA ARGENTINA 620_IF-2023-25018959-APN-SECPU%ME &#8211;\u00a0 Creaci\u00f3n PROGRAMA PARA LA INVESTIGACION UNIVERSITARIA ARGENTINA (PRINUAR). \u00a0767_IF-2023-25097467-APN-SECPU%ME &#8211; Manual para carga de CVAR ManualCVar &#8211; Manual de Usuario PRINUAR [&hellip;]<\/p>\n","protected":false},"author":4,"featured_media":0,"parent":3416,"menu_order":0,"comment_status":"closed","ping_status":"closed","template":"","meta":{"footnotes":""},"class_list":["post-14835","page","type-page","status-publish","hentry"],"_links":{"self":[{"href":"https:\/\/fadeweb.uncoma.edu.ar\/index.php\/wp-json\/wp\/v2\/pages\/14835","targetHints":{"allow":["GET"]}}],"collection":[{"href":"https:\/\/fadeweb.uncoma.edu.ar\/index.php\/wp-json\/wp\/v2\/pages"}],"about":[{"href":"https:\/\/fadeweb.uncoma.edu.ar\/index.php\/wp-json\/wp\/v2\/types\/page"}],"author":[{"embeddable":true,"href":"https:\/\/fadeweb.uncoma.edu.ar\/index.php\/wp-json\/wp\/v2\/users\/4"}],"replies":[{"embeddable":true,"href":"https:\/\/fadeweb.uncoma.edu.ar\/index.php\/wp-json\/wp\/v2\/comments?post=14835"}],"version-history":[{"count":5,"href":"https:\/\/fadeweb.uncoma.edu.ar\/index.php\/wp-json\/wp\/v2\/pages\/14835\/revisions"}],"predecessor-version":[{"id":15257,"href":"https:\/\/fadeweb.uncoma.edu.ar\/index.php\/wp-json\/wp\/v2\/pages\/14835\/revisions\/15257"}],"up":[{"embeddable":true,"href":"https:\/\/fadeweb.uncoma.edu.ar\/index.php\/wp-json\/wp\/v2\/pages\/3416"}],"wp:attachment":[{"href":"https:\/\/fadeweb.uncoma.edu.ar\/index.php\/wp-json\/wp\/v2\/media?parent=14835"}],"curies":[{"name":"wp","href":"https:\/\/api.w.org\/{rel}","templated":true}]}}