{"id":14563,"date":"2023-03-21T09:30:35","date_gmt":"2023-03-21T12:30:35","guid":{"rendered":"https:\/\/fadeweb.uncoma.edu.ar\/?page_id=14563"},"modified":"2023-03-21T09:42:02","modified_gmt":"2023-03-21T12:42:02","slug":"boletin-de-novedades-internacionales","status":"publish","type":"page","link":"https:\/\/fadeweb.uncoma.edu.ar\/index.php\/secretaria-de-ciencia-y-tecnica-y-relaciones-internacionales\/boletin-de-novedades-internacionales\/","title":{"rendered":"BOLETIN DE NOVEDADES INTERNACIONALES"},"content":{"rendered":"\t\t<div data-elementor-type=\"wp-page\" data-elementor-id=\"14563\" class=\"elementor elementor-14563\" data-elementor-post-type=\"page\">\n\t\t\t\t\t\t<section class=\"elementor-section elementor-top-section elementor-element elementor-element-74b418f elementor-section-boxed elementor-section-height-default elementor-section-height-default\" data-id=\"74b418f\" data-element_type=\"section\" data-e-type=\"section\">\n\t\t\t\t\t\t<div class=\"elementor-container elementor-column-gap-default\">\n\t\t\t\t\t<div class=\"elementor-column elementor-col-100 elementor-top-column elementor-element elementor-element-42ff716\" data-id=\"42ff716\" data-element_type=\"column\" data-e-type=\"column\">\n\t\t\t<div class=\"elementor-widget-wrap elementor-element-populated\">\n\t\t\t\t\t\t<div class=\"elementor-element elementor-element-b6ef837 elementor-widget elementor-widget-heading\" data-id=\"b6ef837\" data-element_type=\"widget\" data-e-type=\"widget\" data-widget_type=\"heading.default\">\n\t\t\t\t<div class=\"elementor-widget-container\">\n\t\t\t\t\t<h2 class=\"elementor-heading-title elementor-size-default\">BOLET\u00cdN DE NOVEDADES INTERNACIONALES<\/h2>\t\t\t\t<\/div>\n\t\t\t\t<\/div>\n\t\t\t\t<div class=\"elementor-element elementor-element-bb415d6 elementor-grid-2 elementor-grid-tablet-2 elementor-grid-mobile-1 elementor-posts--thumbnail-top elementor-widget elementor-widget-posts\" data-id=\"bb415d6\" data-element_type=\"widget\" data-e-type=\"widget\" data-settings=\"{&quot;classic_columns&quot;:&quot;2&quot;,&quot;classic_columns_tablet&quot;:&quot;2&quot;,&quot;classic_columns_mobile&quot;:&quot;1&quot;,&quot;classic_row_gap&quot;:{&quot;unit&quot;:&quot;px&quot;,&quot;size&quot;:35,&quot;sizes&quot;:[]},&quot;classic_row_gap_tablet&quot;:{&quot;unit&quot;:&quot;px&quot;,&quot;size&quot;:&quot;&quot;,&quot;sizes&quot;:[]},&quot;classic_row_gap_mobile&quot;:{&quot;unit&quot;:&quot;px&quot;,&quot;size&quot;:&quot;&quot;,&quot;sizes&quot;:[]}}\" data-widget_type=\"posts.classic\">\n\t\t\t\t<div class=\"elementor-widget-container\">\n\t\t\t\t\t\t\t<div class=\"elementor-posts-container elementor-posts elementor-posts--skin-classic elementor-grid\" role=\"list\">\n\t\t\t\t<article class=\"elementor-post elementor-grid-item post-26322 post type-post status-publish format-standard has-post-thumbnail hentry category-boletines category-notifadecs\" role=\"listitem\">\n\t\t\t\t<a class=\"elementor-post__thumbnail__link\" href=\"https:\/\/fadeweb.uncoma.edu.ar\/index.php\/2025\/09\/08\/boletin-de-novedades-internacionales-no151-septiembre-2025\/\" tabindex=\"-1\" >\n\t\t\t<div class=\"elementor-post__thumbnail\"><img fetchpriority=\"high\" decoding=\"async\" width=\"751\" height=\"613\" src=\"https:\/\/fadeweb.uncoma.edu.ar\/wp-content\/uploads\/2025\/09\/BOLETIN-INTERNACIONALES.jpg\" class=\"attachment-large size-large wp-image-26319\" alt=\"BOLET\u00cdN DE NOVEDADES INTERNACIONALES 151\" srcset=\"https:\/\/fadeweb.uncoma.edu.ar\/wp-content\/uploads\/2025\/09\/BOLETIN-INTERNACIONALES.jpg 751w, https:\/\/fadeweb.uncoma.edu.ar\/wp-content\/uploads\/2025\/09\/BOLETIN-INTERNACIONALES-300x245.jpg 300w\" sizes=\"(max-width: 751px) 100vw, 751px\" \/><\/div>\n\t\t<\/a>\n\t\t\t\t<div class=\"elementor-post__text\">\n\t\t\t\t<h3 class=\"elementor-post__title\">\n\t\t\t<a href=\"https:\/\/fadeweb.uncoma.edu.ar\/index.php\/2025\/09\/08\/boletin-de-novedades-internacionales-no151-septiembre-2025\/\" >\n\t\t\t\tBOLET\u00cdN DE NOVEDADES INTERNACIONALES N\u00ba151 -SEPTIEMBRE 2025\t\t\t<\/a>\n\t\t<\/h3>\n\t\t\t\t<div class=\"elementor-post__meta-data\">\n\t\t\t\t\t<span class=\"elementor-post-date\">\n\t\t\t8 septiembre, 2025\t\t<\/span>\n\t\t\t\t<\/div>\n\t\t\t\t<div class=\"elementor-post__excerpt\">\n\t\t\t<p>Bolet\u00edn de la Subsecretar\u00eda de Relaciones Internacionales En esta edici\u00f3n encontrar\u00e1n las oportunidades ordenadas seg\u00fan su fecha de cierre, cada una acompa\u00f1ada de una breve<\/p>\n\t\t<\/div>\n\t\t\t\t<\/div>\n\t\t\t\t<\/article>\n\t\t\t\t<article class=\"elementor-post elementor-grid-item post-25785 post type-post status-publish format-standard has-post-thumbnail hentry category-boletines category-notifadecs\" role=\"listitem\">\n\t\t\t\t<a class=\"elementor-post__thumbnail__link\" href=\"https:\/\/fadeweb.uncoma.edu.ar\/index.php\/2025\/07\/01\/boletin-de-novedades-internacionales-no146-junio-2025\/\" tabindex=\"-1\" >\n\t\t\t<div class=\"elementor-post__thumbnail\"><img decoding=\"async\" width=\"800\" height=\"800\" src=\"https:\/\/fadeweb.uncoma.edu.ar\/wp-content\/uploads\/2023\/03\/internacionales-2-1024x1024.jpg\" class=\"attachment-large size-large wp-image-14399\" alt=\"Bolet\u00edn de la Subsecretar\u00eda de Relaciones Internacionales\" srcset=\"https:\/\/fadeweb.uncoma.edu.ar\/wp-content\/uploads\/2023\/03\/internacionales-2-1024x1024.jpg 1024w, https:\/\/fadeweb.uncoma.edu.ar\/wp-content\/uploads\/2023\/03\/internacionales-2-300x300.jpg 300w, https:\/\/fadeweb.uncoma.edu.ar\/wp-content\/uploads\/2023\/03\/internacionales-2-150x150.jpg 150w, https:\/\/fadeweb.uncoma.edu.ar\/wp-content\/uploads\/2023\/03\/internacionales-2-768x768.jpg 768w, https:\/\/fadeweb.uncoma.edu.ar\/wp-content\/uploads\/2023\/03\/internacionales-2.jpg 1080w\" sizes=\"(max-width: 800px) 100vw, 800px\" \/><\/div>\n\t\t<\/a>\n\t\t\t\t<div class=\"elementor-post__text\">\n\t\t\t\t<h3 class=\"elementor-post__title\">\n\t\t\t<a href=\"https:\/\/fadeweb.uncoma.edu.ar\/index.php\/2025\/07\/01\/boletin-de-novedades-internacionales-no146-junio-2025\/\" >\n\t\t\t\tBOLET\u00cdN DE NOVEDADES INTERNACIONALES N\u00ba146 -JUNIO 2025\t\t\t<\/a>\n\t\t<\/h3>\n\t\t\t\t<div class=\"elementor-post__meta-data\">\n\t\t\t\t\t<span class=\"elementor-post-date\">\n\t\t\t1 julio, 2025\t\t<\/span>\n\t\t\t\t<\/div>\n\t\t\t\t<div class=\"elementor-post__excerpt\">\n\t\t\t<p>Bolet\u00edn de la Subsecretar\u00eda de Relaciones Internacionales En esta edici\u00f3n encontrar\u00e1n las oportunidades ordenadas seg\u00fan su fecha de cierre, cada una acompa\u00f1ada de una breve<\/p>\n\t\t<\/div>\n\t\t\t\t<\/div>\n\t\t\t\t<\/article>\n\t\t\t\t<article class=\"elementor-post elementor-grid-item post-25637 post type-post status-publish format-standard has-post-thumbnail hentry category-boletines category-notifadecs\" role=\"listitem\">\n\t\t\t\t<a class=\"elementor-post__thumbnail__link\" href=\"https:\/\/fadeweb.uncoma.edu.ar\/index.php\/2025\/06\/18\/boletin-de-novedades-internacionales-no145-junio-2025\/\" tabindex=\"-1\" >\n\t\t\t<div class=\"elementor-post__thumbnail\"><img decoding=\"async\" width=\"800\" height=\"800\" src=\"https:\/\/fadeweb.uncoma.edu.ar\/wp-content\/uploads\/2023\/03\/internacionales-2-1024x1024.jpg\" class=\"attachment-large size-large wp-image-14399\" alt=\"Bolet\u00edn de la Subsecretar\u00eda de Relaciones Internacionales\" srcset=\"https:\/\/fadeweb.uncoma.edu.ar\/wp-content\/uploads\/2023\/03\/internacionales-2-1024x1024.jpg 1024w, https:\/\/fadeweb.uncoma.edu.ar\/wp-content\/uploads\/2023\/03\/internacionales-2-300x300.jpg 300w, https:\/\/fadeweb.uncoma.edu.ar\/wp-content\/uploads\/2023\/03\/internacionales-2-150x150.jpg 150w, https:\/\/fadeweb.uncoma.edu.ar\/wp-content\/uploads\/2023\/03\/internacionales-2-768x768.jpg 768w, https:\/\/fadeweb.uncoma.edu.ar\/wp-content\/uploads\/2023\/03\/internacionales-2.jpg 1080w\" sizes=\"(max-width: 800px) 100vw, 800px\" \/><\/div>\n\t\t<\/a>\n\t\t\t\t<div class=\"elementor-post__text\">\n\t\t\t\t<h3 class=\"elementor-post__title\">\n\t\t\t<a href=\"https:\/\/fadeweb.uncoma.edu.ar\/index.php\/2025\/06\/18\/boletin-de-novedades-internacionales-no145-junio-2025\/\" >\n\t\t\t\tBOLET\u00cdN DE NOVEDADES INTERNACIONALES N\u00ba145 -JUNIO 2025\t\t\t<\/a>\n\t\t<\/h3>\n\t\t\t\t<div class=\"elementor-post__meta-data\">\n\t\t\t\t\t<span class=\"elementor-post-date\">\n\t\t\t18 junio, 2025\t\t<\/span>\n\t\t\t\t<\/div>\n\t\t\t\t<div class=\"elementor-post__excerpt\">\n\t\t\t<p>Bolet\u00edn de la Subsecretar\u00eda de Relaciones Internacionales En esta edici\u00f3n encontrar\u00e1n las oportunidades ordenadas seg\u00fan su fecha de cierre, cada una acompa\u00f1ada de una breve<\/p>\n\t\t<\/div>\n\t\t\t\t<\/div>\n\t\t\t\t<\/article>\n\t\t\t\t<article class=\"elementor-post elementor-grid-item post-25574 post type-post status-publish format-standard has-post-thumbnail hentry category-boletines category-notifadecs\" role=\"listitem\">\n\t\t\t\t<a class=\"elementor-post__thumbnail__link\" href=\"https:\/\/fadeweb.uncoma.edu.ar\/index.php\/2025\/06\/10\/boletin-de-novedades-internacionales-no144-junio-2025\/\" tabindex=\"-1\" >\n\t\t\t<div class=\"elementor-post__thumbnail\"><img decoding=\"async\" width=\"800\" height=\"800\" src=\"https:\/\/fadeweb.uncoma.edu.ar\/wp-content\/uploads\/2023\/03\/internacionales-2-1024x1024.jpg\" class=\"attachment-large size-large wp-image-14399\" alt=\"Bolet\u00edn de la Subsecretar\u00eda de Relaciones Internacionales\" srcset=\"https:\/\/fadeweb.uncoma.edu.ar\/wp-content\/uploads\/2023\/03\/internacionales-2-1024x1024.jpg 1024w, https:\/\/fadeweb.uncoma.edu.ar\/wp-content\/uploads\/2023\/03\/internacionales-2-300x300.jpg 300w, https:\/\/fadeweb.uncoma.edu.ar\/wp-content\/uploads\/2023\/03\/internacionales-2-150x150.jpg 150w, https:\/\/fadeweb.uncoma.edu.ar\/wp-content\/uploads\/2023\/03\/internacionales-2-768x768.jpg 768w, https:\/\/fadeweb.uncoma.edu.ar\/wp-content\/uploads\/2023\/03\/internacionales-2.jpg 1080w\" sizes=\"(max-width: 800px) 100vw, 800px\" \/><\/div>\n\t\t<\/a>\n\t\t\t\t<div class=\"elementor-post__text\">\n\t\t\t\t<h3 class=\"elementor-post__title\">\n\t\t\t<a href=\"https:\/\/fadeweb.uncoma.edu.ar\/index.php\/2025\/06\/10\/boletin-de-novedades-internacionales-no144-junio-2025\/\" >\n\t\t\t\tBOLET\u00cdN DE NOVEDADES INTERNACIONALES N\u00ba144 -JUNIO 2025\t\t\t<\/a>\n\t\t<\/h3>\n\t\t\t\t<div class=\"elementor-post__meta-data\">\n\t\t\t\t\t<span class=\"elementor-post-date\">\n\t\t\t10 junio, 2025\t\t<\/span>\n\t\t\t\t<\/div>\n\t\t\t\t<div class=\"elementor-post__excerpt\">\n\t\t\t<p>Bolet\u00edn de la Subsecretar\u00eda de Relaciones Internacionales En esta edici\u00f3n encontrar\u00e1n las oportunidades ordenadas seg\u00fan su fecha de cierre, cada una acompa\u00f1ada de una breve<\/p>\n\t\t<\/div>\n\t\t\t\t<\/div>\n\t\t\t\t<\/article>\n\t\t\t\t<article class=\"elementor-post elementor-grid-item post-24889 post type-post status-publish format-standard has-post-thumbnail hentry category-boletines category-notifadecs\" role=\"listitem\">\n\t\t\t\t<a class=\"elementor-post__thumbnail__link\" href=\"https:\/\/fadeweb.uncoma.edu.ar\/index.php\/2025\/04\/28\/boletin-de-novedades-internacionales-no140-abril-mayo-2025\/\" tabindex=\"-1\" >\n\t\t\t<div class=\"elementor-post__thumbnail\"><img decoding=\"async\" width=\"800\" height=\"800\" src=\"https:\/\/fadeweb.uncoma.edu.ar\/wp-content\/uploads\/2023\/03\/internacionales-2-1024x1024.jpg\" class=\"attachment-large size-large wp-image-14399\" alt=\"Bolet\u00edn de la Subsecretar\u00eda de Relaciones Internacionales\" srcset=\"https:\/\/fadeweb.uncoma.edu.ar\/wp-content\/uploads\/2023\/03\/internacionales-2-1024x1024.jpg 1024w, https:\/\/fadeweb.uncoma.edu.ar\/wp-content\/uploads\/2023\/03\/internacionales-2-300x300.jpg 300w, https:\/\/fadeweb.uncoma.edu.ar\/wp-content\/uploads\/2023\/03\/internacionales-2-150x150.jpg 150w, https:\/\/fadeweb.uncoma.edu.ar\/wp-content\/uploads\/2023\/03\/internacionales-2-768x768.jpg 768w, https:\/\/fadeweb.uncoma.edu.ar\/wp-content\/uploads\/2023\/03\/internacionales-2.jpg 1080w\" sizes=\"(max-width: 800px) 100vw, 800px\" \/><\/div>\n\t\t<\/a>\n\t\t\t\t<div class=\"elementor-post__text\">\n\t\t\t\t<h3 class=\"elementor-post__title\">\n\t\t\t<a href=\"https:\/\/fadeweb.uncoma.edu.ar\/index.php\/2025\/04\/28\/boletin-de-novedades-internacionales-no140-abril-mayo-2025\/\" >\n\t\t\t\tBOLET\u00cdN DE NOVEDADES INTERNACIONALES N\u00ba140 ABRIL\/MAYO 2025\t\t\t<\/a>\n\t\t<\/h3>\n\t\t\t\t<div class=\"elementor-post__meta-data\">\n\t\t\t\t\t<span class=\"elementor-post-date\">\n\t\t\t28 abril, 2025\t\t<\/span>\n\t\t\t\t<\/div>\n\t\t\t\t<div class=\"elementor-post__excerpt\">\n\t\t\t<p>Bolet\u00edn de la Subsecretar\u00eda de Relaciones Internacionales \u2013 En Novedades, encontrar\u00e1n ofertas de Cursos, Webinar, Encuentros, Ferias, etc. referidas al \u00e1mbito acad\u00e9mico que consideramos puede<\/p>\n\t\t<\/div>\n\t\t\t\t<\/div>\n\t\t\t\t<\/article>\n\t\t\t\t<article class=\"elementor-post elementor-grid-item post-23531 post type-post status-publish format-standard has-post-thumbnail hentry category-boletines category-notifadecs\" role=\"listitem\">\n\t\t\t\t<a class=\"elementor-post__thumbnail__link\" href=\"https:\/\/fadeweb.uncoma.edu.ar\/index.php\/2025\/03\/05\/boletin-de-novedades-internacionales-no133-marzo-2025\/\" tabindex=\"-1\" >\n\t\t\t<div class=\"elementor-post__thumbnail\"><img decoding=\"async\" width=\"800\" height=\"800\" src=\"https:\/\/fadeweb.uncoma.edu.ar\/wp-content\/uploads\/2023\/03\/internacionales-2-1024x1024.jpg\" class=\"attachment-large size-large wp-image-14399\" alt=\"Bolet\u00edn de la Subsecretar\u00eda de Relaciones Internacionales\" srcset=\"https:\/\/fadeweb.uncoma.edu.ar\/wp-content\/uploads\/2023\/03\/internacionales-2-1024x1024.jpg 1024w, https:\/\/fadeweb.uncoma.edu.ar\/wp-content\/uploads\/2023\/03\/internacionales-2-300x300.jpg 300w, https:\/\/fadeweb.uncoma.edu.ar\/wp-content\/uploads\/2023\/03\/internacionales-2-150x150.jpg 150w, https:\/\/fadeweb.uncoma.edu.ar\/wp-content\/uploads\/2023\/03\/internacionales-2-768x768.jpg 768w, https:\/\/fadeweb.uncoma.edu.ar\/wp-content\/uploads\/2023\/03\/internacionales-2.jpg 1080w\" sizes=\"(max-width: 800px) 100vw, 800px\" \/><\/div>\n\t\t<\/a>\n\t\t\t\t<div class=\"elementor-post__text\">\n\t\t\t\t<h3 class=\"elementor-post__title\">\n\t\t\t<a href=\"https:\/\/fadeweb.uncoma.edu.ar\/index.php\/2025\/03\/05\/boletin-de-novedades-internacionales-no133-marzo-2025\/\" >\n\t\t\t\tBOLET\u00cdN DE NOVEDADES INTERNACIONALES N\u00ba133 MARZO 2025\t\t\t<\/a>\n\t\t<\/h3>\n\t\t\t\t<div class=\"elementor-post__meta-data\">\n\t\t\t\t\t<span class=\"elementor-post-date\">\n\t\t\t5 marzo, 2025\t\t<\/span>\n\t\t\t\t<\/div>\n\t\t\t\t<div class=\"elementor-post__excerpt\">\n\t\t\t<p>BOLETIN N\u00ba133 MARZO 2025<\/p>\n\t\t<\/div>\n\t\t\t\t<\/div>\n\t\t\t\t<\/article>\n\t\t\t\t<\/div>\n\t\t\n\t\t\t\t\t\t<\/div>\n\t\t\t\t<\/div>\n\t\t\t\t\t<\/div>\n\t\t<\/div>\n\t\t\t\t\t<\/div>\n\t\t<\/section>\n\t\t\t\t<\/div>\n\t\t","protected":false},"excerpt":{"rendered":"<p>BOLET\u00cdN DE NOVEDADES INTERNACIONALES<\/p>\n","protected":false},"author":4,"featured_media":0,"parent":3416,"menu_order":0,"comment_status":"closed","ping_status":"closed","template":"","meta":{"footnotes":""},"class_list":["post-14563","page","type-page","status-publish","hentry"],"_links":{"self":[{"href":"https:\/\/fadeweb.uncoma.edu.ar\/index.php\/wp-json\/wp\/v2\/pages\/14563","targetHints":{"allow":["GET"]}}],"collection":[{"href":"https:\/\/fadeweb.uncoma.edu.ar\/index.php\/wp-json\/wp\/v2\/pages"}],"about":[{"href":"https:\/\/fadeweb.uncoma.edu.ar\/index.php\/wp-json\/wp\/v2\/types\/page"}],"author":[{"embeddable":true,"href":"https:\/\/fadeweb.uncoma.edu.ar\/index.php\/wp-json\/wp\/v2\/users\/4"}],"replies":[{"embeddable":true,"href":"https:\/\/fadeweb.uncoma.edu.ar\/index.php\/wp-json\/wp\/v2\/comments?post=14563"}],"version-history":[{"count":7,"href":"https:\/\/fadeweb.uncoma.edu.ar\/index.php\/wp-json\/wp\/v2\/pages\/14563\/revisions"}],"predecessor-version":[{"id":14573,"href":"https:\/\/fadeweb.uncoma.edu.ar\/index.php\/wp-json\/wp\/v2\/pages\/14563\/revisions\/14573"}],"up":[{"embeddable":true,"href":"https:\/\/fadeweb.uncoma.edu.ar\/index.php\/wp-json\/wp\/v2\/pages\/3416"}],"wp:attachment":[{"href":"https:\/\/fadeweb.uncoma.edu.ar\/index.php\/wp-json\/wp\/v2\/media?parent=14563"}],"curies":[{"name":"wp","href":"https:\/\/api.w.org\/{rel}","templated":true}]}}