{"id":14453,"date":"2023-03-14T14:23:41","date_gmt":"2023-03-14T17:23:41","guid":{"rendered":"https:\/\/fadeweb.uncoma.edu.ar\/?page_id=14453"},"modified":"2023-08-18T09:18:09","modified_gmt":"2023-08-18T12:18:09","slug":"circulares","status":"publish","type":"page","link":"https:\/\/fadeweb.uncoma.edu.ar\/index.php\/vi-jornadas-investigacion-posgrado-y-extension\/circulares\/","title":{"rendered":"CIRCULARES"},"content":{"rendered":"<h2>CIRCULARES<\/h2>\n<p><a href=\"https:\/\/fadeweb.uncoma.edu.ar\/wp-content\/uploads\/2023\/06\/2da-circular-Convocatoria-Resumenes-2023.pdf\">SEGUNDA CIRCULAR: <strong>AMPLIACION PLAZO PRESENTACION RESUMENES<\/strong><\/a><\/p>\n<p><a href=\"https:\/\/fadeweb.uncoma.edu.ar\/wp-content\/uploads\/2023\/03\/PRIMER-CIRCULAR-2023-Convocatoria-Resumenes-.pdf\">PRIMER CIRCULAR 2023 Convocatoria Res\u00famenes<\/a><\/p>\n<p>&nbsp;<\/p>\n<h2>DISPOSICIONES<\/h2>\n<p><a href=\"https:\/\/fadeweb.uncoma.edu.ar\/wp-content\/uploads\/2023\/08\/Dispo-Comite-evaluador.pdf\">Disposici\u00f3n Comit\u00e9 Acad\u00e9mico Evaluador<\/a><\/p>\n<p><a href=\"https:\/\/fadeweb.uncoma.edu.ar\/wp-content\/uploads\/2023\/05\/diposicion-Comite-Academico-Sec-Investigacion.pdf\">Disposici\u00f3n Comit\u00e9 Acad\u00e9mico Sec Investigaci\u00f3n<\/a><\/p>\n","protected":false},"excerpt":{"rendered":"<p>CIRCULARES SEGUNDA CIRCULAR: AMPLIACION PLAZO PRESENTACION RESUMENES PRIMER CIRCULAR 2023 Convocatoria Res\u00famenes &nbsp; DISPOSICIONES Disposici\u00f3n Comit\u00e9 Acad\u00e9mico Evaluador Disposici\u00f3n Comit\u00e9 Acad\u00e9mico Sec Investigaci\u00f3n<\/p>\n","protected":false},"author":4,"featured_media":0,"parent":14035,"menu_order":0,"comment_status":"closed","ping_status":"closed","template":"","meta":{"footnotes":""},"class_list":["post-14453","page","type-page","status-publish","hentry"],"_links":{"self":[{"href":"https:\/\/fadeweb.uncoma.edu.ar\/index.php\/wp-json\/wp\/v2\/pages\/14453","targetHints":{"allow":["GET"]}}],"collection":[{"href":"https:\/\/fadeweb.uncoma.edu.ar\/index.php\/wp-json\/wp\/v2\/pages"}],"about":[{"href":"https:\/\/fadeweb.uncoma.edu.ar\/index.php\/wp-json\/wp\/v2\/types\/page"}],"author":[{"embeddable":true,"href":"https:\/\/fadeweb.uncoma.edu.ar\/index.php\/wp-json\/wp\/v2\/users\/4"}],"replies":[{"embeddable":true,"href":"https:\/\/fadeweb.uncoma.edu.ar\/index.php\/wp-json\/wp\/v2\/comments?post=14453"}],"version-history":[{"count":9,"href":"https:\/\/fadeweb.uncoma.edu.ar\/index.php\/wp-json\/wp\/v2\/pages\/14453\/revisions"}],"predecessor-version":[{"id":16618,"href":"https:\/\/fadeweb.uncoma.edu.ar\/index.php\/wp-json\/wp\/v2\/pages\/14453\/revisions\/16618"}],"up":[{"embeddable":true,"href":"https:\/\/fadeweb.uncoma.edu.ar\/index.php\/wp-json\/wp\/v2\/pages\/14035"}],"wp:attachment":[{"href":"https:\/\/fadeweb.uncoma.edu.ar\/index.php\/wp-json\/wp\/v2\/media?parent=14453"}],"curies":[{"name":"wp","href":"https:\/\/api.w.org\/{rel}","templated":true}]}}