{"id":14440,"date":"2023-03-14T14:16:45","date_gmt":"2023-03-14T17:16:45","guid":{"rendered":"https:\/\/fadeweb.uncoma.edu.ar\/?page_id=14440"},"modified":"2023-05-16T11:32:40","modified_gmt":"2023-05-16T14:32:40","slug":"comite-organizador","status":"publish","type":"page","link":"https:\/\/fadeweb.uncoma.edu.ar\/index.php\/vi-jornadas-investigacion-posgrado-y-extension\/comite-organizador\/","title":{"rendered":"COMIT\u00c9 ORGANIZADOR"},"content":{"rendered":"<div style=\"width: 800px;\" class=\"wp-video\"><video class=\"wp-video-shortcode\" id=\"video-14440-1\" width=\"800\" height=\"450\" preload=\"metadata\" controls=\"controls\"><source type=\"video\/mp4\" src=\"https:\/\/fadeweb.uncoma.edu.ar\/wp-content\/uploads\/2023\/05\/cataldo-listo.mp4?_=1\" \/><a href=\"https:\/\/fadeweb.uncoma.edu.ar\/wp-content\/uploads\/2023\/05\/cataldo-listo.mp4\">https:\/\/fadeweb.uncoma.edu.ar\/wp-content\/uploads\/2023\/05\/cataldo-listo.mp4<\/a><\/video><\/div>\n<h2>COMIT\u00c9 ORGANIZADOR<\/h2>\n<p style=\"padding-left: 80px;\">Mgtr. Mar\u00eda Cecilia Beitia<\/p>\n<hr style=\"padding-left: 80px;\" \/>\n<p style=\"padding-left: 80px;\">Esp. Mercedes Jerez Diez<\/p>\n<hr style=\"padding-left: 80px;\" \/>\n<p style=\"padding-left: 80px;\">Abog. Sof\u00eda Szechenyi<\/p>\n<hr style=\"padding-left: 80px;\" \/>\n<p style=\"padding-left: 80px;\">Abog. Alejandro Monzani<\/p>\n<hr style=\"padding-left: 80px;\" \/>\n<p style=\"padding-left: 80px;\">Prof. Silvia Zampa<\/p>\n","protected":false},"excerpt":{"rendered":"<p>COMIT\u00c9 ORGANIZADOR Mgtr. Mar\u00eda Cecilia Beitia Esp. Mercedes Jerez Diez Abog. Sof\u00eda Szechenyi Abog. Alejandro Monzani Prof. Silvia Zampa<\/p>\n","protected":false},"author":4,"featured_media":0,"parent":14035,"menu_order":0,"comment_status":"closed","ping_status":"closed","template":"","meta":{"footnotes":""},"class_list":["post-14440","page","type-page","status-publish","hentry"],"_links":{"self":[{"href":"https:\/\/fadeweb.uncoma.edu.ar\/index.php\/wp-json\/wp\/v2\/pages\/14440","targetHints":{"allow":["GET"]}}],"collection":[{"href":"https:\/\/fadeweb.uncoma.edu.ar\/index.php\/wp-json\/wp\/v2\/pages"}],"about":[{"href":"https:\/\/fadeweb.uncoma.edu.ar\/index.php\/wp-json\/wp\/v2\/types\/page"}],"author":[{"embeddable":true,"href":"https:\/\/fadeweb.uncoma.edu.ar\/index.php\/wp-json\/wp\/v2\/users\/4"}],"replies":[{"embeddable":true,"href":"https:\/\/fadeweb.uncoma.edu.ar\/index.php\/wp-json\/wp\/v2\/comments?post=14440"}],"version-history":[{"count":5,"href":"https:\/\/fadeweb.uncoma.edu.ar\/index.php\/wp-json\/wp\/v2\/pages\/14440\/revisions"}],"predecessor-version":[{"id":15468,"href":"https:\/\/fadeweb.uncoma.edu.ar\/index.php\/wp-json\/wp\/v2\/pages\/14440\/revisions\/15468"}],"up":[{"embeddable":true,"href":"https:\/\/fadeweb.uncoma.edu.ar\/index.php\/wp-json\/wp\/v2\/pages\/14035"}],"wp:attachment":[{"href":"https:\/\/fadeweb.uncoma.edu.ar\/index.php\/wp-json\/wp\/v2\/media?parent=14440"}],"curies":[{"name":"wp","href":"https:\/\/api.w.org\/{rel}","templated":true}]}}