{"id":14438,"date":"2023-03-14T14:15:51","date_gmt":"2023-03-14T17:15:51","guid":{"rendered":"https:\/\/fadeweb.uncoma.edu.ar\/?page_id=14438"},"modified":"2023-08-10T12:39:48","modified_gmt":"2023-08-10T15:39:48","slug":"presentacion-de-trabajos","status":"publish","type":"page","link":"https:\/\/fadeweb.uncoma.edu.ar\/index.php\/vi-jornadas-investigacion-posgrado-y-extension\/presentacion-de-trabajos\/","title":{"rendered":"PRESENTACI\u00d3N DE TRABAJOS"},"content":{"rendered":"\t\t<div data-elementor-type=\"wp-page\" data-elementor-id=\"14438\" class=\"elementor elementor-14438\" data-elementor-post-type=\"page\">\n\t\t\t\t\t\t<section class=\"elementor-section elementor-top-section elementor-element elementor-element-25210503 elementor-section-boxed elementor-section-height-default elementor-section-height-default\" data-id=\"25210503\" data-element_type=\"section\" data-e-type=\"section\">\n\t\t\t\t\t\t<div class=\"elementor-container elementor-column-gap-default\">\n\t\t\t\t\t<div class=\"elementor-column elementor-col-100 elementor-top-column elementor-element elementor-element-324e74a3\" data-id=\"324e74a3\" data-element_type=\"column\" data-e-type=\"column\">\n\t\t\t<div class=\"elementor-widget-wrap elementor-element-populated\">\n\t\t\t\t\t\t<div class=\"elementor-element elementor-element-29de54cd elementor-widget elementor-widget-text-editor\" data-id=\"29de54cd\" data-element_type=\"widget\" data-e-type=\"widget\" data-widget_type=\"text-editor.default\">\n\t\t\t\t<div class=\"elementor-widget-container\">\n\t\t\t\t\t\t\t\t\t<h2>PRESENTACI\u00d3N DE TRABAJOS<\/h2>\n<p><span style=\"color: #ff6600;\"><strong>a-<\/strong> <\/span>Cada proyecto de investigaci\u00f3n y proyecto de extensi\u00f3n puede presentar una o dos propuestas para uno o m\u00e1s de los ejes particulares. Tambi\u00e9n pueden inscribirse para participar del debate del eje central de este encuentro que ser\u00e1 iniciado por el moderador. Para este \u00faltimo debate no es necesario presentar propuestas.1<br><span style=\"color: #ff6600;\"><strong>b-<\/strong><\/span> Se habilitar\u00e1 una mesa-debate de estudiantes en torno a los ejes particulares, para lo que deber\u00e1n tambi\u00e9n presentar sus propuestas.<\/p>\n<p>La presentaci\u00f3n de las propuestas debe realizarse v\u00eda mail a:<br><a href=\"mailto:jornadasinvestigacionposyext@gmail.com\">jornadasinvestigacionposyext@gmail.com<\/a><\/p>\n<p><strong>El \u00abasunto\u00bb del mail debe decir: Abstract\/ Ponencia de&#8230; y seleccionar si es de&nbsp; EXTENSI\u00d3N o INVESTIGACI\u00d3N.<\/strong><\/p>\n<p><strong>Formato:<\/strong><br>En el encabezado deben incluirse los siguientes datos: t\u00edtulo del trabajo; autor\/es; proyecto de pertenencia; tel\u00e9fonos; correos electr\u00f3nicos; eje tem\u00e1tico en donde se ubica el trabajo. A continuaci\u00f3n, el resumen.<\/p>\n<p>El texto de hasta 300 palabras debe presentarse en Word -u otro procesador compatible- en tipo de letra Arial, tama\u00f1o 12, con interlineado 1,5. Los m\u00e1rgenes superior, inferior, izquierdo y derecho ser\u00e1n de 2 cm.<\/p>\n<p>Para la redacci\u00f3n y bibliograf\u00eda se sugiere tener como referencia las normas APA en sus versiones m\u00e1s recientes.<\/p>\t\t\t\t\t\t\t\t<\/div>\n\t\t\t\t<\/div>\n\t\t\t\t\t<\/div>\n\t\t<\/div>\n\t\t\t\t\t<\/div>\n\t\t<\/section>\n\t\t\t\t<\/div>\n\t\t","protected":false},"excerpt":{"rendered":"<p>PRESENTACI\u00d3N DE TRABAJOS a- Cada proyecto de investigaci\u00f3n y proyecto de extensi\u00f3n puede presentar una o dos propuestas para uno o m\u00e1s de los ejes particulares. Tambi\u00e9n pueden inscribirse para participar del debate del eje central de este encuentro que ser\u00e1 iniciado por el moderador. Para este \u00faltimo debate no es necesario presentar propuestas.1b- Se [&hellip;]<\/p>\n","protected":false},"author":4,"featured_media":0,"parent":14035,"menu_order":0,"comment_status":"closed","ping_status":"closed","template":"","meta":{"footnotes":""},"class_list":["post-14438","page","type-page","status-publish","hentry"],"_links":{"self":[{"href":"https:\/\/fadeweb.uncoma.edu.ar\/index.php\/wp-json\/wp\/v2\/pages\/14438","targetHints":{"allow":["GET"]}}],"collection":[{"href":"https:\/\/fadeweb.uncoma.edu.ar\/index.php\/wp-json\/wp\/v2\/pages"}],"about":[{"href":"https:\/\/fadeweb.uncoma.edu.ar\/index.php\/wp-json\/wp\/v2\/types\/page"}],"author":[{"embeddable":true,"href":"https:\/\/fadeweb.uncoma.edu.ar\/index.php\/wp-json\/wp\/v2\/users\/4"}],"replies":[{"embeddable":true,"href":"https:\/\/fadeweb.uncoma.edu.ar\/index.php\/wp-json\/wp\/v2\/comments?post=14438"}],"version-history":[{"count":14,"href":"https:\/\/fadeweb.uncoma.edu.ar\/index.php\/wp-json\/wp\/v2\/pages\/14438\/revisions"}],"predecessor-version":[{"id":16496,"href":"https:\/\/fadeweb.uncoma.edu.ar\/index.php\/wp-json\/wp\/v2\/pages\/14438\/revisions\/16496"}],"up":[{"embeddable":true,"href":"https:\/\/fadeweb.uncoma.edu.ar\/index.php\/wp-json\/wp\/v2\/pages\/14035"}],"wp:attachment":[{"href":"https:\/\/fadeweb.uncoma.edu.ar\/index.php\/wp-json\/wp\/v2\/media?parent=14438"}],"curies":[{"name":"wp","href":"https:\/\/api.w.org\/{rel}","templated":true}]}}