{"id":14432,"date":"2023-03-14T14:10:26","date_gmt":"2023-03-14T17:10:26","guid":{"rendered":"https:\/\/fadeweb.uncoma.edu.ar\/?page_id=14432"},"modified":"2023-08-10T12:36:58","modified_gmt":"2023-08-10T15:36:58","slug":"objetivos-de-las-jornadas","status":"publish","type":"page","link":"https:\/\/fadeweb.uncoma.edu.ar\/index.php\/vi-jornadas-investigacion-posgrado-y-extension\/objetivos-de-las-jornadas\/","title":{"rendered":"OBJETIVOS DE LAS JORNADAS"},"content":{"rendered":"<h2>OBJETIVOS DE LAS JORNADAS<\/h2>\n<ul>\n<li>Proporcionar un ambiente de intercambio en relaci\u00f3n con la investigaci\u00f3n, la extensi\u00f3n y la trasferencia en pandemia y postpandemia, sus implicancias en las actividades de<br \/>\ninvestigaci\u00f3n, docencia y extensi\u00f3n en la Universidad de hoy.<br \/>\n\u2022 Facilitar procesos de interacci\u00f3n entre investigadores, extensionistas, docentes, estudiantes, graduados y la comunidad en general.<br \/>\n\u2022 Intercambiar y dar a conocer actividades de investigaci\u00f3n, extensi\u00f3n y posgrado en Derecho y Ciencias Sociales en la Universidad Nacional del Comahue.<\/li>\n<\/ul>\n","protected":false},"excerpt":{"rendered":"<p>OBJETIVOS DE LAS JORNADAS Proporcionar un ambiente de intercambio en relaci\u00f3n con la investigaci\u00f3n, la extensi\u00f3n y la trasferencia en pandemia y postpandemia, sus implicancias en las actividades de investigaci\u00f3n, docencia y extensi\u00f3n en la Universidad de hoy. \u2022 Facilitar procesos de interacci\u00f3n entre investigadores, extensionistas, docentes, estudiantes, graduados y la comunidad en general. \u2022 [&hellip;]<\/p>\n","protected":false},"author":4,"featured_media":0,"parent":14035,"menu_order":0,"comment_status":"closed","ping_status":"closed","template":"","meta":{"footnotes":""},"class_list":["post-14432","page","type-page","status-publish","hentry"],"_links":{"self":[{"href":"https:\/\/fadeweb.uncoma.edu.ar\/index.php\/wp-json\/wp\/v2\/pages\/14432","targetHints":{"allow":["GET"]}}],"collection":[{"href":"https:\/\/fadeweb.uncoma.edu.ar\/index.php\/wp-json\/wp\/v2\/pages"}],"about":[{"href":"https:\/\/fadeweb.uncoma.edu.ar\/index.php\/wp-json\/wp\/v2\/types\/page"}],"author":[{"embeddable":true,"href":"https:\/\/fadeweb.uncoma.edu.ar\/index.php\/wp-json\/wp\/v2\/users\/4"}],"replies":[{"embeddable":true,"href":"https:\/\/fadeweb.uncoma.edu.ar\/index.php\/wp-json\/wp\/v2\/comments?post=14432"}],"version-history":[{"count":4,"href":"https:\/\/fadeweb.uncoma.edu.ar\/index.php\/wp-json\/wp\/v2\/pages\/14432\/revisions"}],"predecessor-version":[{"id":16487,"href":"https:\/\/fadeweb.uncoma.edu.ar\/index.php\/wp-json\/wp\/v2\/pages\/14432\/revisions\/16487"}],"up":[{"embeddable":true,"href":"https:\/\/fadeweb.uncoma.edu.ar\/index.php\/wp-json\/wp\/v2\/pages\/14035"}],"wp:attachment":[{"href":"https:\/\/fadeweb.uncoma.edu.ar\/index.php\/wp-json\/wp\/v2\/media?parent=14432"}],"curies":[{"name":"wp","href":"https:\/\/api.w.org\/{rel}","templated":true}]}}