{"id":13799,"date":"2023-02-16T11:17:25","date_gmt":"2023-02-16T14:17:25","guid":{"rendered":"https:\/\/fadeweb.uncoma.edu.ar\/?page_id=13799"},"modified":"2024-10-15T13:26:35","modified_gmt":"2024-10-15T16:26:35","slug":"respuestas-a-preguntas-frecuentes-para-ingresantes-2","status":"publish","type":"page","link":"https:\/\/fadeweb.uncoma.edu.ar\/index.php\/respuestas-a-preguntas-frecuentes-para-ingresantes-2\/","title":{"rendered":"RESPUESTAS A PREGUNTAS FRECUENTES PARA INGRESANTES"},"content":{"rendered":"<p><strong><img fetchpriority=\"high\" decoding=\"async\" class=\"alignnone wp-image-13747 alignleft\" src=\"https:\/\/fadeweb.uncoma.edu.ar\/wp-content\/uploads\/2023\/02\/PREGUNTAS-FRECUENTES-1-1024x1024.jpg\" alt=\"\" width=\"600\" height=\"600\" srcset=\"https:\/\/fadeweb.uncoma.edu.ar\/wp-content\/uploads\/2023\/02\/PREGUNTAS-FRECUENTES-1-1024x1024.jpg 1024w, https:\/\/fadeweb.uncoma.edu.ar\/wp-content\/uploads\/2023\/02\/PREGUNTAS-FRECUENTES-1-300x300.jpg 300w, https:\/\/fadeweb.uncoma.edu.ar\/wp-content\/uploads\/2023\/02\/PREGUNTAS-FRECUENTES-1-150x150.jpg 150w, https:\/\/fadeweb.uncoma.edu.ar\/wp-content\/uploads\/2023\/02\/PREGUNTAS-FRECUENTES-1-768x768.jpg 768w, https:\/\/fadeweb.uncoma.edu.ar\/wp-content\/uploads\/2023\/02\/PREGUNTAS-FRECUENTES-1.jpg 1080w\" sizes=\"(max-width: 600px) 100vw, 600px\" \/><\/strong><\/p>\n<h1 class=\"elementor-heading-title elementor-size-default\" style=\"text-align: left;\">RESPUESTAS A PREGUNTAS FRECUENTES PARA INGRESANTES<\/h1>\n<p><strong>\u00bfQui\u00e9nes pueden inscribirse a las carreras de la FADECS?<\/strong><\/p>\n<p>Las personas\u00a0que quieran estudiar alguna de las carreras de grado que ofrecemos en la Facultad de Derecho y Cs. Sociales.<\/p>\n<p><strong>\u00a0<\/strong><\/p>\n<p><strong>\u00bfQu\u00e9 carreras se pueden estudiar en FADECS?<\/strong><\/p>\n<p>Abogac\u00eda, Licenciatura en Comunicaci\u00f3n Social, Profesorado en Comunicaci\u00f3n Social, Licenciatura en Sociolog\u00eda y Licenciatura en Servicio Social.<\/p>\n<p>&nbsp;<\/p>\n<p>La carrera de Licenciatura en Servicio Social se dicta en dos localizaciones, en la Ciudad de General Roca (en calles Mendoza y Per\u00fa) y en la Ciudad de Neuqu\u00e9n (Sede Central de la UNCO).\u00a0 El resto de las carreras solo se dicta en nuestra sede en General Roca (en calles Mendoza y Per\u00fa)<\/p>\n<p><strong>\u00a0<\/strong><\/p>\n<p><strong>\u00bfMe puedo inscribir en la FADECS si adeudo materias del secundario?<\/strong><\/p>\n<p>Si, podes inscribirte si adeudas materias del secundario. En este caso quedar\u00e1s inscripto\/a como ALUMNO\/A CONDICIONAL. Para ello, igual tendr\u00e1s que presentar ante la Direcci\u00f3n de Alumnos, Constancia de T\u00edtulo en Tr\u00e1mite, del cual surgir\u00e1 que a\u00fan adeudas materias del secundario.<\/p>\n<p><strong>\u00a0<\/strong><\/p>\n<p><strong>En este caso, la fecha l\u00edmite para presentar el certificado anal\u00edtico o la nueva constancia de t\u00edtulo en tr\u00e1mite que acredite la finalizaci\u00f3n de los estudios secundarios ante la Direcci\u00f3n de Alumnos, es hasta el 31 de agosto.<\/strong><\/p>\n<p><strong>\u00a0<\/strong><\/p>\n<p><strong>\u00bfSi alguna vez me inscrib\u00ed a otra carrera de la UNCo, \u00bfpuedo inscribirme en la FADECS?<\/strong><\/p>\n<p>S\u00ed, si ya est\u00e1s inscripto o fuiste alumno de otra Unidad Acad\u00e9mica de la UNCo (Universidad del Comahue), distinta de FADECS (Facultad de Derecho), para inscribirte en nuestra Unidad Acad\u00e9mica deber\u00e1s realizar tu preinscripci\u00f3n en la carrera como si te inscribieses por primera vez. Es decir, los tramites de inscripci\u00f3n que tendr\u00e1s que completar son id\u00e9nticos a aquellos que realiza quien no se encuentra inscripto en alguna otra Unidad Acad\u00e9mica.<\/p>\n<p>&nbsp;<\/p>\n<p>Si no puedes acceder, te solicitamos comunicarte al siguiente mail:<br \/>\n<u><a href=\"mailto:inscripciones.legajos@fade.uncoma.edu.ar\">inscripciones.legajos@fade.uncoma.edu.ar<\/a><\/u><\/p>\n<p><strong>\u00a0<\/strong><\/p>\n<p><strong>\u00bfCu\u00e1l es el costo de estudiar en la FADECS?<\/strong><\/p>\n<p>Las carreras de grado de la FADECS, al igual que todas las carreras que dependen de la Universidad Nacional del Comahue, son p\u00fablicas y gratuitas, es decir, no tienen arancel.<\/p>\n<p><strong>\u00a0<\/strong><\/p>\n<p><strong>\u00bfC\u00f3mo me debo inscribir en FADECS?<\/strong><\/p>\n<p>Primero debes completar la preinscripci\u00f3n OBLIGATORIA por internet (de manera digital).<\/p>\n<p>El enlace para completar la preinscripci\u00f3n para todas las carreras que se cursan en General Roca (Abogac\u00eda, Licenciatura en Comunicaci\u00f3n Social, Profesorado en Comunicaci\u00f3n Social, Licenciatura en Sociolog\u00eda y Licenciatura en Servicio Social, M\u00f3dulo General Roca), es:<\/p>\n<p><a href=\"http:\/\/preguarani.uncoma.edu.ar\/preinscripcion\/prefade\">http:\/\/preguarani.uncoma.edu.ar\/preinscripcion\/prefade<\/a><\/p>\n<p>&nbsp;<\/p>\n<p>Para la carrera de Servicio Social M\u00f3dulo Neuqu\u00e9n es:<br \/>\n<a href=\"http:\/\/preguarani.uncoma.edu.ar\/preinscripcion\/pressocnqn\">http:\/\/preguarani.uncoma.edu.ar\/preinscripcion\/pressocnqn<\/a><\/p>\n<p>&nbsp;<\/p>\n<p>Una vez que realizaste la preinscripci\u00f3n, tendr\u00e1s que acercarte a la Direcci\u00f3n de Alumnos (Ventanilla) en los siguientes d\u00edas y horarios:<\/p>\n<p><strong>\u00a0<\/strong><\/p>\n<p><strong>Horario de atenci\u00f3n en General Roca (Mendoza y Per\u00fa)<\/strong>\u00a0de lunes a viernes de 9 a 11.30 horas y de 14.30 horas a 19.30 horas<\/p>\n<p><strong>Horario de atenci\u00f3n en Neuqu\u00e9n<\/strong>\u00a0<strong>(solo para la carrera de Servicio Social)<\/strong>: de lunes a viernes de 8.30 horas a 16.00 horas<\/p>\n<p>&nbsp;<\/p>\n<p>Tendr\u00e1s que traer impresa (soporte papel) la siguiente documentaci\u00f3n:<\/p>\n<ul>\n<li>Formulario de Pre inscripci\u00f3n (Impreso).<\/li>\n<li>1 (una) fotocopia autenticada del DNI, (ambas caras de la tarjeta actualizada).<\/li>\n<li>1 (una) fotocopia autenticada del T\u00edtulo Secundario o constancia de Finalizaci\u00f3n de Estudios,\u00a0<strong>presentando el original en pdf.<\/strong><\/li>\n<li>1 (una) fotograf\u00eda de 3 x 3 cm, tipo carn\u00e9.<strong>\u00a0<\/strong><\/li>\n<\/ul>\n<p><strong>Importante:<\/strong>\u00a0No olvides traer los originales del DNI, la PARTIDA DE NACIMIENTO y el CERTIFICADO DE FINALIZACION DE ESTUDIOS, ello para que podamos autenticar las fotocopias que te pedimos.<\/p>\n<p><strong>\u00a0<\/strong><\/p>\n<p><strong>\u00bfCu\u00e1ndo cierran las inscripciones?<\/strong><\/p>\n<p>Es importante tengas en cuenta que tenemos tres per\u00edodos de inscripci\u00f3n al a\u00f1o. El primero se desarrolla durante los meses de noviembre y diciembre. El segundo durante los meses de febrero y marzo. Y el tercer per\u00edodo de inscripci\u00f3n en el mes de julio.<\/p>\n<p>&nbsp;<\/p>\n<p>Para corroborar las fechas, te sugerimos consultar nuestro calendario acad\u00e9mico en el siguiente enlace: <a href=\"https:\/\/fadeweb.uncoma.edu.ar\/index.php\/estudiantes\/calendario-academico\/\">https:\/\/fadeweb.uncoma.edu.ar\/index.php\/estudiantes\/calendario-academico\/<\/a><\/p>\n<p><strong>\u00a0<\/strong><\/p>\n<p><strong>\u00bfCu\u00e1les son nuestros canales de comunicaci\u00f3n?<\/strong><\/p>\n<p>El mail de contacto para consultas relacionadas con el proceso de inscripci\u00f3n en nuestras carreras: <a href=\"mailto:inscripciones.legajos@fade.uncoma.edu.ar\">inscripciones.legajos@fade.uncoma.edu.ar<\/a><\/p>\n<p>&nbsp;<\/p>\n<p>Por su parte, el mail de contacto para consultas relativas al ingreso en Servicio Social m\u00f3dulo Neuqu\u00e9n es: <a href=\"mailto:isabel.alvarez@fade.uncoma.edu.ar\">isabel.alvarez@fade.uncoma.edu.ar<\/a><\/p>\n<p>&nbsp;<\/p>\n<p>Nuestro WhatsApp: <strong>298 4330478<\/strong> (nos dejas tu consulta y a trav\u00e9s de tal medio te respondemos)<\/p>\n<p>&nbsp;<\/p>\n<p>Nuestra P\u00e1gina Web:\u00a0<a href=\"http:\/\/www.fadeweb.uncoma.edu.ar\/\">www.fadeweb.uncoma.edu.ar<\/a><\/p>\n<p>&nbsp;<\/p>\n<p>Te pedimos nos sigas en <a href=\"https:\/\/www.instagram.com\/alumnos.fadecs\/\">Instagram<\/a>, en donde publicamos avisos relativos a ex\u00e1menes, cursadas e informaci\u00f3n que ser\u00e1 de utilidad para la vida universitaria:\u00a0<a href=\"https:\/\/www.instagram.com\/alumnos.fadecs\/\">alumnos.fadecs<\/a><\/p>\n<p>&nbsp;<\/p>\n<p>Nuestro correo para consultas generales es: <u><a href=\"mailto:consultasalumnos@fade.uncoma.edu.ar\">consultasalumnos@fade.uncoma.edu.ar<\/a><\/u><\/p>\n<p><strong>\u00a0<\/strong><\/p>\n<p><strong>\u00bfCu\u00e1ndo comienzan las clases?<\/strong><\/p>\n<p>Las clases comienzan la primera o segunda semana del mes de marzo. Para corroborar las fechas exactas, te sugerimos consultar nuestro calendario acad\u00e9mico en el siguiente enlace:<\/p>\n<p><a href=\"https:\/\/fadeweb.uncoma.edu.ar\/index.php\/estudiantes\/calendario-academico\/\">https:\/\/fadeweb.uncoma.edu.ar\/index.php\/estudiantes\/calendario-academico\/<\/a><\/p>\n<p>Aprovechamos para contarte que todos los a\u00f1os, en forma previa al comienzo de las clases se desarrollan para los y las estudiantes que inician sus estudios en FADECS, las jornadas de ingresantes. Esta actividad se desarrolla durante varias jornadas y es organizada por distintas \u00e1reas de nuestra facultad, con el objetivo generar un espacio de intercambio, favoreciendo la futura construcci\u00f3n del sentido de pertenencia a nuestra universidad.<\/p>\n<p><strong>\u00a0<\/strong><\/p>\n<p><strong>\u00bfCu\u00e1l es la modalidad de cursado?<\/strong><\/p>\n<p>Todas las carreras de la FADECS son de cursado presencial.\u00a0 Sin perjuicio de ello, se prev\u00e9n durante el transcurso de la cursada distintas actividades que utilizan herramientas digitales (clases virtuales \u2013sincr\u00f3nicas o asincr\u00f3nicas-, clases h\u00edbridas, trabajos pr\u00e1cticos, foros a trav\u00e9s de nuestra plataforma PEDCO).<\/p>\n<p><strong>\u00a0<\/strong><\/p>\n<p><strong>\u00bfC\u00f3mo s\u00e9 qu\u00e9 materias tengo que cursar? \u00bfCu\u00e1les son los horarios?<\/strong><\/p>\n<p>Para saber que materias te corresponden cursar, tendr\u00e1s que consultar el plan de estudios de la carrera.<\/p>\n<p>&nbsp;<\/p>\n<p>Los planes de estudio podr\u00e1s encontrarlo en nuestra web:\u00a0<a href=\"https:\/\/fadeweb.uncoma.edu.ar\/\">https:\/\/fadeweb.uncoma.edu.ar<\/a><\/p>\n<p>Los horarios de cursados se publican durante la primera semana del mes de marzo en nuestra web. All\u00ed tambi\u00e9n estar\u00e1n indicadas cuales son las materias de primer a\u00f1o.<\/p>\n<p><strong>\u00a0<\/strong><\/p>\n<p><strong>\u00bfTengo que inscribirme en los cursados?<\/strong><\/p>\n<p>S\u00ed, tendr\u00e1s que inscribirte en cada una de las materias que decidas cursar. El tr\u00e1mite de inscripci\u00f3n a las materias debe efectuarse a trav\u00e9s del sistema de gesti\u00f3n SIU GUARANI.<\/p>\n<p><strong>\u00a0<\/strong><\/p>\n<p><strong>\u00bfC\u00f3mo hago para inscribirme en los cursados? \u00bfCu\u00e1ndo me inscribo?<\/strong><\/p>\n<p>La inscripci\u00f3n la tendr\u00e1s que realizar a trav\u00e9s de nuestro sistema de gesti\u00f3n SIU GUARANI. Te dejamos el enlace:\u00a0<a href=\"https:\/\/siufade.uncoma.edu.ar\/derecho\/\">https:\/\/siufade.uncoma.edu.ar\/derecho\/<\/a><\/p>\n<p><strong>\u00a0<\/strong><\/p>\n<p><strong>Ingresar\u00e1s as\u00ed:<\/strong><\/p>\n<p>USUARIO: n\u00famero de documento (siempre sin puntos).<\/p>\n<p>CLAVE: para generar tu clave de acceso, deber\u00e1s cliquear en donde dice:\u00a0 -\u00bfOlvidaste tu contrase\u00f1a o sos un usuario nuevo?\u00a0 Completas los datos que all\u00ed se te solicitan y te llegar\u00e1 un mail a la casilla de correo que informaste en la preinscripci\u00f3n, lo cual te permitir\u00e1 crear tu clave.<\/p>\n<p>&nbsp;<\/p>\n<p>Si sos ingresante en la carrera de Servicio Social Neuqu\u00e9n, el link es el siguiente:<\/p>\n<p><u><a href=\"https:\/\/siussocial.uncoma.edu.ar\/ssocial\/\">https:\/\/siussocial.uncoma.edu.ar\/ssocial\/<\/a><\/u><\/p>\n<p>&nbsp;<\/p>\n<p>Tambi\u00e9n deber\u00e1s matricularte en las aulas que cada asignatura tiene en la plataforma virtual PEDCO.<\/p>\n<p>&nbsp;<\/p>\n<p>A las y los ingresantes se los matricula de manera directa. Es decir, en este caso no tendr\u00e1s que realizar ning\u00fan tr\u00e1mite de matriculaci\u00f3n.<\/p>\n<p>&nbsp;<\/p>\n<p>El resto de las\/los estudiantes deben efectuar su tr\u00e1mite de matriculaci\u00f3n en las aulas de la plataforma virtual PEDCO. Te dejamos el enlace:<\/p>\n<p><a href=\"https:\/\/pedco.uncoma.edu.ar\/\">https:\/\/pedco.uncoma.edu.ar\/<\/a><\/p>\n<p>&nbsp;<\/p>\n<p>Para hacerlo, deber\u00e1s ingresar a:<\/p>\n<p><u><a href=\"https:\/\/pedco.uncoma.edu.ar\/login\/index.php\">https:\/\/pedco.uncoma.edu.ar\/login\/index.php<\/a><\/u><\/p>\n<p><strong>\u00a0<\/strong><\/p>\n<p><strong>Ingresar\u00e1s as\u00ed:<\/strong><\/p>\n<p>USUARIO: n\u00famero de documento (siempre sin puntos).<\/p>\n<p>CLAVE: n\u00famero de documento (siempre sin puntos).<\/p>\n<p>Si no puedes acceder a la PEDCO, comun\u00edcate al siguiente mail:\u00a0<u><a href=\"mailto:pedco@fade.uncoma.edu.ar\">pedco@fade.uncoma.edu.ar<\/a><\/u><\/p>\n<p><em>(Debes informar nombre y apellido completo, n\u00famero de DNI, y carrera)<\/em><\/p>\n<p><strong>\u00a0<\/strong><\/p>\n<p><strong>\u00bfQu\u00e9 es SIU GUARANI?<\/strong><\/p>\n<p>El SIU GUARANI es un sistema inform\u00e1tico, en el que se registra TODA la actividad acad\u00e9mica de los y las estudiantes, desde el ingreso a la universidad hasta su egreso.<\/p>\n<p>En este Sistema, vos podes, inscribirte a las asignaturas que vas a cursar, inscribirte a ex\u00e1menes, solicitar certificados de alumno regular o de alumno activo, consultar tu rendimiento acad\u00e9mico, etc.<\/p>\n<p>&nbsp;<\/p>\n<p>Asimismo, te dejamos un correo electr\u00f3nico al cual podr\u00e1s escribir por consultas sobre cursados: <a href=\"mailto:cursados@fade.uncoma.edu.ar\">cursados@fade.uncoma.edu.ar<\/a><\/p>\n<p><strong>\u00a0<\/strong><\/p>\n<p><strong>\u00bfQu\u00e9 es PEDCO?<\/strong><\/p>\n<p>La PEDCO, es la plataforma de educaci\u00f3n a distancia de la Universidad Nacional del Comahue, en la que funcionan las aulas virtuales de todas las asignaturas de las diferentes carreras, as\u00ed como tambi\u00e9n los cursos que se dictan. All\u00ed las c\u00e1tedras publican informaci\u00f3n de fechas de ex\u00e1menes parciales o finales, organizan el dictado de clases, suben el material de estudio, habilitan foros, y es el medio de comunicaci\u00f3n entre las y los estudiantes y el docente.<\/p>\n","protected":false},"excerpt":{"rendered":"<p>RESPUESTAS A PREGUNTAS FRECUENTES PARA INGRESANTES \u00bfQui\u00e9nes pueden inscribirse a las carreras de la FADECS? Las personas\u00a0que quieran estudiar alguna de las carreras de grado que ofrecemos en la Facultad de Derecho y Cs. Sociales. \u00a0 \u00bfQu\u00e9 carreras se pueden estudiar en FADECS? Abogac\u00eda, Licenciatura en Comunicaci\u00f3n Social, Profesorado en Comunicaci\u00f3n Social, Licenciatura en Sociolog\u00eda [&hellip;]<\/p>\n","protected":false},"author":4,"featured_media":13747,"parent":0,"menu_order":0,"comment_status":"closed","ping_status":"closed","template":"","meta":{"footnotes":""},"class_list":["post-13799","page","type-page","status-publish","has-post-thumbnail","hentry"],"_links":{"self":[{"href":"https:\/\/fadeweb.uncoma.edu.ar\/index.php\/wp-json\/wp\/v2\/pages\/13799","targetHints":{"allow":["GET"]}}],"collection":[{"href":"https:\/\/fadeweb.uncoma.edu.ar\/index.php\/wp-json\/wp\/v2\/pages"}],"about":[{"href":"https:\/\/fadeweb.uncoma.edu.ar\/index.php\/wp-json\/wp\/v2\/types\/page"}],"author":[{"embeddable":true,"href":"https:\/\/fadeweb.uncoma.edu.ar\/index.php\/wp-json\/wp\/v2\/users\/4"}],"replies":[{"embeddable":true,"href":"https:\/\/fadeweb.uncoma.edu.ar\/index.php\/wp-json\/wp\/v2\/comments?post=13799"}],"version-history":[{"count":8,"href":"https:\/\/fadeweb.uncoma.edu.ar\/index.php\/wp-json\/wp\/v2\/pages\/13799\/revisions"}],"predecessor-version":[{"id":22312,"href":"https:\/\/fadeweb.uncoma.edu.ar\/index.php\/wp-json\/wp\/v2\/pages\/13799\/revisions\/22312"}],"wp:featuredmedia":[{"embeddable":true,"href":"https:\/\/fadeweb.uncoma.edu.ar\/index.php\/wp-json\/wp\/v2\/media\/13747"}],"wp:attachment":[{"href":"https:\/\/fadeweb.uncoma.edu.ar\/index.php\/wp-json\/wp\/v2\/media?parent=13799"}],"curies":[{"name":"wp","href":"https:\/\/api.w.org\/{rel}","templated":true}]}}