{"id":10287,"date":"2022-11-08T14:55:06","date_gmt":"2022-11-08T17:55:06","guid":{"rendered":"http:\/\/170.210.81.106\/newfade\/?page_id=10287"},"modified":"2022-11-08T15:01:45","modified_gmt":"2022-11-08T18:01:45","slug":"diplomatura-la-ciudad-de-las-ninas-y-los-ninos","status":"publish","type":"page","link":"https:\/\/fadeweb.uncoma.edu.ar\/index.php\/secretaria-de-extension-y-asuntos-estudiantiles\/diplomatura-la-ciudad-de-las-ninas-y-los-ninos\/","title":{"rendered":"DIPLOMATURA LA CIUDAD DE LAS NI\u00d1AS Y LOS NI\u00d1OS"},"content":{"rendered":"<h2>DIPLOMATURA LA CIUDAD DE LAS NI\u00d1AS Y LOS NI\u00d1OS<\/h2>\n<p><a href=\"https:\/\/fadeweb.uncoma.edu.ar\/wp-content\/uploads\/2022\/11\/Res.-359-Diplomatura-La-Ciudad-de-las-Ninas-y-los-Ninos.pdf\">Res. 359 Diplomatura La Ciudad de las Ni\u00f1as y los Ni\u00f1os<\/a><\/p>\n<p><a href=\"https:\/\/fadeweb.uncoma.edu.ar\/wp-content\/uploads\/2022\/11\/Res.-071-22-Ratificar-Res-359-22-Diplomatura-Tonucci.pdf\">Res. 071-22 Ratificar Res 359-22 Diplomatura Tonucci<\/a><\/p>\n<p><a href=\"https:\/\/fadeweb.uncoma.edu.ar\/wp-content\/uploads\/2022\/11\/Res-consejo-superior-0416_2022-Diplomatura-La-ciudad-de-las-ninas-y-los-ninos.pdf\">Res consejo superior 0416_2022 Diplomatura La ciudad de las ni\u00f1as y los ni\u00f1os<\/a><\/p>\n<p><a href=\"https:\/\/fadeweb.uncoma.edu.ar\/wp-content\/uploads\/2022\/11\/Proyecto-Diplomatura-La-ciudad-de-los-ninos-y-las-ninas.pdf\">Proyecto Diplomatura La ciudad de los ni\u00f1os y las ni\u00f1as<\/a><\/p>\n","protected":false},"excerpt":{"rendered":"<p>DIPLOMATURA LA CIUDAD DE LAS NI\u00d1AS Y LOS NI\u00d1OS Res. 359 Diplomatura La Ciudad de las Ni\u00f1as y los Ni\u00f1os Res. 071-22 Ratificar Res 359-22 Diplomatura Tonucci Res consejo superior 0416_2022 Diplomatura La ciudad de las ni\u00f1as y los ni\u00f1os Proyecto Diplomatura La ciudad de los ni\u00f1os y las ni\u00f1as<\/p>\n","protected":false},"author":4,"featured_media":0,"parent":3456,"menu_order":0,"comment_status":"closed","ping_status":"closed","template":"","meta":{"footnotes":""},"class_list":["post-10287","page","type-page","status-publish","hentry"],"_links":{"self":[{"href":"https:\/\/fadeweb.uncoma.edu.ar\/index.php\/wp-json\/wp\/v2\/pages\/10287","targetHints":{"allow":["GET"]}}],"collection":[{"href":"https:\/\/fadeweb.uncoma.edu.ar\/index.php\/wp-json\/wp\/v2\/pages"}],"about":[{"href":"https:\/\/fadeweb.uncoma.edu.ar\/index.php\/wp-json\/wp\/v2\/types\/page"}],"author":[{"embeddable":true,"href":"https:\/\/fadeweb.uncoma.edu.ar\/index.php\/wp-json\/wp\/v2\/users\/4"}],"replies":[{"embeddable":true,"href":"https:\/\/fadeweb.uncoma.edu.ar\/index.php\/wp-json\/wp\/v2\/comments?post=10287"}],"version-history":[{"count":8,"href":"https:\/\/fadeweb.uncoma.edu.ar\/index.php\/wp-json\/wp\/v2\/pages\/10287\/revisions"}],"predecessor-version":[{"id":10296,"href":"https:\/\/fadeweb.uncoma.edu.ar\/index.php\/wp-json\/wp\/v2\/pages\/10287\/revisions\/10296"}],"up":[{"embeddable":true,"href":"https:\/\/fadeweb.uncoma.edu.ar\/index.php\/wp-json\/wp\/v2\/pages\/3456"}],"wp:attachment":[{"href":"https:\/\/fadeweb.uncoma.edu.ar\/index.php\/wp-json\/wp\/v2\/media?parent=10287"}],"curies":[{"name":"wp","href":"https:\/\/api.w.org\/{rel}","templated":true}]}}