{"id":10210,"date":"2022-11-08T09:33:40","date_gmt":"2022-11-08T12:33:40","guid":{"rendered":"http:\/\/170.210.81.106\/newfade\/?page_id=10210"},"modified":"2022-11-08T11:06:04","modified_gmt":"2022-11-08T14:06:04","slug":"asesoria-juridica-gratuita","status":"publish","type":"page","link":"https:\/\/fadeweb.uncoma.edu.ar\/index.php\/secretaria-de-extension-y-asuntos-estudiantiles\/asesoria-juridica-gratuita\/","title":{"rendered":"ASESOR\u00cdA JUR\u00cdDICA GRATUITA"},"content":{"rendered":"\t\t<div data-elementor-type=\"wp-page\" data-elementor-id=\"10210\" class=\"elementor elementor-10210\" data-elementor-post-type=\"page\">\n\t\t\t\t\t\t<section class=\"elementor-section elementor-top-section elementor-element elementor-element-84b4e07 elementor-section-boxed elementor-section-height-default elementor-section-height-default\" data-id=\"84b4e07\" data-element_type=\"section\" data-e-type=\"section\">\n\t\t\t\t\t\t<div class=\"elementor-container elementor-column-gap-default\">\n\t\t\t\t\t<div class=\"elementor-column elementor-col-100 elementor-top-column elementor-element elementor-element-85feab0\" data-id=\"85feab0\" data-element_type=\"column\" data-e-type=\"column\">\n\t\t\t<div class=\"elementor-widget-wrap elementor-element-populated\">\n\t\t\t\t\t\t<div class=\"elementor-element elementor-element-34de31f elementor-grid-1 elementor-posts--thumbnail-left elementor-grid-tablet-2 elementor-grid-mobile-1 elementor-widget elementor-widget-posts\" data-id=\"34de31f\" data-element_type=\"widget\" data-e-type=\"widget\" data-settings=\"{&quot;pagination_type&quot;:&quot;numbers_and_prev_next&quot;,&quot;classic_columns&quot;:&quot;1&quot;,&quot;classic_columns_tablet&quot;:&quot;2&quot;,&quot;classic_columns_mobile&quot;:&quot;1&quot;,&quot;classic_row_gap&quot;:{&quot;unit&quot;:&quot;px&quot;,&quot;size&quot;:35,&quot;sizes&quot;:[]},&quot;classic_row_gap_tablet&quot;:{&quot;unit&quot;:&quot;px&quot;,&quot;size&quot;:&quot;&quot;,&quot;sizes&quot;:[]},&quot;classic_row_gap_mobile&quot;:{&quot;unit&quot;:&quot;px&quot;,&quot;size&quot;:&quot;&quot;,&quot;sizes&quot;:[]}}\" data-widget_type=\"posts.classic\">\n\t\t\t\t<div class=\"elementor-widget-container\">\n\t\t\t\t\t\t\t<div class=\"elementor-posts-container elementor-posts elementor-posts--skin-classic elementor-grid\" role=\"list\">\r\n\t\t\t\t<article class=\"elementor-post elementor-grid-item post-27928 post type-post status-publish format-standard has-post-thumbnail hentry category-asesoria-juridica-gratuita category-notifadecs\" role=\"listitem\">\r\n\t\t\t\t<a class=\"elementor-post__thumbnail__link\" href=\"https:\/\/fadeweb.uncoma.edu.ar\/index.php\/2026\/04\/15\/sumate-al-equipo-de-asesorias-juridicas-gratuitas-en-fadecs-2\/\" tabindex=\"-1\" >\r\n\t\t\t<div class=\"elementor-post__thumbnail\"><img fetchpriority=\"high\" decoding=\"async\" width=\"240\" height=\"300\" src=\"https:\/\/fadeweb.uncoma.edu.ar\/wp-content\/uploads\/2026\/04\/AJG-2026-convocatoria-1-240x300.jpg\" class=\"attachment-medium size-medium wp-image-27929\" alt=\"SUMATE AL EQUIPO DE ASESOR\u00cdAS JUR\u00cdDICAS GRATUITAS EN FADECS\" srcset=\"https:\/\/fadeweb.uncoma.edu.ar\/wp-content\/uploads\/2026\/04\/AJG-2026-convocatoria-1-240x300.jpg 240w, https:\/\/fadeweb.uncoma.edu.ar\/wp-content\/uploads\/2026\/04\/AJG-2026-convocatoria-1-819x1024.jpg 819w, https:\/\/fadeweb.uncoma.edu.ar\/wp-content\/uploads\/2026\/04\/AJG-2026-convocatoria-1-768x960.jpg 768w, https:\/\/fadeweb.uncoma.edu.ar\/wp-content\/uploads\/2026\/04\/AJG-2026-convocatoria-1-1229x1536.jpg 1229w, https:\/\/fadeweb.uncoma.edu.ar\/wp-content\/uploads\/2026\/04\/AJG-2026-convocatoria-1-1638x2048.jpg 1638w, https:\/\/fadeweb.uncoma.edu.ar\/wp-content\/uploads\/2026\/04\/AJG-2026-convocatoria-1.jpg 2000w\" sizes=\"(max-width: 240px) 100vw, 240px\" \/><\/div>\r\n\t\t<\/a>\r\n\t\t\t\t<div class=\"elementor-post__text\">\r\n\t\t\t\t<h3 class=\"elementor-post__title\">\r\n\t\t\t<a href=\"https:\/\/fadeweb.uncoma.edu.ar\/index.php\/2026\/04\/15\/sumate-al-equipo-de-asesorias-juridicas-gratuitas-en-fadecs-2\/\" >\r\n\t\t\t\tSUMATE AL EQUIPO DE ASESOR\u00cdAS JUR\u00cdDICAS GRATUITAS EN FADECS\t\t\t<\/a>\r\n\t\t<\/h3>\r\n\t\t\t\t<div class=\"elementor-post__meta-data\">\r\n\t\t\t\t\t<span class=\"elementor-post-date\">\r\n\t\t\t15 abril, 2026\t\t<\/span>\r\n\t\t\t\t<\/div>\r\n\t\t\t\t<div class=\"elementor-post__excerpt\">\r\n\t\t\t<p>La Secretar\u00eda de Extensi\u00f3n de la Facultad de Derecho y Ciencias Sociales convoca a estudiantes avanzados de Abogac\u00eda a formar parte del proyecto de Asesor\u00edas Jur\u00eddicas Gratuitas. Si te interesa ganar experiencia, fortalecer tus habilidades y contribuir con la comunidad, \u00a1esta es tu oportunidad! Para m\u00e1s informaci\u00f3n, nos podes escribir a asesoriasjuridicasgralroca@gmail.com o al WhatsApp 2984 690225<\/p>\n\t\t<\/div>\r\n\t\t\t\t<\/div>\r\n\t\t\t\t<\/article>\r\n\t\t\t\t<article class=\"elementor-post elementor-grid-item post-27906 post type-post status-publish format-standard has-post-thumbnail hentry category-asesoria-juridica-gratuita category-notifadecs\" role=\"listitem\">\r\n\t\t\t\t<a class=\"elementor-post__thumbnail__link\" href=\"https:\/\/fadeweb.uncoma.edu.ar\/index.php\/2026\/04\/13\/vuelven-las-asesorias-juridicas-gratuitas-de-la-fadecs-2\/\" tabindex=\"-1\" >\r\n\t\t\t<div class=\"elementor-post__thumbnail\"><img decoding=\"async\" width=\"240\" height=\"300\" src=\"https:\/\/fadeweb.uncoma.edu.ar\/wp-content\/uploads\/2026\/04\/AJG-30-04-26-240x300.jpg\" class=\"attachment-medium size-medium wp-image-27907\" alt=\"VUELVEN LAS ASESOR\u00cdAS JUR\u00cdDICAS GRATUITAS DE LA FADECS\" srcset=\"https:\/\/fadeweb.uncoma.edu.ar\/wp-content\/uploads\/2026\/04\/AJG-30-04-26-240x300.jpg 240w, https:\/\/fadeweb.uncoma.edu.ar\/wp-content\/uploads\/2026\/04\/AJG-30-04-26-819x1024.jpg 819w, https:\/\/fadeweb.uncoma.edu.ar\/wp-content\/uploads\/2026\/04\/AJG-30-04-26-768x960.jpg 768w, https:\/\/fadeweb.uncoma.edu.ar\/wp-content\/uploads\/2026\/04\/AJG-30-04-26.jpg 1080w\" sizes=\"(max-width: 240px) 100vw, 240px\" \/><\/div>\r\n\t\t<\/a>\r\n\t\t\t\t<div class=\"elementor-post__text\">\r\n\t\t\t\t<h3 class=\"elementor-post__title\">\r\n\t\t\t<a href=\"https:\/\/fadeweb.uncoma.edu.ar\/index.php\/2026\/04\/13\/vuelven-las-asesorias-juridicas-gratuitas-de-la-fadecs-2\/\" >\r\n\t\t\t\tVUELVEN LAS ASESOR\u00cdAS JUR\u00cdDICAS GRATUITAS DE LA FADECS\t\t\t<\/a>\r\n\t\t<\/h3>\r\n\t\t\t\t<div class=\"elementor-post__meta-data\">\r\n\t\t\t\t\t<span class=\"elementor-post-date\">\r\n\t\t\t13 abril, 2026\t\t<\/span>\r\n\t\t\t\t<\/div>\r\n\t\t\t\t<div class=\"elementor-post__excerpt\">\r\n\t\t\t<p>Se retoman las Asesor\u00edas Jur\u00eddicas Gratuitas y la primera del 2026 ser\u00e1 el jueves 30 DE ABRIL, de 16 a 18 horas en Casita 1 de la FADECS, Mendoza y Per\u00fa, G. Roca. Para sacar turnos, hay que solicitarlo al correo: asesoriasjuridicasgralroca@gmail.com S\u00d3LO SE ATIENDE CON TURNO PREVIO<\/p>\n\t\t<\/div>\r\n\t\t\t\t<\/div>\r\n\t\t\t\t<\/article>\r\n\t\t\t\t<article class=\"elementor-post elementor-grid-item post-26642 post type-post status-publish format-standard has-post-thumbnail hentry category-asesoria-juridica-gratuita\" role=\"listitem\">\r\n\t\t\t\t<a class=\"elementor-post__thumbnail__link\" href=\"https:\/\/fadeweb.uncoma.edu.ar\/index.php\/2025\/10\/06\/proximas-asesorias-juridicas-gratuitas-de-la-fadecs-4\/\" tabindex=\"-1\" >\r\n\t\t\t<div class=\"elementor-post__thumbnail\"><img decoding=\"async\" width=\"240\" height=\"300\" src=\"https:\/\/fadeweb.uncoma.edu.ar\/wp-content\/uploads\/2025\/10\/AJG-2025-a-240x300.jpg\" class=\"attachment-medium size-medium wp-image-26644\" alt=\"PR\u00d3XIMAS ASESOR\u00cdAS JUR\u00cdDICAS GRATUITAS DE LA FADECS\" srcset=\"https:\/\/fadeweb.uncoma.edu.ar\/wp-content\/uploads\/2025\/10\/AJG-2025-a-240x300.jpg 240w, https:\/\/fadeweb.uncoma.edu.ar\/wp-content\/uploads\/2025\/10\/AJG-2025-a-819x1024.jpg 819w, https:\/\/fadeweb.uncoma.edu.ar\/wp-content\/uploads\/2025\/10\/AJG-2025-a-768x960.jpg 768w, https:\/\/fadeweb.uncoma.edu.ar\/wp-content\/uploads\/2025\/10\/AJG-2025-a.jpg 1080w\" sizes=\"(max-width: 240px) 100vw, 240px\" \/><\/div>\r\n\t\t<\/a>\r\n\t\t\t\t<div class=\"elementor-post__text\">\r\n\t\t\t\t<h3 class=\"elementor-post__title\">\r\n\t\t\t<a href=\"https:\/\/fadeweb.uncoma.edu.ar\/index.php\/2025\/10\/06\/proximas-asesorias-juridicas-gratuitas-de-la-fadecs-4\/\" >\r\n\t\t\t\tPR\u00d3XIMAS ASESOR\u00cdAS JUR\u00cdDICAS GRATUITAS DE LA FADECS\t\t\t<\/a>\r\n\t\t<\/h3>\r\n\t\t\t\t<div class=\"elementor-post__meta-data\">\r\n\t\t\t\t\t<span class=\"elementor-post-date\">\r\n\t\t\t6 octubre, 2025\t\t<\/span>\r\n\t\t\t\t<\/div>\r\n\t\t\t\t<div class=\"elementor-post__excerpt\">\r\n\t\t\t<p>Las pr\u00f3ximas Asesor\u00edas Jur\u00eddicas Gratuitas ser\u00e1n de 14 a 16 y de 16 a 18 horas en casita 1 de la FADECS, Mendoza y Per\u00fa, G. Roca. 30\/10 14 A 16 HS 6\/11 16 A 18 HS 20\/11 16 A 18 HS Para sacar turnos, hay que solicitarlo al correo: asesoriasjuridicasgralroca@gmail.com SOLO SE ATIENDE CON TURNO PREVIO.<\/p>\n\t\t<\/div>\r\n\t\t\t\t<\/div>\r\n\t\t\t\t<\/article>\r\n\t\t\t\t<article class=\"elementor-post elementor-grid-item post-26344 post type-post status-publish format-standard has-post-thumbnail hentry category-asesoria-juridica-gratuita category-notifadecs\" role=\"listitem\">\r\n\t\t\t\t<a class=\"elementor-post__thumbnail__link\" href=\"https:\/\/fadeweb.uncoma.edu.ar\/index.php\/2025\/09\/10\/proximas-asesorias-juridicas-gratuitas-de-la-fadecs-3\/\" tabindex=\"-1\" >\r\n\t\t\t<div class=\"elementor-post__thumbnail\"><img loading=\"lazy\" decoding=\"async\" width=\"240\" height=\"300\" src=\"https:\/\/fadeweb.uncoma.edu.ar\/wp-content\/uploads\/2025\/09\/AJG-2025-0-240x300.jpg\" class=\"attachment-medium size-medium wp-image-26345\" alt=\"PR\u00d3XIMAS ASESOR\u00cdAS JUR\u00cdDICAS GRATUITAS DE LA FADECS\" srcset=\"https:\/\/fadeweb.uncoma.edu.ar\/wp-content\/uploads\/2025\/09\/AJG-2025-0-240x300.jpg 240w, https:\/\/fadeweb.uncoma.edu.ar\/wp-content\/uploads\/2025\/09\/AJG-2025-0-819x1024.jpg 819w, https:\/\/fadeweb.uncoma.edu.ar\/wp-content\/uploads\/2025\/09\/AJG-2025-0-768x960.jpg 768w, https:\/\/fadeweb.uncoma.edu.ar\/wp-content\/uploads\/2025\/09\/AJG-2025-0.jpg 1080w\" sizes=\"(max-width: 240px) 100vw, 240px\" \/><\/div>\r\n\t\t<\/a>\r\n\t\t\t\t<div class=\"elementor-post__text\">\r\n\t\t\t\t<h3 class=\"elementor-post__title\">\r\n\t\t\t<a href=\"https:\/\/fadeweb.uncoma.edu.ar\/index.php\/2025\/09\/10\/proximas-asesorias-juridicas-gratuitas-de-la-fadecs-3\/\" >\r\n\t\t\t\tPR\u00d3XIMAS ASESOR\u00cdAS JUR\u00cdDICAS GRATUITAS DE LA FADECS\t\t\t<\/a>\r\n\t\t<\/h3>\r\n\t\t\t\t<div class=\"elementor-post__meta-data\">\r\n\t\t\t\t\t<span class=\"elementor-post-date\">\r\n\t\t\t10 septiembre, 2025\t\t<\/span>\r\n\t\t\t\t<\/div>\r\n\t\t\t\t<div class=\"elementor-post__excerpt\">\r\n\t\t\t<p>&nbsp; Las pr\u00f3ximas Asesor\u00edas Jur\u00eddicas Gratuitas ser\u00e1n de 14 a 16 y de 16 a 18 horas en casita 1 de la FADECS, Mendoza y Per\u00fa, G. Roca. 2\/10 16 A 18 HS 16\/10 14 A 16 HS 30\/10 14 A 16 HS 6\/11 16 A 18 HS 20\/11 16 A 18 HS Para sacar turnos, hay que solicitarlo al correo: asesoriasjuridicasgralroca@gmail.com SOLO SE ATIENDE CON TURNO PREVIO.<\/p>\n\t\t<\/div>\r\n\t\t\t\t<\/div>\r\n\t\t\t\t<\/article>\r\n\t\t\t\t<article class=\"elementor-post elementor-grid-item post-26315 post type-post status-publish format-standard has-post-thumbnail hentry category-asesoria-juridica-gratuita category-notifadecs\" role=\"listitem\">\r\n\t\t\t\t<a class=\"elementor-post__thumbnail__link\" href=\"https:\/\/fadeweb.uncoma.edu.ar\/index.php\/2025\/09\/08\/asesorias-juridicas-gratuitas-una-contribucion-comunitaria-y-experiencia-formativa\/\" tabindex=\"-1\" >\r\n\t\t\t<div class=\"elementor-post__thumbnail\"><img loading=\"lazy\" decoding=\"async\" width=\"300\" height=\"225\" src=\"https:\/\/fadeweb.uncoma.edu.ar\/wp-content\/uploads\/2025\/09\/EQUIPO-ajg-300x225.jpg\" class=\"attachment-medium size-medium wp-image-26316\" alt=\"ASESOR\u00cdAS JUR\u00cdDICAS GRATUITAS, UNA CONTRIBUCI\u00d3N COMUNITARIA Y EXPERIENCIA FORMATIVA\" srcset=\"https:\/\/fadeweb.uncoma.edu.ar\/wp-content\/uploads\/2025\/09\/EQUIPO-ajg-300x225.jpg 300w, https:\/\/fadeweb.uncoma.edu.ar\/wp-content\/uploads\/2025\/09\/EQUIPO-ajg-1024x768.jpg 1024w, https:\/\/fadeweb.uncoma.edu.ar\/wp-content\/uploads\/2025\/09\/EQUIPO-ajg-768x576.jpg 768w, https:\/\/fadeweb.uncoma.edu.ar\/wp-content\/uploads\/2025\/09\/EQUIPO-ajg.jpg 1280w\" sizes=\"(max-width: 300px) 100vw, 300px\" \/><\/div>\r\n\t\t<\/a>\r\n\t\t\t\t<div class=\"elementor-post__text\">\r\n\t\t\t\t<h3 class=\"elementor-post__title\">\r\n\t\t\t<a href=\"https:\/\/fadeweb.uncoma.edu.ar\/index.php\/2025\/09\/08\/asesorias-juridicas-gratuitas-una-contribucion-comunitaria-y-experiencia-formativa\/\" >\r\n\t\t\t\tASESOR\u00cdAS JUR\u00cdDICAS GRATUITAS, UNA CONTRIBUCI\u00d3N COMUNITARIA Y EXPERIENCIA FORMATIVA\t\t\t<\/a>\r\n\t\t<\/h3>\r\n\t\t\t\t<div class=\"elementor-post__meta-data\">\r\n\t\t\t\t\t<span class=\"elementor-post-date\">\r\n\t\t\t8 septiembre, 2025\t\t<\/span>\r\n\t\t\t\t<\/div>\r\n\t\t\t\t<div class=\"elementor-post__excerpt\">\r\n\t\t\t<p>Las Asesor\u00edas Jur\u00eddicas Gratuitas retomaron el jueves 4 de septiembre en dos horarios, de 14 a 16 y de 16 a 18 en la casita 1 de nuestra casa estudios. El servicio brindado por la FADECS a la comunidad tiene su origen en un proyecto de extensi\u00f3n y hoy ya es una actividad permanente que se lleva adelante desde esa Secretar\u00eda en conjunto con Estudiantes y Graduados\/as de esta casa de estudios. El equipo de estudiantes avanzados\/as y graduados\/as de la carrera de Abogac\u00eda comenz\u00f3 \u00abcon mucho entusiasmo esta segunda parte del a\u00f1o con el proyecto de extensi\u00f3n Asesor\u00edas jur\u00eddicas<\/p>\n\t\t<\/div>\r\n\t\t\t\t<\/div>\r\n\t\t\t\t<\/article>\r\n\t\t\t\t<article class=\"elementor-post elementor-grid-item post-26246 post type-post status-publish format-standard has-post-thumbnail hentry category-asesoria-juridica-gratuita\" role=\"listitem\">\r\n\t\t\t\t<a class=\"elementor-post__thumbnail__link\" href=\"https:\/\/fadeweb.uncoma.edu.ar\/index.php\/2025\/09\/01\/proximas-asesorias-juridicas-gratuitas-de-la-fadecs-2\/\" tabindex=\"-1\" >\r\n\t\t\t<div class=\"elementor-post__thumbnail\"><img loading=\"lazy\" decoding=\"async\" width=\"240\" height=\"300\" src=\"https:\/\/fadeweb.uncoma.edu.ar\/wp-content\/uploads\/2025\/09\/AJG-2025-bsg-240x300.jpg\" class=\"attachment-medium size-medium wp-image-26247\" alt=\"PR\u00d3XIMAS ASESOR\u00cdAS JUR\u00cdDICAS GRATUITAS DE LA FADECS\" srcset=\"https:\/\/fadeweb.uncoma.edu.ar\/wp-content\/uploads\/2025\/09\/AJG-2025-bsg-240x300.jpg 240w, https:\/\/fadeweb.uncoma.edu.ar\/wp-content\/uploads\/2025\/09\/AJG-2025-bsg-819x1024.jpg 819w, https:\/\/fadeweb.uncoma.edu.ar\/wp-content\/uploads\/2025\/09\/AJG-2025-bsg-768x960.jpg 768w, https:\/\/fadeweb.uncoma.edu.ar\/wp-content\/uploads\/2025\/09\/AJG-2025-bsg.jpg 1080w\" sizes=\"(max-width: 240px) 100vw, 240px\" \/><\/div>\r\n\t\t<\/a>\r\n\t\t\t\t<div class=\"elementor-post__text\">\r\n\t\t\t\t<h3 class=\"elementor-post__title\">\r\n\t\t\t<a href=\"https:\/\/fadeweb.uncoma.edu.ar\/index.php\/2025\/09\/01\/proximas-asesorias-juridicas-gratuitas-de-la-fadecs-2\/\" >\r\n\t\t\t\tPR\u00d3XIMAS ASESOR\u00cdAS JUR\u00cdDICAS GRATUITAS DE LA FADECS\t\t\t<\/a>\r\n\t\t<\/h3>\r\n\t\t\t\t<div class=\"elementor-post__meta-data\">\r\n\t\t\t\t\t<span class=\"elementor-post-date\">\r\n\t\t\t1 septiembre, 2025\t\t<\/span>\r\n\t\t\t\t<\/div>\r\n\t\t\t\t<div class=\"elementor-post__excerpt\">\r\n\t\t\t<p>Las pr\u00f3ximas Asesor\u00edas Jur\u00eddicas Gratuitas ser\u00e1n de 14 a 16 y de 16 a 18 hs en la Casita 1 de la FADECS, Mendoza y Per\u00fa, G. Roca. 18\/9 16 A 18 HS 2\/10 16 A 18 HS 16\/10 14 A 16 HS 30\/10 14 A 16 HS 6\/11 16 A 18 HS 20\/11 14 A 16 HS Para sacar turnos, hay que solicitarlo al correo: asesoriasjuridicasgralroca@gmail.com SOLO SE ATIENDE CON TURNO PREVIO.<\/p>\n\t\t<\/div>\r\n\t\t\t\t<\/div>\r\n\t\t\t\t<\/article>\r\n\t\t\t\t<\/div>\r\n\t\t\r\n\t\t\t\t<div class=\"e-load-more-anchor\" data-page=\"1\" data-max-page=\"12\" data-next-page=\"https:\/\/fadeweb.uncoma.edu.ar\/index.php\/wp-json\/wp\/v2\/pages\/10210\/page\/2\/\"><\/div>\r\n\t\t\t\t<nav class=\"elementor-pagination\" aria-label=\"Pagination\">\r\n\t\t\t<span class=\"page-numbers prev\">&laquo; Anterior<\/span>\n<span aria-current=\"page\" class=\"page-numbers current\"><span class=\"elementor-screen-only\">Page<\/span>1<\/span>\n<a class=\"page-numbers\" href=\"https:\/\/fadeweb.uncoma.edu.ar\/index.php\/wp-json\/wp\/v2\/pages\/10210\/page\/2\/\"><span class=\"elementor-screen-only\">Page<\/span>2<\/a>\n<a class=\"page-numbers\" href=\"https:\/\/fadeweb.uncoma.edu.ar\/index.php\/wp-json\/wp\/v2\/pages\/10210\/page\/3\/\"><span class=\"elementor-screen-only\">Page<\/span>3<\/a>\n<a class=\"page-numbers\" href=\"https:\/\/fadeweb.uncoma.edu.ar\/index.php\/wp-json\/wp\/v2\/pages\/10210\/page\/4\/\"><span class=\"elementor-screen-only\">Page<\/span>4<\/a>\n<a class=\"page-numbers\" href=\"https:\/\/fadeweb.uncoma.edu.ar\/index.php\/wp-json\/wp\/v2\/pages\/10210\/page\/5\/\"><span class=\"elementor-screen-only\">Page<\/span>5<\/a>\n<a class=\"page-numbers\" href=\"https:\/\/fadeweb.uncoma.edu.ar\/index.php\/wp-json\/wp\/v2\/pages\/10210\/page\/6\/\"><span class=\"elementor-screen-only\">Page<\/span>6<\/a>\n<a class=\"page-numbers\" href=\"https:\/\/fadeweb.uncoma.edu.ar\/index.php\/wp-json\/wp\/v2\/pages\/10210\/page\/7\/\"><span class=\"elementor-screen-only\">Page<\/span>7<\/a>\n<a class=\"page-numbers\" href=\"https:\/\/fadeweb.uncoma.edu.ar\/index.php\/wp-json\/wp\/v2\/pages\/10210\/page\/8\/\"><span class=\"elementor-screen-only\">Page<\/span>8<\/a>\n<a class=\"page-numbers\" href=\"https:\/\/fadeweb.uncoma.edu.ar\/index.php\/wp-json\/wp\/v2\/pages\/10210\/page\/9\/\"><span class=\"elementor-screen-only\">Page<\/span>9<\/a>\n<a class=\"page-numbers\" href=\"https:\/\/fadeweb.uncoma.edu.ar\/index.php\/wp-json\/wp\/v2\/pages\/10210\/page\/10\/\"><span class=\"elementor-screen-only\">Page<\/span>10<\/a>\n<a class=\"page-numbers\" href=\"https:\/\/fadeweb.uncoma.edu.ar\/index.php\/wp-json\/wp\/v2\/pages\/10210\/page\/11\/\"><span class=\"elementor-screen-only\">Page<\/span>11<\/a>\n<a class=\"page-numbers\" href=\"https:\/\/fadeweb.uncoma.edu.ar\/index.php\/wp-json\/wp\/v2\/pages\/10210\/page\/12\/\"><span class=\"elementor-screen-only\">Page<\/span>12<\/a>\n<a class=\"page-numbers next\" href=\"https:\/\/fadeweb.uncoma.edu.ar\/index.php\/wp-json\/wp\/v2\/pages\/10210\/page\/2\/\">Siguiente &raquo;<\/a>\t\t<\/nav>\r\n\t\t\t\t\t\t<\/div>\n\t\t\t\t<\/div>\n\t\t\t\t\t<\/div>\n\t\t<\/div>\n\t\t\t\t\t<\/div>\n\t\t<\/section>\n\t\t\t\t<\/div>\n\t\t","protected":false},"excerpt":{"rendered":"","protected":false},"author":4,"featured_media":0,"parent":3456,"menu_order":0,"comment_status":"closed","ping_status":"closed","template":"","meta":{"footnotes":""},"class_list":["post-10210","page","type-page","status-publish","hentry"],"_links":{"self":[{"href":"https:\/\/fadeweb.uncoma.edu.ar\/index.php\/wp-json\/wp\/v2\/pages\/10210","targetHints":{"allow":["GET"]}}],"collection":[{"href":"https:\/\/fadeweb.uncoma.edu.ar\/index.php\/wp-json\/wp\/v2\/pages"}],"about":[{"href":"https:\/\/fadeweb.uncoma.edu.ar\/index.php\/wp-json\/wp\/v2\/types\/page"}],"author":[{"embeddable":true,"href":"https:\/\/fadeweb.uncoma.edu.ar\/index.php\/wp-json\/wp\/v2\/users\/4"}],"replies":[{"embeddable":true,"href":"https:\/\/fadeweb.uncoma.edu.ar\/index.php\/wp-json\/wp\/v2\/comments?post=10210"}],"version-history":[{"count":10,"href":"https:\/\/fadeweb.uncoma.edu.ar\/index.php\/wp-json\/wp\/v2\/pages\/10210\/revisions"}],"predecessor-version":[{"id":10260,"href":"https:\/\/fadeweb.uncoma.edu.ar\/index.php\/wp-json\/wp\/v2\/pages\/10210\/revisions\/10260"}],"up":[{"embeddable":true,"href":"https:\/\/fadeweb.uncoma.edu.ar\/index.php\/wp-json\/wp\/v2\/pages\/3456"}],"wp:attachment":[{"href":"https:\/\/fadeweb.uncoma.edu.ar\/index.php\/wp-json\/wp\/v2\/media?parent=10210"}],"curies":[{"name":"wp","href":"https:\/\/api.w.org\/{rel}","templated":true}]}}